{"id":9972,"date":"2025-07-07T12:35:46","date_gmt":"2025-07-07T10:35:46","guid":{"rendered":"https:\/\/managementpapers.polsl.pl\/?page_id=9972"},"modified":"2025-07-21T10:46:15","modified_gmt":"2025-07-21T08:46:15","slug":"scientific-papers-of-silesian-university-of-technology-organization-and-management-series-issue-no-224","status":"publish","type":"page","link":"https:\/\/managementpapers.polsl.pl\/?page_id=9972","title":{"rendered":"Scientific Papers of Silesian University of Technology \u2013 Organization and Management Series \u2013 Issue No. 224"},"content":{"rendered":"\n<p class=\"has-text-align-center\"><strong><a href=\"https:\/\/managementpapers.polsl.pl\/wp-content\/uploads\/2025\/07\/ZN224.pdf\">Click Here To Download Full Issue No. 224<\/a><\/strong><\/p>\n\n\n\n<p>1. <strong><a href=\"https:\/\/managementpapers.polsl.pl\/wp-content\/uploads\/2025\/07\/224-B\u0119tkowska-Ligarski.pdf\"><strong><strong><strong><strong><strong><strong>Martyna B\u0118TKOWSKA, Mariusz J. LIGARSKI <\/strong>\u2013 A study on the understanding of social participation among employees of selected city offices<\/strong><\/strong><\/strong><\/strong><\/strong><\/a><\/strong><br>DOI: http:\/\/dx.doi.org\/10.29119\/1641-3466.2025.224.1<\/p>\n\n\n\n<p>2. <strong><a href=\"https:\/\/managementpapers.polsl.pl\/wp-content\/uploads\/2025\/07\/224-Cholewa-Wiktor-Koz\u0142owski-Ja\u0142owiec.pdf\"><strong><strong><strong><strong><strong><strong><strong>Marta CHOLEWA-WIKTOR, Edward KOZ\u0141OWSKI, Tomasz JA\u0141OWIEC <\/strong>\u2013 Marketing communication as a tool supporting artificial intelligence acceptance in medical services<\/strong><\/strong><\/strong><\/strong><\/strong><\/strong><\/a><\/strong><br>DOI: http:\/\/dx.doi.org\/10.29119\/1641-3466.2025.224.2<\/p>\n\n\n\n<p>3. <strong><a href=\"https:\/\/managementpapers.polsl.pl\/wp-content\/uploads\/2025\/07\/224-Chyla.pdf\"><strong><strong><strong><strong><strong><strong>Justyna CHYLA <\/strong>\u2013 Wholeness in teal organizations: qualitative research results<\/strong><\/strong><\/strong><\/strong><\/strong><\/a><\/strong><br>DOI: http:\/\/dx.doi.org\/10.29119\/1641-3466.2025.224.3<\/p>\n\n\n\n<p>4. <strong><a href=\"https:\/\/managementpapers.polsl.pl\/wp-content\/uploads\/2025\/07\/224-Deli\u0144ska-Minga.pdf\"><strong><strong><strong><strong><strong><strong>Liwia DELI\u0143SKA, Zuzanna MINGA <\/strong>\u2013 ChatGPT as a tool in higher education \u2013 analysis of student utilization and perception<\/strong><\/strong><\/strong><\/strong><\/strong><\/a><\/strong><br>DOI: http:\/\/dx.doi.org\/10.29119\/1641-3466.2025.224.4<\/p>\n\n\n\n<p>5. <strong><a href=\"https:\/\/managementpapers.polsl.pl\/wp-content\/uploads\/2025\/07\/224-Dudek-Muczy\u0144ska-Barbucha-Kizielewicz.pdf\"><strong><strong><strong><strong><strong><strong>Izabela DUDEK-MUCZY\u0143SKA, Dariusz BARBUCHA, Joanna KIZIELEWICZ <\/strong>\u2013 Attitudes, involvement, and expectations of academic staff towards the process of university internationalization<\/strong><\/strong><\/strong><\/strong><\/strong><\/a><\/strong><br>DOI: http:\/\/dx.doi.org\/10.29119\/1641-3466.2025.224.5<\/p>\n\n\n\n<p>6. <strong><a href=\"https:\/\/managementpapers.polsl.pl\/wp-content\/uploads\/2025\/07\/224-Hys-Spielvogel-Pieloch.pdf\"><strong><strong><strong><strong><strong><strong>Katarzyna HYS, Izabela SPIELVOGEL, Anna PIELOCH <\/strong>\u2013 Decision of dietary supplement consumers in the B2C market by needs, motivations and purchase preferences<\/strong><\/strong><\/strong><\/strong><\/strong><\/a><\/strong><br>DOI: http:\/\/dx.doi.org\/10.29119\/1641-3466.2025.224.6<\/p>\n\n\n\n<p>7. <strong><a href=\"https:\/\/managementpapers.polsl.pl\/wp-content\/uploads\/2025\/07\/224-Jaros\u0142awska-Sob\u00f3r-Marszowski-Hetma\u0144czyk.pdf\"><strong><strong><strong><strong><strong><strong>Sylwia JAROS\u0141AWSKA-SOB\u00d3R, Ryszard MARSZOWSKI, Piotr HETMA\u0143CZYK <\/strong>\u2013 Strategic planning and principles of inclusive Just Transition and the economic transformation of the Silesian Voivodeship<\/strong><\/strong><\/strong><\/strong><\/strong><\/a><\/strong><br>DOI: http:\/\/dx.doi.org\/10.29119\/1641-3466.2025.224.7<\/p>\n\n\n\n<p>8. <strong><a href=\"https:\/\/managementpapers.polsl.pl\/wp-content\/uploads\/2025\/07\/224-Khan-Saddiqa-Szczucka-Lasota-W\u0119grzyn-Piotrowicz-Sultana.pdf\"><strong><strong><strong><strong><strong><strong>Gul KHAN, Ayesha SADDIQA, Bo\u017cena SZCZUCKA-LASOTA, Tomasz W\u0118GRZYN, Pawe\u0142 PIOTROWICZ, Bushra SULTANA <\/strong>\u2013 Climate change related transportation management in Pakistan \u2013 greenhouse gas emission review, mitigation strategies and adaptation measures<\/strong><\/strong><\/strong><\/strong><\/strong><\/a><\/strong><br>DOI: http:\/\/dx.doi.org\/10.29119\/1641-3466.2025.224.8<\/p>\n\n\n\n<p>9. <strong><a href=\"https:\/\/managementpapers.polsl.pl\/wp-content\/uploads\/2025\/07\/224-Knefel.pdf\"><strong><strong><strong><strong><strong><strong>Monika KNEFEL <\/strong>\u2013 The potential of artificial intelligence in innovation management as a catalyst for flow in divergent thinking and eudaimonia<\/strong><\/strong><\/strong><\/strong><\/strong><\/a><\/strong><br>DOI: http:\/\/dx.doi.org\/10.29119\/1641-3466.2025.224.9<\/p>\n\n\n\n<p>10. <strong><a href=\"https:\/\/managementpapers.polsl.pl\/wp-content\/uploads\/2025\/07\/224-Kotkowska-Ko\u015bcielecki.pdf\"><strong><strong><strong><strong><strong><strong>Diana KOTKOWSKA, Maciej KO\u015aCIELECKI <\/strong>\u2013 Methodological comparison of lane design approaches under terminal traffic conditions in \u015awinouj\u015bcie<\/strong><\/strong><\/strong><\/strong><\/strong><\/a><\/strong><br>DOI: http:\/\/dx.doi.org\/10.29119\/1641-3466.2025.224.10<\/p>\n\n\n\n<p>11. <strong><a href=\"https:\/\/managementpapers.polsl.pl\/wp-content\/uploads\/2025\/07\/224-Kozar-Oleksiak.pdf\"><strong><strong><strong><strong><strong><strong>\u0141ukasz Jaros\u0142aw KOZAR, Piotr OLEKSIAK <\/strong>\u2013 Corporate social responsibility and green human resource management: insights from a bibliometric analysis of scientific literature<\/strong><\/strong><\/strong><\/strong><\/strong><\/a><\/strong><br>DOI: http:\/\/dx.doi.org\/10.29119\/1641-3466.2025.224.11<\/p>\n\n\n\n<p>12. <strong><a href=\"https:\/\/managementpapers.polsl.pl\/wp-content\/uploads\/2025\/07\/224-Krzesaj.pdf\"><strong><strong><strong><strong><strong><strong>Marcin KRZESAJ <\/strong>\u2013 The impact of website information labelling on information quality on the world wide web<\/strong><\/strong><\/strong><\/strong><\/strong><\/a><\/strong><br>DOI: http:\/\/dx.doi.org\/10.29119\/1641-3466.2025.224.12<\/p>\n\n\n\n<p>13. <strong><a href=\"https:\/\/managementpapers.polsl.pl\/wp-content\/uploads\/2025\/07\/224-Kura\u015b.pdf\"><strong><strong><strong><strong><strong><strong>Piotr KURA\u015a <\/strong>\u2013 Selected methods for measuring market and sector globalization and enterprise internationalization<\/strong><\/strong><\/strong><\/strong><\/strong><\/a><\/strong><br>DOI: http:\/\/dx.doi.org\/10.29119\/1641-3466.2025.224.13<\/p>\n\n\n\n<p>14. <strong><a href=\"https:\/\/managementpapers.polsl.pl\/wp-content\/uploads\/2025\/07\/224-Kwiatkowska.pdf\"><strong><strong><strong><strong><strong><strong>Katarzyna KWIATKOWSKA <\/strong>\u2013 Macroeconomic determinants of bank market value: a review of the literature<\/strong><\/strong><\/strong><\/strong><\/strong><\/a><\/strong><br>DOI: http:\/\/dx.doi.org\/10.29119\/1641-3466.2025.224.14<\/p>\n\n\n\n<p>15. <strong><a href=\"https:\/\/managementpapers.polsl.pl\/wp-content\/uploads\/2025\/07\/224-Leo\u0144ski.pdf\"><strong><strong><strong><strong><strong><strong>Wojciech LEO\u0143SKI <\/strong>\u2013 CSR in higher education: the case of the University of Szczecin<\/strong><\/strong><\/strong><\/strong><\/strong><\/a><\/strong><br>DOI: http:\/\/dx.doi.org\/10.29119\/1641-3466.2025.224.15<\/p>\n\n\n\n<p>16. <strong><a href=\"https:\/\/managementpapers.polsl.pl\/wp-content\/uploads\/2025\/07\/224-Ludwiczak.pdf\"><strong><strong><strong><strong><strong><strong>Anna LUDWICZAK <\/strong>\u2013 Trends and challenges related to the use of AI in public services from a customer perspective: a narrative systematic literature review<\/strong><\/strong><\/strong><\/strong><\/strong><\/a><\/strong><br>DOI: http:\/\/dx.doi.org\/10.29119\/1641-3466.2025.224.16<\/p>\n\n\n\n<p>17. <strong><a href=\"https:\/\/managementpapers.polsl.pl\/wp-content\/uploads\/2025\/07\/224-\u0141\u0119gowik-Ma\u0142olepsza.pdf\"><strong><strong><strong><strong><strong><strong>Ma\u0142gorzata \u0141\u0118GOWIK-MA\u0141OLEPSZA <\/strong>\u2013 Premises for implementing eco-marketing in pro-environmental enterprise management<\/strong><\/strong><\/strong><\/strong><\/strong><\/a><\/strong><br>DOI: http:\/\/dx.doi.org\/10.29119\/1641-3466.2025.224.17<\/p>\n\n\n\n<p>18. <strong><a href=\"https:\/\/managementpapers.polsl.pl\/wp-content\/uploads\/2025\/07\/224-\u0141\u0119gowik-\u015awi\u0105cik.pdf\"><strong><strong><strong><strong><strong><strong>Sylwia \u0141\u0118GOWIK-\u015aWI\u0104CIK <\/strong>\u2013 Business model conversion in the changing conditions of building the market position of enterprises<\/strong><\/strong><\/strong><\/strong><\/strong><\/a><\/strong><br>DOI: http:\/\/dx.doi.org\/10.29119\/1641-3466.2025.224.18<\/p>\n\n\n\n<p>19. <strong><a href=\"https:\/\/managementpapers.polsl.pl\/wp-content\/uploads\/2025\/07\/224-Mieszajkina-Pikul-Ostapi\u0144ska-Kulchytskyy-Dashynych.pdf\"><strong><strong><strong><strong><strong><strong>Elena MIESZAJKINA, Ma\u0142gorzata PIKUL, Karolina OSTAPI\u0143SKA, Bohdan KULCHYTSKYY-DASHYNYCH <\/strong>\u2013 Artificial intelligence in small enterprise management \u2013 cybersecurity challenges<\/strong><\/strong><\/strong><\/strong><\/strong><\/a><\/strong><br>DOI: http:\/\/dx.doi.org\/10.29119\/1641-3466.2025.224.19<\/p>\n\n\n\n<p>20. <strong><a href=\"https:\/\/managementpapers.polsl.pl\/wp-content\/uploads\/2025\/07\/224-Misiurek-Muller.pdf\"><strong><strong><strong><strong><strong><strong>Bartosz MISIUREK, Kamil M\u00dcLLER <\/strong>\u2013 Comparative effectiveness of virtual reality vs. augmented reality in welding operator training<\/strong><\/strong><\/strong><\/strong><\/strong><\/a><\/strong><br>DOI: http:\/\/dx.doi.org\/10.29119\/1641-3466.2025.224.20<\/p>\n\n\n\n<p>21. <strong><a href=\"https:\/\/managementpapers.polsl.pl\/wp-content\/uploads\/2025\/07\/224-Nawrocka-Koz\u0142owski.pdf\"><strong><strong><strong><strong><strong><strong>Ewelina NAWROCKA, Ryszard KOZ\u0141OWSKI <\/strong>\u2013 Impact of airport infrastructure development in Gda\u0144sk: ex-post analysis<\/strong><\/strong><\/strong><\/strong><\/strong><\/a><\/strong><br>DOI: http:\/\/dx.doi.org\/10.29119\/1641-3466.2025.224.21<\/p>\n\n\n\n<p>22. <strong><a href=\"https:\/\/managementpapers.polsl.pl\/wp-content\/uploads\/2025\/07\/224-Oleks\u00f3w-Bry\u015b-Sanguedolce-Skrobol-Szczucka-Lasota-W\u0119grzyn-Jurek.pdf\"><strong><strong><strong><strong><strong><strong>Miko\u0142aj OLEKS\u00d3W, Mateusz BRY\u015a, Christian SANGUEDOLCE, Emma SKROBOL, Bo\u017cena SZCZUCKA-LASOTA, Tomasz W\u0118GRZYN, Adam JUREK <\/strong>\u2013 Managing flights during fog events on the example of Krak\u00f3w-Balice Airport<\/strong><\/strong><\/strong><\/strong><\/strong><\/a><\/strong><br>DOI: http:\/\/dx.doi.org\/10.29119\/1641-3466.2025.224.22<\/p>\n\n\n\n<p>23. <strong><a href=\"https:\/\/managementpapers.polsl.pl\/wp-content\/uploads\/2025\/07\/224-Przywara.pdf\"><strong><strong><strong><strong><strong><strong>Daniel PRZYWARA <\/strong>\u2013 Optimization of the formwork rental cost using the NIF method taking into account the variation of the cross-section of the monolithic element<\/strong><\/strong><\/strong><\/strong><\/strong><\/a><\/strong><br>DOI: http:\/\/dx.doi.org\/10.29119\/1641-3466.2025.224.23<\/p>\n\n\n\n<p>24. <strong><a href=\"https:\/\/managementpapers.polsl.pl\/wp-content\/uploads\/2025\/07\/224-Rosak-Szyrocka-Wolniak-Gajdzik.pdf\"><strong><strong><strong><strong><strong><strong>Joanna ROSAK-SZYROCKA, Rados\u0142aw WOLNIAK, Bo\u017cena GAJDZIK <\/strong>\u2013 Mapping the landscape of Smart Energy Systems (SES): insights from bibliometric and statistic analysis for environmental management<\/strong><\/strong><\/strong><\/strong><\/strong><\/a><\/strong><br>DOI: http:\/\/dx.doi.org\/10.29119\/1641-3466.2025.224.24<\/p>\n\n\n\n<p>25. <strong><a href=\"https:\/\/managementpapers.polsl.pl\/wp-content\/uploads\/2025\/07\/224-Smagowicz-Szwed-Wi\u015bniewski.pdf\"><strong><strong><strong><strong><strong><strong>Justyna SMAGOWICZ, Cezary SZWED, Micha\u0142 WI\u015aNIEWSKI <\/strong>\u2013 Application of digital twin in ensuring cyber-security in manufacturing processes management<\/strong><\/strong><\/strong><\/strong><\/strong><\/a><\/strong><br>DOI: http:\/\/dx.doi.org\/10.29119\/1641-3466.2025.224.25<\/p>\n\n\n\n<p>26. <strong><a href=\"https:\/\/managementpapers.polsl.pl\/wp-content\/uploads\/2025\/07\/224-So\u0142tysiak-Zaj\u0105c-1.pdf\"><strong><strong><strong><strong><strong><strong>Miros\u0142aw SO\u0141TYSIAK, Dariusz ZAJ\u0104C <\/strong>\u2013 Assessment of the financial situation of land counties in Poland depending on changes in the number of their inhabitants<\/strong><\/strong><\/strong><\/strong><\/strong><\/a><\/strong><br>DOI: http:\/\/dx.doi.org\/10.29119\/1641-3466.2025.224.26<\/p>\n\n\n\n<p>27. <strong><a href=\"https:\/\/managementpapers.polsl.pl\/wp-content\/uploads\/2025\/07\/224-So\u0142tysiak-Zaj\u0105c-2.pdf\"><strong><strong><strong><strong><strong><strong><strong>Miros\u0142aw SO\u0141TYSIAK, Dariusz ZAJ\u0104C <\/strong>\u2013 The development level of non-agricultural economic activity of individuals and the financial situation of rural municipalities in Poland<\/strong><\/strong><\/strong><\/strong><\/strong><\/strong><\/a><\/strong><br>DOI: http:\/\/dx.doi.org\/10.29119\/1641-3466.2025.224.27<\/p>\n\n\n\n<p>28. <strong><a href=\"https:\/\/managementpapers.polsl.pl\/wp-content\/uploads\/2025\/07\/224-So\u0142tysiak-Zaj\u0105c-3.pdf\"><strong><strong><strong><strong><strong><strong>Miros\u0142aw SO\u0141TYSIAK, Dariusz ZAJ\u0104C <\/strong>\u2013 The financial situation of local government entities in the Lower Silesian and Podkarpackie voivodeship in the background of the country<\/strong><\/strong><\/strong><\/strong><\/strong><\/a><\/strong><br>DOI: http:\/\/dx.doi.org\/10.29119\/1641-3466.2025.224.28<\/p>\n\n\n\n<p>29. <strong><a href=\"https:\/\/managementpapers.polsl.pl\/wp-content\/uploads\/2025\/07\/224-Szara.pdf\"><strong><strong><strong><strong><strong><strong>Katarzyna SZARA <\/strong>\u2013 Resilience in Industry 5.0 \u2013 systematic literature review<\/strong><\/strong><\/strong><\/strong><\/strong><\/a><\/strong><br>DOI: http:\/\/dx.doi.org\/10.29119\/1641-3466.2025.224.29<\/p>\n\n\n\n<p>30. <strong><a href=\"https:\/\/managementpapers.polsl.pl\/wp-content\/uploads\/2025\/07\/224-\u015ar\u0119bowata.pdf\"><strong><strong><strong><strong><strong><strong>Milena \u015aR\u0118BOWATA <\/strong>\u2013 Dualistic model of thinking and leadership predispositions among executives<\/strong><\/strong><\/strong><\/strong><\/strong><\/a><\/strong><br>DOI: http:\/\/dx.doi.org\/10.29119\/1641-3466.2025.224.30<\/p>\n\n\n\n<p>31. <strong><a href=\"https:\/\/managementpapers.polsl.pl\/wp-content\/uploads\/2025\/07\/224-Tomski.pdf\"><strong><strong><strong><strong><strong><strong>Piotr TOMSKI <\/strong>\u2013 Neurodiversity in the service of humanism of entrepreneurial management<\/strong><\/strong><\/strong><\/strong><\/strong><\/a><\/strong><br>DOI: http:\/\/dx.doi.org\/10.29119\/1641-3466.2025.224.31<\/p>\n\n\n\n<p>32. <strong><a href=\"https:\/\/managementpapers.polsl.pl\/wp-content\/uploads\/2025\/07\/224-Trippner-Hrabi-Kam-Ch\u0105dzyski-Tran.pdf\"><strong><strong><strong><strong><strong><strong>Justyna TRIPPNER-HRABI, Aygun KAM, Jacek CH\u0104DZY\u0143SKI, Luong Nguyet TRAN <\/strong>\u2013 Leadership and empowerment: examining the relationship between transformational leadership and employee empowerment in project management<\/strong><\/strong><\/strong><\/strong><\/strong><\/a><\/strong><br>DOI: http:\/\/dx.doi.org\/10.29119\/1641-3466.2025.224.32<\/p>\n\n\n\n<p>33. <strong><a href=\"https:\/\/managementpapers.polsl.pl\/wp-content\/uploads\/2025\/07\/224-Walczak-Ska\u0142ecka-Staniszewska.pdf\"><strong><strong><strong><strong><strong><strong>Agnieszka WALCZAK-SKA\u0141ECKA, Zuzanna STANISZEWSKA <\/strong>\u2013 Artificial intelligence and the CEO\u2019s personal brand: opportunities, risks, and paradoxes<\/strong><\/strong><\/strong><\/strong><\/strong><\/a><\/strong><br>DOI: http:\/\/dx.doi.org\/10.29119\/1641-3466.2025.224.33<\/p>\n\n\n\n<p>34. <strong><a href=\"https:\/\/managementpapers.polsl.pl\/wp-content\/uploads\/2025\/07\/224-Wawak-Zakrzewska.pdf\"><strong><strong><strong><strong><strong><strong>S\u0142awomir WAWAK, Ma\u0142gorzata ZAKRZEWSKA <\/strong>\u2013 Assessing the usefulness of simplified project management frameworks in a small enterprise context<\/strong><\/strong><\/strong><\/strong><\/strong><\/a><\/strong><br>DOI: http:\/\/dx.doi.org\/10.29119\/1641-3466.2025.224.34<\/p>\n\n\n\n<p>35. <strong><a href=\"https:\/\/managementpapers.polsl.pl\/wp-content\/uploads\/2025\/07\/224-W\u00f3jcik.pdf\"><strong><strong><strong><strong><strong><strong>Miros\u0142aw W\u00d3JCIK <\/strong>\u2013 AI meets HR \u2013 systematic review of implementation and operational barriers<\/strong><\/strong><\/strong><\/strong><\/strong><\/a><\/strong><br>DOI: http:\/\/dx.doi.org\/10.29119\/1641-3466.2025.224.35<\/p>\n\n\n\n<p>36. <strong><a href=\"https:\/\/managementpapers.polsl.pl\/wp-content\/uploads\/2025\/07\/224-Zborowski.pdf\"><strong><strong><strong><strong><strong><strong><strong>Marek ZBOROWSKI <\/strong>\u2013 Security awareness regarding online and mobile e-banking communication channels among students in Poland in 2024<\/strong><\/strong><\/strong><\/strong><\/strong><\/strong><\/a><\/strong><br>DOI: http:\/\/dx.doi.org\/10.29119\/1641-3466.2025.224.36<\/p>\n","protected":false},"excerpt":{"rendered":"<p>Click Here To Download Full Issue No. 224 1. Martyna B\u0118TKOWSKA, Mariusz J. LIGARSKI \u2013 A study on the understanding of social participation among employees of selected city officesDOI: http:\/\/dx.doi.org\/10.29119\/1641-3466.2025.224.1 2. Marta CHOLEWA-WIKTOR, Edward KOZ\u0141OWSKI, Tomasz JA\u0141OWIEC \u2013 Marketing communication as a tool supporting artificial intelligence acceptance in medical servicesDOI: http:\/\/dx.doi.org\/10.29119\/1641-3466.2025.224.2 3. Justyna CHYLA \u2013 [&hellip;]<\/p>\n","protected":false},"author":2,"featured_media":0,"parent":0,"menu_order":0,"comment_status":"closed","ping_status":"closed","template":"","meta":{"footnotes":""},"class_list":["post-9972","page","type-page","status-publish","hentry"],"_links":{"self":[{"href":"https:\/\/managementpapers.polsl.pl\/index.php?rest_route=\/wp\/v2\/pages\/9972","targetHints":{"allow":["GET"]}}],"collection":[{"href":"https:\/\/managementpapers.polsl.pl\/index.php?rest_route=\/wp\/v2\/pages"}],"about":[{"href":"https:\/\/managementpapers.polsl.pl\/index.php?rest_route=\/wp\/v2\/types\/page"}],"author":[{"embeddable":true,"href":"https:\/\/managementpapers.polsl.pl\/index.php?rest_route=\/wp\/v2\/users\/2"}],"replies":[{"embeddable":true,"href":"https:\/\/managementpapers.polsl.pl\/index.php?rest_route=%2Fwp%2Fv2%2Fcomments&post=9972"}],"version-history":[{"count":5,"href":"https:\/\/managementpapers.polsl.pl\/index.php?rest_route=\/wp\/v2\/pages\/9972\/revisions"}],"predecessor-version":[{"id":9999,"href":"https:\/\/managementpapers.polsl.pl\/index.php?rest_route=\/wp\/v2\/pages\/9972\/revisions\/9999"}],"wp:attachment":[{"href":"https:\/\/managementpapers.polsl.pl\/index.php?rest_route=%2Fwp%2Fv2%2Fmedia&parent=9972"}],"curies":[{"name":"wp","href":"https:\/\/api.w.org\/{rel}","templated":true}]}}