{"id":769,"date":"2020-04-21T14:46:26","date_gmt":"2020-04-21T12:46:26","guid":{"rendered":"http:\/\/managementpapers.polsl.pl\/?page_id=769"},"modified":"2020-05-06T18:01:54","modified_gmt":"2020-05-06T16:01:54","slug":"scientific-papers-of-silesian-university-of-technology-organization-and-management-series-issue-no-142","status":"publish","type":"page","link":"https:\/\/managementpapers.polsl.pl\/?page_id=769","title":{"rendered":"Scientific Papers of Silesian University of Technology \u2013 Organization and Management Series \u2013 Issue No. 142"},"content":{"rendered":"\n<p class=\"has-text-align-center\"><strong>Scientific Papers of Silesian University of Technology \u2013 Organization and Management Series \u2013 Issue No. 142<\/strong><\/p>\n\n\n\n<div class=\"wp-block-image\"><figure class=\"aligncenter size-large is-resized\"><img loading=\"lazy\" decoding=\"async\" src=\"http:\/\/managementpapers.polsl.pl\/wp-content\/uploads\/2020\/05\/Cover142_2020.png\" alt=\"\" class=\"wp-image-937\" width=\"359\" height=\"501\"\/><\/figure><\/div>\n\n\n\n<p class=\"has-text-align-center\"><a href=\"http:\/\/managementpapers.polsl.pl\/wp-content\/uploads\/2020\/04\/142-wk\u0142adka.pdf\">Insert<\/a><br><a href=\"http:\/\/managementpapers.polsl.pl\/wp-content\/uploads\/2020\/04\/142-spis-tre\u015bci-angielski.pdf\">Table of contents<\/a><br><a href=\"http:\/\/managementpapers.polsl.pl\/wp-content\/uploads\/2020\/04\/142-00.-Wprowadzenie.pdf\">Foreword<\/a><\/p>\n\n\n\n<p>1. Tomasz OWCZAREK \u2013 <a href=\"http:\/\/managementpapers.polsl.pl\/wp-content\/uploads\/2020\/04\/142-01.-Owczarek.pdf\">Economic disciplines in the context of the new list of journals \u2013 network analysis<\/a><br>http:\/\/dx.doi.org\/10.29119\/1641-3466.2020.142.1<\/p>\n\n\n\n<p>2. Iwona ZDONEK \u2013 <a href=\"http:\/\/managementpapers.polsl.pl\/wp-content\/uploads\/2020\/04\/142-02.-Zdonek.pdf\">The role of word and N-gram frequency analysis in inference of the content of scientific publication<\/a><br>http:\/\/dx.doi.org\/10.29119\/1641-3466.2020.142.2<\/p>\n\n\n\n<p>3. Rados\u0142aw WOLNIAK \u2013 <a href=\"http:\/\/managementpapers.polsl.pl\/wp-content\/uploads\/2020\/04\/142-03.-Wolniak.pdf\">Quantitative relations between the implementation of industry management systems in European union countries<\/a><br>http:\/\/dx.doi.org\/10.29119\/1641-3466.2020.142.3<\/p>\n\n\n\n<p>4. Dariusz ZDONEK \u2013 <a href=\"http:\/\/managementpapers.polsl.pl\/wp-content\/uploads\/2020\/04\/142-04.-Zdonek.pdf\">Identification of technologies in Industry 4.0 with the use of text mining<\/a><br>http:\/\/dx.doi.org\/10.29119\/1641-3466.2020.142.4<\/p>\n\n\n\n<p>5. Dariusz MINDUR \u2013 <a href=\"http:\/\/managementpapers.polsl.pl\/wp-content\/uploads\/2020\/04\/142-05.-Mindur.pdf\">Achievements to date and existing research gaps in project management in the light of literature studies<\/a><br>http:\/\/dx.doi.org\/10.29119\/1641-3466.2020.142.5<\/p>\n\n\n\n<p>6. Adam SOJDA, Maciej WOLNY \u2013 <a href=\"http:\/\/managementpapers.polsl.pl\/wp-content\/uploads\/2020\/04\/142-06.-Sojda-Wolny.pdf\">The impact of standardisation method on Smart City ranking<\/a><br>http:\/\/dx.doi.org\/10.29119\/1641-3466.2020.142.6<\/p>\n\n\n\n<p>7. Mateusz TRZECIAK \u2013 <a href=\"http:\/\/managementpapers.polsl.pl\/wp-content\/uploads\/2020\/04\/142-07.-Trzeciak.pdf\">Analysis of risk management processes in the IT industry<\/a><br>http:\/\/dx.doi.org\/10.29119\/1641-3466.2020.142.7<\/p>\n\n\n\n<p>8. Maciej WOLNY, Mariusz KMIECIK \u2013 <a href=\"http:\/\/managementpapers.polsl.pl\/wp-content\/uploads\/2020\/04\/142-08.-Wolny-Kmiecik.pdf\">Forecasting demand for products in distribution networks using R software<\/a><br>http:\/\/dx.doi.org\/10.29119\/1641-3466.2020.142.8<\/p>\n\n\n\n<p>9. Iwona \u017bABI\u0143SKA, Adrian PILLER \u2013 <a href=\"http:\/\/managementpapers.polsl.pl\/wp-content\/uploads\/2020\/04\/142-09.-\u017babi\u0144ska-Piller.pdf\">Possibilities of improving the process of picking warehouse orders on a selected example<\/a><br>http:\/\/dx.doi.org\/10.29119\/1641-3466.2020.142.9<\/p>\n\n\n\n<p>10. Micha\u0142 ZASADZIE\u0143 \u2013 <a href=\"http:\/\/managementpapers.polsl.pl\/wp-content\/uploads\/2020\/04\/142-10.-Zasadzie\u0144.pdf\">Using lean manufacturing tools to improve logistics processes \u2013 case study<\/a><br>http:\/\/dx.doi.org\/10.29119\/1641-3466.2020.142.10<\/p>\n\n\n\n<p>11. Anna GEMBALSKA-KWIECIE\u0143 \u2013 <a href=\"http:\/\/managementpapers.polsl.pl\/wp-content\/uploads\/2020\/04\/142-11.-Gembalska-Kwiecie\u0144.pdf\">The functioning of the work safety management system in a selected enterprise and the problem of employee participation<\/a><br>http:\/\/dx.doi.org\/10.29119\/1641-3466.2020.142.11<\/p>\n\n\n\n<p>12. El\u017cbieta MILEWSKA, Anna GEMBALSKA-KWIECIE\u0143 \u2013 <a href=\"http:\/\/managementpapers.polsl.pl\/wp-content\/uploads\/2020\/04\/142-12.-Milewska-Gembalska-Kwiecie\u0144.pdf\">Competence matrices as an instrument for scheduling production and planning human resource training needs<\/a><br>http:\/\/dx.doi.org\/10.29119\/1641-3466.2020.142.12<\/p>\n\n\n\n<p>13. Iwona \u017bABI\u0143SKA \u2013 <a href=\"http:\/\/managementpapers.polsl.pl\/wp-content\/uploads\/2020\/04\/142-13.-\u017babi\u0144ska.pdf\">Awareness of ergonomic working conditions among employees<\/a><br>http:\/\/dx.doi.org\/10.29119\/1641-3466.2020.142.13<\/p>\n\n\n\n<p>14. Mariusz LIGARSKI \u2013 <a href=\"http:\/\/managementpapers.polsl.pl\/wp-content\/uploads\/2020\/04\/142-14.-Ligarski.pdf\">Study on disruptions in the quality management system in compliance with ISO<\/a> 9001:2015<br>http:\/\/dx.doi.org\/10.29119\/1641-3466.2020.142.14<\/p>\n\n\n\n<p>15. Bartosz SZCZ\u0118\u015aNIAK \u2013 <a href=\"http:\/\/managementpapers.polsl.pl\/wp-content\/uploads\/2020\/04\/142-15.-Szcz\u0119\u015bniak.pdf\">A spreadsheet to support the Suzuki ABCD method<\/a><br>http:\/\/dx.doi.org\/10.29119\/1641-3466.2020.142.15<\/p>\n\n\n\n<p>16. Sara GRUSZKA \u2013 <a href=\"http:\/\/managementpapers.polsl.pl\/wp-content\/uploads\/2020\/04\/142-16.-Gruszka.pdf\">Quality management tools in the aspect of the assessment of the effectiveness of the enterprise production process in the hydraulic industry<\/a><br>http:\/\/dx.doi.org\/10.29119\/1641-3466.2020.142.16<\/p>\n\n\n\n<p>17. Aneta MICHALAK \u2013 <a href=\"http:\/\/managementpapers.polsl.pl\/wp-content\/uploads\/2020\/04\/142-17.-Michalak.pdf\">Cost of capital and risk in management and quality science<\/a><br>http:\/\/dx.doi.org\/10.29119\/1641-3466.2020.142.17<\/p>\n\n\n\n<p>18. Bo\u017cena SKOTNICKA-ZASADZIE\u0143, Grzegorz SOWI\u0143SKI \u2013 <a href=\"http:\/\/managementpapers.polsl.pl\/wp-content\/uploads\/2020\/04\/142-18.-Skotnicka-Zasadzie\u0144-Sowi\u0144ski.pdf\">Efficiency assessment of the use of Bloch-Schmigalla triangular method to improve the functioning of commercial industry enterprise<\/a><br>http:\/\/dx.doi.org\/10.29119\/1641-3466.2020.142.18<\/p>\n\n\n\n<p>19. Alina RYDZEWSKA \u2013 <a href=\"http:\/\/managementpapers.polsl.pl\/wp-content\/uploads\/2020\/04\/142-19.-Rydzewska.pdf\">The financing structure of Polish non-financial enterprises in the face of financialisation challenges<\/a><br>http:\/\/dx.doi.org\/10.29119\/1641-3466.2020.142.19<\/p>\n\n\n\n<p>20. Alina RYDZEWSKA \u2013 <a href=\"http:\/\/managementpapers.polsl.pl\/wp-content\/uploads\/2020\/04\/142-20.-Rydzewska.pdf\">The investment policy of Polish non-financial enterprises in the financial era<\/a><br>http:\/\/dx.doi.org\/10.29119\/1641-3466.2020.142.20<\/p>\n\n\n\n<p>21. Alina RYDZEWSKA \u2013 <a href=\"http:\/\/managementpapers.polsl.pl\/wp-content\/uploads\/2020\/04\/142-21.-Rydzewska.pdf\">Analysis of stock exchange operating costs on the example of Warsaw Stock Exchange<\/a><br>http:\/\/dx.doi.org\/10.29119\/1641-3466.2020.142.21<\/p>\n","protected":false},"excerpt":{"rendered":"<p>Scientific Papers of Silesian University of Technology \u2013 Organization and Management Series \u2013 Issue No. 142 InsertTable of contentsForeword 1. Tomasz OWCZAREK \u2013 Economic disciplines in the context of the new list of journals \u2013 network analysishttp:\/\/dx.doi.org\/10.29119\/1641-3466.2020.142.1 2. Iwona ZDONEK \u2013 The role of word and N-gram frequency analysis in inference of the content of [&hellip;]<\/p>\n","protected":false},"author":1,"featured_media":0,"parent":0,"menu_order":0,"comment_status":"closed","ping_status":"closed","template":"","meta":{"footnotes":""},"class_list":["post-769","page","type-page","status-publish","hentry"],"_links":{"self":[{"href":"https:\/\/managementpapers.polsl.pl\/index.php?rest_route=\/wp\/v2\/pages\/769","targetHints":{"allow":["GET"]}}],"collection":[{"href":"https:\/\/managementpapers.polsl.pl\/index.php?rest_route=\/wp\/v2\/pages"}],"about":[{"href":"https:\/\/managementpapers.polsl.pl\/index.php?rest_route=\/wp\/v2\/types\/page"}],"author":[{"embeddable":true,"href":"https:\/\/managementpapers.polsl.pl\/index.php?rest_route=\/wp\/v2\/users\/1"}],"replies":[{"embeddable":true,"href":"https:\/\/managementpapers.polsl.pl\/index.php?rest_route=%2Fwp%2Fv2%2Fcomments&post=769"}],"version-history":[{"count":8,"href":"https:\/\/managementpapers.polsl.pl\/index.php?rest_route=\/wp\/v2\/pages\/769\/revisions"}],"predecessor-version":[{"id":939,"href":"https:\/\/managementpapers.polsl.pl\/index.php?rest_route=\/wp\/v2\/pages\/769\/revisions\/939"}],"wp:attachment":[{"href":"https:\/\/managementpapers.polsl.pl\/index.php?rest_route=%2Fwp%2Fv2%2Fmedia&parent=769"}],"curies":[{"name":"wp","href":"https:\/\/api.w.org\/{rel}","templated":true}]}}