{"id":704,"date":"2020-04-21T14:46:18","date_gmt":"2020-04-21T12:46:18","guid":{"rendered":"http:\/\/managementpapers.polsl.pl\/?page_id=704"},"modified":"2020-04-21T15:44:52","modified_gmt":"2020-04-21T13:44:52","slug":"scientific-papers-of-silesian-university-of-technology-organization-and-management-series-issue-no-141","status":"publish","type":"page","link":"https:\/\/managementpapers.polsl.pl\/?page_id=704","title":{"rendered":"Scientific Papers of Silesian University of Technology \u2013 Organization and Management Series \u2013 Issue No. 141"},"content":{"rendered":"\n<p class=\"has-text-align-center\"><strong>Scientific Papers of Silesian University of Technology \u2013 Organization and Management Series \u2013 Issue No. 141<\/strong><\/p>\n\n\n\n<div class=\"wp-block-image\"><figure class=\"aligncenter size-large is-resized\"><img loading=\"lazy\" decoding=\"async\" src=\"http:\/\/managementpapers.polsl.pl\/wp-content\/uploads\/2020\/04\/Cover141-731x1024.png\" alt=\"\" class=\"wp-image-768\" width=\"357\" height=\"501\" srcset=\"https:\/\/managementpapers.polsl.pl\/wp-content\/uploads\/2020\/04\/Cover141-731x1024.png 731w, https:\/\/managementpapers.polsl.pl\/wp-content\/uploads\/2020\/04\/Cover141-214x300.png 214w, https:\/\/managementpapers.polsl.pl\/wp-content\/uploads\/2020\/04\/Cover141.png 741w\" sizes=\"auto, (max-width: 357px) 100vw, 357px\" \/><\/figure><\/div>\n\n\n\n<p class=\"has-text-align-center\"><a href=\"http:\/\/managementpapers.polsl.pl\/wp-content\/uploads\/2020\/04\/141-Stopka-redakcyjna.pdf\">Insert<\/a><br><a href=\"http:\/\/managementpapers.polsl.pl\/wp-content\/uploads\/2020\/04\/141-spis-tre\u015bci-angielski.pdf\">Table of Contents<\/a><br><a href=\"http:\/\/managementpapers.polsl.pl\/wp-content\/uploads\/2020\/04\/141-wst\u0119p.pdf\">Foreword<\/a><\/p>\n\n\n\n<p>1. Anna BRANDT-SALMERI, Michalina ILSKA, Anna KO\u0141ODZIEJ-ZALESKA \u2013 <a href=\"http:\/\/managementpapers.polsl.pl\/wp-content\/uploads\/2020\/04\/141-Brandt-Salmeri-Ilska-Ko\u0142odziej-Zaleska.pdf\">Body image in women with breast cancer undergoing surgical treatment \u2013 a comparative analysis<\/a><br>http:\/\/dx.doi.org\/10.29119\/1641-3466.2019.141.1<\/p>\n\n\n\n<p>2. Joanna BULSKA \u2013 <a href=\"http:\/\/managementpapers.polsl.pl\/wp-content\/uploads\/2020\/04\/141-Bulska.pdf\">Media competence as an important element of health prevention activities in the prevention of phonoholism<\/a> <br>http:\/\/dx.doi.org\/10.29119\/1641-3466.2019.141.2<\/p>\n\n\n\n<p>3. Krystyna BUSZMAN \u2013 <a href=\"http:\/\/managementpapers.polsl.pl\/wp-content\/uploads\/2020\/04\/141-Buszman.pdf\">Social support in a changing world \u2013 the importance of online support groups for people suffering from eating disorders<\/a><br>http:\/\/dx.doi.org\/10.29119\/1641-3466.2019.141.3<\/p>\n\n\n\n<p>4. Ma\u0142gorzata CHRZANOWSKA-GANCARZ, Piotr GANCARZ \u2013 <a href=\"http:\/\/managementpapers.polsl.pl\/wp-content\/uploads\/2020\/04\/141-Chrzanowska-Gancarz-Gancarz.pdf\">Food security and human dignity in the perspective of social change. From the trauma of forced collectivisation to the tragedy of the great famine<\/a> <br>http:\/\/dx.doi.org\/10.29119\/1641-3466.2019.141.4<\/p>\n\n\n\n<p>5. Helena CI\u0104\u017bELA \u2013 <a href=\"http:\/\/managementpapers.polsl.pl\/wp-content\/uploads\/2020\/04\/141-Ci\u0105\u017cela.pdf\">The collapse of the sustainable development strategy as the collapse of the modern civilization<\/a><br>http:\/\/dx.doi.org\/10.29119\/1641-3466.2019.141.5<\/p>\n\n\n\n<p>6. Pavel FOBEL \u2013 <a href=\"http:\/\/managementpapers.polsl.pl\/wp-content\/uploads\/2020\/04\/141-Fobel.pdf\">Organizational ethics as a theoretical and practical initiative<\/a><br>http:\/\/dx.doi.org\/10.29119\/1641-3466.2019.141.6<\/p>\n\n\n\n<p>7. Daniela FOBELOV\u00c1, Monika KLIMENTOV\u00c1-FOBELOV\u00c1 \u2013 <a href=\"http:\/\/managementpapers.polsl.pl\/wp-content\/uploads\/2020\/04\/141-Fobelova-Klimentova-Fobelova.pdf\">Behaviour management in the near future<\/a><br>http:\/\/dx.doi.org\/10.29119\/1641-3466.2019.141.7<\/p>\n\n\n\n<p>8. Joanna GRUBICKA \u2013 <a href=\"http:\/\/managementpapers.polsl.pl\/wp-content\/uploads\/2020\/04\/141-Grubicka.pdf\">Information society in the context of threats to personal security in cyberspace <\/a><br>http:\/\/dx.doi.org\/10.29119\/1641-3466.2019.141.8<\/p>\n\n\n\n<p>9. Michalina ILSKA, Anna KO\u0141ODZIEJ-ZALESKA, Anna BRANDT-SALMERI \u2013 <a href=\"http:\/\/managementpapers.polsl.pl\/wp-content\/uploads\/2020\/04\/141-Ilska-Ko\u0142odziej-Zaleska-Brandt-Salmeri.pdf\">Assessment of obstetrician-patient relationship and stress levels experienced by women in healthy pregnancy and pregnancy complicated by maternal or fetal factors <\/a><br>http:\/\/dx.doi.org\/10.29119\/1641-3466.2019.141.9<\/p>\n\n\n\n<p>10. Anna JAZ\u0141OWSKA \u2013 <a href=\"http:\/\/managementpapers.polsl.pl\/wp-content\/uploads\/2020\/04\/141-Jaz\u0142owska.pdf\">Parental cooperation between mothers and fathers of children with down syndrome <\/a><br>http:\/\/dx.doi.org\/10.29119\/1641-3466.2019.141.10<\/p>\n\n\n\n<p>11. Ma\u0142gorzata KITLI\u0143SKA-KR\u00d3L \u2013 <a href=\"http:\/\/managementpapers.polsl.pl\/wp-content\/uploads\/2020\/04\/141-Kitli\u0144ska-Kr\u00f3l.pdf\">Strengthening the educational potential in primary schools \u2013 a project co-financed from the EU funds <\/a><br>http:\/\/dx.doi.org\/10.29119\/1641-3466.2019.141.11<\/p>\n\n\n\n<p>12. Agnieszka KLIMSKA \u2013 <a href=\"http:\/\/managementpapers.polsl.pl\/wp-content\/uploads\/2020\/04\/141-Klimska.pdf\">Education for the value of sustainable development in selected concepts of ecophilosophy <\/a><br>http:\/\/dx.doi.org\/10.29119\/1641-3466.2019.141.12<\/p>\n\n\n\n<p>13. Anna KOCHMA\u0143SKA \u2013 <a href=\"http:\/\/managementpapers.polsl.pl\/wp-content\/uploads\/2020\/04\/141-Kochma\u0144ska.pdf\">Innovative approach to the management of culturally diverse human resources in today&#8217;s labour market<\/a> <br>http:\/\/dx.doi.org\/10.29119\/1641-3466.2019.141.13<\/p>\n\n\n\n<p>14. Anna KO\u0141ODZIEJ-ZALESKA, Anna BRANDT-SALMERI, Michalina ILSKA \u2013 <a href=\"http:\/\/managementpapers.polsl.pl\/wp-content\/uploads\/2020\/04\/141-Ko\u0142odziej-Zaleska-Brandt-Salmeri-Ilska.pdf\">The crisis of divorce and the nature of the experienced life changes<\/a><br>http:\/\/dx.doi.org\/10.29119\/1641-3466.2019.141.14<\/p>\n\n\n\n<p>15. Paulina KOPERNA \u2013 <a href=\"http:\/\/managementpapers.polsl.pl\/wp-content\/uploads\/2020\/04\/141-Koperna.pdf\">Sustainable development in school in the context of developing social skills \u2013 practical implications <\/a><br>http:\/\/dx.doi.org\/10.29119\/1641-3466.2019.141.15<\/p>\n\n\n\n<p>16. Tatiana KRAWCZY\u0143SKA-ZAUCHA \u2013 <a href=\"http:\/\/managementpapers.polsl.pl\/wp-content\/uploads\/2020\/04\/141-Krawczy\u0144ska-Zaucha.pdf\">A new paradigm of management and leadership in the VUCA world<\/a><br>http:\/\/dx.doi.org\/10.29119\/1641-3466.2019.141.16<\/p>\n\n\n\n<p>17. Joanna KUCHAREWICZ, Aleksandra WIETESKA \u2013 <a href=\"http:\/\/managementpapers.polsl.pl\/wp-content\/uploads\/2020\/04\/141-Kucharewicz-Wieteska.pdf\">The role of social support in achieving mental well-being for parents of disabled children <\/a><br>http:\/\/dx.doi.org\/10.29119\/1641-3466.2019.141.17<\/p>\n\n\n\n<p>18. Marek LE\u015aNIAK, Barbara LE\u015aNIAK \u2013 <a href=\"http:\/\/managementpapers.polsl.pl\/wp-content\/uploads\/2020\/04\/141-Le\u015bniak-Le\u015bniak.pdf\">Problems with the management of the quality of forensic expert reports in Poland \u2013 based on the example of psychology of handwriting <\/a><br>http:\/\/dx.doi.org\/10.29119\/1641-3466.2019.141.18<\/p>\n\n\n\n<p>19. Rados\u0142aw MI\u015aKIEWICZ \u2013 <a href=\"http:\/\/managementpapers.polsl.pl\/wp-content\/uploads\/2020\/04\/141-Mi\u015bkiewicz.pdf\">Implementing the Industry 4.0 concept into the economy on the example of the realloys company<\/a> <br>http:\/\/dx.doi.org\/10.29119\/1641-3466.2019.141.19<\/p>\n\n\n\n<p>20. Anna MR\u00d3Z \u2013 <a href=\"http:\/\/managementpapers.polsl.pl\/wp-content\/uploads\/2020\/04\/141-Mr\u00f3z.pdf\">How do teachers support sustainable development in modern didactic process?<\/a><br>http:\/\/dx.doi.org\/10.29119\/1641-3466.2019.141.20<\/p>\n\n\n\n<p>21. Aldona MUSIA\u0141-KIDAWA \u2013 <a href=\"http:\/\/managementpapers.polsl.pl\/wp-content\/uploads\/2020\/04\/141-Musia\u0142-Kidawa.pdf\">Reason. Good. Evil<\/a><br>http:\/\/dx.doi.org\/10.29119\/1641-3466.2019.141.21<\/p>\n\n\n\n<p>22. Gra\u017cyna OSIKA \u2013 <a href=\"http:\/\/managementpapers.polsl.pl\/wp-content\/uploads\/2020\/04\/141-Osika.pdf\">Social innovations as support for Industry 4.0<\/a><br>http:\/\/dx.doi.org\/10.29119\/1641-3466.2019.141.22<\/p>\n\n\n\n<p>23. Filip PEKAR \u2013 <a href=\"http:\/\/managementpapers.polsl.pl\/wp-content\/uploads\/2020\/04\/141-Pekar.pdf\">Future challenges towards sustainable healthcare<\/a> <br>http:\/\/dx.doi.org\/10.29119\/1641-3466.2019.141.23<\/p>\n\n\n\n<p>24. Barbara PRZYBYLSKA-CZAJKOWSKA \u2013 <a href=\"http:\/\/managementpapers.polsl.pl\/wp-content\/uploads\/2020\/04\/141-Przybylska-Czajkowska-1.pdf\">Human rights \u2013 sustainability \u2013 corporate social responsibility, part I: some remarks on human rights <\/a><br>http:\/\/dx.doi.org\/10.29119\/1641-3466.2019.141.24<\/p>\n\n\n\n<p>25. Barbara PRZYBYLSKA-CZAJKOWSKA \u2013 <a href=\"http:\/\/managementpapers.polsl.pl\/wp-content\/uploads\/2020\/04\/141-Przybylska-Czajkowska-2.pdf\">Human rights \u2013 sustainability \u2013 corporate social responsibility, part II: some remarks on sustainability<\/a> <br>http:\/\/dx.doi.org\/10.29119\/1641-3466.2019.141.25<\/p>\n\n\n\n<p>26. Barbara PRZYBYLSKA-CZAJKOWSKA \u2013 <a href=\"http:\/\/managementpapers.polsl.pl\/wp-content\/uploads\/2020\/04\/141-Przybylska-Czajkowska-3.pdf\">Human rights \u2013 sustainability \u2013 corporate social responsibility, part III: some remarks on corporate social responsibility<\/a><br>http:\/\/dx.doi.org\/10.29119\/1641-3466.2019.141.26<\/p>\n\n\n\n<p>27. Agnieszka ROSZKOWSKA \u2013 <a href=\"http:\/\/managementpapers.polsl.pl\/wp-content\/uploads\/2020\/04\/141-Roszkowska.pdf\">Own body image and self-aggressive behaviour patterns vs. parental attitudes of guardians of adolescent girls<\/a><br>http:\/\/dx.doi.org\/10.29119\/1641-3466.2019.141.27<\/p>\n\n\n\n<p>28. Iwona SOBIERAJ \u2013 <a href=\"http:\/\/managementpapers.polsl.pl\/wp-content\/uploads\/2020\/04\/141-Sobieraj.pdf\">Problems of transferring knowledge on the example of recommendations from evaluation of European funds in Poland<\/a><br>http:\/\/dx.doi.org\/10.29119\/1641-3466.2019.141.28<\/p>\n\n\n\n<p>29. Anna Agnieszka SUCHOCKA \u2013 <a href=\"http:\/\/managementpapers.polsl.pl\/wp-content\/uploads\/2020\/04\/141-Suchocka.pdf\">Security management in Polish school of the 21st century \u2013 legal basis and everyday practice <\/a><br>http:\/\/dx.doi.org\/10.29119\/1641-3466.2019.141.29<\/p>\n\n\n\n<p>30. Aleksandra SYNOWIEC \u2013 <a href=\"http:\/\/managementpapers.polsl.pl\/wp-content\/uploads\/2020\/04\/141-Synowiec.pdf\">Homo (post)sovieticus syndrome and civic awareness development in rural areas in Ukraine in Khmelnytskyi region<\/a><br>http:\/\/dx.doi.org\/10.29119\/1641-3466.2019.141.30<\/p>\n\n\n\n<p>31. Aleksandra SZCZ\u0118SNA, Hanna PRZYBY\u0141A-BASISTA \u2013 <a href=\"http:\/\/managementpapers.polsl.pl\/wp-content\/uploads\/2020\/04\/141-Szcz\u0119sna-Przyby\u0142a-Basita.pdf\">Marital dialogue as a constructive response to dissatisfaction in marriage and its predictors<\/a><br>http:\/\/dx.doi.org\/10.29119\/1641-3466.2019.141.31<\/p>\n\n\n\n<p>32. Aleksandra WIETESKA, Joanna KUCHAREWICZ \u2013 <a href=\"http:\/\/managementpapers.polsl.pl\/wp-content\/uploads\/2020\/04\/141-Wieteska-Kucharewicz.pdf\">Aspiration for contemporary standards of physical attractiveness by adolescent boys \u2013 psychosocial and health contexts<\/a><br>http:\/\/dx.doi.org\/10.29119\/1641-3466.2019.141.3<\/p>\n\n\n\n<p>33. Magdalena WO\u0141EK \u2013 <a href=\"http:\/\/managementpapers.polsl.pl\/wp-content\/uploads\/2020\/04\/141-Wo\u0142ek.pdf\">Ecological art and its main thesis<\/a><br>http:\/\/dx.doi.org\/10.29119\/1641-3466.2019.141.33<\/p>\n","protected":false},"excerpt":{"rendered":"<p>Scientific Papers of Silesian University of Technology \u2013 Organization and Management Series \u2013 Issue No. 141 InsertTable of ContentsForeword 1. Anna BRANDT-SALMERI, Michalina ILSKA, Anna KO\u0141ODZIEJ-ZALESKA \u2013 Body image in women with breast cancer undergoing surgical treatment \u2013 a comparative analysishttp:\/\/dx.doi.org\/10.29119\/1641-3466.2019.141.1 2. Joanna BULSKA \u2013 Media competence as an important element of health prevention activities [&hellip;]<\/p>\n","protected":false},"author":1,"featured_media":0,"parent":0,"menu_order":0,"comment_status":"closed","ping_status":"closed","template":"","meta":{"footnotes":""},"class_list":["post-704","page","type-page","status-publish","hentry"],"_links":{"self":[{"href":"https:\/\/managementpapers.polsl.pl\/index.php?rest_route=\/wp\/v2\/pages\/704","targetHints":{"allow":["GET"]}}],"collection":[{"href":"https:\/\/managementpapers.polsl.pl\/index.php?rest_route=\/wp\/v2\/pages"}],"about":[{"href":"https:\/\/managementpapers.polsl.pl\/index.php?rest_route=\/wp\/v2\/types\/page"}],"author":[{"embeddable":true,"href":"https:\/\/managementpapers.polsl.pl\/index.php?rest_route=\/wp\/v2\/users\/1"}],"replies":[{"embeddable":true,"href":"https:\/\/managementpapers.polsl.pl\/index.php?rest_route=%2Fwp%2Fv2%2Fcomments&post=704"}],"version-history":[{"count":6,"href":"https:\/\/managementpapers.polsl.pl\/index.php?rest_route=\/wp\/v2\/pages\/704\/revisions"}],"predecessor-version":[{"id":820,"href":"https:\/\/managementpapers.polsl.pl\/index.php?rest_route=\/wp\/v2\/pages\/704\/revisions\/820"}],"wp:attachment":[{"href":"https:\/\/managementpapers.polsl.pl\/index.php?rest_route=%2Fwp%2Fv2%2Fmedia&parent=704"}],"curies":[{"name":"wp","href":"https:\/\/api.w.org\/{rel}","templated":true}]}}