{"id":685,"date":"2020-04-14T17:55:50","date_gmt":"2020-04-14T15:55:50","guid":{"rendered":"http:\/\/managementpapers.polsl.pl\/?page_id=685"},"modified":"2020-04-14T17:55:51","modified_gmt":"2020-04-14T15:55:51","slug":"scientific-papers-of-silesian-university-of-technology-organization-and-management-series-issue-no-139","status":"publish","type":"page","link":"https:\/\/managementpapers.polsl.pl\/?page_id=685","title":{"rendered":"Scientific Papers of Silesian University of Technology \u2013 Organization and Management Series \u2013 Issue No. 139"},"content":{"rendered":"\n<p style=\"color:#a30000\" class=\"has-text-color has-medium-font-size\"><strong><span style=\"color:#065566\" class=\"has-inline-color\">Scientific Papers of Silesian University of Technology &#8211; Organization and Management Series &#8211; Issue No. 139<\/span><\/strong><\/p>\n\n\n\n<div class=\"wp-block-image\"><figure class=\"aligncenter size-large is-resized\"><img loading=\"lazy\" decoding=\"async\" src=\"http:\/\/managementpapers.polsl.pl\/wp-content\/uploads\/2020\/04\/Cover139_2.jpg\" alt=\"\" class=\"wp-image-682\" width=\"333\" height=\"460\" srcset=\"https:\/\/managementpapers.polsl.pl\/wp-content\/uploads\/2020\/04\/Cover139_2.jpg 711w, https:\/\/managementpapers.polsl.pl\/wp-content\/uploads\/2020\/04\/Cover139_2-217x300.jpg 217w\" sizes=\"auto, (max-width: 333px) 100vw, 333px\" \/><\/figure><\/div>\n\n\n\n<p class=\"has-text-align-center\"><\/p>\n\n\n\n<p class=\"has-text-align-center\"><a href=\"http:\/\/managementpapers.polsl.pl\/wp-content\/uploads\/2020\/04\/139-Stopka-redakcyjna.pdf\">First page<\/a><br><a href=\"http:\/\/managementpapers.polsl.pl\/wp-content\/uploads\/2020\/04\/139-wkladka.pdf\">Insert<\/a><br><a href=\"http:\/\/managementpapers.polsl.pl\/wp-content\/uploads\/2020\/04\/139-spis-tre\u015bci-angielski.pdf\">Table of Contents<\/a><br><a href=\"http:\/\/managementpapers.polsl.pl\/wp-content\/uploads\/2020\/04\/139-Wprowadzenie.pdf\">Foreword<\/a><\/p>\n\n\n\n<p class=\"has-text-align-left\">1. Gra\u017cyna ADAMCZYK-\u0141OJEWSKA \u2013 <a href=\"http:\/\/managementpapers.polsl.pl\/wp-content\/uploads\/2020\/04\/139-Adamczyk-Lojewska.pdf\">Business activity intensification processes in European Union member states, including Poland<\/a><br>http:\/\/dx.doi.org\/10.29119\/1641-3466.2019.139.1<\/p>\n\n\n\n<p>2. Krzysztof ANDRUSZKIEWICZ \u2013 <a href=\"http:\/\/managementpapers.polsl.pl\/wp-content\/uploads\/2020\/04\/139-Andruszkiewicz.pdf\">Innovation activity of enterprises in the Kuyavian-Pomeranian Voivodeship as the way to the region\u2019s competitivenss and development<\/a><br>http:\/\/dx.doi.org\/10.29119\/1641-3466.2019.139.2<\/p>\n\n\n\n<p>3. Ewelina BERLI\u0143SKA \u2013 <a href=\"http:\/\/managementpapers.polsl.pl\/wp-content\/uploads\/2020\/04\/139-Berlinskka.pdf\">Smart specialisations \u2013 comparative analysis of selected Polish regions using the location quotient<\/a><br>http:\/\/dx.doi.org\/10.29119\/1641-3466.2019.139.3<\/p>\n\n\n\n<p>4. Magdalena BIERZY\u0143SKA-SUDO\u0141 \u2013 <a href=\"http:\/\/managementpapers.polsl.pl\/wp-content\/uploads\/2020\/04\/139-Biebrzynska-Sudol.pdf\">Marketing in the social services sector for seniors in the Kuyavian-Pomeranian Voivodeship<\/a><br>http:\/\/dx.doi.org\/10.29119\/1641-3466.2019.139.4<br><br>5. Zbigniew BRODZI\u0143SKI \u2013 <a href=\"http:\/\/managementpapers.polsl.pl\/wp-content\/uploads\/2020\/04\/139-Brodzinski.pdf\">Social entrepreneurship as a factor of a region\u2019s competitiveness<\/a> <br>http:\/\/dx.doi.org\/10.29119\/1641-3466.2019.139.5<\/p>\n\n\n\n<p>6. Katarzyna BUDZY\u0143SKA \u2013 <a href=\"http:\/\/managementpapers.polsl.pl\/wp-content\/uploads\/2020\/04\/139-Budzynska.pdf\">Does regional specialisation affect the geographical concentration of companies with foreign capital? \u2013 Analysis based on the example of selected cities in Poland<\/a><br>http:\/\/dx.doi.org\/10.29119\/1641-3466.2019.139.6<\/p>\n\n\n\n<p>7. Iwona CZERSKA, Tetiana KORPAK \u2013 <a href=\"http:\/\/managementpapers.polsl.pl\/wp-content\/uploads\/2020\/04\/139-Czerska-Korpak.pdf\">Good practices of Polish companies in terms of sustainable development challenges<\/a><br>http:\/\/dx.doi.org\/10.29119\/1641-3466.2019.139.7<\/p>\n\n\n\n<p>8. Magdalena DASZKIEWICZ, Aleksandra WO\u0141OSECKA \u2013 <a href=\"http:\/\/managementpapers.polsl.pl\/wp-content\/uploads\/2020\/04\/139-Daszkiewicz-Wolosecka.pdf\">Development of a brand idea as the basis for region branding. A case study of the Jizera mountains and the foreland region<\/a><br>http:\/\/dx.doi.org\/10.29119\/1641-3466.2019.139.8<br><br>9. Marie GABRY\u0160OV\u00c1, Wies\u0142aw CIECHOMSKI \u2013 <a href=\"http:\/\/managementpapers.polsl.pl\/wp-content\/uploads\/2020\/04\/139-Gabrysova-Ciechomski.pdf\">The role of crisis management in the functioning of border regions<\/a><br>http:\/\/dx.doi.org\/10.29119\/1641-3466.2019.139.9<\/p>\n\n\n\n<p>10. Marianna GRETA, Jacek OTTO \u2013 <a href=\"http:\/\/managementpapers.polsl.pl\/wp-content\/uploads\/2020\/04\/139-Greta-Otto.pdf\">Euroregion as a natural cluster \u2013 the effect of integrating conditions on the development and management possibilities of the regional structures<\/a><br>http:\/\/dx.doi.org\/10.29119\/1641-3466.2019.139.10<\/p>\n\n\n\n<p>11. Ma\u0142gorzata GRZESZCZAK, Iwona POSADZI\u0143SKA \u2013 <a href=\"http:\/\/managementpapers.polsl.pl\/wp-content\/uploads\/2020\/04\/139-Grzeszczak-Posadzinska.pdf\">Innovative activity of small and medium-sized enterprises in Poland and selected EU countries<\/a><\/p>\n\n\n\n<p>http:\/\/dx.doi.org\/10.29119\/1641-3466.2019.139.11<br><br>12. Maria GRZYBEK, Wies\u0142aw SZOPI\u0143SKI \u2013 <a href=\"http:\/\/managementpapers.polsl.pl\/wp-content\/uploads\/2020\/04\/139-Grzybek-Szopinski.pdf\">The scope and significance of the relationship between an enterprise and the social environment in the region<\/a><br>http:\/\/dx.doi.org\/10.29119\/1641-3466.2019.139.12<br><br>13. Marzena KACPRZAK, Izabela WIELEWSKA \u2013 <a href=\"http:\/\/managementpapers.polsl.pl\/wp-content\/uploads\/2020\/04\/139-Kacprzak-Wielewska.pdf\">Organic food market and growing needs and awareness of the contemporary consumer<\/a><br>http:\/\/dx.doi.org\/10.29119\/1641-3466.2019.139.13<br><br>14. Urszula K\u0118PROWSKA \u2013 <a href=\"http:\/\/managementpapers.polsl.pl\/wp-content\/uploads\/2020\/04\/139-Keprowska.pdf\">The role of event marketing in creating tourist experience<\/a><br>http:\/\/dx.doi.org\/10.29119\/1641-3466.2019.139.14<br><br>15. Monika KLEMKE-PITEK \u2013 <a href=\"http:\/\/managementpapers.polsl.pl\/wp-content\/uploads\/2020\/04\/139-Klemke-Pitek.pdf\">Evaluation of the measures in the completed EU projects supporting e-services development in some local governments of the Kujawsko-Pomorskie region<\/a><br>http:\/\/dx.doi.org\/10.29119\/1641-3466.2019.139.15<br><br>16. Monika KLEMKE-PITEK, Iwona POSADZI\u0143SKA \u2013 <a href=\"http:\/\/managementpapers.polsl.pl\/wp-content\/uploads\/2020\/04\/139-Klemke-Pitek-Posadzinska.pdf\">Evaluation of the use of EU funds allocated to public services development in local government administration in Poland<\/a><br>http:\/\/dx.doi.org\/10.29119\/1641-3466.2019.139.16<\/p>\n\n\n\n<p>17. Anna KOCHMA\u0143SKA \u2013 <a href=\"http:\/\/managementpapers.polsl.pl\/wp-content\/uploads\/2020\/04\/139-Kochma\u0144ska.pdf\">Contemporary problems occurring in multicultural teams, exemplified by the opinions of employees from the Upper Silesian region<\/a><br>http:\/\/dx.doi.org\/10.29119\/1641-3466.2019.139.17<br><br>18. Ewa KORELESKA \u2013 <a href=\"http:\/\/managementpapers.polsl.pl\/wp-content\/uploads\/2020\/04\/139-Koreleska.pdf\">Selected aspects of marketing of specialist shops and their importance for the region<\/a><br>http:\/\/dx.doi.org\/10.29119\/1641-3466.2019.139.18<br><br>19. Gra\u017cyna KOWALEWSKA \u2013 <a href=\"http:\/\/managementpapers.polsl.pl\/wp-content\/uploads\/2020\/04\/139-Kowalewska.pdf\">Economic migration as an outcome of globalization and integration processes affecting the competitiveness of regions<\/a><br>http:\/\/dx.doi.org\/10.29119\/1641-3466.2019.139.19<\/p>\n\n\n\n<p>20. Wies\u0142awa KU\u0179NIAR \u2013 <a href=\"http:\/\/managementpapers.polsl.pl\/wp-content\/uploads\/2020\/04\/139-Ku\u017aniar.pdf\">The image of a Smart City in the context of its impact on the residents<\/a><br>http:\/\/dx.doi.org\/10.29119\/1641-3466.2019.139.20<\/p>\n\n\n\n<p>21. Krzysztof LEWANDOWSKI \u2013 <a href=\"https:\/\/www.polsl.pl\/Wydzialy\/ROZ\/ZN\/Documents\/Zeszyt%20139\/Poprawione\/Lewandowski.pdf\">The<\/a><a href=\"http:\/\/managementpapers.polsl.pl\/wp-content\/uploads\/2020\/04\/139-Lewandowski.pdf\"> European Union\u2019s cohesion policy in the face of new challenges<\/a><br>http:\/\/dx.doi.org\/10.29119\/1641-3466.2019.139.21<\/p>\n\n\n\n<p>22. Edyta \u0141Y\u017bWA \u2013 <a href=\"http:\/\/managementpapers.polsl.pl\/wp-content\/uploads\/2020\/04\/139-\u0141y\u017cwa.pdf\">Press propaganda as a tool of social communication \u2013 the historical perspective<\/a><br>http:\/\/dx.doi.org\/10.29119\/1641-3466.2019.139.22<\/p>\n\n\n\n<p>23. Agnieszka MALKOWSKA \u2013 <a href=\"http:\/\/managementpapers.polsl.pl\/wp-content\/uploads\/2020\/04\/139-Malkowska.pdf\">Interreg A funds as an instrument for managing a border region<\/a><br>http:\/\/dx.doi.org\/10.29119\/1641-3466.2019.139.23<\/p>\n\n\n\n<p>24. Arkadiusz MALKOWSKI \u2013 <a href=\"http:\/\/managementpapers.polsl.pl\/wp-content\/uploads\/2020\/04\/139-Malkowski.pdf\">Shopping tourism as a factor in the development of peripheral areas on the example of the Polish-Ukrainian borderland<\/a><br>http:\/\/dx.doi.org\/10.29119\/1641-3466.2019.139.24<\/p>\n\n\n\n<p>25. Rafa\u0142 MAZUR \u2013 <a href=\"http:\/\/managementpapers.polsl.pl\/wp-content\/uploads\/2020\/04\/139-Mazur.pdf\">Regional and traditional products \u2013 some comments from the segmentation, promotion and local development perspectives<\/a><br>http:\/\/dx.doi.org\/10.29119\/1641-3466.2019.139.25<\/p>\n\n\n\n<p>26. Ma\u0142gorzata MICHALCEWICZ-KANIOWSKA, Ma\u0142gorzata ZAJDEL \u2013 <a href=\"http:\/\/managementpapers.polsl.pl\/wp-content\/uploads\/2020\/04\/139-Michalcewicz-Kaniowska-Zajdel.pdf\">Construction materials market in Poland 2018<\/a><br>http:\/\/dx.doi.org\/10.29119\/1641-3466.2019.139.26<\/p>\n\n\n\n<p>27. Danuta MIERZWA, Dominika MIERZWA, Paulina KOBEL \u2013 <a href=\"http:\/\/managementpapers.polsl.pl\/wp-content\/uploads\/2020\/04\/139-Mierzwa-Mierzwa-Kobel.pdf\">Occupational burnout as a negative phenomenon in Polish uniformed services \u2013 research report<\/a><br>http:\/\/dx.doi.org\/10.29119\/1641-3466.2019.139.27<\/p>\n\n\n\n<p>28. Marta MISZCZAK \u2013 <a href=\"http:\/\/managementpapers.polsl.pl\/wp-content\/uploads\/2020\/04\/139-Miszczak.pdf\">The role of university in shaping local environmental awareness<\/a><br>http:\/\/dx.doi.org\/10.29119\/1641-3466.2019.139.28<br><br>29. Pawe\u0142 MODRZY\u0143SKI \u2013 <a href=\"http:\/\/managementpapers.polsl.pl\/wp-content\/uploads\/2020\/04\/139-Modrzy\u0144ski.pdf\">Shared service centres in the public sector \u2013 building corporate governance or implementing barely-altered organisational changes?<\/a><br>http:\/\/dx.doi.org\/10.29119\/1641-3466.2019.139.29<\/p>\n\n\n\n<p>30. Anna MURAWSKA \u2013 <a href=\"http:\/\/managementpapers.polsl.pl\/wp-content\/uploads\/2020\/04\/139-Murawska-A.pdf\">Gender as a factor behind unequal labour market participation of women and men in European Union countries<\/a><br>http:\/\/dx.doi.org\/10.29119\/1641-3466.2019.139.30<\/p>\n\n\n\n<p>31. Monika MURAWSKA \u2013 <a href=\"http:\/\/managementpapers.polsl.pl\/wp-content\/uploads\/2020\/04\/139-Murawska-M.pdf\">Investments in seaside apartments as a factor in the development of Central Pomerania<\/a><br>http:\/\/dx.doi.org\/10.29119\/1641-3466.2019.139.31<br><br>32. Ma\u0142gorzata NADZIAKIEWICZ \u2013 <a href=\"http:\/\/managementpapers.polsl.pl\/wp-content\/uploads\/2020\/04\/139-Nadziakiewicz.pdf\">The implemented ISO system and its influence on the functioning of the Silesian healthcare organization<\/a><br>http:\/\/dx.doi.org\/10.29119\/1641-3466.2019.139.32<br><br>33. Piotr NOWACZYK \u2013 <a href=\"http:\/\/managementpapers.polsl.pl\/wp-content\/uploads\/2020\/04\/139-Nowaczyk.pdf\">Profitability of investment in the development of the sailing infrastructure of small Polish seaports<\/a><br>http:\/\/dx.doi.org\/10.29119\/1641-3466.2019.139.33<br><br>34. Monika ODLANICKA-POCZOBUTT, Jakub SEMRAU \u2013 <a href=\"http:\/\/managementpapers.polsl.pl\/wp-content\/uploads\/2020\/04\/139-Odlanicka-Poczobutt-Semrau.pdf\">Analysis of interferences in the transport of prisoners with the application of Ishikawa diagram<\/a><br>http:\/\/dx.doi.org\/10.29119\/1641-3466.2019.139.34<\/p>\n\n\n\n<p>35. Magdalena PANASIUK \u2013 <a href=\"http:\/\/managementpapers.polsl.pl\/wp-content\/uploads\/2020\/04\/139-Panasiuk.pdf\">Public-private partnership as a response to public procurement in economic sectors<\/a><br>http:\/\/dx.doi.org\/10.29119\/1641-3466.2019.139.35<br><br>36. Katarzyna PAWLAK, Grzegorz HAJDUK \u2013 <a href=\"http:\/\/managementpapers.polsl.pl\/wp-content\/uploads\/2020\/04\/139-Pawlak-Hajduk.pdf\">City branding with stakeholders\u2019 participation<\/a><br>http:\/\/dx.doi.org\/10.29119\/1641-3466.2019.139.36<br><br>37. Aleksandra P\u0141ONKA \u2013 <a href=\"http:\/\/managementpapers.polsl.pl\/wp-content\/uploads\/2020\/04\/139-P\u0142onka.pdf\">State interventionism in agriculture \u2013 rationale, goals, conditions<\/a><br>http:\/\/dx.doi.org\/10.29119\/1641-3466.2019.139.37<br><br>38. Aleksandra P\u0141ONKA, Mariusz DACKO \u2013 <a href=\"http:\/\/managementpapers.polsl.pl\/wp-content\/uploads\/2020\/04\/139-P\u0142onka-Dacko.pdf\">Secondary school youth and the idea of sustainable development \u2013 opinions and attitudes<\/a><br>http:\/\/dx.doi.org\/10.29119\/1641-3466.2019.139.38<\/p>\n\n\n\n<p>39. Katarzyna RADECKA \u2013 <a href=\"http:\/\/managementpapers.polsl.pl\/wp-content\/uploads\/2020\/04\/139-Radecka.pdf\">Integrated management systems as supporting tools in terms of new challenges and transformation trends in logistics with an enterprise in the Kujawsko-Pomorskie region as an example<\/a><br>http:\/\/dx.doi.org\/10.29119\/1641-3466.2019.139.39<\/p>\n\n\n\n<p>40. Pawe\u0142 SIEMASZKIEWICZ \u2013 <a href=\"http:\/\/managementpapers.polsl.pl\/wp-content\/uploads\/2020\/04\/139-Siemaszkiewicz.pdf\">Strategies implemented in Polish farms and resulting innovations<\/a><br>http:\/\/dx.doi.org\/10.29119\/1641-3466.2019.139.40<\/p>\n\n\n\n<p>41. Anna SK\u00d3RSKA \u2013 <a href=\"http:\/\/managementpapers.polsl.pl\/wp-content\/uploads\/2020\/04\/139-Sk\u00f3rska.pdf\">R&amp;D activity as a factor of regional competitiveness<\/a> http:\/\/dx.doi.org\/10.29119\/1641-3466.2019.139.41<\/p>\n\n\n\n<p>42. Brygida SMO\u0141KA-FRANKE \u2013 <a href=\"http:\/\/managementpapers.polsl.pl\/wp-content\/uploads\/2020\/04\/139-Smo\u0142ka-Franke.pdf\">Urban revitalization as a strategy for creating a regional product<\/a><br>http:\/\/dx.doi.org\/10.29119\/1641-3466.2019.139.42<\/p>\n\n\n\n<p>43. Marek STYCH \u2013 <a href=\"http:\/\/managementpapers.polsl.pl\/wp-content\/uploads\/2020\/04\/139-Stych.pdf\">The falsified medicines directive and legal guarantees to ensure authenticity of medicines. The impact of drug serialization on medicine safety in the EU<\/a><br>http:\/\/dx.doi.org\/10.29119\/1641-3466.2019.139.43<\/p>\n\n\n\n<p>44. Arkadiusz TUZIAK \u2013 <a href=\"http:\/\/managementpapers.polsl.pl\/wp-content\/uploads\/2020\/04\/139-Tuziak.pdf\">New regionalism in the perspective of the region\u2019s development in the conditions of European integration and globalisation<\/a><br>http:\/\/dx.doi.org\/10.29119\/1641-3466.2019.139.44<\/p>\n\n\n\n<p>45. Katarzyna WARZECHA \u2013 <a href=\"http:\/\/managementpapers.polsl.pl\/wp-content\/uploads\/2020\/04\/139-Warzecha.pdf\">Health as one of the goals of the Agenda 2030. Poland in comparison with EU countries<\/a><br>http:\/\/dx.doi.org\/10.29119\/1641-3466.2019.139.45<\/p>\n\n\n\n<p>46. Piotr WERY\u0143SKI, Dorota DOLI\u0143SKA-WERY\u0143SKA \u2013 <a href=\"http:\/\/managementpapers.polsl.pl\/wp-content\/uploads\/2020\/04\/139-Wery\u0144ski-Doli\u0144ska-Wery\u0144ska.pdf\">Analysis of the emergence of barriers to development of social innovations. The case of senior NGOs<\/a><br>http:\/\/dx.doi.org\/10.29119\/1641-3466.2019.139.46<\/p>\n\n\n\n<p>47. Andrzej W\u00d3JCIK \u2013 <a href=\"http:\/\/managementpapers.polsl.pl\/wp-content\/uploads\/2020\/04\/139-W\u00f3jcik.pdf\">Share of renewable energy in Poland compared to EU countries<\/a><br>http:\/\/dx.doi.org\/10.29119\/1641-3466.2019.139.47<\/p>\n\n\n\n<p>48. Anna WZI\u0104TEK-KUBIAK \u2013 <a href=\"http:\/\/managementpapers.polsl.pl\/wp-content\/uploads\/2020\/04\/139-Wzi\u0105tek-Kubiak.pdf\">Management of innovative resources in an unstable environment and selection of innovative firms<\/a><br>http:\/\/dx.doi.org\/10.29119\/1641-3466.2019.139.48<\/p>\n\n\n\n<p>49. Ma\u0142gorzata ZAJDEL, Ma\u0142gorzata MICHALCEWICZ-KANIOWSKA \u2013 <a href=\"http:\/\/managementpapers.polsl.pl\/wp-content\/uploads\/2020\/04\/139-Zajdel-Michalcewicz-Kaniowska.pdf\">The dilemmas associated with the development of the EU institutional system<\/a><br>http:\/\/dx.doi.org\/10.29119\/1641-3466.2019.139.49<\/p>\n\n\n\n<p>50. Dagmara K. ZUZEK, Bartosz MICKIEWICZ \u2013 <a href=\"http:\/\/managementpapers.polsl.pl\/wp-content\/uploads\/2020\/04\/139-Zuzek-Mickiewicz.pdf\">Evaluation of the innovation effects implementation for firms\u2019 competitiveness in the sector of small and medium enterprises in Poland on the example of the Ma\u0142opolska Province<\/a><br>http:\/\/dx.doi.org\/10.29119\/1641-3466.2019.139.50<\/p>\n\n\n\n<hr class=\"wp-block-separator is-style-wide\"\/>\n\n\n\n<p><\/p>\n","protected":false},"excerpt":{"rendered":"<p>Scientific Papers of Silesian University of Technology &#8211; Organization and Management Series &#8211; Issue No. 139 First pageInsertTable of ContentsForeword 1. Gra\u017cyna ADAMCZYK-\u0141OJEWSKA \u2013 Business activity intensification processes in European Union member states, including Polandhttp:\/\/dx.doi.org\/10.29119\/1641-3466.2019.139.1 2. Krzysztof ANDRUSZKIEWICZ \u2013 Innovation activity of enterprises in the Kuyavian-Pomeranian Voivodeship as the way to the region\u2019s competitivenss and [&hellip;]<\/p>\n","protected":false},"author":1,"featured_media":0,"parent":0,"menu_order":0,"comment_status":"closed","ping_status":"closed","template":"","meta":{"footnotes":""},"class_list":["post-685","page","type-page","status-publish","hentry"],"_links":{"self":[{"href":"https:\/\/managementpapers.polsl.pl\/index.php?rest_route=\/wp\/v2\/pages\/685","targetHints":{"allow":["GET"]}}],"collection":[{"href":"https:\/\/managementpapers.polsl.pl\/index.php?rest_route=\/wp\/v2\/pages"}],"about":[{"href":"https:\/\/managementpapers.polsl.pl\/index.php?rest_route=\/wp\/v2\/types\/page"}],"author":[{"embeddable":true,"href":"https:\/\/managementpapers.polsl.pl\/index.php?rest_route=\/wp\/v2\/users\/1"}],"replies":[{"embeddable":true,"href":"https:\/\/managementpapers.polsl.pl\/index.php?rest_route=%2Fwp%2Fv2%2Fcomments&post=685"}],"version-history":[{"count":1,"href":"https:\/\/managementpapers.polsl.pl\/index.php?rest_route=\/wp\/v2\/pages\/685\/revisions"}],"predecessor-version":[{"id":686,"href":"https:\/\/managementpapers.polsl.pl\/index.php?rest_route=\/wp\/v2\/pages\/685\/revisions\/686"}],"wp:attachment":[{"href":"https:\/\/managementpapers.polsl.pl\/index.php?rest_route=%2Fwp%2Fv2%2Fmedia&parent=685"}],"curies":[{"name":"wp","href":"https:\/\/api.w.org\/{rel}","templated":true}]}}