{"id":5370,"date":"2024-10-11T12:28:22","date_gmt":"2024-10-11T10:28:22","guid":{"rendered":"https:\/\/managementpapers.polsl.pl\/?page_id=5370"},"modified":"2024-10-22T07:39:44","modified_gmt":"2024-10-22T05:39:44","slug":"scientific-papers-of-silesian-university-of-technology-organization-and-management-series-issue-no-203","status":"publish","type":"page","link":"https:\/\/managementpapers.polsl.pl\/?page_id=5370","title":{"rendered":"Scientific Papers of Silesian University of Technology \u2013 Organization and Management Series \u2013 Issue No. 203"},"content":{"rendered":"\n<p class=\"has-text-align-center\"><strong><a href=\"https:\/\/managementpapers.polsl.pl\/wp-content\/uploads\/2024\/10\/ZN203.pdf\">Click Here To Download Full Issue No. 203<\/a><\/strong><\/p>\n\n\n\n<p>1. <strong><a href=\"https:\/\/managementpapers.polsl.pl\/wp-content\/uploads\/2024\/10\/203-Bernat-Liu-Szewczyk.pdf\"><strong><strong><strong>Maria BERNAT, Huizheng LIU, Miros\u0142awa SZEWCZYK <\/strong>\u2013 Investment attractiveness of Opole voivodeship in the context of inflow of foreign direct investments<\/strong><\/strong><\/a><\/strong><br>DOI: http:\/\/dx.doi.org\/10.29119\/1641-3466.2024.203.1<\/p>\n\n\n\n<p>2. <strong><a href=\"https:\/\/managementpapers.polsl.pl\/wp-content\/uploads\/2024\/10\/203-Biesiok-Wyr\u00f3d-Wr\u00f3bel.pdf\"><strong><strong><strong>Grzegorz BIESOK, Jolanta WYR\u00d3D-WR\u00d3BEL <\/strong>\u2013 Customer dissatisfaction as a negative purchase experience \u2013 results of a pilot study<\/strong><\/strong><\/a><\/strong><br>DOI: http:\/\/dx.doi.org\/10.29119\/1641-3466.2024.203.2<\/p>\n\n\n\n<p>3. <strong><a href=\"https:\/\/managementpapers.polsl.pl\/wp-content\/uploads\/2024\/10\/203-Florek.pdf\"><strong><strong><strong>Irmina FLOREK <\/strong>\u2013 Students\u2019 financial literacy \u2013 innovation and entrepreneurship<\/strong><\/strong><\/a><\/strong><br>DOI: http:\/\/dx.doi.org\/10.29119\/1641-3466.2024.203.3<\/p>\n\n\n\n<p>4. <strong><a href=\"https:\/\/managementpapers.polsl.pl\/wp-content\/uploads\/2024\/10\/203-Gajdzik-Siwiec-Pacana.pdf\"><strong><strong><strong>Bo\u017cena GAJDZIK, Dominika SIWIEC, Andrzej PACANA <\/strong>\u2013 Framework of QLCA model considering quality and life cycle assessment to sustainable product development<\/strong><\/strong><\/a><\/strong><br>DOI: http:\/\/dx.doi.org\/10.29119\/1641-3466.2024.203.4<\/p>\n\n\n\n<p>5. <a href=\"https:\/\/managementpapers.polsl.pl\/wp-content\/uploads\/2024\/10\/203-Hildebrandt.pdf\"><strong><strong><strong>Robert HILDEBRANDT <\/strong>\u2013 Sustainable use of methane in the European Union. Selected social and environmental aspects<\/strong><\/strong><\/a><br>DOI: http:\/\/dx.doi.org\/10.29119\/1641-3466.2024.203.5<\/p>\n\n\n\n<p>6. <strong><a href=\"https:\/\/managementpapers.polsl.pl\/wp-content\/uploads\/2024\/09\/202-Gajowiak.pdf\"><\/a><strong><a href=\"https:\/\/managementpapers.polsl.pl\/wp-content\/uploads\/2024\/10\/203-Janik-Ryszko.pdf\"><\/a><strong><a href=\"https:\/\/managementpapers.polsl.pl\/wp-content\/uploads\/2024\/10\/203-Janik-Ryszko.pdf\"><strong>Agnieszka JANIK, Adam RYSZKO <\/strong>\u2013 Towards a circular economy in SMEs in Poland \u2013 practices, barriers and support<\/a><\/strong><\/strong><\/strong><br>DOI: http:\/\/dx.doi.org\/10.29119\/1641-3466.2024.203.6<\/p>\n\n\n\n<p>7. <strong><a href=\"https:\/\/managementpapers.polsl.pl\/wp-content\/uploads\/2024\/10\/203-Knecht-Rzepecka-Kwiatkowska.pdf\"><strong><strong><strong>Zdzis\u0142aw KNECHT, Aleksandra RZEPECKA-KWIATKOWSKA <\/strong>\u2013 The importance of public relations in creating the image of one&#8217;s business \u2013 a case study<\/strong><\/strong><\/a><\/strong><br>DOI: http:\/\/dx.doi.org\/10.29119\/1641-3466.2024.203.7<\/p>\n\n\n\n<p>8. <strong><a href=\"https:\/\/managementpapers.polsl.pl\/wp-content\/uploads\/2024\/10\/203-Kocot-Kocot-Sobo\u0144-Kwasek.pdf\"><strong><strong><strong>Maria KOCOT, Damian KOCOT, Janusz SOBO\u0143, Artur KWASEK <\/strong>\u2013 Determinants of the use of renewable energy sources in agile organizations<\/strong><\/strong><\/a><\/strong><br>DOI: http:\/\/dx.doi.org\/10.29119\/1641-3466.2024.203.8<\/p>\n\n\n\n<p>9. <strong><a href=\"https:\/\/managementpapers.polsl.pl\/wp-content\/uploads\/2024\/10\/203-Kotowska-Sikorska.pdf\"><strong><strong><strong>Beata KOTOWSKA, Marta SIKORSKA <\/strong>\u2013 The changing role of accountants through the lens of university students&#8217; perspective<\/strong><\/strong><\/a><\/strong><br>DOI: http:\/\/dx.doi.org\/10.29119\/1641-3466.2024.203.9<\/p>\n\n\n\n<p>10. <strong><a href=\"https:\/\/managementpapers.polsl.pl\/wp-content\/uploads\/2024\/10\/203-Kowalska-So\u0142tysiak.pdf\"><strong><strong><strong>Ma\u0142gorzata KOWALSKA, Honorat SO\u0141TYSIAK <\/strong>\u2013 Analysis and assessment of risks to teachers working with special educational needs students in a selected educational institution<\/strong><\/strong><\/a><\/strong><br>DOI: http:\/\/dx.doi.org\/10.29119\/1641-3466.2024.203.10<\/p>\n\n\n\n<p>11. <strong><a href=\"https:\/\/managementpapers.polsl.pl\/wp-content\/uploads\/2024\/10\/203-Kozar-Wodnicka-Chomicz-Jaksik-\u015amietana.pdf\"><strong><strong><strong>\u0141ukasz Jaros\u0142aw KOZAR, Monika WODNICKA, Gabriela CHOMICZ, Daniel JAKSIK, Kacper Szymon \u015aMIETANA <\/strong>\u2013 Green supply chain and green logistics: a bibliometric identification of key research areas<\/strong><\/strong><\/a><\/strong><br>DOI: http:\/\/dx.doi.org\/10.29119\/1641-3466.2024.203.11<\/p>\n\n\n\n<p>12. <strong><a href=\"https:\/\/managementpapers.polsl.pl\/wp-content\/uploads\/2024\/10\/203-Kozerska-Smolnik.pdf\"><strong><strong><strong>Monika KOZERSKA, Pawe\u0142 SMOLNIK <\/strong>\u2013 Use of telematics in road transport company management<\/strong><\/strong><\/a><\/strong><br>DOI: http:\/\/dx.doi.org\/10.29119\/1641-3466.2024.203.12<\/p>\n\n\n\n<p>13. <strong><a href=\"https:\/\/managementpapers.polsl.pl\/wp-content\/uploads\/2024\/10\/203-Kuku\u0142owicz-Gorlik.pdf\"><strong><strong><strong>Anita KUKU\u0141OWICZ, Paulina GORLIK <\/strong>\u2013 Aloe supplements in focus: integrating quality management and risk control for microbiological safety<\/strong><\/strong><\/a><\/strong><br>DOI: http:\/\/dx.doi.org\/10.29119\/1641-3466.2024.203.13<\/p>\n\n\n\n<p>14. <strong><a href=\"https:\/\/managementpapers.polsl.pl\/wp-content\/uploads\/2024\/10\/203-Kuku\u0142owicz-Steinka-Macheta.pdf\"><strong><strong><strong>Anita KUKU\u0141OWICZ, Izabela STEINKA, Maciej MACHETA <\/strong>\u2013 Quality and risk management in aquaculture: a case study of trout production in the \u201cSlupia Valley\u201d landscape park<\/strong><\/strong><\/a><\/strong><br>DOI: http:\/\/dx.doi.org\/10.29119\/1641-3466.2024.203.14<\/p>\n\n\n\n<p>15. <strong><a href=\"https:\/\/managementpapers.polsl.pl\/wp-content\/uploads\/2024\/10\/203-Major-Kalinowska-Sk\u00f3rn\u00f3g.pdf\"><strong><strong><strong>Paulina MAJOR-KALINOWSKA, Damian SK\u00d3RN\u00d3G <\/strong>\u2013 Managing generational diversity under Industry 4.0 in the context of the importance of organizational leadership<\/strong><\/strong><\/a><\/strong><br>DOI: http:\/\/dx.doi.org\/10.29119\/1641-3466.2024.203.15<\/p>\n\n\n\n<p>16. <strong><a href=\"https:\/\/managementpapers.polsl.pl\/wp-content\/uploads\/2024\/10\/203-Marszowski-Jaros\u0142awska-Sob\u00f3r-Michalska.pdf\"><strong><strong><strong>Ryszard MARSZOWSKI, Sylwia JAROS\u0141AWSKA-SOB\u00d3R, Anna MICHALSKA <\/strong>\u2013 Anticipating future skills and internal potential of entrepreneurs \u2013 the perspective of mining<\/strong><\/strong><\/a><\/strong><br>DOI: http:\/\/dx.doi.org\/10.29119\/1641-3466.2024.203.16<\/p>\n\n\n\n<p>17. <strong><a href=\"https:\/\/managementpapers.polsl.pl\/wp-content\/uploads\/2024\/10\/203-Maryniak-Pogorzelec-Glaser.pdf\"><strong><strong><strong>Anna MARYNIAK, Katarzyna POGORZELEC-GLASER <\/strong>\u2013 ChatGPT in supply chain management \u2013 a research model<\/strong><\/strong><\/a><\/strong><br>DOI: http:\/\/dx.doi.org\/10.29119\/1641-3466.2024.203.17<\/p>\n\n\n\n<p>18. <strong><a href=\"https:\/\/managementpapers.polsl.pl\/wp-content\/uploads\/2024\/10\/203-Marzec.pdf\"><strong><strong><strong>Izabela MARZEC <\/strong>\u2013 Employee empowerment as a driver of citizenship behaviour and job performance in the digital age<\/strong><\/strong><\/a><\/strong><br>DOI: http:\/\/dx.doi.org\/10.29119\/1641-3466.2024.203.18<\/p>\n\n\n\n<p>19. <strong><a href=\"https:\/\/managementpapers.polsl.pl\/wp-content\/uploads\/2024\/10\/203-Musia\u0142-Musia\u0142.pdf\"><strong><strong><strong>Wies\u0142aw MUSIA\u0141, Kamila MUSIA\u0141 <\/strong>\u2013 Institutional environment of agribusiness \u2013 nature and managerial realm<\/strong><\/strong><\/a><\/strong><br>DOI: http:\/\/dx.doi.org\/10.29119\/1641-3466.2024.203.19<\/p>\n\n\n\n<p>20. <strong><a href=\"https:\/\/managementpapers.polsl.pl\/wp-content\/uploads\/2024\/10\/203-Niezabitowski.pdf\"><strong><strong><strong>Marek NIEZABITOWSKI <\/strong>\u2013 The use of space \u2013 its harmony and disturbances. Case studies of three chosen places<\/strong><\/strong><\/a><\/strong><br>DOI: http:\/\/dx.doi.org\/10.29119\/1641-3466.2024.203.20<\/p>\n\n\n\n<p>21. <strong><a href=\"https:\/\/managementpapers.polsl.pl\/wp-content\/uploads\/2024\/10\/203-Nurzy\u0144ska-Kubiak-Wo\u017aniak.pdf\"><strong><strong><strong>Magda NURZY\u0143SKA, Bernard KUBIAK, Monika WO\u0179NIAK <\/strong>\u2013 Impact of blockchain technology on the governance of the tourism and hospitality industry<\/strong><\/strong><\/a><\/strong><br>DOI: http:\/\/dx.doi.org\/10.29119\/1641-3466.2024.203.21<\/p>\n\n\n\n<p>22. <strong><a href=\"https:\/\/managementpapers.polsl.pl\/wp-content\/uploads\/2024\/10\/203-Padlowska.pdf\"><strong><strong><strong>Anna PADLOWSKA <\/strong>\u2013 Advantages and disadvantages of outsourcing in e-business logistics<\/strong><\/strong><\/a><\/strong><br>DOI: http:\/\/dx.doi.org\/10.29119\/1641-3466.2024.203.22<\/p>\n\n\n\n<p>23. <strong><a href=\"https:\/\/managementpapers.polsl.pl\/wp-content\/uploads\/2024\/10\/203-Palis-Siwek.pdf\"><strong><strong><strong>Beata PALIS, Matylda SIWEK <\/strong>\u2013 Sustainable development in the activities of the meetings industry \u2013 contemporary challenges<\/strong><\/strong><\/a><\/strong><br>DOI: http:\/\/dx.doi.org\/10.29119\/1641-3466.2024.203.23<\/p>\n\n\n\n<p>24. <strong><a href=\"https:\/\/managementpapers.polsl.pl\/wp-content\/uploads\/2024\/10\/203-Przywojska-Podg\u00f3rniak-Krzykacz.pdf\"><strong><strong><strong>Justyna PRZYWOJSKA, Aldona PODG\u00d3RNIAK-KRZYKACZ <\/strong>\u2013 A strategic approach to integrating demographic and technological challenges at the urban level. The case of \u0141\u00f3d\u017a<\/strong><\/strong><\/a><\/strong><br>DOI: http:\/\/dx.doi.org\/10.29119\/1641-3466.2024.203.24<\/p>\n\n\n\n<p>25. <strong><a href=\"https:\/\/managementpapers.polsl.pl\/wp-content\/uploads\/2024\/10\/203-Skubis-Damas.pdf\"><strong><strong><strong>Ida SKUBIS, Karolina DAMAS <\/strong>\u2013 Language of advertising on the example of selected hair products advertisments<\/strong><\/strong><\/a><\/strong><br>DOI: http:\/\/dx.doi.org\/10.29119\/1641-3466.2024.203.25<\/p>\n\n\n\n<p>26. <strong><a href=\"https:\/\/managementpapers.polsl.pl\/wp-content\/uploads\/2024\/10\/203-Skubis-Mosek.pdf\"><strong><strong><strong>Ida SKUBIS, Martyna MOSEK <\/strong>\u2013 Language of advertising in the tourism industry<\/strong><\/strong><\/a><\/strong><br>DOI: http:\/\/dx.doi.org\/10.29119\/1641-3466.2024.203.26<\/p>\n\n\n\n<p>27. <strong><a href=\"https:\/\/managementpapers.polsl.pl\/wp-content\/uploads\/2024\/10\/203-Stawiarska-Klasa-Wons.pdf\"><strong><strong><strong>Ewa STAWIARSKA, Zuzanna KLASA, Julia WONS <\/strong>\u2013 Methods of managing multigenerational human resources in the era of the fourth industrial revolution<\/strong><\/strong><\/a><\/strong><br>DOI: http:\/\/dx.doi.org\/10.29119\/1641-3466.2024.203.27<\/p>\n\n\n\n<p>28. <strong><a href=\"https:\/\/managementpapers.polsl.pl\/wp-content\/uploads\/2024\/10\/203-Stepanok.pdf\"><strong><strong><strong>Nina STEPANOK <\/strong>\u2013 The state and development needs of the Tricity agglomeration infrastructure facilities<\/strong><\/strong><\/a><\/strong><br>DOI: http:\/\/dx.doi.org\/10.29119\/1641-3466.2024.203.28<\/p>\n\n\n\n<p>29. <strong><a href=\"https:\/\/managementpapers.polsl.pl\/wp-content\/uploads\/2024\/10\/203-Szadziewska-Kujawski.pdf\"><strong><strong><strong>Arleta SZADZIEWSKA, Jaros\u0142aw KUJAWSKI <\/strong>\u2013 Artificial intelligence as perceived by accounting students. An observation from Poland<\/strong><\/strong><\/a><\/strong><br>DOI: http:\/\/dx.doi.org\/10.29119\/1641-3466.2024.203.29<\/p>\n\n\n\n<p>30. <strong><a href=\"https:\/\/managementpapers.polsl.pl\/wp-content\/uploads\/2024\/10\/203-Szewczyk-Zygmunt.pdf\"><strong><strong><strong>Miros\u0142awa SZEWCZYK, Justyna ZYGMUNT <\/strong>\u2013 Using Google Trends to analyze interest in travel insurance<\/strong><\/strong><\/a><\/strong><br>DOI: http:\/\/dx.doi.org\/10.29119\/1641-3466.2024.203.30<\/p>\n\n\n\n<p>31. <strong><a href=\"https:\/\/managementpapers.polsl.pl\/wp-content\/uploads\/2024\/10\/203-Szuper.pdf\"><strong><strong><strong>Katarzyna SZUPER <\/strong>\u2013 Innovative companies on NewConnect \u2013 regionalization and post-IPO performance<\/strong><\/strong><\/a><\/strong><br>DOI: http:\/\/dx.doi.org\/10.29119\/1641-3466.2024.203.31<\/p>\n\n\n\n<p>32. <strong><a href=\"https:\/\/managementpapers.polsl.pl\/wp-content\/uploads\/2024\/10\/203-Tucki-Wielewska-Zuzek-Nowakowski.pdf\"><strong><strong><strong>Karol TUCKI, Izabela WIELEWSKA, Dagmara K. ZUZEK, Tomasz NOWAKOWSKI <\/strong>\u2013 Technological and market aspects of meat production<\/strong><\/strong><\/a><\/strong><br>DOI: http:\/\/dx.doi.org\/10.29119\/1641-3466.2024.203.32<\/p>\n\n\n\n<p>33. <strong><a href=\"https:\/\/managementpapers.polsl.pl\/wp-content\/uploads\/2024\/10\/203-Wolniak.pdf\"><strong><strong><strong>Rados\u0142aw WOLNIAK <\/strong>\u2013 Continous improvement: leveraging business analytics in Industry 4.0 settings<\/strong><\/strong><\/a><\/strong><br>DOI: http:\/\/dx.doi.org\/10.29119\/1641-3466.2024.203.33<\/p>\n\n\n\n<p>34. <strong><a href=\"https:\/\/managementpapers.polsl.pl\/wp-content\/uploads\/2024\/10\/203-Wo\u017aniak.pdf\"><strong><strong><strong>Monika WO\u0179NIAK <\/strong>\u2013 Differentiated project and technology maturity in an organization \u2013 a case study<\/strong><\/strong><\/a><\/strong><br>DOI: http:\/\/dx.doi.org\/10.29119\/1641-3466.2024.203.34<\/p>\n\n\n\n<p>35. <strong><a href=\"https:\/\/managementpapers.polsl.pl\/wp-content\/uploads\/2024\/10\/203-Zawierucha-Koz\u0142owska.pdf\"><strong><strong><strong>Katarzyna ZAWIERUCHA-KOZ\u0141OWSKA <\/strong>\u2013 Future trends in quality management<\/strong><\/strong><\/a><\/strong><br>DOI: http:\/\/dx.doi.org\/10.29119\/1641-3466.2024.203.35<\/p>\n\n\n\n<p>36. <strong><a href=\"https:\/\/managementpapers.polsl.pl\/wp-content\/uploads\/2024\/10\/203-Zuzek-Rog\u00f3\u017c.pdf\"><strong><strong><strong>Dagmara K. ZUZEK, Magda ROG\u00d3\u017b <\/strong>\u2013 Innovation as an opportunity to increase the competitiveness of small and medium-sized enterprises in Poland presented on the example of Ma\u0142opolskie voivodship<\/strong><\/strong><\/a><\/strong><br>DOI: http:\/\/dx.doi.org\/10.29119\/1641-3466.2024.203.36<\/p>\n\n\n\n<p>37. <strong><a href=\"https:\/\/managementpapers.polsl.pl\/wp-content\/uploads\/2024\/10\/203-Zygosz.pdf\"><strong><strong><strong>Wiktor ZYGOSZ <\/strong>\u2013 Management of a multicultural work environment in the 21st century: a bibliometric analysis<\/strong><\/strong><\/a><\/strong><br>DOI: http:\/\/dx.doi.org\/10.29119\/1641-3466.2024.203.37<\/p>\n","protected":false},"excerpt":{"rendered":"<p>Click Here To Download Full Issue No. 203 1. Maria BERNAT, Huizheng LIU, Miros\u0142awa SZEWCZYK \u2013 Investment attractiveness of Opole voivodeship in the context of inflow of foreign direct investmentsDOI: http:\/\/dx.doi.org\/10.29119\/1641-3466.2024.203.1 2. Grzegorz BIESOK, Jolanta WYR\u00d3D-WR\u00d3BEL \u2013 Customer dissatisfaction as a negative purchase experience \u2013 results of a pilot studyDOI: http:\/\/dx.doi.org\/10.29119\/1641-3466.2024.203.2 3. Irmina FLOREK \u2013 [&hellip;]<\/p>\n","protected":false},"author":1,"featured_media":0,"parent":0,"menu_order":0,"comment_status":"closed","ping_status":"closed","template":"","meta":{"footnotes":""},"class_list":["post-5370","page","type-page","status-publish","hentry"],"_links":{"self":[{"href":"https:\/\/managementpapers.polsl.pl\/index.php?rest_route=\/wp\/v2\/pages\/5370","targetHints":{"allow":["GET"]}}],"collection":[{"href":"https:\/\/managementpapers.polsl.pl\/index.php?rest_route=\/wp\/v2\/pages"}],"about":[{"href":"https:\/\/managementpapers.polsl.pl\/index.php?rest_route=\/wp\/v2\/types\/page"}],"author":[{"embeddable":true,"href":"https:\/\/managementpapers.polsl.pl\/index.php?rest_route=\/wp\/v2\/users\/1"}],"replies":[{"embeddable":true,"href":"https:\/\/managementpapers.polsl.pl\/index.php?rest_route=%2Fwp%2Fv2%2Fcomments&post=5370"}],"version-history":[{"count":10,"href":"https:\/\/managementpapers.polsl.pl\/index.php?rest_route=\/wp\/v2\/pages\/5370\/revisions"}],"predecessor-version":[{"id":5386,"href":"https:\/\/managementpapers.polsl.pl\/index.php?rest_route=\/wp\/v2\/pages\/5370\/revisions\/5386"}],"wp:attachment":[{"href":"https:\/\/managementpapers.polsl.pl\/index.php?rest_route=%2Fwp%2Fv2%2Fmedia&parent=5370"}],"curies":[{"name":"wp","href":"https:\/\/api.w.org\/{rel}","templated":true}]}}