{"id":504,"date":"2020-04-07T12:29:51","date_gmt":"2020-04-07T10:29:51","guid":{"rendered":"http:\/\/managementpapers.polsl.pl\/?page_id=504"},"modified":"2020-06-10T11:31:39","modified_gmt":"2020-06-10T09:31:39","slug":"scientific-papers-of-silesian-university-of-technology-organization-and-management-series-issue-no-140","status":"publish","type":"page","link":"https:\/\/managementpapers.polsl.pl\/?page_id=504","title":{"rendered":"Scientific Papers of Silesian University of Technology \u2013 Organization and Management Series \u2013 Issue No. 140"},"content":{"rendered":"\n<p class=\"has-text-align-center\"><strong>Scientific Papers of Silesian University of Technology \u2013 Organization and Management Series \u2013 Issue No. 140<\/strong><\/p>\n\n\n\n<div class=\"wp-block-image\"><figure class=\"aligncenter size-large is-resized\"><img loading=\"lazy\" decoding=\"async\" src=\"http:\/\/managementpapers.polsl.pl\/wp-content\/uploads\/2020\/04\/Cover140-731x1024.png\" alt=\"\" class=\"wp-image-529\" width=\"328\" height=\"463\"\/><\/figure><\/div>\n\n\n\n<p class=\"has-text-align-center\"><a href=\"http:\/\/managementpapers.polsl.pl\/wp-content\/uploads\/2020\/04\/140-wk\u0142adka.pdf\">Insert<\/a><br><a href=\"http:\/\/managementpapers.polsl.pl\/wp-content\/uploads\/2020\/04\/140-spis-tre\u015bci-angielski.pdf\">Table of Contents<\/a><\/p>\n\n\n\n<p class=\"has-text-align-left\">1. Alexander AMOSHA, Viacheslav L\u0406ASHENKO, Iryna PIDORYCHEVA\u2013 <a href=\"http:\/\/managementpapers.polsl.pl\/wp-content\/uploads\/2020\/04\/140-01.-Amosha_Lyashenko_Pidorycheva.pdf\">Inter-regional and cross-border spaces in the context of smart specialization<\/a> <br>http:\/\/dx.doi.org\/10.29119\/1641-3466.2019.140.1<\/p>\n\n\n\n<p>2. Micha\u0142 BOCZEK \u2013 <a href=\"http:\/\/managementpapers.polsl.pl\/wp-content\/uploads\/2020\/04\/140-02.-Boczek.pdf\">The state of law or the law of the state?<\/a> <br>http:\/\/dx.doi.org\/10.29119\/1641-3466.2019.140.2<\/p>\n\n\n\n<p>3. Ma\u0142gorzata BURCHARD-DZIUBI\u0143SKA, Igor DZIUBI\u0143SKI \u2013 <a href=\"http:\/\/managementpapers.polsl.pl\/wp-content\/uploads\/2020\/04\/140-03.-Burchard-Dziubi\u0144ska-Dziubi\u0144ski.pdf\">Use of economic incentives in development of circular economy in municipal waste management<\/a><br>http:\/\/dx.doi.org\/10.29119\/1641-3466.2019.140.3<\/p>\n\n\n\n<p>4. Helena \u010cIERNA \u2013 <a href=\"http:\/\/managementpapers.polsl.pl\/wp-content\/uploads\/2020\/04\/140-04.-Cierna.pdf\">Evaluation of mechanisms of ethical credibility in selected subjects in Slovakia<\/a><br>http:\/\/dx.doi.org\/10.29119\/1641-3466.2019.140.4<\/p>\n\n\n\n<p>5. Piotr WERY\u0143SKI, Dorota DOLI\u0143SKA-WERY\u0143SKA \u2013 <a href=\"http:\/\/managementpapers.polsl.pl\/wp-content\/uploads\/2020\/04\/140-05.-Doli\u0144ska-Wery\u0144ska-Wery\u0144ski.pdf\">Innovation as a remedy to group ressentiments inside an organization. Report from focus group interview<\/a><br>http:\/\/dx.doi.org\/10.29119\/1641-3466.2019.140.5<\/p>\n\n\n\n<p>6. Igor DZIUBI\u0143SKI \u2013 <a href=\"http:\/\/managementpapers.polsl.pl\/wp-content\/uploads\/2020\/04\/140-06.-Dziubi\u0144ski.pdf\">Determinants of consumer inclusion into circular economy. Case study of city of Lodz<\/a><br>http:\/\/dx.doi.org\/10.29119\/1641-3466.2019.140.6<\/p>\n\n\n\n<p>7. Dorota FRA\u0143CZAK, Ewelina LECH \u2013 <a href=\"http:\/\/managementpapers.polsl.pl\/wp-content\/uploads\/2020\/04\/140-07.-Fra\u0144czak-Lech.pdf\">Juridical and social aspects of the legalization of cannabis for medical use<\/a><br>http:\/\/dx.doi.org\/10.29119\/1641-3466.2019.140.7<\/p>\n\n\n\n<p>8. Wioleta GA\u0141AT \u2013 <a href=\"http:\/\/managementpapers.polsl.pl\/wp-content\/uploads\/2020\/04\/140-08.-Ga\u0142at.pdf\">Behavior on the labor market in Poland in analysis of behavioral economy<\/a><br>http:\/\/dx.doi.org\/10.29119\/1641-3466.2019.140.8<\/p>\n\n\n\n<p>9. Anna HORZELA \u2013 <a href=\"http:\/\/managementpapers.polsl.pl\/wp-content\/uploads\/2020\/04\/140-09.-Horzela.pdf\">The cluster as a socially responsible entity<\/a><br>http:\/\/dx.doi.org\/10.29119\/1641-3466.2019.140.9<\/p>\n\n\n\n<p>10. Agnieszka JANIK, Adam RYSZKO, Marek SZAFRANIEC \u2013 <a href=\"http:\/\/managementpapers.polsl.pl\/wp-content\/uploads\/2020\/04\/140-10.-Janik_Ryszko_Szafraniec.pdf\">Smart and sustainable cities: in search of comprehensive theoretical framework<\/a><br>http:\/\/dx.doi.org\/10.29119\/1641-3466.2019.140.10<\/p>\n\n\n\n<p>11. Sylwia JAROS\u0141AWSKA-SOB\u00d3R \u2013 <a href=\"http:\/\/managementpapers.polsl.pl\/wp-content\/uploads\/2020\/04\/140-11.-Jaros\u0142awska-Sob\u00f3r.pdf\">Megatrends \u2013 challenges and threats for the contemporary labour market<\/a><br>http:\/\/dx.doi.org\/10.29119\/1641-3466.2019.140.11<\/p>\n\n\n\n<p>12. Izabela JONEK-KOWALSKA \u2013 <a href=\"http:\/\/managementpapers.polsl.pl\/wp-content\/uploads\/2020\/04\/140-12.-Jonek-Kowalska.pdf\">Identification of budgetary sources of risk in Polish smart cities. Practical approach<\/a><br>http:\/\/dx.doi.org\/10.29119\/1641-3466.2019.140.12<\/p>\n\n\n\n<p>13. Marcin KLIMSKI \u2013 <a href=\"http:\/\/managementpapers.polsl.pl\/wp-content\/uploads\/2020\/04\/140-13.-Klimski.pdf\">Donor-recipient in the human-nature relationship. Educational aspect<\/a><br>http:\/\/dx.doi.org\/10.29119\/1641-3466.2019.140.13<\/p>\n\n\n\n<p>14. Bart\u0142omiej KNOSALA \u2013 <a href=\"http:\/\/managementpapers.polsl.pl\/wp-content\/uploads\/2020\/04\/140-14.-Knosala.pdf\">A question about a new narrative in the context of the concept of axial periods. The thought of Raimon Panikkar in the interpretation of Evertt Cousins<\/a><br>http:\/\/dx.doi.org\/10.29119\/1641-3466.2019.140.14<\/p>\n\n\n\n<p>15. Alla LOBANOVA, Valeryj KARYTKA \u2013 <a href=\"http:\/\/managementpapers.polsl.pl\/wp-content\/uploads\/2020\/04\/140-15.-Lobanova-Karytka.pdf\">Environmental responsibility as a factor in sustainable development of industrial resources (based on the example of Kryvyi Rih, Ukraine)<\/a><br>http:\/\/dx.doi.org\/10.29119\/1641-3466.2019.140.15<\/p>\n\n\n\n<p>16. Izabela MARSZA\u0141EK-KOTZUR \u2013 <a href=\"http:\/\/managementpapers.polsl.pl\/wp-content\/uploads\/2020\/04\/140-16.-Marsza\u0142ek-Kotzur.pdf\">Tischnerian land husbandry. Ethical aspects of management of the environment<\/a><br>http:\/\/dx.doi.org\/10.29119\/1641-3466.2019.140.16<\/p>\n\n\n\n<p>17. Aneta MICHALAK \u2013 <a href=\"http:\/\/managementpapers.polsl.pl\/wp-content\/uploads\/2020\/04\/140-17.-Michalak.pdf\">Innovativeness as a system of mutually related resources and activities of the enterprise<\/a><br>http:\/\/dx.doi.org\/10.29119\/1641-3466.2019.140.17<\/p>\n\n\n\n<p>18. Anna MUSIO\u0141 \u2013 <a href=\"http:\/\/managementpapers.polsl.pl\/wp-content\/uploads\/2020\/04\/140-18.-Musio\u0142.pdf\">Principles of comprehensive self-renewal by Stephen R. Covey in the perspective of ancient greek \u03c0\u03b1\u03b9\u03b4\u03b5\u03af\u03b1 and the ideal of \u03ba\u03b1\u03bb\u03bf\u03ba\u03ac\u03b3\u03b1\u03b8\u03af\u03b1<\/a><br>http:\/\/dx.doi.org\/10.29119\/1641-3466.2019.140.18<\/p>\n\n\n\n<p>19. Ma\u0142gorzata NADZIAKIEWICZ \u2013 <a href=\"http:\/\/managementpapers.polsl.pl\/wp-content\/uploads\/2020\/04\/140-19.-Nadziakiewicz.pdf\">New technologies and quality in healthcare<\/a><br>http:\/\/dx.doi.org\/10.29119\/1641-3466.2019.140.19<\/p>\n\n\n\n<p>20. Marek NIEZABITOWSKI \u2013 <a href=\"http:\/\/managementpapers.polsl.pl\/wp-content\/uploads\/2020\/04\/140-20.-Niezabitowski.pdf\">MEAP as a method of assessing institutions for elderly people<\/a><br>http:\/\/dx.doi.org\/10.29119\/1641-3466.2019.140.20<\/p>\n\n\n\n<p>21. J\u00f3zef OBER, Piotr SAKIEWICZ, Ewa \u017bY\u0141AJTYS \u2013 <a href=\"http:\/\/managementpapers.polsl.pl\/wp-content\/uploads\/2020\/04\/140-21.-Ober-Sakiewicz-\u017by\u0142ajtis.pdf\">Students on the temporary labour market \u2013 pilot study<\/a><br>http:\/\/dx.doi.org\/10.29119\/1641-3466.2019.140.21<\/p>\n\n\n\n<p>22. Zbigniew ORBIK \u2013 <a href=\"http:\/\/managementpapers.polsl.pl\/wp-content\/uploads\/2020\/04\/140-22.-Orbik.pdf\">Human rights in the light of the concepts of natural law<\/a><br>http:\/\/dx.doi.org\/10.29119\/1641-3466.2019.140.22<\/p>\n\n\n\n<p>23. \u0141ukasz R\u0104B \u2013 <a href=\"http:\/\/managementpapers.polsl.pl\/wp-content\/uploads\/2020\/04\/140-23.-R\u0105b.pdf\">Contemporary faces of capitalism: from homo oeconomicus to homo ecologicus<\/a><br>http:\/\/dx.doi.org\/10.29119\/1641-3466.2019.140.23<\/p>\n\n\n\n<p>24. Karolina R\u0104B-KETTLER \u2013 <a href=\"http:\/\/managementpapers.polsl.pl\/wp-content\/uploads\/2020\/04\/140-24.-R\u0105b-Kettler.pdf\">Millenial organizations<\/a><br>http:\/\/dx.doi.org\/10.29119\/1641-3466.2019.140.24<\/p>\n\n\n\n<p>25. Mykola ROHOZA, Oleksandra KUZMENKO, Volodymyr ROHOZA \u2013 <a href=\"http:\/\/managementpapers.polsl.pl\/wp-content\/uploads\/2020\/04\/140-25.-Rohoza-Kuzmenko-Rohoza.pdf\">The model of the sustainable development of the community<\/a><br>http:\/\/dx.doi.org\/10.29119\/1641-3466.2019.140.25<\/p>\n\n\n\n<p>26. Luk\u00e1\u0161 SIEGEL \u2013 <a href=\"http:\/\/managementpapers.polsl.pl\/wp-content\/uploads\/2020\/04\/140-26.-Siegel.pdf\">Technology and disability. The enrichment of human rights<\/a><br>http:\/\/dx.doi.org\/10.29119\/1641-3466.2019.140.26<\/p>\n\n\n\n<p>27. Barbara SKOCZY\u0143SKA-PROKOPOWICZ \u2013 <a href=\"http:\/\/managementpapers.polsl.pl\/wp-content\/uploads\/2020\/04\/140-27.-Skoczy\u0144ska-Prokopowicz.pdf\">Implementing smart city programmes, and how the rules are perceived by the population, using the city of Rzesz\u00f3w as the model<\/a><br>http:\/\/dx.doi.org\/10.29119\/1641-3466.2019.140.27<\/p>\n\n\n\n<p>28. Brygida SMO\u0141KA-FRANKE \u2013 <a href=\"http:\/\/managementpapers.polsl.pl\/wp-content\/uploads\/2020\/04\/140-28.-Smo\u0142ka-Franke.pdf\">Metropolitan peripheries or the issue of revitalisation of cities<\/a><br>http:\/\/dx.doi.org\/10.29119\/1641-3466.2019.140.28<\/p>\n\n\n\n<p>29. Agnieszka SOBOL \u2013 <a href=\"http:\/\/managementpapers.polsl.pl\/wp-content\/uploads\/2020\/04\/140-29.-Sobol.pdf\">Quality of life in theory and practice of sustainable development<\/a> <br>http:\/\/dx.doi.org\/10.29119\/1641-3466.2019.140.29<\/p>\n\n\n\n<p>30. Nina ST\u0118PNICKA \u2013 <a href=\"http:\/\/managementpapers.polsl.pl\/wp-content\/uploads\/2020\/04\/140-30.-St\u0119pnicka.pdf\">The theory of the houeshold production by Hazel Kyrk and its contemporary importance for the economy of the 21st century, including the financial security of the state<\/a> <br>http:\/\/dx.doi.org\/10.29119\/1641-3466.2019.140.30<\/p>\n\n\n\n<p>31. Volodymyr TKACHENKO, Iryna TKACHENKO, Maryna KLYMCHUK \u2013 <a href=\"http:\/\/managementpapers.polsl.pl\/wp-content\/uploads\/2020\/04\/140-31.-Tkachenko-Tkachenko-Klymchuk.pdf\">Forecasting analytic model of construction energy cluster development in Ukraine<\/a><br>http:\/\/dx.doi.org\/10.29119\/1641-3466.2019.140.31<\/p>\n\n\n\n<p>32. Oleksandr VYSHNEVSKYI, Viacheslav LIASHENKO, Oleksandr AMOSHA \u2013 <a href=\"http:\/\/managementpapers.polsl.pl\/wp-content\/uploads\/2020\/04\/140-32.-Vishnevskyi-Liashenko-Amosha.pdf\">The impact of Industry 4.0 and AI on economic growth<\/a><br>http:\/\/dx.doi.org\/10.29119\/1641-3466.2019.140.32<\/p>\n\n\n\n<p>33. Rados\u0142aw WOLNIAK \u2013 <a href=\"http:\/\/managementpapers.polsl.pl\/wp-content\/uploads\/2020\/04\/140-33.-Wolniak.pdf\">Internet usage in the recruitment and selection of employees<\/a><br>http:\/\/dx.doi.org\/10.29119\/1641-3466.2019.140.33<\/p>\n\n\n\n<p>34. Mariusz ZIELI\u0143SKI \u2013 <a href=\"http:\/\/managementpapers.polsl.pl\/wp-content\/uploads\/2020\/04\/140-34.-Zieli\u0144ski.pdf\">Financial results of socially responsible companies listed on Warsaw Stock Exchange <\/a><br>http:\/\/dx.doi.org\/10.29119\/1641-3466.2019.140.34<\/p>\n","protected":false},"excerpt":{"rendered":"<p>Scientific Papers of Silesian University of Technology \u2013 Organization and Management Series \u2013 Issue No. 140 InsertTable of Contents 1. Alexander AMOSHA, Viacheslav L\u0406ASHENKO, Iryna PIDORYCHEVA\u2013 Inter-regional and cross-border spaces in the context of smart specialization http:\/\/dx.doi.org\/10.29119\/1641-3466.2019.140.1 2. Micha\u0142 BOCZEK \u2013 The state of law or the law of the state? http:\/\/dx.doi.org\/10.29119\/1641-3466.2019.140.2 3. Ma\u0142gorzata BURCHARD-DZIUBI\u0143SKA, [&hellip;]<\/p>\n","protected":false},"author":1,"featured_media":0,"parent":0,"menu_order":0,"comment_status":"closed","ping_status":"closed","template":"","meta":{"footnotes":""},"class_list":["post-504","page","type-page","status-publish","hentry"],"_links":{"self":[{"href":"https:\/\/managementpapers.polsl.pl\/index.php?rest_route=\/wp\/v2\/pages\/504","targetHints":{"allow":["GET"]}}],"collection":[{"href":"https:\/\/managementpapers.polsl.pl\/index.php?rest_route=\/wp\/v2\/pages"}],"about":[{"href":"https:\/\/managementpapers.polsl.pl\/index.php?rest_route=\/wp\/v2\/types\/page"}],"author":[{"embeddable":true,"href":"https:\/\/managementpapers.polsl.pl\/index.php?rest_route=\/wp\/v2\/users\/1"}],"replies":[{"embeddable":true,"href":"https:\/\/managementpapers.polsl.pl\/index.php?rest_route=%2Fwp%2Fv2%2Fcomments&post=504"}],"version-history":[{"count":6,"href":"https:\/\/managementpapers.polsl.pl\/index.php?rest_route=\/wp\/v2\/pages\/504\/revisions"}],"predecessor-version":[{"id":1062,"href":"https:\/\/managementpapers.polsl.pl\/index.php?rest_route=\/wp\/v2\/pages\/504\/revisions\/1062"}],"wp:attachment":[{"href":"https:\/\/managementpapers.polsl.pl\/index.php?rest_route=%2Fwp%2Fv2%2Fmedia&parent=504"}],"curies":[{"name":"wp","href":"https:\/\/api.w.org\/{rel}","templated":true}]}}