{"id":503,"date":"2020-04-07T12:26:52","date_gmt":"2020-04-07T10:26:52","guid":{"rendered":"http:\/\/managementpapers.polsl.pl\/?page_id=503"},"modified":"2020-06-10T11:30:38","modified_gmt":"2020-06-10T09:30:38","slug":"scientific-papers-of-silesian-university-of-technology-organization-and-management-series-issue-no-138","status":"publish","type":"page","link":"https:\/\/managementpapers.polsl.pl\/?page_id=503","title":{"rendered":"Scientific Papers of Silesian University of Technology \u2013 Organization and Management Series \u2013 Issue No. 138"},"content":{"rendered":"\n<p class=\"has-text-align-center\"><strong>Scientific Papers of Silesian University of Technology \u2013 Organization and Management Series \u2013 Issue No. 138<\/strong><\/p>\n\n\n\n<div class=\"wp-block-image\"><figure class=\"aligncenter size-large is-resized\"><img loading=\"lazy\" decoding=\"async\" src=\"http:\/\/managementpapers.polsl.pl\/wp-content\/uploads\/2020\/04\/Cover138.png\" alt=\"\" class=\"wp-image-525\" width=\"328\" height=\"463\" srcset=\"https:\/\/managementpapers.polsl.pl\/wp-content\/uploads\/2020\/04\/Cover138.png 540w, https:\/\/managementpapers.polsl.pl\/wp-content\/uploads\/2020\/04\/Cover138-212x300.png 212w\" sizes=\"auto, (max-width: 328px) 100vw, 328px\" \/><\/figure><\/div>\n\n\n\n<p class=\"has-text-align-center\"><a href=\"http:\/\/managementpapers.polsl.pl\/wp-content\/uploads\/2020\/04\/138-wk\u0142adka.pdf\">Insert<\/a><br><a href=\"http:\/\/managementpapers.polsl.pl\/wp-content\/uploads\/2020\/06\/spis-tre\u015bci-angielski-138-new.pdf\">Table of Contents<\/a><br><a href=\"http:\/\/managementpapers.polsl.pl\/wp-content\/uploads\/2020\/04\/138-Wprowadzenie.pdf\">Foreword<\/a><\/p>\n\n\n\n<p>1. Robert BALCERZYK \u2013 <a href=\"http:\/\/managementpapers.polsl.pl\/wp-content\/uploads\/2020\/04\/138-Balcerzyk.pdf\">Knowledge management and intellectual capital of the organisation <\/a><br>http:\/\/dx.doi.org\/10.29119\/1641-3466.2019.138.1<\/p>\n\n\n\n<p>2. Piotr BERNAT \u2013 <a href=\"http:\/\/managementpapers.polsl.pl\/wp-content\/uploads\/2020\/04\/138-Bernat.pdf\">Coopetition of services and the development strategy for competitive industries <\/a><br>http:\/\/dx.doi.org\/10.29119\/1641-3466.2019.138.2<\/p>\n\n\n\n<p>3. Krzysztof CZYRKA, J\u00f3zef FR\u0104\u015a \u2013 <a href=\"http:\/\/managementpapers.polsl.pl\/wp-content\/uploads\/2020\/04\/138-Czyrka-Fras.pdf\">Automation in purchasing processes and customer reflection<\/a><br>http:\/\/dx.doi.org\/10.29119\/1641-3466.2019.138.3<\/p>\n\n\n\n<p>4. Magdalena G\u0118BCZY\u0143SKA \u2013<a href=\"http:\/\/managementpapers.polsl.pl\/wp-content\/uploads\/2020\/04\/138-G\u0119bczy\u0144ska.pdf\"> Leadership and project success in project\u2013based organization. a fuzzy\u2013set analysis<\/a><br>http:\/\/dx.doi.org\/10.29119\/1641-3466.2019.138.4<\/p>\n\n\n\n<p>5. Tomasz GRZEGORCZYK, Robert G\u0141OWI\u0143SKI \u2013 <a href=\"http:\/\/managementpapers.polsl.pl\/wp-content\/uploads\/2020\/04\/138-Grzegorczyk-G\u0142owi\u0144ski.pdf\">External patent exploitation strategies: motives and forms<\/a><br>http:\/\/dx.doi.org\/10.29119\/1641-3466.2019.138.5<\/p>\n\n\n\n<p>6. Patrycja H\u0104BEK \u2013 <a href=\"http:\/\/managementpapers.polsl.pl\/wp-content\/uploads\/2020\/04\/138-H\u0105bek.pdf\">Development of corporate social responsibility in Visegrad group countries<\/a><br>http:\/\/dx.doi.org\/10.29119\/1641-3466.2019.138.6<\/p>\n\n\n\n<p>7. Piotr HETMA\u0143CZYK \u2013 <a href=\"http:\/\/managementpapers.polsl.pl\/wp-content\/uploads\/2020\/04\/138-Hetma\u0144czyk.pdf\">Digitalization as a process shaping the future of national labor markets and education systems. Results of national survey research<\/a><br>http:\/\/dx.doi.org\/10.29119\/1641-3466.2019.138.7<\/p>\n\n\n\n<p>8. Anna Maria HORODECKA, Monika ODLANICKA-POCZOBUTT \u2013 <a href=\"http:\/\/managementpapers.polsl.pl\/wp-content\/uploads\/2020\/04\/138-Horodecka-Odlanicka-Poczobutt.pdf\">Measurement of quality services in courts \u2013 the servqual method<\/a> <br>http:\/\/dx.doi.org\/10.29119\/1641-3466.2019.138.8<\/p>\n\n\n\n<p>9. Konrad KOLEGOWICZ \u2013 <a href=\"http:\/\/managementpapers.polsl.pl\/wp-content\/uploads\/2020\/04\/138-Kolegowicz.pdf\">The influence of investment decisions on changes in employment in production enterprises in Poland <\/a><br>http:\/\/dx.doi.org\/10.29119\/1641-3466.2019.138.9<\/p>\n\n\n\n<p>10. Tomasz KOWALCZYK \u2013 <a href=\"http:\/\/managementpapers.polsl.pl\/wp-content\/uploads\/2020\/04\/138-Kowalczyk.pdf\">Software development projects as an engine of growth for organization\u2019s business values<\/a> <br>http:\/\/dx.doi.org\/10.29119\/1641-3466.2019.138.10<\/p>\n\n\n\n<p>11. Dorota KUREK \u2013 <a href=\"http:\/\/managementpapers.polsl.pl\/wp-content\/uploads\/2020\/04\/138-Kurek.pdf\">Attributes of uniformed services as employers on the Polish labour market \u2013 the perspective of the generation Z<\/a> <br>http:\/\/dx.doi.org\/10.29119\/1641-3466.2019.138.11<\/p>\n\n\n\n<p>12. Anna KWIOTKOWSKA \u2013 <a href=\"http:\/\/managementpapers.polsl.pl\/wp-content\/uploads\/2020\/04\/138-Kwiotkowska.pdf\">Effect of contextual factors on science\u2013industry R&amp;D cooperation. A fuzzy-set analysis<\/a><br>http:\/\/dx.doi.org\/10.29119\/1641-3466.2019.138.12<\/p>\n\n\n\n<p>13. Ryszard MARSZOWSKI, Leszek DROBEK \u2013 <a href=\"http:\/\/managementpapers.polsl.pl\/wp-content\/uploads\/2020\/04\/138-Marszowski-Drobek.pdf\">Automation of industrial processes and its impact on the labor market and education \u2013 selected aspects<\/a><br>http:\/\/dx.doi.org\/10.29119\/1641-3466.2019.138.13<\/p>\n\n\n\n<p>14. Anna MUSIO\u0141-URBA\u0143CZYK, Barbara SORYCHTA-WOJSCZYK \u2013 <a href=\"http:\/\/managementpapers.polsl.pl\/wp-content\/uploads\/2020\/04\/138-Musio\u0142-Urba\u0144czyk-Sorychta-Wojsczyk.pdf\">Support for the development of member municipalities metropolis GZM with application of the metropolitan solidarity fund<\/a><br>http:\/\/dx.doi.org\/10.29119\/1641-3466.2019.138.14<\/p>\n\n\n\n<p>15. Roman E. NIESTR\u00d3J \u2013 <a href=\"http:\/\/managementpapers.polsl.pl\/wp-content\/uploads\/2020\/04\/138-Niestroj.pdf\">Two-dimensional model of the composition of marketing instruments <\/a><br>http:\/\/dx.doi.org\/10.29119\/1641-3466.2019.138.15<\/p>\n\n\n\n<p>16. Bartosz ORZE\u0141, Rados\u0142aw WOLNIAK\u2013 <a href=\"http:\/\/managementpapers.polsl.pl\/wp-content\/uploads\/2020\/04\/138-Orze\u0142-Wolniak.pdf\">Overview of greenwashing methods and tools used in Polish and world enterprises <\/a><br>http:\/\/dx.doi.org\/10.29119\/1641-3466.2019.138.16<\/p>\n\n\n\n<p>17. Krystyna PIENIAK-LENDZION \u2013 <a href=\"http:\/\/managementpapers.polsl.pl\/wp-content\/uploads\/2020\/04\/138-Pieniak-Lendzion.pdf\">The analysis of road accidents and selected aspects of Polish road safety<\/a> <br>http:\/\/dx.doi.org\/10.29119\/1641-3466.2019.138.17<\/p>\n\n\n\n<p>18. Katarzyna SZUPER \u2013 <a href=\"http:\/\/managementpapers.polsl.pl\/wp-content\/uploads\/2020\/04\/138-Szuper.pdf\">The importance and acquisition of information in the light of benchmarking<\/a><br>http:\/\/dx.doi.org\/10.29119\/1641-3466.2019.138.18<\/p>\n\n\n\n<p>19. Joanna TABOR-B\u0141A\u017bEWICZ \u2013 <a href=\"http:\/\/managementpapers.polsl.pl\/wp-content\/uploads\/2020\/04\/138-Tabor-B\u0142a\u017cewicz.pdf\">Internal conditioning of talent management in large enterprises <\/a><br>http:\/\/dx.doi.org\/10.29119\/1641-3466.2019.138.19<\/p>\n\n\n\n<p>20. Rados\u0142aw WOLNIAK \u2013 <a href=\"http:\/\/managementpapers.polsl.pl\/wp-content\/uploads\/2020\/04\/138-Wolniak.pdf\">The problems of quality of working life measure<\/a> <br>http:\/\/dx.doi.org\/10.29119\/1641-3466.2019.138.20<\/p>\n","protected":false},"excerpt":{"rendered":"<p>Scientific Papers of Silesian University of Technology \u2013 Organization and Management Series \u2013 Issue No. 138 InsertTable of ContentsForeword 1. Robert BALCERZYK \u2013 Knowledge management and intellectual capital of the organisation http:\/\/dx.doi.org\/10.29119\/1641-3466.2019.138.1 2. Piotr BERNAT \u2013 Coopetition of services and the development strategy for competitive industries http:\/\/dx.doi.org\/10.29119\/1641-3466.2019.138.2 3. Krzysztof CZYRKA, J\u00f3zef FR\u0104\u015a \u2013 Automation in [&hellip;]<\/p>\n","protected":false},"author":1,"featured_media":0,"parent":0,"menu_order":0,"comment_status":"closed","ping_status":"closed","template":"","meta":{"footnotes":""},"class_list":["post-503","page","type-page","status-publish","hentry"],"_links":{"self":[{"href":"https:\/\/managementpapers.polsl.pl\/index.php?rest_route=\/wp\/v2\/pages\/503","targetHints":{"allow":["GET"]}}],"collection":[{"href":"https:\/\/managementpapers.polsl.pl\/index.php?rest_route=\/wp\/v2\/pages"}],"about":[{"href":"https:\/\/managementpapers.polsl.pl\/index.php?rest_route=\/wp\/v2\/types\/page"}],"author":[{"embeddable":true,"href":"https:\/\/managementpapers.polsl.pl\/index.php?rest_route=\/wp\/v2\/users\/1"}],"replies":[{"embeddable":true,"href":"https:\/\/managementpapers.polsl.pl\/index.php?rest_route=%2Fwp%2Fv2%2Fcomments&post=503"}],"version-history":[{"count":6,"href":"https:\/\/managementpapers.polsl.pl\/index.php?rest_route=\/wp\/v2\/pages\/503\/revisions"}],"predecessor-version":[{"id":1060,"href":"https:\/\/managementpapers.polsl.pl\/index.php?rest_route=\/wp\/v2\/pages\/503\/revisions\/1060"}],"wp:attachment":[{"href":"https:\/\/managementpapers.polsl.pl\/index.php?rest_route=%2Fwp%2Fv2%2Fmedia&parent=503"}],"curies":[{"name":"wp","href":"https:\/\/api.w.org\/{rel}","templated":true}]}}