{"id":502,"date":"2020-04-07T12:20:55","date_gmt":"2020-04-07T10:20:55","guid":{"rendered":"http:\/\/managementpapers.polsl.pl\/?page_id=502"},"modified":"2020-06-10T11:31:14","modified_gmt":"2020-06-10T09:31:14","slug":"scientific-papers-of-silesian-university-of-technology-organization-and-management-series-issue-no-137","status":"publish","type":"page","link":"https:\/\/managementpapers.polsl.pl\/?page_id=502","title":{"rendered":"Scientific Papers of Silesian University of Technology \u2013 Organization and Management Series \u2013 Issue No. 137"},"content":{"rendered":"\n<p class=\"has-text-align-center\"><strong>Scientific Papers of Silesian University of Technology \u2013 Organization and Management Series \u2013 Issue No. 137<\/strong><\/p>\n\n\n\n<div class=\"wp-block-image\"><figure class=\"aligncenter size-large is-resized\"><img loading=\"lazy\" decoding=\"async\" src=\"http:\/\/managementpapers.polsl.pl\/wp-content\/uploads\/2020\/04\/Cover137-730x1024.png\" alt=\"\" class=\"wp-image-519\" width=\"328\" height=\"463\"\/><\/figure><\/div>\n\n\n\n<p class=\"has-text-align-center\"><a href=\"http:\/\/managementpapers.polsl.pl\/wp-content\/uploads\/2020\/04\/137-Stopka-redakcyjna.pdf\">Insert<\/a><br><a href=\"http:\/\/managementpapers.polsl.pl\/wp-content\/uploads\/2020\/04\/137-spis-tre\u015bci-angielski.pdf\">Table of Contents<\/a><br><a href=\"http:\/\/managementpapers.polsl.pl\/wp-content\/uploads\/2020\/04\/137-Wprowadzenie.pdf\">Foreword<\/a> <\/p>\n\n\n\n<p>1. Janusz ADAMCZYK, Miros\u0142aw GULBA, Micha\u0142 S\u0104SIADEK, Wojciech BABIRECKI, Ma\u0142gorzata \u015aLIWA, Micha\u0142 OCIEPA \u2013 <a href=\"http:\/\/managementpapers.polsl.pl\/wp-content\/uploads\/2020\/04\/137-Adamczyk-Gulba-S\u0105siadek-Babirecki-\u015aliwa-Ociepa.pdf\">Rubber waste management <\/a><br>http:\/\/dx.doi.org\/10.29119\/1641-3466.2019.137.1<\/p>\n\n\n\n<p>2. Micha\u0142 BUSZKO, Dorota KRUPA, Malwina CHOJNACKA \u2013 <a href=\"http:\/\/managementpapers.polsl.pl\/wp-content\/uploads\/2020\/04\/137-Buszko-Krupa-Chojnacka.pdf\">Why young people do not use bank products \u2013 the case of Poland<\/a> <br>http:\/\/dx.doi.org\/10.29119\/1641-3466.2019.137.2<\/p>\n\n\n\n<p>3. Piotr DZIWI\u0143SKI \u2013 <a href=\"http:\/\/managementpapers.polsl.pl\/wp-content\/uploads\/2020\/04\/137-Dziwi\u0144ski.pdf\">Managing intangible assets in the gaming industry enterprise<\/a><br>http:\/\/dx.doi.org\/10.29119\/1641-3466.2019.137.3<\/p>\n\n\n\n<p>4. Piotr GRUDOWSKI, Ma\u0142gorzata Z. WI\u015aNIEWSKA \u2013 <a href=\"http:\/\/managementpapers.polsl.pl\/wp-content\/uploads\/2020\/04\/137-Grudowski-Wi\u015bniewska.pdf\">Lean management in higher education institutions. How to begin? <\/a><br>http:\/\/dx.doi.org\/10.29119\/1641-3466.2019.137.4<\/p>\n\n\n\n<p>5. Katarzyna JOACHIMIAK-LECHMAN, Anna LEWANDOWSKA, Alina MATUSZAK-FLEJSZMAN \u2013 <a href=\"http:\/\/managementpapers.polsl.pl\/wp-content\/uploads\/2020\/04\/137-Joachimiak-Lechman-Lewandowska-Matuszak-Flejszman.pdf\">Life cycle-based classification as a simplified approach for improving the environmental impact of products<\/a> <br>http:\/\/dx.doi.org\/10.29119\/1641-3466.2019.137.5<\/p>\n\n\n\n<p>6. Paulina JURGIEWICZ \u2013 <a href=\"http:\/\/managementpapers.polsl.pl\/wp-content\/uploads\/2020\/04\/137-Jurgiewicz.pdf\">Analysis of charges for the unloading of oil residues from sea-going ships to port reception equipment on selected examples<\/a> <br>http:\/\/dx.doi.org\/10.29119\/1641-3466.2019.137.6<\/p>\n\n\n\n<p>7. Ryszard MARSZOWSKI \u2013 <a href=\"http:\/\/managementpapers.polsl.pl\/wp-content\/uploads\/2020\/04\/137-Marszowski.pdf\">Dual education system in a knowledge-based economy<\/a><br>http:\/\/dx.doi.org\/10.29119\/1641-3466.2019.137.7<\/p>\n\n\n\n<p>8. Mateusz MIERZEJEWSKI, Jakub GARNCARZ \u2013<a href=\"http:\/\/managementpapers.polsl.pl\/wp-content\/uploads\/2020\/04\/137-Mierzejewski-Garncarz.pdf\"> Impact of exchange rates and oil prices on the valuation of companies from the TSL sector<\/a> <br>http:\/\/dx.doi.org\/10.29119\/1641-3466.2019.137.8<\/p>\n\n\n\n<p>9. Mateusz MIERZEJEWSKI, Martyna \u017bAK \u2013 <a href=\"http:\/\/managementpapers.polsl.pl\/wp-content\/uploads\/2020\/04\/137-Mierzejewski-\u017bak.pdf\">Concept of social responsibility as an instrument of stabilising the macroeconomic situation of enterprises<\/a> <br>http:\/\/dx.doi.org\/10.29119\/1641-3466.2019.137.9<\/p>\n\n\n\n<p>10. Regina Zsuzs\u00e1nna REICHER \u2013 <a href=\"http:\/\/managementpapers.polsl.pl\/wp-content\/uploads\/2020\/04\/137-Reicher.pdf\">Brainbay centre \u2013 responsibility from two sides<\/a><br>http:\/\/dx.doi.org\/10.29119\/1641-3466.2019.137.10<\/p>\n\n\n\n<p>11. Artur SWIERCZEK \u2013<a href=\"http:\/\/managementpapers.polsl.pl\/wp-content\/uploads\/2020\/04\/137-Swierczek.pdf\"> Using the concept of embeddedness to theorise the resource-based competitive advantage of triadic supply chains with a structural hole<\/a><br>http:\/\/dx.doi.org\/10.29119\/1641-3466.2019.137.11<\/p>\n\n\n\n<p>12. Aleksandra SYRYT, Agnieszka KLIMSKA \u2013 <a href=\"http:\/\/managementpapers.polsl.pl\/wp-content\/uploads\/2020\/04\/137-Syryt-Klimska.pdf\">Ethical and legal conditions of sustainable development \u2013 the perspective of primary EU law and the case law of the court of justice of the European Union in matters of environmental protection<\/a><br>http:\/\/dx.doi.org\/10.29119\/1641-3466.2019.137.12<\/p>\n\n\n\n<p>13. Ma\u0142gorzata SZTORC \u2013 <a href=\"http:\/\/managementpapers.polsl.pl\/wp-content\/uploads\/2020\/04\/137-Sztorc.pdf\">Strategic choices of family hotel enterprises as a part of the development strategy<\/a> <br>http:\/\/dx.doi.org\/10.29119\/1641-3466.2019.137.13<\/p>\n\n\n\n<p>14. Jacek WITKOWSKI \u2013 <a href=\"http:\/\/managementpapers.polsl.pl\/wp-content\/uploads\/2020\/04\/137-Witkowski.pdf\">The engagement of commune self-governments in the functioning of legal forms of environmental protection by the example of selected communes in the Lubelskie voivodeship<\/a> <br>http:\/\/dx.doi.org\/10.29119\/1641-3466.2019.137.14<\/p>\n\n\n\n<p>15. Rados\u0142aw WOLNIAK \u2013 <a href=\"http:\/\/managementpapers.polsl.pl\/wp-content\/uploads\/2020\/04\/137-Wolniak-1.pdf\">Planning in ISO 9001:2015<\/a> <br>http:\/\/dx.doi.org\/10.29119\/1641-3466.2019.137.15<\/p>\n\n\n\n<p>16. Rados\u0142aw WOLNIAK \u2013 <a href=\"http:\/\/managementpapers.polsl.pl\/wp-content\/uploads\/2020\/04\/137-Wolniak-2.pdf\">Support in ISO 9001:2015<\/a> <br>http:\/\/dx.doi.org\/10.29119\/1641-3466.2019.137.16<\/p>\n\n\n\n<p>17. Marcin WYSKWARSKI \u2013 <a href=\"http:\/\/managementpapers.polsl.pl\/wp-content\/uploads\/2020\/04\/137-Wyskwarski.pdf\">Business intelligence \u2013 publication analysis using the R language<\/a><br>http:\/\/dx.doi.org\/10.29119\/1641-3466.2019.137.17<\/p>\n\n\n\n<p>18. Agnieszka ZIERNICKA-WOJTASZEK, Karol KR\u00d3L, Dariusz ZDONEK \u2013 <a href=\"http:\/\/managementpapers.polsl.pl\/wp-content\/uploads\/2020\/04\/137-Ziernicka-Wojtaszek-Kr\u00f3l-Zdonek.pdf\">Valorisation of a district area for tourism and recreation \u2013 a case study <\/a><br>http:\/\/dx.doi.org\/10.29119\/1641-3466.2019.137.18<\/p>\n","protected":false},"excerpt":{"rendered":"<p>Scientific Papers of Silesian University of Technology \u2013 Organization and Management Series \u2013 Issue No. 137 InsertTable of ContentsForeword 1. Janusz ADAMCZYK, Miros\u0142aw GULBA, Micha\u0142 S\u0104SIADEK, Wojciech BABIRECKI, Ma\u0142gorzata \u015aLIWA, Micha\u0142 OCIEPA \u2013 Rubber waste management http:\/\/dx.doi.org\/10.29119\/1641-3466.2019.137.1 2. Micha\u0142 BUSZKO, Dorota KRUPA, Malwina CHOJNACKA \u2013 Why young people do not use bank products \u2013 the [&hellip;]<\/p>\n","protected":false},"author":1,"featured_media":0,"parent":0,"menu_order":0,"comment_status":"closed","ping_status":"closed","template":"","meta":{"footnotes":""},"class_list":["post-502","page","type-page","status-publish","hentry"],"_links":{"self":[{"href":"https:\/\/managementpapers.polsl.pl\/index.php?rest_route=\/wp\/v2\/pages\/502","targetHints":{"allow":["GET"]}}],"collection":[{"href":"https:\/\/managementpapers.polsl.pl\/index.php?rest_route=\/wp\/v2\/pages"}],"about":[{"href":"https:\/\/managementpapers.polsl.pl\/index.php?rest_route=\/wp\/v2\/types\/page"}],"author":[{"embeddable":true,"href":"https:\/\/managementpapers.polsl.pl\/index.php?rest_route=\/wp\/v2\/users\/1"}],"replies":[{"embeddable":true,"href":"https:\/\/managementpapers.polsl.pl\/index.php?rest_route=%2Fwp%2Fv2%2Fcomments&post=502"}],"version-history":[{"count":9,"href":"https:\/\/managementpapers.polsl.pl\/index.php?rest_route=\/wp\/v2\/pages\/502\/revisions"}],"predecessor-version":[{"id":1061,"href":"https:\/\/managementpapers.polsl.pl\/index.php?rest_route=\/wp\/v2\/pages\/502\/revisions\/1061"}],"wp:attachment":[{"href":"https:\/\/managementpapers.polsl.pl\/index.php?rest_route=%2Fwp%2Fv2%2Fmedia&parent=502"}],"curies":[{"name":"wp","href":"https:\/\/api.w.org\/{rel}","templated":true}]}}