{"id":500,"date":"2020-04-07T12:07:58","date_gmt":"2020-04-07T10:07:58","guid":{"rendered":"http:\/\/managementpapers.polsl.pl\/?page_id=500"},"modified":"2020-06-10T11:32:55","modified_gmt":"2020-06-10T09:32:55","slug":"scientific-papers-of-silesian-university-of-technology-organization-and-management-series-issue-no-135","status":"publish","type":"page","link":"https:\/\/managementpapers.polsl.pl\/?page_id=500","title":{"rendered":"Scientific Papers of Silesian University of Technology \u2013 Organization and Management Series \u2013 Issue No. 135"},"content":{"rendered":"\n<p class=\"has-text-align-center\"><strong>Scientific Papers of Silesian University of Technology \u2013 Organization and Management Series \u2013 Issue No. 135<\/strong><\/p>\n\n\n\n<div class=\"wp-block-image\"><figure class=\"aligncenter size-large is-resized\"><img loading=\"lazy\" decoding=\"async\" src=\"http:\/\/managementpapers.polsl.pl\/wp-content\/uploads\/2020\/04\/Cover135-733x1024.png\" alt=\"\" class=\"wp-image-512\" width=\"328\" height=\"463\"\/><\/figure><\/div>\n\n\n\n<p class=\"has-text-align-center\"><a href=\"http:\/\/managementpapers.polsl.pl\/wp-content\/uploads\/2020\/04\/135-Stopka-redakcyjna.pdf\">Insert<\/a><br><a href=\"http:\/\/managementpapers.polsl.pl\/wp-content\/uploads\/2020\/04\/135-spis-tre\u015bci-angielski.pdf\">Table of Contents<\/a><br><a href=\"http:\/\/managementpapers.polsl.pl\/wp-content\/uploads\/2020\/04\/135-Wprowadzenie.pdf\">Foreword<\/a> <\/p>\n\n\n\n<p>1. Judita ASTROVIEN\u0116, Jolita GREBLIKAIT\u0116 \u2013 <a href=\"http:\/\/managementpapers.polsl.pl\/wp-content\/uploads\/2020\/04\/135-Astroviene-Greblikaite.pdf\">Trends of electronic business in the context of rural development<\/a><br>http:\/\/dx.doi.org\/10.29119\/1641-3466.2019.135.1<\/p>\n\n\n\n<p>2. Jacek BENDKOWSKI \u2013 <a href=\"http:\/\/managementpapers.polsl.pl\/wp-content\/uploads\/2020\/04\/135-Bendkowski.pdf\">Managing knowledge commons in coworking communities<\/a><br>http:\/\/dx.doi.org\/10.29119\/1641-3466.2019.135.2<\/p>\n\n\n\n<p>3. Ryszard BOROWIECKI, Barbara SIUTA-TOKARSKA \u2013 <a href=\"http:\/\/managementpapers.polsl.pl\/wp-content\/uploads\/2020\/04\/135-Borowiecki-Siuta-Tokarska.pdf\">Management science(s) \u2013 contemporary challenges against the backdrop of fundamental issues of philosophy<\/a><br>http:\/\/dx.doi.org\/10.29119\/1641-3466.2019.135.3<\/p>\n\n\n\n<p>4. Karolina CZERWI\u0143SKA, Dominika SIWIEC, Andrzej PACANA, Du\u0161an MALIND\u017d\u00c1K \u2013 <a href=\"http:\/\/managementpapers.polsl.pl\/wp-content\/uploads\/2020\/04\/135-Czerwin\u0301ska-Siwiec-Pacana-Malindzak.pdf\">Analysis of non-compliance of industrial robot arm parts<\/a><br>http:\/\/dx.doi.org\/10.29119\/1641-3466.2019.135.4<\/p>\n\n\n\n<p>5. Dorota DOLI\u0143SKA-WERY\u0143SKA \u2013 <a href=\"http:\/\/managementpapers.polsl.pl\/wp-content\/uploads\/2020\/04\/135-Dolinska-Werynska.pdf\">Innovation and change: perspectives from the private sector in the Upper-Silesian Region<\/a><br>http:\/\/dx.doi.org\/10.29119\/1641-3466.2019.135.5<\/p>\n\n\n\n<p>6. Anna GEMBALSKA-KWIECIE\u0143 \u2013 <a href=\"http:\/\/managementpapers.polsl.pl\/wp-content\/uploads\/2020\/04\/135-Gembalska-Kwiecie\u0144.pdf\">Shaping the safe behavior of employees in the enterprise<\/a><br>http:\/\/dx.doi.org\/10.29119\/1641-3466.2019.135.6<\/p>\n\n\n\n<p>7. Anna KOCHMA\u0143SKA \u2013 <a href=\"http:\/\/managementpapers.polsl.pl\/wp-content\/uploads\/2020\/04\/135-Kochman\u0301ska.pdf\">The concept of CSR as one of the determinants of sustainable development<\/a><br>http:\/\/dx.doi.org\/10.29119\/1641-3466.2019.135.7<\/p>\n\n\n\n<p>8. Ewa KROK \u2013 <a href=\"http:\/\/managementpapers.polsl.pl\/wp-content\/uploads\/2020\/04\/135-Krok.pdf\">Collaborative consumption in a sharing economy<\/a><br>http:\/\/dx.doi.org\/10.29119\/1641-3466.2019.135.8<\/p>\n\n\n\n<p>9. Jolanta MAJ, Liliana HAWRYSZ \u2013 <a href=\"http:\/\/managementpapers.polsl.pl\/wp-content\/uploads\/2020\/04\/135-Maj-Hawrysz.pdf\">Europeanization of corporate social responsibility disclosure in Polish organizations<\/a><br>http:\/\/dx.doi.org\/10.29119\/1641-3466.2019.135.9<\/p>\n\n\n\n<p>10. Izabela MARSZA\u0141EK-KOTZUR \u2013 <a href=\"http:\/\/managementpapers.polsl.pl\/wp-content\/uploads\/2020\/04\/135-Marsza\u0142ek-Kotzur.pdf\">Philosophical concept of responsibility \u2013 the key feature of the idea of sustainable development<\/a> <br>http:\/\/dx.doi.org\/10.29119\/1641-3466.2019.135.10<\/p>\n\n\n\n<p>11. Ryszard MARSZOWSKI \u2013 <a href=\"http:\/\/managementpapers.polsl.pl\/wp-content\/uploads\/2020\/04\/135-Marszowski.pdf\">Education and unemployment in a globalized economy in the phase of demographic change<\/a><br>http:\/\/dx.doi.org\/10.29119\/1641-3466.2019.135.11<\/p>\n\n\n\n<p>12. Pawe\u0142 MODRZY\u0143SKI, Robert GAW\u0141OWSKI \u2013 <a href=\"http:\/\/managementpapers.polsl.pl\/wp-content\/uploads\/2020\/04\/135-Modrzy\u0144ski-Gaw\u0142owski.pdf\">Creating public value through collaborative governance? Organization and management of shared services centers in the metropolitan cities in Poland<\/a><br>http:\/\/dx.doi.org\/10.29119\/1641-3466.2019.135.12<\/p>\n\n\n\n<p>13. Dominika SIWIEC, Karolina CZERWI\u0143SKA, Andrzej PACANA, Du\u0161an MALIND\u017d\u00c1K \u2013 <a href=\"http:\/\/managementpapers.polsl.pl\/wp-content\/uploads\/2020\/04\/135-Siwiec-Czerwi\u0144ska-Pacana-Malindzak.pdf\">Improving the quality of the product using non-destructive testing and selected quality management instruments<\/a><br>http:\/\/dx.doi.org\/10.29119\/1641-3466.2019.135.13<\/p>\n\n\n\n<p>14. Bartosz SZCZ\u0118\u015aNIAK \u2013 <a href=\"http:\/\/managementpapers.polsl.pl\/wp-content\/uploads\/2020\/04\/135-Szcze\u0328s\u0301niak.pdf\">Spreadsheet as a means to support working time scheduling \u2013 data integrity in a spreadsheet tool<\/a><br>http:\/\/dx.doi.org\/10.29119\/1641-3466.2019.135.14<\/p>\n\n\n\n<p>15. Artur \u015aWIERCZEK \u2013 <a href=\"http:\/\/managementpapers.polsl.pl\/wp-content\/uploads\/2020\/04\/135-S\u0301wierczek.pdf\">Networking and the competitive advantage of supply chains<\/a><br>http:\/\/dx.doi.org\/10.29119\/1641-3466.2019.135.15<\/p>\n\n\n\n<p>16. Stanis\u0142aw TOKARSKI, Marian TUREK, Jacek JANAS \u2013 <a href=\"http:\/\/managementpapers.polsl.pl\/wp-content\/uploads\/2020\/04\/135-Tokarski-Turek-Janas.pdf\">Replacement of emission heating sources with heat and electricity from CHP stations. The idea of ecological economic system solution<\/a><br>http:\/\/dx.doi.org\/10.29119\/1641-3466.2019.135.16<\/p>\n\n\n\n<p>17. Andrzej WIDOTA \u2013 <a href=\"http:\/\/managementpapers.polsl.pl\/wp-content\/uploads\/2020\/04\/135-Widota.pdf\">The Tesla in the world of signs \u2013 between good and evil<\/a><br>http:\/\/dx.doi.org\/10.29119\/1641-3466.2019.135.17<\/p>\n\n\n\n<p>18. Rados\u0142aw WOLNIAK \u2013 <a href=\"http:\/\/managementpapers.polsl.pl\/wp-content\/uploads\/2020\/04\/135-Wolniak.pdf\">The normalization of management systems in Poland \u2013research results<\/a><br>http:\/\/dx.doi.org\/10.29119\/1641-3466.2019.135.18<\/p>\n\n\n\n<p>19. Joanna ZAR\u0118BSKA, Iwona \u017bABI\u0143SKA, Andrzej ZAR\u0118BSKI \u2013 <a href=\"http:\/\/managementpapers.polsl.pl\/wp-content\/uploads\/2020\/04\/135-Zare\u0328bska.pdf\">Eco-innovations in Poland \u2013 the extent of changes, development and barriers<\/a><br>http:\/\/dx.doi.org\/10.29119\/1641-3466.2019.135.19<\/p>\n\n\n\n<p>20. Monika ZATROCHOV\u00c1, Milan MAJERN\u00cdK, Martina KUPEROV\u00c1,<br>\u0160tefan MAJERN\u00cdK \u2013 <a href=\"http:\/\/managementpapers.polsl.pl\/wp-content\/uploads\/2020\/04\/135-Zatrochova-Majernik-Kuperova-Majernik.pdf\">The challenges for economic growth within the food industry<\/a><br>http:\/\/dx.doi.org\/10.29119\/1641-3466.2019.135.20<\/p>\n","protected":false},"excerpt":{"rendered":"<p>Scientific Papers of Silesian University of Technology \u2013 Organization and Management Series \u2013 Issue No. 135 InsertTable of ContentsForeword 1. Judita ASTROVIEN\u0116, Jolita GREBLIKAIT\u0116 \u2013 Trends of electronic business in the context of rural developmenthttp:\/\/dx.doi.org\/10.29119\/1641-3466.2019.135.1 2. Jacek BENDKOWSKI \u2013 Managing knowledge commons in coworking communitieshttp:\/\/dx.doi.org\/10.29119\/1641-3466.2019.135.2 3. Ryszard BOROWIECKI, Barbara SIUTA-TOKARSKA \u2013 Management science(s) \u2013 contemporary [&hellip;]<\/p>\n","protected":false},"author":1,"featured_media":0,"parent":0,"menu_order":0,"comment_status":"closed","ping_status":"closed","template":"","meta":{"footnotes":""},"class_list":["post-500","page","type-page","status-publish","hentry"],"_links":{"self":[{"href":"https:\/\/managementpapers.polsl.pl\/index.php?rest_route=\/wp\/v2\/pages\/500","targetHints":{"allow":["GET"]}}],"collection":[{"href":"https:\/\/managementpapers.polsl.pl\/index.php?rest_route=\/wp\/v2\/pages"}],"about":[{"href":"https:\/\/managementpapers.polsl.pl\/index.php?rest_route=\/wp\/v2\/types\/page"}],"author":[{"embeddable":true,"href":"https:\/\/managementpapers.polsl.pl\/index.php?rest_route=\/wp\/v2\/users\/1"}],"replies":[{"embeddable":true,"href":"https:\/\/managementpapers.polsl.pl\/index.php?rest_route=%2Fwp%2Fv2%2Fcomments&post=500"}],"version-history":[{"count":8,"href":"https:\/\/managementpapers.polsl.pl\/index.php?rest_route=\/wp\/v2\/pages\/500\/revisions"}],"predecessor-version":[{"id":1065,"href":"https:\/\/managementpapers.polsl.pl\/index.php?rest_route=\/wp\/v2\/pages\/500\/revisions\/1065"}],"wp:attachment":[{"href":"https:\/\/managementpapers.polsl.pl\/index.php?rest_route=%2Fwp%2Fv2%2Fmedia&parent=500"}],"curies":[{"name":"wp","href":"https:\/\/api.w.org\/{rel}","templated":true}]}}