{"id":3846,"date":"2023-12-11T11:49:05","date_gmt":"2023-12-11T10:49:05","guid":{"rendered":"https:\/\/managementpapers.polsl.pl\/?page_id=3846"},"modified":"2024-01-03T16:47:05","modified_gmt":"2024-01-03T15:47:05","slug":"scientific-papers-of-silesian-university-of-technology-organization-and-management-series-issue-no-182","status":"publish","type":"page","link":"https:\/\/managementpapers.polsl.pl\/?page_id=3846","title":{"rendered":"Scientific Papers of Silesian University of Technology \u2013 Organization and Management Series \u2013 Issue No. 182"},"content":{"rendered":"\n<p class=\"has-text-align-center\"><a href=\"https:\/\/managementpapers.polsl.pl\/wp-content\/uploads\/2024\/01\/ZN182.pdf\"><strong>Click Here To Download Full Issue No. 182<\/strong><\/a><\/p>\n\n\n\n<p>1. <strong><strong><strong><strong><strong><strong><strong><strong><strong>Magdalena CHMIELOWIEC-LEWCZUK, Marzanna LAMENT, Kinga BAUER, Ewa SPIGARSKA<\/strong><\/strong><\/strong><\/strong><\/strong><\/strong><\/strong><\/strong><\/strong> \u2013 <a href=\"https:\/\/managementpapers.polsl.pl\/wp-content\/uploads\/2023\/12\/182-Chmielowiec-Lewczuk-Lament-Bauer-Spigarska.pdf\">The comparability of non-financial information in insurance companies<\/a><br>DOI: http:\/\/dx.doi.org\/10.29119\/1641-3466.2023.182.1<\/p>\n\n\n\n<p>2. <strong><strong><strong><strong><strong><strong><strong><strong><strong><strong>Aneta DARLINGTON<\/strong><\/strong><\/strong><\/strong><\/strong><\/strong><\/strong><\/strong><\/strong> <\/strong>\u2013 <a href=\"https:\/\/managementpapers.polsl.pl\/wp-content\/uploads\/2023\/12\/182-Darlington.pdf\">Comparative indicator analysis based on aggregated data in the context of needs and interpretative possibilities in procedural terms<\/a><br>DOI: http:\/\/dx.doi.org\/10.29119\/1641-3466.2023.182.2<\/p>\n\n\n<p>3. <strong>Aldona Ma\u0142gorzata DERE\u0143, Anna Maria KAMI\u0143SKA, Ma\u0142gorzata RUTKOWSKA, Jan SKONIECZNY <\/strong>\u2013 <a href=\"https:\/\/managementpapers.polsl.pl\/wp-content\/uploads\/2023\/12\/182-Dere\u0144-Kami\u0144ska-Rutkowska-Skonieczny.pdf\">Creativity as a strategic orientation of Industry 4.0 organizations in the conditions of sustainable development<\/a> <br>DOI: http:\/\/dx.doi.org\/10.29119\/1641-3466.2023.182.3<\/p>\n\n\n<p>4. <strong><strong><strong><strong><strong><strong><strong><strong><strong>Joanna FURMAN, Tomasz MA\u0141YSA, Marzena KUCZY\u0143SKA-CHA\u0141ADA, Tomasz FIGA, Oksana VELGOSOVA<\/strong><\/strong><\/strong><\/strong><\/strong><\/strong><\/strong><\/strong><\/strong> \u2013 <a href=\"https:\/\/managementpapers.polsl.pl\/wp-content\/uploads\/2023\/12\/182-Furman-Ma\u0142ysa-Kuczy\u0144ska-Cha\u0142ada-Figa-Velgosova.pdf\">Assessment of the management awareness of the use of LM methods and tools in the automotive industry<\/a><br>DOI: http:\/\/dx.doi.org\/10.29119\/1641-3466.2023.182.4<\/p>\n\n\n\n<p>5. <strong><strong><strong><strong><strong><strong><strong><strong><strong>Robert HILDEBRANDT, Ryszard MARSZOWSKI, Zbigniew LUBOSIK, Sylwia JAROS\u0141AWSKA-SOB\u00d3R<\/strong><\/strong><\/strong><\/strong><\/strong><\/strong><\/strong><\/strong><\/strong> \u2013 <a href=\"https:\/\/managementpapers.polsl.pl\/wp-content\/uploads\/2023\/12\/182-Hildebrandt-Marszowski-Lubosik-Jaros\u0142awska-Sob\u00f3r.pdf\">Transforming underground coal mine workings into critical cyber security facilities in the perspective of the European Green Deal plan<\/a><br>DOI: http:\/\/dx.doi.org\/10.29119\/1641-3466.2023.182.5<\/p>\n\n\n\n<p>6. <strong><strong><strong><strong><strong><strong><strong><strong><strong>Jolanta IGNAC-NOWICKA<\/strong><\/strong><\/strong><\/strong><\/strong><\/strong><\/strong><\/strong><\/strong> \u2013 <a href=\"https:\/\/managementpapers.polsl.pl\/wp-content\/uploads\/2023\/12\/182-Ignac-Nowicka.pdf\">Improvement of security management in the warehouse space through the use of a vision system in a selected enterprise<\/a><br>DOI: http:\/\/dx.doi.org\/10.29119\/1641-3466.2023.182.6<\/p>\n\n\n\n<p>7. <strong><strong><strong><strong><strong><strong><strong><strong><strong>Judyta KABUS, Luiza PIERSIALA, Stanis\u0142aw BRZEZI\u0143SKI, Ireneusz MICIU\u0141A<\/strong><\/strong><\/strong><\/strong><\/strong><\/strong><\/strong><\/strong><\/strong> \u2013 <a href=\"https:\/\/managementpapers.polsl.pl\/wp-content\/uploads\/2023\/12\/182-Kabus-Piersiala-Brzezi\u0144ski-Miciu\u0142a.pdf\">Consumer attitudes and behaviours towards innovative fast-moving products for children<\/a><br>DOI: http:\/\/dx.doi.org\/10.29119\/1641-3466.2023.182.7<\/p>\n\n\n\n<p>8. <strong><strong><strong><strong><strong><strong><strong><strong><strong>Simona KLI\u015a, Jakub J\u0118DRYCZKA<\/strong><\/strong><\/strong><\/strong><\/strong><\/strong><\/strong><\/strong> <\/strong>\u2013 <a href=\"https:\/\/managementpapers.polsl.pl\/wp-content\/uploads\/2023\/12\/182-Kli\u015b-J\u0119dryczka.pdf\">Safety during medical waste transport in practice<\/a><br>DOI: http:\/\/dx.doi.org\/10.29119\/1641-3466.2023.182.8<\/p>\n\n\n\n<p>9. <strong><strong><strong><strong><strong><strong><strong><strong><strong>Beata KOTOWSKA, Marta SIKORSKA<\/strong><\/strong><\/strong><\/strong><\/strong><\/strong><\/strong><\/strong><\/strong> \u2013 <a href=\"https:\/\/managementpapers.polsl.pl\/wp-content\/uploads\/2023\/12\/182-Kotowska-Sikorska.pdf\">Accounting profession transformation in the wake of digitalization \u2013 survey results in Poland<\/a><br>DOI: http:\/\/dx.doi.org\/10.29119\/1641-3466.2023.182.9<\/p>\n\n\n\n<p>10. <strong><strong><strong><strong><strong><strong><strong><strong><strong>Marzena KUCZY\u0143SKA-CHA\u0141ADA, Joanna FURMAN, Tomasz MA\u0141YSA, Tomasz FIGA, Jozef PETRIK, Jolanta STASZEWSKA<\/strong><\/strong><\/strong><\/strong><\/strong><\/strong><\/strong><\/strong> <\/strong>\u2013 <a href=\"https:\/\/managementpapers.polsl.pl\/wp-content\/uploads\/2023\/12\/182-Kuczy\u0144ska-Cha\u0142ada-Furman-Ma\u0142ysa-Figa-Petrik-Staszewska.pdf\">Management systems in the automotive industry \u2013 assessment of awareness of the management staff regarding their implementation and application<\/a><br>DOI: http:\/\/dx.doi.org\/10.29119\/1641-3466.2023.182.10<\/p>\n\n\n\n<p>11. <strong><strong><strong><strong><strong><strong><strong><strong><strong>Wies\u0142aw \u0141UKASI\u0143SKI, Wiktor LIS<\/strong><\/strong><\/strong><\/strong><\/strong><\/strong><\/strong><\/strong><\/strong> \u2013 <a href=\"https:\/\/managementpapers.polsl.pl\/wp-content\/uploads\/2023\/12\/182-\u0141ukasi\u0144ski-Lis.pdf\">Tool for self-assessment of production-oriented organisation\u2019s environmental maturity<\/a><br>DOI: http:\/\/dx.doi.org\/10.29119\/1641-3466.2023.182.11<\/p>\n\n\n\n<p>12. <strong><strong><strong><strong><strong><strong><strong><strong><strong>Ma\u0142gorzata MAGDZIARCZYK, Janusz SMOLI\u0141O, Andrzej CHMIELA, Adam SMOLI\u0143SKI<\/strong><\/strong><\/strong><\/strong><\/strong><\/strong><\/strong><\/strong> <\/strong>\u2013 <a href=\"https:\/\/managementpapers.polsl.pl\/wp-content\/uploads\/2023\/12\/182-Magdziarczyk-Smoli\u0142o-Chmiela-Smoli\u0144ski.pdf\">Method of estimating the expenditures required to carry out the liquidation processes of a mining site<\/a><br>DOI: http:\/\/dx.doi.org\/10.29119\/1641-3466.2023.182.12<\/p>\n\n\n\n<p>13. <strong><strong><strong><strong><strong><strong><strong><strong><strong>Tomasz MA\u0141YSA, Agnieszka FORNALCZYK, Marzena KUCZY\u0143SKA-CHA\u0141ADA, Marek \u0160OLC, Peter BLA\u0160KO<\/strong><\/strong><\/strong><\/strong><\/strong><\/strong><\/strong><\/strong><\/strong> <strong>\u2013 <\/strong><a href=\"https:\/\/managementpapers.polsl.pl\/wp-content\/uploads\/2023\/12\/182-Ma\u0142ysa-Fornalczyk-Kuczynska-Cha\u0142ada-Solc-Blasko.pdf\">Safety of machinery regarding the requirements of the regulation 2023\/1230\/EU<\/a><br>DOI: http:\/\/dx.doi.org\/10.29119\/1641-3466.2023.182.13<\/p>\n\n\n\n<p>14. <strong><strong><strong><strong><strong><strong><strong><strong><strong>Tomasz MA\u0141YSA, Joanna FURMAN, Marzena KUCZY\u0143SKA-CHA\u0141ADA, Marcin TYRA\u0143SKI, Peter BLA\u0160KO<\/strong><\/strong><\/strong><\/strong><\/strong><\/strong><\/strong><\/strong><\/strong> \u2013 <a href=\"https:\/\/managementpapers.polsl.pl\/wp-content\/uploads\/2023\/12\/182-Ma\u0142ysa-Furman-Kuczy\u0144ska-Cha\u0142ada-Tyra\u0144ski-Blasko.pdf\">Survey of employees&#8217; awareness regarding occupational health and safety in the automotive industry<\/a><br>DOI: http:\/\/dx.doi.org\/10.29119\/1641-3466.2023.182.14<\/p>\n\n\n\n<p>15. <strong><strong><strong><strong><strong><strong><strong><strong><strong>Izabela MARZEC<\/strong><\/strong><\/strong><\/strong><\/strong><\/strong><\/strong><\/strong><\/strong> \u2013 <a href=\"https:\/\/managementpapers.polsl.pl\/wp-content\/uploads\/2023\/12\/182-Marzec.pdf\">Differences in organizational commitment of the baby boomers and the Generations X, Y, Z<\/a><br>DOI: http:\/\/dx.doi.org\/10.29119\/1641-3466.2023.182.15<\/p>\n\n\n\n<p>16. <strong><strong><strong><strong><strong><strong><strong><strong><strong>Anna T. MIKULEC, Monika RADZYMI\u0143SKA, Karolina MIKULEC, Anna M. PLATTA<\/strong><\/strong><\/strong><\/strong><\/strong><\/strong><\/strong><\/strong> <\/strong>\u2013 <a href=\"https:\/\/managementpapers.polsl.pl\/wp-content\/uploads\/2023\/12\/182-Mikulec-Radzymi\u0144ska-Mikulec-Platta.pdf\"><strong>Perception of organic, functional and genetically modified foods \u2013 a study among consumers in Gdynia, Poland<\/strong><\/a><br>DOI: http:\/\/dx.doi.org\/10.29119\/1641-3466.2023.182.16<\/p>\n\n\n\n<p>17. <strong><strong><strong><strong><strong><strong><strong><strong><strong>Pawe\u0142 MODRZY\u0143SKI, Gra\u017cyna VOSS<\/strong><\/strong><\/strong><\/strong><\/strong><\/strong><\/strong><\/strong><\/strong> \u2013 <a href=\"https:\/\/managementpapers.polsl.pl\/wp-content\/uploads\/2023\/12\/182-Modrzy\u0144ski-Voss.pdf\">Implementation of inventory policy in local government units<\/a><br>DOI: http:\/\/dx.doi.org\/10.29119\/1641-3466.2023.182.17<\/p>\n\n\n\n<p>18. <strong><strong><strong><strong><strong><strong><strong><strong><strong>Mariusz NIEKURZAK, Ewa KUBI\u0143SKA-JABCO\u0143<\/strong><\/strong><\/strong><\/strong><\/strong><\/strong><\/strong><\/strong><\/strong> \u2013 <a href=\"https:\/\/managementpapers.polsl.pl\/wp-content\/uploads\/2023\/12\/182-Niekurzak-Kubi\u0144ska-Jabco\u0144.pdf\">Impact of hydrogen cells on economic efficiency and the environment according to renewable energy standards<\/a><br>DOI: http:\/\/dx.doi.org\/10.29119\/1641-3466.2023.182.18<\/p>\n\n\n\n<p>19. <strong><strong><strong><strong><strong><strong><strong><strong><strong>Beata OLEKSIAK, Barbara CIECI\u0143SKA, Roksana POLOCZEK, Pawe\u0142 WYRZGO\u0141<\/strong><\/strong><\/strong><\/strong><\/strong><\/strong><\/strong><\/strong> \u2013 <\/strong><a href=\"https:\/\/managementpapers.polsl.pl\/wp-content\/uploads\/2023\/12\/182-Oleksiak-Cieci\u0144ska-Poloczek-Wyrzgo\u0142.pdf\">Quality assessment of zinc coatings applied by selected methods<\/a><br>DOI: http:\/\/dx.doi.org\/10.29119\/1641-3466.2023.182.19<\/p>\n\n\n\n<p>20. <strong><strong><strong><strong><strong><strong><strong><strong><strong>Karolina OLEKSA-MAREWSKA, Joanna TOKAR<\/strong><\/strong><\/strong><\/strong><\/strong><\/strong><\/strong><\/strong> \u2013<\/strong> <a href=\"https:\/\/managementpapers.polsl.pl\/wp-content\/uploads\/2023\/12\/182-Oleksa-Marewska-Tokar.pdf\">Organizational culture and job satisfaction of employees working remotely: a cross-cultural analysis<\/a><br>DOI: http:\/\/dx.doi.org\/10.29119\/1641-3466.2023.182.20<\/p>\n\n\n\n<p>21. <strong><strong><strong><strong><strong><strong><strong><strong><strong>Anna M. PLATTA, Anna T. MIKULEC, Karolina MIKULEC, Grzegorz SUWA\u0141A, Monika RADZYMI\u0143SKA<\/strong><\/strong><\/strong><\/strong><\/strong><\/strong><\/strong><\/strong><\/strong> <strong>\u2013 <\/strong><a href=\"https:\/\/managementpapers.polsl.pl\/wp-content\/uploads\/2023\/12\/182-Platta-Mikulec-Mikulec-Suwa\u0142a-Radzymi\u0144ska.pdf\">Determinants of purchase and consumption of convenience foods \u2013 survey of polish respondents<\/a><br>DOI: http:\/\/dx.doi.org\/10.29119\/1641-3466.2023.182.21<\/p>\n\n\n\n<p>22. <strong><strong><strong><strong><strong><strong><strong><strong><strong><strong>Roksana POLOCZEK, Beata OLEKSIAK<\/strong><\/strong><\/strong><\/strong><\/strong><\/strong><\/strong><\/strong><\/strong> <\/strong>\u2013 <a href=\"https:\/\/managementpapers.polsl.pl\/wp-content\/uploads\/2023\/12\/182-Poloczek-Oleksiak.pdf\">Management of a simulation project in a manufacturing company<\/a><br>DOI: http:\/\/dx.doi.org\/10.29119\/1641-3466.2023.182.22<\/p>\n\n\n\n<p>23. <strong><strong><strong><strong><strong><strong><strong><strong><strong><strong>Miros\u0142aw SO\u0141TYSIAK, Dariusz ZAJ\u0104C<\/strong><\/strong><\/strong><\/strong><\/strong><\/strong><\/strong><\/strong><\/strong><\/strong> \u2013 <a href=\"https:\/\/managementpapers.polsl.pl\/wp-content\/uploads\/2023\/12\/182-So\u0142tysiak-Zaj\u0105c.pdf\">Assessment of the situation on the residential real estate market in the eastern and western regions of Poland<\/a><br>DOI: http:\/\/dx.doi.org\/10.29119\/1641-3466.2023.182.23<\/p>\n\n\n\n<p>24. <strong><strong><strong><strong><strong><strong><strong><strong><strong><strong>Barbara SORYCHTA-WOJSCZYK, Anna MUSIOL-URBANCZYK<\/strong><\/strong><\/strong><\/strong><\/strong><\/strong><\/strong><\/strong><\/strong> <\/strong>\u2013 <a href=\"https:\/\/managementpapers.polsl.pl\/wp-content\/uploads\/2023\/12\/182-Sorychta-Wojsczyk-Musio\u0142-Urba\u0144czyk.pdf\">Areas of maturity in project management in local government organizations in Poland<\/a><br>DOI: http:\/\/dx.doi.org\/10.29119\/1641-3466.2023.182.24<\/p>\n\n\n\n<p>25. <strong><strong><strong><strong><strong><strong><strong><strong><strong>Aleksandra SULIK-GORECKA<\/strong><\/strong><\/strong><\/strong><\/strong><\/strong><\/strong><\/strong><\/strong> \u2013 <a href=\"https:\/\/managementpapers.polsl.pl\/wp-content\/uploads\/2023\/12\/182-Sulik-Gorecka.pdf\">Transfer pricing policy concept model for MNEs in relation to strategic management<\/a><br>DOI: http:\/\/dx.doi.org\/10.29119\/1641-3466.2023.182.25<\/p>\n\n\n\n<p>26. <strong><strong><strong><strong><strong><strong><strong><strong><strong>Piotr SYCZ, El\u017cbieta WOJNICKA-SYCZ<\/strong><\/strong><\/strong><\/strong><\/strong><\/strong><\/strong><\/strong> <\/strong>\u2013 <a href=\"https:\/\/managementpapers.polsl.pl\/wp-content\/uploads\/2023\/12\/182-Sycz-Wojnicka-Sycz.pdf\">Significance of digital innovations of Industry 4.0. for Polish enterprises on the example of Podkarpackie and Lubuskie voivodeships<\/a><br>DOI: http:\/\/dx.doi.org\/10.29119\/1641-3466.2023.182.26<\/p>\n\n\n\n<p>27. <strong><strong><strong><strong><strong><strong><strong><strong><strong>Jaros\u0142aw SZREDER<\/strong><\/strong><\/strong><\/strong><\/strong><\/strong><\/strong><\/strong><\/strong> <a>\u2013<\/a> <a href=\"https:\/\/managementpapers.polsl.pl\/wp-content\/uploads\/2023\/12\/182-Szreder.pdf\">Key success factors in managing development projects<\/a><br>DOI: http:\/\/dx.doi.org\/10.29119\/1641-3466.2023.182.27<\/p>\n\n\n\n<p>28. <strong><strong><strong><strong><strong><strong><strong><strong><strong>Karol TUCKI, Izabela WIELEWSKA, Dagmara K. ZUZEK, Marzena KACPRZAK<\/strong><\/strong><\/strong><\/strong><\/strong><\/strong><\/strong><\/strong><\/strong> \u2013 <a href=\"https:\/\/managementpapers.polsl.pl\/wp-content\/uploads\/2023\/12\/182-Tucki-Wielewska-Zuzek-Kacprzak.pdf\">Technological and market aspects of vegetable production on a farm<\/a><br>DOI: http:\/\/dx.doi.org\/10.29119\/1641-3466.2023.182.28<\/p>\n\n\n\n<p>29. <strong><strong><strong><strong><strong><strong><strong><strong><strong>Roman TYL\u017bANOWSKI, Mariusz SALWIN<\/strong><\/strong><\/strong><\/strong><\/strong><\/strong><\/strong><\/strong> \u2013<\/strong> <a href=\"https:\/\/managementpapers.polsl.pl\/wp-content\/uploads\/2023\/12\/182-Tyl\u017canowski-Salwin.pdf\">The role of technology parks in economic growth \u2013 the perspective of students of economics<\/a><br>DOI: http:\/\/dx.doi.org\/10.29119\/1641-3466.2023.182.29<\/p>\n\n\n\n<p>30. <strong><strong><strong><strong><strong><strong><strong><strong><strong>Piotr WALENTYNOWICZ<\/strong><\/strong><\/strong><\/strong><\/strong><\/strong><\/strong><\/strong><\/strong> <strong>\u2013 <\/strong><a href=\"https:\/\/managementpapers.polsl.pl\/wp-content\/uploads\/2023\/12\/182-Walentynowicz.pdf\">Commercial attractiveness of Industry 4.0 technology in the opinion of customers of the young generation<\/a><br>DOI: http:\/\/dx.doi.org\/10.29119\/1641-3466.2023.182.30<\/p>\n\n\n\n<p>31. <strong><strong><strong><strong><strong><strong><strong><strong><strong>Bartosz WAWROWSKI<\/strong><\/strong><\/strong><\/strong><\/strong><\/strong><\/strong><\/strong> <\/strong>\u2013 <a href=\"https:\/\/managementpapers.polsl.pl\/wp-content\/uploads\/2023\/12\/182-Wawrowski.pdf\">The use of social media in the process of emergency remote teaching during the Covid-19 pandemic<\/a><br>DOI: http:\/\/dx.doi.org\/10.29119\/1641-3466.2023.182.31<\/p>\n\n\n\n<p>32. <strong><strong><strong><strong><strong><strong><strong><strong><strong>Tomasz W\u0118GRZYN, Bo\u017cena SZCZUCKA-LASOTA, Xianghui MENG, Adam JUREK<\/strong><\/strong><\/strong><\/strong><\/strong><\/strong><\/strong><\/strong><\/strong> \u2013 <a href=\"https:\/\/managementpapers.polsl.pl\/wp-content\/uploads\/2023\/12\/182-W\u0119grzyn-Szczucka-Lasota-Meng-Jurek.pdf\">Dissimilar metal welding of S690 QL with DOCOL 1400 M steel for the structures of various means of transport<\/a><br>DOI: http:\/\/dx.doi.org\/10.29119\/1641-3466.2023.182.32<\/p>\n\n\n\n<p>33. <strong><strong><strong><strong><strong><strong><strong><strong><strong>Andrzej WIECZOREK<\/strong><\/strong><\/strong><\/strong><\/strong><\/strong><\/strong><\/strong> <\/strong>\u2013 <a href=\"https:\/\/managementpapers.polsl.pl\/wp-content\/uploads\/2023\/12\/182-Wieczorek.pdf\">Assessment of usefulness of CMMS class system for Industry 4.0 enterprise<\/a><br>DOI: http:\/\/dx.doi.org\/10.29119\/1641-3466.2023.182.33<\/p>\n\n\n\n<p>34. <strong><strong><strong><strong><strong><strong><strong><strong><strong>Alicja WINNICKA-WEJS<\/strong><\/strong><\/strong><\/strong><\/strong><\/strong><\/strong><\/strong><\/strong> \u2013 <a href=\"https:\/\/managementpapers.polsl.pl\/wp-content\/uploads\/2023\/12\/182-Winnicka-Wejs.pdf\">Whistleblowing as a tool for HR compliance management system \u2013 survey report<\/a><br>DOI: http:\/\/dx.doi.org\/10.29119\/1641-3466.2023.182.34<\/p>\n\n\n\n<p>35. <strong><strong><strong><strong><strong><strong><strong><strong><strong><strong>Rados\u0142aw WOLNIAK, Wies GREBSKI<\/strong><\/strong><\/strong><\/strong><\/strong><\/strong><\/strong><\/strong><\/strong> <\/strong>\u2013 <a href=\"https:\/\/managementpapers.polsl.pl\/wp-content\/uploads\/2023\/12\/182-Wolniak-Grebski-1.pdf\">Business analytics in the case of inventory management in Industry 4.0 conditions<\/a><br>DOI: http:\/\/dx.doi.org\/10.29119\/1641-3466.2023.182.35<\/p>\n\n\n\n<p>36. <strong><strong><strong><strong><strong><strong><strong><strong><strong>Rados\u0142aw WOLNIAK, Wies GREBSKI<\/strong><\/strong><\/strong><\/strong><\/strong><\/strong><\/strong><\/strong><\/strong> <a>\u2013<\/a> <a href=\"https:\/\/managementpapers.polsl.pl\/wp-content\/uploads\/2023\/12\/182-Wolniak-Grebski-2.pdf\">The application of business analytics in personalized customer experience<\/a><br>DOI: http:\/\/dx.doi.org\/10.29119\/1641-3466.2023.182.36<\/p>\n\n\n\n<p>37. <strong><strong><strong><strong><strong><strong><strong><strong><strong>Rados\u0142aw WOLNIAK, Wies GREBSKI<\/strong><\/strong><\/strong><\/strong><\/strong><\/strong><\/strong><\/strong><\/strong> \u2013 <a href=\"https:\/\/managementpapers.polsl.pl\/wp-content\/uploads\/2023\/12\/182-Wolniak-Grebski-3.pdf\">The methods of quality management in Quality 4.0<\/a><br>DOI: http:\/\/dx.doi.org\/10.29119\/1641-3466.2023.182.37<\/p>\n\n\n\n<p>38. <strong><strong><strong><strong><strong><strong><strong><strong>Rados\u0142aw WOLNIAK, Wies GREBSKI<\/strong><\/strong><\/strong><\/strong><\/strong><\/strong><\/strong> <\/strong>\u2013 <a href=\"https:\/\/managementpapers.polsl.pl\/wp-content\/uploads\/2023\/12\/182-Wolniak-Grebski-4.pdf\">Waste management in smartphone applications as element of Smart City development<\/a><br>DOI: http:\/\/dx.doi.org\/10.29119\/1641-3466.2023.182.38<\/p>\n\n\n\n<p>39. <strong><strong><strong><strong><strong><strong><strong><strong><strong><strong>Alina YAKYMCHUK, Iryna BEREZOVSKA, Ma\u0142gorzata RATAJ, Joanna WOJCIK, Mariia HOLOVCHAK<\/strong><\/strong><\/strong><\/strong><\/strong><\/strong><\/strong><\/strong><\/strong><\/strong><a> \u2013<\/a> <a href=\"https:\/\/managementpapers.polsl.pl\/wp-content\/uploads\/2023\/12\/182-Yakymchuk-Berezovska-Rataj-Wojcik-Holovchak.pdf\">Sustainable energy and climate change universities: economic analysis and organizational aspects<\/a><br>DOI: http:\/\/dx.doi.org\/10.29119\/1641-3466.2023.182.39<\/p>\n\n\n\n<p>40. <strong><strong><strong><strong><strong>Ma\u0142gorzata ZAKRZEWSKA, Maria ADAMCZYK, Mariusz SIKORA<\/strong><\/strong><\/strong><\/strong><\/strong> <a>\u2013<\/a> <a href=\"https:\/\/managementpapers.polsl.pl\/wp-content\/uploads\/2023\/12\/182-Zakrzewska-Adamczyk-Sikora.pdf\">Drowning prevention education in Poland and the attitudes of bathers<\/a><br>DOI: http:\/\/dx.doi.org\/10.29119\/1641-3466.2023.182.40<\/p>\n\n\n\n<p>41. <strong><strong><strong><strong><strong>Katarzyna ZI\u0118TEK-KWA\u015aNIEWSKA<\/strong><\/strong><\/strong><\/strong><\/strong> <a>\u2013<\/a> <a href=\"https:\/\/managementpapers.polsl.pl\/wp-content\/uploads\/2024\/01\/182-Zi\u0119tek-Kwa\u015bniewska.pdf\">Cultural aspects of the use of trade credit<\/a><br>DOI: http:\/\/dx.doi.org\/10.29119\/1641-3466.2023.182.41<\/p>\n","protected":false},"excerpt":{"rendered":"<p>Click Here To Download Full Issue No. 182 1. Magdalena CHMIELOWIEC-LEWCZUK, Marzanna LAMENT, Kinga BAUER, Ewa SPIGARSKA \u2013 The comparability of non-financial information in insurance companiesDOI: http:\/\/dx.doi.org\/10.29119\/1641-3466.2023.182.1 2. Aneta DARLINGTON \u2013 Comparative indicator analysis based on aggregated data in the context of needs and interpretative possibilities in procedural termsDOI: http:\/\/dx.doi.org\/10.29119\/1641-3466.2023.182.2 3. Aldona Ma\u0142gorzata DERE\u0143, Anna [&hellip;]<\/p>\n","protected":false},"author":2,"featured_media":0,"parent":0,"menu_order":0,"comment_status":"closed","ping_status":"closed","template":"","meta":{"footnotes":""},"class_list":["post-3846","page","type-page","status-publish","hentry"],"_links":{"self":[{"href":"https:\/\/managementpapers.polsl.pl\/index.php?rest_route=\/wp\/v2\/pages\/3846","targetHints":{"allow":["GET"]}}],"collection":[{"href":"https:\/\/managementpapers.polsl.pl\/index.php?rest_route=\/wp\/v2\/pages"}],"about":[{"href":"https:\/\/managementpapers.polsl.pl\/index.php?rest_route=\/wp\/v2\/types\/page"}],"author":[{"embeddable":true,"href":"https:\/\/managementpapers.polsl.pl\/index.php?rest_route=\/wp\/v2\/users\/2"}],"replies":[{"embeddable":true,"href":"https:\/\/managementpapers.polsl.pl\/index.php?rest_route=%2Fwp%2Fv2%2Fcomments&post=3846"}],"version-history":[{"count":18,"href":"https:\/\/managementpapers.polsl.pl\/index.php?rest_route=\/wp\/v2\/pages\/3846\/revisions"}],"predecessor-version":[{"id":3990,"href":"https:\/\/managementpapers.polsl.pl\/index.php?rest_route=\/wp\/v2\/pages\/3846\/revisions\/3990"}],"wp:attachment":[{"href":"https:\/\/managementpapers.polsl.pl\/index.php?rest_route=%2Fwp%2Fv2%2Fmedia&parent=3846"}],"curies":[{"name":"wp","href":"https:\/\/api.w.org\/{rel}","templated":true}]}}