{"id":3783,"date":"2023-12-05T11:12:26","date_gmt":"2023-12-05T10:12:26","guid":{"rendered":"https:\/\/managementpapers.polsl.pl\/?page_id=3783"},"modified":"2023-12-06T10:06:14","modified_gmt":"2023-12-06T09:06:14","slug":"scientific-papers-of-silesian-university-of-technology-organization-and-management-series-issue-no-181","status":"publish","type":"page","link":"https:\/\/managementpapers.polsl.pl\/?page_id=3783","title":{"rendered":"Scientific Papers of Silesian University of Technology \u2013 Organization and Management Series \u2013 Issue No. 181"},"content":{"rendered":"\n<p class=\"has-text-align-center\"><a href=\"https:\/\/managementpapers.polsl.pl\/wp-content\/uploads\/2023\/12\/ZN181.pdf\"><strong>Click Here To Download Full Issue No. 181<\/strong><\/a><\/p>\n\n\n\n<p>1. <strong><strong><strong><strong><strong><strong><strong><strong>Nicoletta BASKIEWICZ, Marta DARO\u0143, Aneta PACHURA, Agnieszka SANOJCA<\/strong><\/strong><\/strong><\/strong><\/strong><\/strong><\/strong><\/strong> \u2013 <a href=\"https:\/\/managementpapers.polsl.pl\/wp-content\/uploads\/2023\/12\/181-Baskiewicz-Daro\u0144-Pachura-Sanojca.pdf\">Quality management of hospitalization processes<\/a><br>DOI: http:\/\/dx.doi.org\/10.29119\/1641-3466.2023.181.1<\/p>\n\n\n\n<p>2. <strong><strong><strong><strong><strong><strong><strong><strong><strong>Piotr BERNAT<\/strong><\/strong><\/strong><\/strong><\/strong><\/strong><\/strong><\/strong> <\/strong>\u2013 <a href=\"https:\/\/managementpapers.polsl.pl\/wp-content\/uploads\/2023\/12\/181-Bernat.pdf\">Comparative indicator analysis based on aggregated data in the context of needs and interpretative possibilities in procedural terms<\/a><br>DOI: http:\/\/dx.doi.org\/10.29119\/1641-3466.2023.181.2<\/p>\n\n\n<p>3. <strong><strong><strong><strong><strong><strong><strong><strong><strong>Agnieszka BITKOWSKA, Joanna MOCZYD\u0141OWSKA, Krystyna LESZCZEWSKA, Joanna SADKOWSKA, Beata \u017bELAZKO, Karol KARASEWICZ<\/strong><\/strong><\/strong><\/strong><\/strong><\/strong><\/strong><\/strong><\/strong> <a>\u2013<\/a> <a href=\"https:\/\/managementpapers.polsl.pl\/wp-content\/uploads\/2023\/12\/181-Bitkowska-Moczyd\u0142owska-Leszczewska-Sadkowska-\u017belazko-Karasiewicz.pdf\">How do young consumers see family firms? Empirical evidence from Poland<\/a><br \/>DOI: http:\/\/dx.doi.org\/10.29119\/1641-3466.2023.181.3<\/p>\n\n\n<p>4. <strong><strong><strong><strong><strong><strong><strong><strong>Justyna BOGO\u0141\u0118BSKA<\/strong><\/strong><\/strong><\/strong><\/strong><\/strong><\/strong><\/strong> \u2013 <a href=\"https:\/\/managementpapers.polsl.pl\/wp-content\/uploads\/2023\/12\/181-Bogo\u0142\u0119bska.pdf\">Determinants of capital structure formation in internationalised companies<\/a><br>DOI: http:\/\/dx.doi.org\/10.29119\/1641-3466.2023.181.4<\/p>\n\n\n\n<p>5. <strong><strong><strong><strong><strong><strong><strong><strong>Ma\u0142gorzata CHOJNACKA, Marcin HUNDERT<\/strong><\/strong><\/strong><\/strong><\/strong><\/strong><\/strong><\/strong> \u2013 <a href=\"https:\/\/managementpapers.polsl.pl\/wp-content\/uploads\/2023\/12\/181-Chojnacka-Hundert.pdf\">Polish hospitals in search of ways leading to excellence through new technologies<\/a><br>DOI: http:\/\/dx.doi.org\/10.29119\/1641-3466.2023.181.5<\/p>\n\n\n\n<p>6. <strong><strong><strong><strong><strong><strong><strong><strong>Roman DANEL, Bo\u017cena GAJDZIK, Liubomyr ROPYAK<\/strong><\/strong><\/strong><\/strong><\/strong><\/strong><\/strong><\/strong> \u2013 <a href=\"https:\/\/managementpapers.polsl.pl\/wp-content\/uploads\/2023\/12\/181-Danel-Gajdzik-Ropyak.pdf\">Trends in data processing control in continuous production systems<\/a><br>DOI: http:\/\/dx.doi.org\/10.29119\/1641-3466.2023.181.6<\/p>\n\n\n\n<p>7. <strong><strong><strong><strong><strong><strong><strong><strong>Sylwia DZIEDZIC, Agata WARMI\u0143SKA, Dariusz WYRWA<\/strong><\/strong><\/strong><\/strong><\/strong><\/strong><\/strong><\/strong> \u2013 <a href=\"https:\/\/managementpapers.polsl.pl\/wp-content\/uploads\/2023\/12\/181-Dziedzic-Warmi\u0144ska-Wyrwa.pdf\">Perspectives of the analysis of organisation&#8217;s context in the light of the ISO 9001:2015 standard and the subject literature<\/a><br>DOI: http:\/\/dx.doi.org\/10.29119\/1641-3466.2023.181.7<\/p>\n\n\n\n<p>8. <strong><strong><strong><strong><strong><strong><strong><strong>Mariola D\u0179WIGO\u0141-BAROSZ<\/strong><\/strong><\/strong><\/strong><\/strong><\/strong><\/strong> <\/strong>\u2013 <a href=\"https:\/\/managementpapers.polsl.pl\/wp-content\/uploads\/2023\/12\/181-D\u017awigo\u0142-Barosz.pdf\">Labour market equality policies \u2013 the situation of women after pandemic Covid-19<\/a><br>DOI: http:\/\/dx.doi.org\/10.29119\/1641-3466.2023.181.8<\/p>\n\n\n\n<p>9. <strong><strong><strong><strong><strong><strong><strong><strong>Bo\u017cena GAJDZIK<\/strong><\/strong><\/strong><\/strong><\/strong><\/strong><\/strong><\/strong> \u2013 <a href=\"https:\/\/managementpapers.polsl.pl\/wp-content\/uploads\/2023\/12\/181-Gajdzik.pdf\">Industry 5.0 as the upgrade of Industry 4.0: towards one common concept of industrial transformation<\/a><br>DOI: http:\/\/dx.doi.org\/10.29119\/1641-3466.2023.181.9<\/p>\n\n\n\n<p>10. <strong><strong><strong><strong><strong><strong><strong><strong>Grzegorz G\u0141\u00d3D, Ewa RACZY\u0143SKA, Aleksandra SWA\u0141EK<\/strong><\/strong><\/strong><\/strong><\/strong><\/strong><\/strong> <\/strong>\u2013 <a href=\"https:\/\/managementpapers.polsl.pl\/wp-content\/uploads\/2023\/12\/181-G\u0142\u00f3d-Raczy\u0144ska-Swa\u0142ek.pdf\">Organizational learning and organizational effectiveness in family and non-family firms<\/a><br>DOI: http:\/\/dx.doi.org\/10.29119\/1641-3466.2023.181.10<\/p>\n\n\n\n<p>11. <strong><strong><strong><strong><strong><strong><strong><strong>Robert GOLEJ, Agata PIETRO\u0143-PYSZCZEK, Patryk KUPCZAK<\/strong><\/strong><\/strong><\/strong><\/strong><\/strong><\/strong><\/strong> \u2013 <a href=\"https:\/\/managementpapers.polsl.pl\/wp-content\/uploads\/2023\/12\/181-Golej-Pietro\u0144-Pyszczek-Kupczak.pdf\">The recruiter \u2013 his role in the selection process<\/a><br>DOI: http:\/\/dx.doi.org\/10.29119\/1641-3466.2023.181.11<\/p>\n\n\n\n<p>12. <strong><strong><strong><strong><strong><strong><strong><strong>Robert GOLEJ, Agata PIETRO\u0143-PYSZCZEK, Marcelina WA\u0141\u0118SA, Patryk KUPCZAK<\/strong><\/strong><\/strong><\/strong><\/strong><\/strong><\/strong> <\/strong>\u2013 <a href=\"https:\/\/managementpapers.polsl.pl\/wp-content\/uploads\/2023\/12\/181-Golej-Pietro\u0144-Pyszczek-Wa\u0142\u0119sa-Kupczak.pdf\">Job applicants&#8217; expectations of the recruitment process in the IT sector<\/a><br>DOI: http:\/\/dx.doi.org\/10.29119\/1641-3466.2023.181.12<\/p>\n\n\n\n<p>13. <strong><strong><strong><strong><strong><strong><strong><strong>Robert GOLEJ, Agata PIETRO\u0143-PYSZCZEK, Marcelina WA\u0141\u0118SA<\/strong><\/strong><\/strong><\/strong><\/strong><\/strong><\/strong><\/strong> <strong>\u2013 <\/strong><a href=\"https:\/\/managementpapers.polsl.pl\/wp-content\/uploads\/2023\/12\/181-Golej-Pietro\u0144-Pyszczek-Wa\u0142\u0119sa.pdf\">Innovative forms of employee selection<\/a><br>DOI: http:\/\/dx.doi.org\/10.29119\/1641-3466.2023.181.13<\/p>\n\n\n\n<p>14. <strong><strong><strong><strong><strong><strong><strong><strong>Dorota JENDZA<\/strong><\/strong><\/strong><\/strong><\/strong><\/strong><\/strong><\/strong> \u2013 <a href=\"https:\/\/managementpapers.polsl.pl\/wp-content\/uploads\/2023\/12\/181-Jendza.pdf\">The role of organisation&#8217;s promotional and preventive orientation in creating a sense of psychological safety in the workplace<\/a><br>DOI: http:\/\/dx.doi.org\/10.29119\/1641-3466.2023.181.14<\/p>\n\n\n\n<p>15. <strong><strong><strong><strong><strong><strong><strong><strong>Monika KAMI\u0143SKA, Krzysztof ZOWADA<\/strong><\/strong><\/strong><\/strong><\/strong><\/strong><\/strong><\/strong> \u2013 <a href=\"https:\/\/managementpapers.polsl.pl\/wp-content\/uploads\/2023\/12\/181-Kami\u0144ska-Zowada.pdf\">Sharing economy as a tool of low-carbon logistics<\/a><br>DOI: http:\/\/dx.doi.org\/10.29119\/1641-3466.2023.181.15<\/p>\n\n\n\n<p>16. <strong><strong><strong><strong><strong><strong><strong><strong>Dominika KO\u0141ODZIEJ<\/strong><\/strong><\/strong><\/strong><\/strong><\/strong><\/strong> <\/strong>\u2013 <a href=\"https:\/\/managementpapers.polsl.pl\/wp-content\/uploads\/2023\/12\/181-Ko\u0142odziej.pdf\"><strong>HR strategy flexibility as a basis for building organisational resilience<\/strong><\/a><br>DOI: http:\/\/dx.doi.org\/10.29119\/1641-3466.2023.181.16<\/p>\n\n\n\n<p>17. <strong><strong><strong><strong><strong><strong><strong><strong>Izabela KONIECZNA<\/strong><\/strong><\/strong><\/strong><\/strong><\/strong><\/strong><\/strong> \u2013 <a href=\"https:\/\/managementpapers.polsl.pl\/wp-content\/uploads\/2023\/12\/181-Konieczna.pdf\">Resources and competencies in the area of employment \u2013 a comparison of dairy cooperatives from \u015awi\u0119tokrzyskie and Ma\u0142opolskie voivodeships<\/a><br>DOI: http:\/\/dx.doi.org\/10.29119\/1641-3466.2023.181.17<\/p>\n\n\n\n<p>18. <strong><strong><strong><strong><strong><strong><strong><strong>Aleksandra KOSZAREK-CYRA, Anna WOJEWNIK-FILIPKOWSKA<\/strong><\/strong><\/strong><\/strong><\/strong><\/strong><\/strong><\/strong> \u2013 <a href=\"https:\/\/managementpapers.polsl.pl\/wp-content\/uploads\/2023\/12\/181-Koszarek-Cyra-Wojewnik-Filipkowska.pdf\">Managing the airport-proximate areas<\/a><br>DOI: http:\/\/dx.doi.org\/10.29119\/1641-3466.2023.181.18<\/p>\n\n\n\n<p>19. <strong><strong><strong><strong><strong><strong><strong><strong>Anna KOWALCZYK-KROENKE<\/strong><\/strong><\/strong><\/strong><\/strong><\/strong><\/strong> \u2013 <\/strong><a href=\"https:\/\/managementpapers.polsl.pl\/wp-content\/uploads\/2023\/12\/181-Kowalczyk-Kroenke.pdf\">Work expectations on the contemporary labor market from the perspective of women \u2013 generational approach<\/a><br>DOI: http:\/\/dx.doi.org\/10.29119\/1641-3466.2023.181.19<\/p>\n\n\n\n<p>20. <strong><strong><strong><strong><strong><strong><strong><strong>S\u0142awomir KOWALSKI<\/strong><\/strong><\/strong><\/strong><\/strong><\/strong><\/strong> \u2013<\/strong> <a href=\"https:\/\/managementpapers.polsl.pl\/wp-content\/uploads\/2023\/12\/181-Kowalski.pdf\">Communication management in multi-channel marketing of a sports organisation<\/a><br>DOI: http:\/\/dx.doi.org\/10.29119\/1641-3466.2023.181.20<\/p>\n\n\n\n<p>21. <strong><strong><strong><strong><strong><strong><strong><strong>Agata KRUKOWSKA-MILER<\/strong><\/strong><\/strong><\/strong><\/strong><\/strong><\/strong><\/strong> <strong>\u2013 <\/strong><a href=\"https:\/\/managementpapers.polsl.pl\/wp-content\/uploads\/2023\/12\/181-Krukowska-Miler.pdf\">Changes in the management of healthcare facilities in the time of Covid-19 pandemic on a selected example<\/a><br>DOI: http:\/\/dx.doi.org\/10.29119\/1641-3466.2023.181.21<\/p>\n\n\n\n<p>22. <strong><strong><strong><strong><strong><strong><strong><strong><strong>Anna KWIECIE\u0143, Adam JANISZEWSKI, Katarzyna OLEJKO<\/strong><\/strong><\/strong><\/strong><\/strong><\/strong><\/strong><\/strong> <\/strong>\u2013 <a href=\"https:\/\/managementpapers.polsl.pl\/wp-content\/uploads\/2023\/12\/181-Kwiecie\u0144-Janiszewski-Olejko.pdf\">Resources and organizational resilience<\/a><br>DOI: http:\/\/dx.doi.org\/10.29119\/1641-3466.2023.181.22<\/p>\n\n\n\n<p>23. <strong><strong><strong><strong><strong><strong><strong><strong><strong>Katarzyna \u0141UKASIK-STACHOWIAK<\/strong><\/strong><\/strong><\/strong><\/strong><\/strong><\/strong><\/strong><\/strong> \u2013 <a href=\"https:\/\/managementpapers.polsl.pl\/wp-content\/uploads\/2023\/12\/181-\u0141ukasik-Stachowiak.pdf\">Uncertainties and challenges in human resource management in the era of artificial intelligence<\/a><br>DOI: http:\/\/dx.doi.org\/10.29119\/1641-3466.2023.181.23<\/p>\n\n\n\n<p>24. <strong><strong><strong><strong><strong><strong><strong><strong><strong>Dominika MARCINIAK, Damian \u0141UKASIK<\/strong><\/strong><\/strong><\/strong><\/strong><\/strong><\/strong><\/strong> <\/strong>\u2013 <a href=\"https:\/\/managementpapers.polsl.pl\/wp-content\/uploads\/2023\/12\/181-Marciniak-\u0141ukasik.pdf\">Digitalisation of public organisations as a tool for a responsive reaction to a crisis situation<\/a><br>DOI: http:\/\/dx.doi.org\/10.29119\/1641-3466.2023.181.24<\/p>\n\n\n\n<p>25. <strong><strong><strong><strong><strong><strong><strong><strong>Marta MARTYNIAK<\/strong><\/strong><\/strong><\/strong><\/strong><\/strong><\/strong><\/strong> \u2013 <a href=\"https:\/\/managementpapers.polsl.pl\/wp-content\/uploads\/2023\/12\/181-Martyniak.pdf\">Resilience of households on the housing real estate market to economic shocks in the 2019-2022<\/a><br>DOI: http:\/\/dx.doi.org\/10.29119\/1641-3466.2023.181.25<\/p>\n\n\n\n<p>26. <strong><strong><strong><strong><strong><strong><strong><strong>Katarzyna NIEWINSKA<\/strong><\/strong><\/strong><\/strong><\/strong><\/strong><\/strong> <\/strong>\u2013 <a href=\"https:\/\/managementpapers.polsl.pl\/wp-content\/uploads\/2023\/12\/181-Niewi\u0144ska.pdf\">Fintech sector: a review of research trends for the period of 2015-2022<\/a><br>DOI: http:\/\/dx.doi.org\/10.29119\/1641-3466.2023.181.26<\/p>\n\n\n\n<p>27. <strong><strong><strong><strong><strong><strong><strong><strong>Celina M. OLSZAK, Maria KOCOT, Artur KWASEK<\/strong><\/strong><\/strong><\/strong><\/strong><\/strong><\/strong><\/strong> <a>\u2013<\/a> <a href=\"https:\/\/managementpapers.polsl.pl\/wp-content\/uploads\/2023\/12\/181-Olszak-Kocot-Kwasek.pdf\">Use of ICTs in facilitating organizational agility based on own research<\/a><br>DOI: http:\/\/dx.doi.org\/10.29119\/1641-3466.2023.181.27<\/p>\n\n\n\n<p>28. <strong><strong><strong><strong><strong><strong><strong><strong>Agnieszka PIOTROWSKA-PUCHA\u0141A<\/strong><\/strong><\/strong><\/strong><\/strong><\/strong><\/strong><\/strong> \u2013 <a href=\"https:\/\/managementpapers.polsl.pl\/wp-content\/uploads\/2023\/12\/181-Piotrowska-Pucha\u0142a.pdf\">Motivating employees of company X<\/a><br>DOI: http:\/\/dx.doi.org\/10.29119\/1641-3466.2023.181.28<\/p>\n\n\n\n<p>29. <strong><strong><strong><strong><strong><strong><strong><strong>Marzena PYTEL-KOPCZY\u0143SKA, Piotr OLEKSIAK<\/strong><\/strong><\/strong><\/strong><\/strong><\/strong><\/strong> \u2013<\/strong> <a href=\"https:\/\/managementpapers.polsl.pl\/wp-content\/uploads\/2023\/12\/181-Pytel-Kopczy\u0144ska-Oleksiak.pdf\">Specifications of the sustainable human resources growth on the example of companies in the TSL sector<\/a><br>DOI: http:\/\/dx.doi.org\/10.29119\/1641-3466.2023.181.29<\/p>\n\n\n\n<p>30. <strong><strong><strong><strong><strong><strong><strong><strong>Joanna ROSAK-SZYROCKA, Simona Andreea APOSTU, Bulent AKKAYA<\/strong><\/strong><\/strong><\/strong><\/strong><\/strong><\/strong><\/strong> <strong>\u2013 <\/strong><a href=\"https:\/\/managementpapers.polsl.pl\/wp-content\/uploads\/2023\/12\/181-Rosak-Szyrocka-Apostu-Akkaya.pdf\">Higher education and digitalization in perspective of use of internet, integration of digital technology, digital public services: panel study of EU nations<\/a><br>DOI: http:\/\/dx.doi.org\/10.29119\/1641-3466.2023.18130<\/p>\n\n\n\n<p>31. <strong><strong><strong><strong><strong><strong><strong><strong>Jerzy R\u00d3\u017bA\u0143SKI<\/strong><\/strong><\/strong><\/strong><\/strong><\/strong><\/strong> <\/strong>\u2013 <a href=\"https:\/\/managementpapers.polsl.pl\/wp-content\/uploads\/2023\/12\/181-R\u00f3\u017ca\u0144ski.pdf\">Capital structure of Chinese food companies and their macroeconomic environment<\/a><br>DOI: http:\/\/dx.doi.org\/10.29119\/1641-3466.2023.181.31<\/p>\n\n\n\n<p>32. <strong><strong><strong><strong><strong><strong><strong><strong>Piotr RUBAJ, El\u017cbieta WA\u017bNA<\/strong><\/strong><\/strong><\/strong><\/strong><\/strong><\/strong><\/strong> \u2013 <a href=\"https:\/\/managementpapers.polsl.pl\/wp-content\/uploads\/2023\/12\/181-Rubaj-Wa\u017cna.pdf\">Rise of inflation and public debt in EU countries in 2020-2021 in context of public finance security<\/a><br>DOI: http:\/\/dx.doi.org\/10.29119\/1641-3466.2023.181.32<\/p>\n\n\n\n<p>33. <strong><strong><strong><strong><strong><strong><strong><strong>Sebastian SANIUK<\/strong><\/strong><\/strong><\/strong><\/strong><\/strong><\/strong> <\/strong>\u2013 <a href=\"https:\/\/managementpapers.polsl.pl\/wp-content\/uploads\/2023\/12\/181-Saniuk.pdf\">The importance of digitalization in the organization of cyber-physical production networks of Polish SMEs in Industry 4.0<\/a><br>DOI: http:\/\/dx.doi.org\/10.29119\/1641-3466.2023.181.33<\/p>\n\n\n\n<p>34. <strong><strong><strong><strong><strong><strong><strong><strong>Katarzyna SIERADZKA<\/strong><\/strong><\/strong><\/strong><\/strong><\/strong><\/strong><\/strong> \u2013 <a href=\"https:\/\/managementpapers.polsl.pl\/wp-content\/uploads\/2023\/12\/181-Sieradzka.pdf\">The determinants of start-ups` development in the contemporary economy<\/a><br>DOI: http:\/\/dx.doi.org\/10.29119\/1641-3466.2023.181.34<\/p>\n\n\n\n<p>35. <strong><strong><strong><strong><strong><strong><strong><strong>Kinga STECU\u0141A<\/strong><\/strong><\/strong><\/strong><\/strong><\/strong><\/strong> <\/strong>\u2013 <a href=\"https:\/\/managementpapers.polsl.pl\/wp-content\/uploads\/2023\/12\/181-Stecu\u0142a.pdf\">Identifying diverse uses of virtual reality in higher education and exploring perceptions of VR in the chosen field<\/a><br>DOI: http:\/\/dx.doi.org\/10.29119\/1641-3466.2023.181.35<\/p>\n\n\n\n<p>36. <strong><strong><strong><strong><strong><strong><strong><strong>Pawe\u0142 SZEWCZYK<\/strong><\/strong><\/strong><\/strong><\/strong><\/strong><\/strong><\/strong> <a>\u2013<\/a> <a href=\"https:\/\/managementpapers.polsl.pl\/wp-content\/uploads\/2023\/12\/181-Szewczyk.pdf\">Application of blockchain technology in the energy sector<\/a><br>DOI: http:\/\/dx.doi.org\/10.29119\/1641-3466.2023.181.36<\/p>\n\n\n\n<p>37. <strong><strong><strong><strong><strong><strong><strong><strong>Klaudia TOMASZEWSKA<\/strong><\/strong><\/strong><\/strong><\/strong><\/strong><\/strong><\/strong> \u2013 <a href=\"https:\/\/managementpapers.polsl.pl\/wp-content\/uploads\/2023\/12\/181-Tomaszewska.pdf\">VR Technology in manufacturing processes \u2013 a bibliometric analysis<\/a><br>DOI: http:\/\/dx.doi.org\/10.29119\/1641-3466.2023.181.37<\/p>\n\n\n\n<p>38. <strong><strong><strong><strong><strong><strong><strong>Wieslaw URBAN, Daniel TOCHWIN<\/strong><\/strong><\/strong><\/strong><\/strong><\/strong> <\/strong>\u2013 <a href=\"https:\/\/managementpapers.polsl.pl\/wp-content\/uploads\/2023\/12\/181-Urban-Tochwin.pdf\">Application of lean manufacturing tools in the automotive industry, a multiple case study<\/a><br>DOI: http:\/\/dx.doi.org\/10.29119\/1641-3466.2023.181.38<\/p>\n\n\n\n<p>39. <strong><strong><strong><strong><strong><strong><strong><strong>Anna WASILUK<\/strong><\/strong><\/strong><\/strong><\/strong><\/strong><\/strong><\/strong> <a>\u2013<\/a> <a href=\"https:\/\/managementpapers.polsl.pl\/wp-content\/uploads\/2023\/12\/181-Wasiluk.pdf\">Assessment of managerial competencies by Generation Z<\/a><br>DOI: http:\/\/dx.doi.org\/10.29119\/1641-3466.2023.181.39<\/p>\n\n\n\n<p>40. <strong><strong><strong><strong>Anna WI\u015aNIEWSKA-SA\u0141EK<\/strong><\/strong><\/strong><\/strong> <a>\u2013<\/a> <a href=\"https:\/\/managementpapers.polsl.pl\/wp-content\/uploads\/2023\/12\/181-Wi\u015bniewska-Sa\u0142ek.pdf\">Selected aspects of special education in Poland for sustainable regional development \u2013 statistical analysis<\/a><br>DOI: http:\/\/dx.doi.org\/10.29119\/1641-3466.2023.181.40<\/p>\n\n\n\n<p>41. <strong><strong><strong><strong>Anna WOLAK-TUZIMEK<\/strong><\/strong><\/strong><\/strong> <a>\u2013<\/a> <a href=\"https:\/\/managementpapers.polsl.pl\/wp-content\/uploads\/2023\/12\/181-Wolak-Tuzimek.pdf\">Factors influencing the competitiveness of Polish enterprises from the consumer\u2019s perspective<\/a><br>DOI: http:\/\/dx.doi.org\/10.29119\/1641-3466.2023.181.41<\/p>\n\n\n\n<p>42. <strong><strong><strong><strong>Agnieszka ZIELI\u0143SKA, Maria Ana MONTES DE OCA, Enas DAHADHA, Renato AZEVEDO SANT ANNA, Ant\u00f3nio CALHEIROS<\/strong><\/strong><\/strong><\/strong> <a>\u2013<\/a> <a href=\"https:\/\/managementpapers.polsl.pl\/wp-content\/uploads\/2023\/12\/181-Zieli\u0144ska-Montes-de-Oca-Dahadha-Azevedo-Sant-Anna-Calheiros.pdf\">Why do employees change the job? Insights on employees` needs and expectations based on international evidence<\/a><br>DOI: http:\/\/dx.doi.org\/10.29119\/1641-3466.2023.181.42<\/p>\n","protected":false},"excerpt":{"rendered":"<p>Click Here To Download Full Issue No. 181 1. Nicoletta BASKIEWICZ, Marta DARO\u0143, Aneta PACHURA, Agnieszka SANOJCA \u2013 Quality management of hospitalization processesDOI: http:\/\/dx.doi.org\/10.29119\/1641-3466.2023.181.1 2. Piotr BERNAT \u2013 Comparative indicator analysis based on aggregated data in the context of needs and interpretative possibilities in procedural termsDOI: http:\/\/dx.doi.org\/10.29119\/1641-3466.2023.181.2 3. Agnieszka BITKOWSKA, Joanna MOCZYD\u0141OWSKA, Krystyna LESZCZEWSKA, Joanna [&hellip;]<\/p>\n","protected":false},"author":2,"featured_media":0,"parent":0,"menu_order":0,"comment_status":"closed","ping_status":"closed","template":"","meta":{"footnotes":""},"class_list":["post-3783","page","type-page","status-publish","hentry"],"_links":{"self":[{"href":"https:\/\/managementpapers.polsl.pl\/index.php?rest_route=\/wp\/v2\/pages\/3783","targetHints":{"allow":["GET"]}}],"collection":[{"href":"https:\/\/managementpapers.polsl.pl\/index.php?rest_route=\/wp\/v2\/pages"}],"about":[{"href":"https:\/\/managementpapers.polsl.pl\/index.php?rest_route=\/wp\/v2\/types\/page"}],"author":[{"embeddable":true,"href":"https:\/\/managementpapers.polsl.pl\/index.php?rest_route=\/wp\/v2\/users\/2"}],"replies":[{"embeddable":true,"href":"https:\/\/managementpapers.polsl.pl\/index.php?rest_route=%2Fwp%2Fv2%2Fcomments&post=3783"}],"version-history":[{"count":12,"href":"https:\/\/managementpapers.polsl.pl\/index.php?rest_route=\/wp\/v2\/pages\/3783\/revisions"}],"predecessor-version":[{"id":3845,"href":"https:\/\/managementpapers.polsl.pl\/index.php?rest_route=\/wp\/v2\/pages\/3783\/revisions\/3845"}],"wp:attachment":[{"href":"https:\/\/managementpapers.polsl.pl\/index.php?rest_route=%2Fwp%2Fv2%2Fmedia&parent=3783"}],"curies":[{"name":"wp","href":"https:\/\/api.w.org\/{rel}","templated":true}]}}