{"id":3354,"date":"2023-07-28T10:55:27","date_gmt":"2023-07-28T08:55:27","guid":{"rendered":"https:\/\/managementpapers.polsl.pl\/?page_id=3354"},"modified":"2024-07-15T10:55:15","modified_gmt":"2024-07-15T08:55:15","slug":"scientific-papers-of-silesian-university-of-technology-organization-and-management-series-issue-no-173","status":"publish","type":"page","link":"https:\/\/managementpapers.polsl.pl\/?page_id=3354","title":{"rendered":"Scientific Papers of Silesian University of Technology \u2013 Organization and Management Series \u2013 Issue No. 173"},"content":{"rendered":"\n<p class=\"has-text-align-left\"><strong>Scientific Papers of Silesian University of Technology &#8211; Organization and Management Series &#8211; Issue No. 173<\/strong><\/p>\n\n\n\n<p class=\"has-text-align-center\"><a href=\"https:\/\/managementpapers.polsl.pl\/wp-content\/uploads\/2024\/07\/ZN173.pdf\">Click Here To Download Full Issue No. 173<\/a><\/p>\n\n\n\n<p>1. <strong><strong><strong>Magdalena ALBI\u0143SKA, Edyta BIELI\u0143SKA-DUSZA<\/strong><\/strong> <\/strong>\u2013 <a href=\"https:\/\/managementpapers.polsl.pl\/wp-content\/uploads\/2023\/07\/173-Albi\u0144ska-Bieli\u0144ska-Dusza.pdf\">Pandemic Sars-Cov-2 and the sale of real estate \u2013 the case of the City of Poznan<\/a><br>DOI: http:\/\/dx.doi.org\/10.29119\/1641-3466.2023.173.1<\/p>\n\n\n\n<p>2. <strong><strong><strong><strong>Krzysztof ANDRUSZKIEWICZ, Magdalena KASPROWICZ<\/strong><\/strong><\/strong> <\/strong>\u2013 <a href=\"https:\/\/managementpapers.polsl.pl\/wp-content\/uploads\/2023\/07\/173-Andruszkiewicz-Kasprowicz.pdf\">Business concentration as Polish enterprises\u2019 path towards development and competitiveness improvement<\/a><br>DOI: http:\/\/dx.doi.org\/10.29119\/1641-3466.2023.173.2<\/p>\n\n\n\n<p>3. <strong><strong><strong><strong>Magdalena BIERZY\u0143SKA-SUDO\u0141<\/strong><\/strong><\/strong><\/strong> <a>\u2013<\/a> <a href=\"https:\/\/managementpapers.polsl.pl\/wp-content\/uploads\/2023\/07\/173-Bierzy\u0144ska-Sudo\u0142.pdf\">Green marketing and greenwashing \u2013 analysis of the phenomenon in brand promotion on selected examples<\/a><br>DOI: http:\/\/dx.doi.org\/10.29119\/1641-3466.2023.173.3<\/p>\n\n\n\n<p>4. <strong><strong><strong><strong>Arkadiusz BOCZKOWSKI<\/strong><\/strong><\/strong><\/strong> \u2013 <a href=\"https:\/\/managementpapers.polsl.pl\/wp-content\/uploads\/2023\/07\/173-Boczkowski.pdf\">Assessment of the acoustic efficiency of road investments in the stage of developing noise protection programs in cities<\/a><br>DOI: http:\/\/dx.doi.org\/10.29119\/1641-3466.2023.173.4<\/p>\n\n\n\n<p>5. <strong><strong><strong><strong>Mariusz CHMIELEWSKI, Ewa MALINOWSKA<\/strong><\/strong><\/strong> <\/strong>\u2013 <a href=\"https:\/\/managementpapers.polsl.pl\/wp-content\/uploads\/2023\/07\/173-Chmielewski-Malinowska.pdf\">Expectations of customer as a stakeholder of an agricultural enterprise: case study<\/a><br>DOI: http:\/\/dx.doi.org\/10.29119\/1641-3466.2023.173.5<\/p>\n\n\n\n<p>6. <strong><strong><strong><strong>Wies\u0142aw CIECHOMSKI<\/strong><\/strong><\/strong><\/strong> \u2013 <a href=\"https:\/\/managementpapers.polsl.pl\/wp-content\/uploads\/2023\/07\/173-Ciechomski.pdf\">Contemporary consumer trends<\/a><br>DOI: http:\/\/dx.doi.org\/10.29119\/1641-3466.2023.173.6<\/p>\n\n\n\n<p>7. <strong><strong><strong><strong>Magdalena DASZKIEWICZ<\/strong><\/strong><\/strong><\/strong> \u2013 <a href=\"https:\/\/managementpapers.polsl.pl\/wp-content\/uploads\/2023\/07\/173-Daszkiewicz.pdf\">Inclusive cities. Diversity and inclusion in city marketing<\/a><br>DOI: http:\/\/dx.doi.org\/10.29119\/1641-3466.2023.173.7<\/p>\n\n\n\n<p>8. <strong><strong><strong><strong>Anna DZIADKIEWICZ, Lali LINDELL, Zuzanna MINGA<\/strong><\/strong><\/strong> <\/strong>\u2013 <a href=\"https:\/\/managementpapers.polsl.pl\/wp-content\/uploads\/2023\/07\/173-Dziadkiewicz-Lindell-Minga.pdf\">Generation Y &amp; Z towards wellbeing tourism \u2013 challenge or necessity for the tourism industry?<\/a><br>DOI: http:\/\/dx.doi.org\/10.29119\/1641-3466.2023.173.8<\/p>\n\n\n\n<p>9. <strong><strong><strong><strong>Kelaniyage Shihan Dilruk FERNANDO, Sandra MISIAK-KWIT<\/strong><\/strong><\/strong><\/strong> \u2013 <a href=\"https:\/\/managementpapers.polsl.pl\/wp-content\/uploads\/2023\/07\/173-Fernando-Misiak-Kwit.pdf\">Mobile buying bahavior during the Covid-19 pandemic \u2013the case of Poland<\/a><br>DOI: http:\/\/dx.doi.org\/10.29119\/1641-3466.2023.173.9<\/p>\n\n\n\n<p>10. <strong><strong><strong><strong>J\u00f3zef FR\u0104\u015a<\/strong><\/strong><\/strong> <\/strong>\u2013 <a href=\"https:\/\/managementpapers.polsl.pl\/wp-content\/uploads\/2023\/07\/173-Fr\u0105\u015b.pdf\">Model of instruments for measuring the quality of logistics services in the coopetition of enterprises<\/a><br>DOI: http:\/\/dx.doi.org\/10.29119\/1641-3466.2023.173.10<\/p>\n\n\n\n<p>11. <strong><strong><strong><strong>Aleksander Filip FURMANEK<\/strong><\/strong><\/strong><\/strong> \u2013 <a href=\"https:\/\/managementpapers.polsl.pl\/wp-content\/uploads\/2023\/07\/173-Furmanek.pdf\">Selected problems of spatial order and cultural heritage in the aspect of the economic development under the influence of European integration and globalisation on the example of Toru\u0144 and its surroundings<\/a><br>DOI: http:\/\/dx.doi.org\/10.29119\/1641-3466.2023.173.11<\/p>\n\n\n\n<p>12. <strong><strong><strong><strong>Marie GABRY\u0160OV\u00c1, Wies\u0142aw CIECHOMSKI<\/strong><\/strong><\/strong> <\/strong>\u2013 <a href=\"https:\/\/managementpapers.polsl.pl\/wp-content\/uploads\/2023\/07\/173-Gabry\u0161ov\u00e1-Ciechomski.pdf\">The management of hospital marketing communication<\/a><br>DOI: http:\/\/dx.doi.org\/10.29119\/1641-3466.2023.173.12<\/p>\n\n\n\n<p>13. <strong><strong><strong><strong>Iga GRZE\u015aKOW<\/strong><\/strong><\/strong><\/strong> <strong>\u2013 <\/strong><a href=\"https:\/\/managementpapers.polsl.pl\/wp-content\/uploads\/2023\/07\/173-Grze\u015bkow.pdf\">The role and importance of courtyard spaces in preserving the identity of the urban fabric. Examples from Bydgoszcz<\/a><br>DOI: http:\/\/dx.doi.org\/10.29119\/1641-3466.2023.173.13<\/p>\n\n\n\n<p>14. <strong><strong><strong><strong>Emilian GWIA\u0179DZI\u0143SKI, Aneta OLEJNICZAK<\/strong><\/strong><\/strong><\/strong> \u2013 <a href=\"https:\/\/managementpapers.polsl.pl\/wp-content\/uploads\/2023\/07\/173-Gwia\u017adzi\u0144ski-Olejniczak.pdf\">Activity of Society 5.0 on social media vs self-esteem. Empirical study based on Instagram<\/a><br>DOI: http:\/\/dx.doi.org\/10.29119\/1641-3466.2023.173.14<\/p>\n\n\n\n<p>15. <strong><strong><strong><strong>Edward JAKUBOWSKI<\/strong><\/strong><\/strong><\/strong> \u2013 <a href=\"https:\/\/managementpapers.polsl.pl\/wp-content\/uploads\/2023\/07\/173-Jakubowski.pdf\">The European Green Deal and the sustainable development of the Lubuskie voivodeship<\/a><br>DOI: http:\/\/dx.doi.org\/10.29119\/1641-3466.2023.173.15<\/p>\n\n\n\n<p>16. <strong><strong><strong><strong>Krzysztof JAROSI\u0143SKI<\/strong><\/strong><\/strong> <\/strong>\u2013 <a href=\"https:\/\/managementpapers.polsl.pl\/wp-content\/uploads\/2023\/07\/173-Jarosi\u0144ski.pdf\">Macroeconomic instability and development disparities of peripheral areas in regions in Poland<\/a><br>DOI: http:\/\/dx.doi.org\/10.29119\/1641-3466.2023.173.16<\/p>\n\n\n\n<p>17. <strong><strong><strong><strong>Grzegorz JOKIEL<\/strong><\/strong><\/strong><\/strong> \u2013 <a href=\"https:\/\/managementpapers.polsl.pl\/wp-content\/uploads\/2023\/07\/173-Jokiel-G.pdf\">Reengineering of the teaching processes for managers of Industry 4.0<\/a><br>DOI: http:\/\/dx.doi.org\/10.29119\/1641-3466.2023.173.17<\/p>\n\n\n\n<p>18. <strong><strong><strong><strong>Maja JOKIEL<\/strong><\/strong><\/strong><\/strong> \u2013 <a href=\"https:\/\/managementpapers.polsl.pl\/wp-content\/uploads\/2023\/07\/173-Jokiel-M.pdf\">Cross-sector partnership from the perspective of various scientific theories &#8211; towards consolidating the phenomenon in management sciences<\/a><br>DOI: http:\/\/dx.doi.org\/10.29119\/1641-3466.2023.173.18<\/p>\n\n\n\n<p>19. <strong><strong><strong><strong>Magdalena KALI\u0143SKA-KULA<\/strong><\/strong><\/strong> \u2013 <\/strong><a href=\"https:\/\/managementpapers.polsl.pl\/wp-content\/uploads\/2023\/07\/173-Kali\u0144ska-Kula.pdf\">Consumer dimension of smart home in the perspective of Society 5.0 development<\/a><br>DOI: http:\/\/dx.doi.org\/10.29119\/1641-3466.2023.173.19<\/p>\n\n\n\n<p>20. <strong><strong><strong><strong>Giga KIKORIA, Marek SIKORA, Zezva SANIKIDZE<\/strong><\/strong><\/strong> \u2013<\/strong> <a href=\"https:\/\/managementpapers.polsl.pl\/wp-content\/uploads\/2023\/07\/173-Kikoria-Sikora-Sanikidze.pdf\">Entering the labour market: an empirical analysis in Poland and Georgia<\/a><br>DOI: http:\/\/dx.doi.org\/10.29119\/1641-3466.2023.173.20<\/p>\n\n\n\n<p>21. <strong><strong><strong><strong>Mariusz KMIECIK<\/strong><\/strong><\/strong><\/strong> <strong>\u2013 <\/strong><a href=\"https:\/\/managementpapers.polsl.pl\/wp-content\/uploads\/2023\/07\/173-Kmiecik.pdf\">Modelling of e-commerce packing line in the warehouse \u2013 case study<\/a><br>DOI: http:\/\/dx.doi.org\/10.29119\/1641-3466.2023.173.21<\/p>\n\n\n\n<p>22. <strong><strong><strong><strong>Anna KOMARNICKA<\/strong><\/strong><\/strong><\/strong> \u2013 <a href=\"https:\/\/managementpapers.polsl.pl\/wp-content\/uploads\/2023\/07\/173-Komarnicka.pdf\">The views of university students on developing competences and entrepreneurial attitudes among students of secondary schools in Poland<\/a><br>DOI: http:\/\/dx.doi.org\/10.29119\/1641-3466.2023.173.22<\/p>\n\n\n\n<p>23. <strong><strong><strong><strong>Alicja Katarzyna KRZEPICKA<\/strong><\/strong><\/strong><\/strong> \u2013 <a href=\"https:\/\/managementpapers.polsl.pl\/wp-content\/uploads\/2023\/07\/173-Krzepicka.pdf\">Partnership relationships in creating stakeholder value in today\u2019s marketplace<\/a><br>DOI: http:\/\/dx.doi.org\/10.29119\/1641-3466.2023.173.23<\/p>\n\n\n\n<p>24. <strong><strong><strong><strong>Micha\u0142 KURA, Aleksandra P\u0141ONKA<\/strong><\/strong><\/strong> <\/strong>\u2013 <a href=\"https:\/\/managementpapers.polsl.pl\/wp-content\/uploads\/2023\/07\/173-Kura-P\u0142onka.pdf\">A boutique cooperative bank \u2013 is it possible?<\/a><br>DOI: http:\/\/dx.doi.org\/10.29119\/1641-3466.2023.173.24<\/p>\n\n\n\n<p>25. <strong><strong><strong><strong>Wies\u0142awa KU\u0179NIAR, Bogdan WIERZBI\u0143SKI<\/strong><\/strong><\/strong><\/strong> \u2013 <a href=\"https:\/\/managementpapers.polsl.pl\/wp-content\/uploads\/2023\/07\/173-Kuzniar-Wierzbinski.pdf\">Selected aspects of the <em>sharing economy\u2019s<\/em> impact on local development, in the context of social benefits<\/a><br>DOI: http:\/\/dx.doi.org\/10.29119\/1641-3466.2023.173.25<\/p>\n\n\n\n<p>26. <strong><strong><strong><strong>Joanna LEMA\u0143CZYK, Andrzej SZYMKOWIAK<\/strong><\/strong><\/strong> <\/strong>\u2013 <a href=\"https:\/\/managementpapers.polsl.pl\/wp-content\/uploads\/2023\/07\/173-Lema\u0144czyk-Szymkowiak.pdf\">A decade of research on creating shared value conception: a structured systematic review and future research avenues<\/a><br>DOI: http:\/\/dx.doi.org\/10.29119\/1641-3466.2023.173.26<\/p>\n\n\n\n<p>27. <strong><strong><strong><strong>Joanna LEMA\u0143CZYK<\/strong><\/strong><\/strong><\/strong> <a>\u2013<\/a> <a href=\"https:\/\/managementpapers.polsl.pl\/wp-content\/uploads\/2023\/07\/173-Lema\u0144czyk.pdf\">CSV Revolution or evolution of the CSR concept<\/a><br>DOI: http:\/\/dx.doi.org\/10.29119\/1641-3466.2023.173.27<\/p>\n\n\n\n<p>28. <strong><strong><strong><strong>Alina LIPOWICZ-BUDZY\u0143SKA<\/strong><\/strong><\/strong><\/strong> \u2013 <a href=\"https:\/\/managementpapers.polsl.pl\/wp-content\/uploads\/2024\/07\/173-Lipowicz-Budzy\u0144ska.pdf\">Information and message in architecture as a form of social communication<\/a><br>DOI: http:\/\/dx.doi.org\/10.29119\/1641-3466.2023.173.28<\/p>\n\n\n\n<p>29. <strong><strong><strong><strong>Anna \u0141ASZKIEWICZ<\/strong><\/strong><\/strong> \u2013<\/strong> <a href=\"https:\/\/managementpapers.polsl.pl\/wp-content\/uploads\/2023\/07\/173-\u0141aszkiewicz.pdf\">The use of influencer marketing in marketing communication of places<\/a><br>DOI: http:\/\/dx.doi.org\/10.29119\/1641-3466.2023.173.29<\/p>\n\n\n\n<p>30. <strong><strong><strong><strong>Joanna MACALIK<\/strong><\/strong><\/strong><\/strong> <strong>\u2013 <\/strong><a href=\"https:\/\/managementpapers.polsl.pl\/wp-content\/uploads\/2023\/07\/173-Macalik.pdf\">Alpha wolves. Are local business leaders important for the region brand? Case study of Wroclaw agglomeration<\/a><br>DOI: http:\/\/dx.doi.org\/10.29119\/1641-3466.2023.173.30<\/p>\n\n\n\n<p>31. <strong><strong><strong><strong>Konstantinos MADIAS, Barbara BORUSIAK, Andrzej SZYMKOWIAK<\/strong><\/strong><\/strong> <\/strong>\u2013 <a href=\"https:\/\/managementpapers.polsl.pl\/wp-content\/uploads\/2023\/07\/173-Madias-Borusiak-Szymkowiak.pdf\">Innovative technology for sustainable behavior \u2013 investigating predictors of consumer intention to use smart water meters<\/a><br>DOI: http:\/\/dx.doi.org\/10.29119\/1641-3466.2023.173.31<\/p>\n","protected":false},"excerpt":{"rendered":"<p>Scientific Papers of Silesian University of Technology &#8211; Organization and Management Series &#8211; Issue No. 173 Click Here To Download Full Issue No. 173 1. Magdalena ALBI\u0143SKA, Edyta BIELI\u0143SKA-DUSZA \u2013 Pandemic Sars-Cov-2 and the sale of real estate \u2013 the case of the City of PoznanDOI: http:\/\/dx.doi.org\/10.29119\/1641-3466.2023.173.1 2. Krzysztof ANDRUSZKIEWICZ, Magdalena KASPROWICZ \u2013 Business concentration [&hellip;]<\/p>\n","protected":false},"author":2,"featured_media":0,"parent":0,"menu_order":0,"comment_status":"closed","ping_status":"closed","template":"","meta":{"footnotes":""},"class_list":["post-3354","page","type-page","status-publish","hentry"],"_links":{"self":[{"href":"https:\/\/managementpapers.polsl.pl\/index.php?rest_route=\/wp\/v2\/pages\/3354","targetHints":{"allow":["GET"]}}],"collection":[{"href":"https:\/\/managementpapers.polsl.pl\/index.php?rest_route=\/wp\/v2\/pages"}],"about":[{"href":"https:\/\/managementpapers.polsl.pl\/index.php?rest_route=\/wp\/v2\/types\/page"}],"author":[{"embeddable":true,"href":"https:\/\/managementpapers.polsl.pl\/index.php?rest_route=\/wp\/v2\/users\/2"}],"replies":[{"embeddable":true,"href":"https:\/\/managementpapers.polsl.pl\/index.php?rest_route=%2Fwp%2Fv2%2Fcomments&post=3354"}],"version-history":[{"count":7,"href":"https:\/\/managementpapers.polsl.pl\/index.php?rest_route=\/wp\/v2\/pages\/3354\/revisions"}],"predecessor-version":[{"id":4943,"href":"https:\/\/managementpapers.polsl.pl\/index.php?rest_route=\/wp\/v2\/pages\/3354\/revisions\/4943"}],"wp:attachment":[{"href":"https:\/\/managementpapers.polsl.pl\/index.php?rest_route=%2Fwp%2Fv2%2Fmedia&parent=3354"}],"curies":[{"name":"wp","href":"https:\/\/api.w.org\/{rel}","templated":true}]}}