{"id":2387,"date":"2022-12-01T08:31:50","date_gmt":"2022-12-01T07:31:50","guid":{"rendered":"https:\/\/managementpapers.polsl.pl\/?page_id=2387"},"modified":"2022-12-01T10:01:36","modified_gmt":"2022-12-01T09:01:36","slug":"scientific-papers-of-silesian-university-of-technology-organization-and-management-series-issue-no-160","status":"publish","type":"page","link":"https:\/\/managementpapers.polsl.pl\/?page_id=2387","title":{"rendered":"Scientific Papers of Silesian University of Technology \u2013 Organization and Management Series \u2013 Issue No. 160"},"content":{"rendered":"\n<p><strong>Scientific Papers of Silesian University of Technology &#8211; Organization and Management Series &#8211; Issue No. 160<\/strong><\/p>\n\n\n\n<p class=\"has-text-align-center\"><a href=\"https:\/\/managementpapers.polsl.pl\/wp-content\/uploads\/2022\/12\/ZN160.pdf\">Click Here To Download Full Issue No. 160<\/a><\/p>\n\n\n\n<p class=\"has-text-align-center\"><a href=\"https:\/\/managementpapers.polsl.pl\/wp-content\/uploads\/2022\/12\/160-Wprowadzenie.pdf\">Foreword<br><\/a><a href=\"https:\/\/managementpapers.polsl.pl\/wp-content\/uploads\/2022\/12\/160-wk\u0142adka.pdf\">Insert<\/a><br><a href=\"https:\/\/managementpapers.polsl.pl\/wp-content\/uploads\/2022\/12\/160-spis-tre\u015bci-angielski.pdf\">Table of contents<\/a><br><a href=\"https:\/\/managementpapers.polsl.pl\/wp-content\/uploads\/2022\/12\/160-Wykaz-recenzent\u00f3w.pdf\">List of reviewers<\/a><\/p>\n\n\n\n<p>1. <strong>Peter AKPAMAH, Andrea MATK\u00d3<\/strong> \u2013 <a href=\"https:\/\/managementpapers.polsl.pl\/wp-content\/uploads\/2022\/12\/160-Akpamah-Matko.pdf\">Trial of distributed leadership in institutional management<\/a> (page 9)<br>DOI: http:\/\/dx.doi.org\/10.29119\/1641-3466.2022.160.1<\/p>\n\n\n\n<p>2. <strong><strong>Maria BAJAK, Pawe\u0142 MAJERCZYK<\/strong> <\/strong>\u2013 <a href=\"https:\/\/managementpapers.polsl.pl\/wp-content\/uploads\/2022\/12\/160-Bajak-Majerczyk.pdf\">Identification of areas for optimising marketing communications via AI systems<\/a> (page 25)<br>DOI: http:\/\/dx.doi.org\/10.29119\/1641-3466.2022.160.2<\/p>\n\n\n\n<p>3. <strong><strong>Maria BAJAK, \u0141ukasz SPENDEL<\/strong><\/strong> <a>\u2013<\/a> <a href=\"https:\/\/managementpapers.polsl.pl\/wp-content\/uploads\/2022\/12\/160-Bajak-Spendel.pdf\">Building consumer engagement and loyalty while traversing the customer journey in the online space<\/a> (page 39)<br>DOI: http:\/\/dx.doi.org\/10.29119\/1641-3466.2022.160.3<\/p>\n\n\n\n<p>4. <strong><strong>Dorota BALCERZYK, Miko\u0142aj \u017bELAZNY<\/strong><\/strong> \u2013 <a href=\"https:\/\/managementpapers.polsl.pl\/wp-content\/uploads\/2022\/12\/160-Balcerzyk-\u017belazny.pdf\">Competences of the project manager<\/a> (page 53)<br>DOI: http:\/\/dx.doi.org\/10.29119\/1641-3466.2022.160.4<\/p>\n\n\n\n<p>5. <strong><strong>Yuliia BASHYNSKA<\/strong> <\/strong>\u2013 <a href=\"https:\/\/managementpapers.polsl.pl\/wp-content\/uploads\/2022\/12\/160-Bashynska.pdf\">Small Carpathian Circle as the most significant infrastructure project in western Ukraine<\/a> (page 71)<br>DOI: http:\/\/dx.doi.org\/10.29119\/1641-3466.2022.160.5<\/p>\n\n\n\n<p>6. <strong><strong>Ewa BILEWICZ<\/strong><\/strong> \u2013 <a href=\"https:\/\/managementpapers.polsl.pl\/wp-content\/uploads\/2022\/12\/160-Bilewicz.pdf\">The impact of external debt on Poland\u2019s economic growth<\/a> (page 83)<br>DOI: http:\/\/dx.doi.org\/10.29119\/1641-3466.2022.160.6<\/p>\n\n\n\n<p>7. <strong><strong>Agnieszka BITKOWSKA, Piotr KORNETA, Liliana HAWRYSZ<\/strong><\/strong> \u2013 <a href=\"https:\/\/managementpapers.polsl.pl\/wp-content\/uploads\/2022\/12\/160-Bitkowska-Korneta-Hawrysz.pdf\">Business processes and performance management of medium-sized outpatient clinics through the Sars-Cov-19 period. A case study from Poland<\/a> (page 95)<br>DOI: http:\/\/dx.doi.org\/10.29119\/1641-3466.2022.160.7<\/p>\n\n\n\n<p>8. <strong><strong>Rafa\u0142 BU\u0141A, Bart\u0142omiej JAB\u0141O\u0143SKI<\/strong> <\/strong>\u2013 <a href=\"https:\/\/managementpapers.polsl.pl\/wp-content\/uploads\/2022\/12\/160-Bu\u0142a-Jab\u0142o\u0144ski.pdf\">Investing in dividend vs. non-dividend stocks \u2013 efficiency assessment using fractal measures<\/a> (page 109)<br>DOI: http:\/\/dx.doi.org\/10.29119\/1641-3466.2022.160.8<\/p>\n\n\n\n<p>9. <strong><strong>Felicjan BYLOK<\/strong> <\/strong>\u2013 <a href=\"https:\/\/managementpapers.polsl.pl\/wp-content\/uploads\/2022\/12\/160-Bylok.pdf\">Social capital as a factor of development of a smart city<\/a> (page 129)<br>DOI: http:\/\/dx.doi.org\/10.29119\/1641-3466.2022.160.9<\/p>\n\n\n\n<p>10. <strong><strong>Mateusz CH\u0141\u0104D<\/strong> <\/strong>\u2013 <a href=\"https:\/\/managementpapers.polsl.pl\/wp-content\/uploads\/2022\/12\/160-Ch\u0142\u0105d.pdf\">Optimization of transport processes in an enterprise by the SMED method<\/a> (page 149)<br>DOI: http:\/\/dx.doi.org\/10.29119\/1641-3466.2022.160.10<\/p>\n\n\n\n<p>11. <strong><strong>Patryk FELICZEK, Justyna G\u00d3RNA, Aleksandra BUSZCZAK<\/strong> <\/strong>\u2013 <a href=\"https:\/\/managementpapers.polsl.pl\/wp-content\/uploads\/2022\/12\/160-Feliczek-G\u00f3rna-Buszczak.pdf\">Handling of medical devices\u2019 customer complaints on the example of companies based in Poland<\/a> (page 159)<br>DOI: http:\/\/dx.doi.org\/10.29119\/1641-3466.2022.160.11<\/p>\n\n\n\n<p>12. <strong><strong>Magdalena FOLWARCZNY-DRAGA<\/strong> <\/strong>\u2013 <a href=\"https:\/\/managementpapers.polsl.pl\/wp-content\/uploads\/2022\/12\/160-Folwarczny-Draga.pdf\">Directions for improving reports on environmental costs by mining companies<\/a> (page 173)<br>DOI: http:\/\/dx.doi.org\/10.29119\/1641-3466.2022.160.12<\/p>\n\n\n\n<p>13. <strong><strong>Bo\u017cena GAJDZIK<\/strong> \u2013 <\/strong><a href=\"https:\/\/managementpapers.polsl.pl\/wp-content\/uploads\/2022\/12\/160-Gajdzik.pdf\">Steel company in Industry 4.0: diagnosis of changes in direction to smart manufacturing based on case study<\/a> (page 193)<br>DOI: http:\/\/dx.doi.org\/10.29119\/1641-3466.2022.160.13<\/p>\n\n\n\n<p>14. <strong><strong>Andrzej GAZDA, Dominika SIWIEC, Andrzej PACANA<\/strong> <\/strong>\u2013 <a href=\"https:\/\/managementpapers.polsl.pl\/wp-content\/uploads\/2022\/12\/160-Gazda-Siwiec-Pacana.pdf\">Analysis of pro-environmental awareness and approach to making decisions in the context of sustainability<\/a> (page 213)<br>DOI: http:\/\/dx.doi.org\/10.29119\/1641-3466.2022.160.14<\/p>\n\n\n\n<p>15. <strong><strong>Adam GUMI\u0143SKI, Marek KUREK<\/strong><\/strong> \u2013 <a href=\"https:\/\/managementpapers.polsl.pl\/wp-content\/uploads\/2022\/12\/160-Gumi\u0144ski-Kurek.pdf\">The concept of the main dewatering model in a coal mine considering technical, managerial, and economic criteria<\/a> (page 227)<br>DOI: http:\/\/dx.doi.org\/10.29119\/1641-3466.2022.160.15<\/p>\n\n\n\n<p>16. <strong><strong>Nataliia HUSIATYNSKA, Mykola HUSIATYNSKYI, Tetiana CHORNA<\/strong> <\/strong>\u2013 <a href=\"https:\/\/managementpapers.polsl.pl\/wp-content\/uploads\/2022\/12\/160-Husiatynska-Husiatynskyi-Chorna.pdf\">Analysis of the main trends in the hotel and restaurant industry of Ukraine under the conditions of the Covid-19 pandemic<\/a> (page 245)<br>DOI: http:\/\/dx.doi.org\/10.29119\/1641-3466.2022.160.16<\/p>\n\n\n\n<p>17. <strong><strong>Anastasiia HUSIATYNSKA, Iryna SAMOILOVA<\/strong><\/strong> \u2013 <a href=\"https:\/\/managementpapers.polsl.pl\/wp-content\/uploads\/2022\/12\/160-Husiatynska-Samoilova.pdf\">Modern aspects of civil society interaction with local government bodies<\/a> (page 261)<br>DOI: http:\/\/dx.doi.org\/10.29119\/1641-3466.2022.160.17<\/p>\n\n\n\n<p>18. <strong><strong>Judyta KABUS<\/strong> <\/strong>\u2013 <a href=\"https:\/\/managementpapers.polsl.pl\/wp-content\/uploads\/2022\/12\/160-Kabus.pdf\">Managing the distribution process with an example of the FMCG market<\/a> (page 275)<br>DOI: http:\/\/dx.doi.org\/10.29119\/1641-3466.2022.160.18<\/p>\n\n\n\n<p>19. <strong><strong>Jacek KARCZ<\/strong> \u2013 <\/strong><a href=\"https:\/\/managementpapers.polsl.pl\/wp-content\/uploads\/2022\/12\/160-Karcz.pdf\">Assessment of investment opportunities for distribution center location in Poland<\/a> (page 287)<br>DOI: http:\/\/dx.doi.org\/10.29119\/1641-3466.2022.160.19<\/p>\n\n\n\n<p>20. <strong><strong>Ivan KATRENCIK, Monika ZATROCHOVA<\/strong> \u2013<\/strong> <a href=\"https:\/\/managementpapers.polsl.pl\/wp-content\/uploads\/2022\/12\/160-Katrencik-Zatrochova.pdf\">A study of household investment behavior in Slovakia due to the Covid-19 pandemic<\/a> (page 301)<br>DOI: http:\/\/dx.doi.org\/10.29119\/1641-3466.2022.160.20<\/p>\n\n\n\n<p>21. <strong><strong>Leszek KAZMIERCZAK-PIWKO, Arkadiusz ZAGAJEWSKI, Tomasz \u0141AGUTKO, Marcin SIKORA<\/strong><\/strong> <strong>\u2013 <\/strong><a href=\"https:\/\/managementpapers.polsl.pl\/wp-content\/uploads\/2022\/12\/160-Kazmierczak-Piwko-Zagajewski-\u0141agutko-Sikora.pdf\">The development of the e-commerce market as a challenge for maritime transport and shipping<\/a> (page 315)<br>DOI: http:\/\/dx.doi.org\/10.29119\/1641-3466.2022.160.21<\/p>\n\n\n\n<p>22. <strong><strong>Marcin KO\u0141ODZIEJSKI<\/strong> <\/strong>\u2013 <a href=\"https:\/\/managementpapers.polsl.pl\/wp-content\/uploads\/2022\/12\/160-Ko\u0142odziejski.pdf\">Permit to work and risk analysis as an element of safety management systems applied on oil and gas installations<\/a> (page 327)<br>DOI: http:\/\/dx.doi.org\/10.29119\/1641-3466.2022.160.22<\/p>\n\n\n\n<p>23. <strong><strong>Piotr KORDEL<\/strong><\/strong> \u2013 <a href=\"https:\/\/managementpapers.polsl.pl\/wp-content\/uploads\/2022\/12\/160-Kordel.pdf\">Entrepreneurial digital strategy as managerial tool for building smart hospital<\/a> (page 347)<br>DOI: http:\/\/dx.doi.org\/10.29119\/1641-3466.2022.160.23<\/p>\n\n\n\n<p>24. <strong><strong>Jolanta MAJ<\/strong> <\/strong>\u2013 <a href=\"https:\/\/managementpapers.polsl.pl\/wp-content\/uploads\/2022\/12\/160-Maj.pdf\">Satisfaction and performance of Generation Z in virtual and face-to-face teams<\/a> (page 363)<br>DOI: http:\/\/dx.doi.org\/10.29119\/1641-3466.2022.160.24<\/p>\n\n\n\n<p>25. <strong><strong>Ewa Wanda MARUSZEWSKA, Monika EISENBARDT, Maciej TUSZKIEWICZ<\/strong> <\/strong>\u2013 <a href=\"https:\/\/managementpapers.polsl.pl\/wp-content\/uploads\/2022\/12\/160-Maruszewska-Eisenbrandt-Tuszkiewicz.pdf\">Covid pandemic as a disruptive factor enhancing ICT use in social sciences\u2019 teaching practices<\/a> (page 383)<br>DOI: http:\/\/dx.doi.org\/10.29119\/1641-3466.2022.160.25<\/p>\n\n\n\n<p>26. <strong><strong>Rafa\u0142 MATUSIK<\/strong> <\/strong>\u2013 <a href=\"https:\/\/managementpapers.polsl.pl\/wp-content\/uploads\/2022\/12\/160-Matusik.pdf\">The concept of compulsory governance structure<\/a> (page 409)<br>DOI: http:\/\/dx.doi.org\/10.29119\/1641-3466.2022.160.26<\/p>\n\n\n\n<p>27. <strong><strong>Katarzyna MAZUR-W\u0141ODARCZYK, Iwona DROSIK<\/strong> <\/strong>\u2013 <a href=\"https:\/\/managementpapers.polsl.pl\/wp-content\/uploads\/2022\/12\/160-Mazur-Wlodarczyk-Drosik.pdf\">Chinese goldsmithing \u2013 luxury craft or luxury products?<\/a> (page 429)<br>DOI: http:\/\/dx.doi.org\/10.29119\/1641-3466.2022.160.27<\/p>\n\n\n\n<p>28. <strong><strong>Bartosz MICKIEWICZ, Joanna KOWALIK, Andrei TSIMAYEU<\/strong><\/strong> \u2013 <a href=\"https:\/\/managementpapers.polsl.pl\/wp-content\/uploads\/2022\/12\/160-Mickiewicz-Kowalik-Tsimayeu.pdf\">Problems in decision-making by young people to participate in entrepreneurial education programs<\/a> (page 443)<br>DOI: http:\/\/dx.doi.org\/10.29119\/1641-3466.2022.160.28<\/p>\n\n\n\n<p>29. <strong><strong>Csilla MIZSER<\/strong><\/strong> \u2013 <a href=\"https:\/\/managementpapers.polsl.pl\/wp-content\/uploads\/2022\/12\/160-Mizser.pdf\">Conflict management and leadership styles. Comparative case study with future leaders<\/a> (page 455)<br>DOI: http:\/\/dx.doi.org\/10.29119\/1641-3466.2022.160.29<\/p>\n\n\n\n<p>30. <strong><strong>Anna MUSIO\u0141, Mariola PARUZEL-CZACHURA<\/strong> <\/strong>\u2013 <a href=\"https:\/\/managementpapers.polsl.pl\/wp-content\/uploads\/2022\/12\/160-Musio\u0142-Paruzel-Czachura.pdf\">Know yourself: psychological concepts of the human being applied in helping professions using the example of coaching<\/a> (page 469)<br>DOI: http:\/\/dx.doi.org\/10.29119\/1641-3466.2022.160.30<\/p>\n\n\n\n<p>31. <strong><strong>Katarzyna OLEJNICZAK-SZUSTER, Micha\u0142 DZIADKIEWICZ<\/strong> <\/strong>\u2013 <a href=\"https:\/\/managementpapers.polsl.pl\/wp-content\/uploads\/2022\/12\/160-Olejniczak-Szuster-Dziadkiewicz.pdf\">The perception of the municipal housing manager&#8217;s CSR activities in the context of its stakeholders<\/a> (page 487)<br>DOI: http:\/\/dx.doi.org\/10.29119\/1641-3466.2022.160.31<\/p>\n\n\n\n<p>32. <strong><strong>Zaid OWAIS<\/strong><\/strong> \u2013 <a href=\"https:\/\/managementpapers.polsl.pl\/wp-content\/uploads\/2022\/12\/160-Owais.pdf\">Agile project management as a change management tool in dynamic construction projects, a necessity to coop with projects\u2019 increasing complexity and uncertainty<\/a> (page 499)<br>DOI: http:\/\/dx.doi.org\/10.29119\/1641-3466.2022.160.32<\/p>\n\n\n\n<p>33. <strong><strong>Szymon PAWLAK<\/strong> \u2013 <\/strong><a href=\"https:\/\/managementpapers.polsl.pl\/wp-content\/uploads\/2022\/12\/160-Pawlak.pdf\">The impact of Industry 4.0 on the employment structure in production plants<\/a> (page 515)<br>DOI: http:\/\/dx.doi.org\/10.29119\/1641-3466.2022.160.33<\/p>\n\n\n\n<p>34. <strong><strong>\u0141ukasz SIENKIEWICZ<\/strong> <\/strong>\u2013 <a href=\"https:\/\/managementpapers.polsl.pl\/wp-content\/uploads\/2022\/12\/160-Sienkiewicz.pdf\">Cultural determinants of evidence-based human resources management: a cross-country analysis<\/a> (page 527)<br>DOI: http:\/\/dx.doi.org\/10.29119\/1641-3466.2022.160.34<\/p>\n\n\n\n<p>35. <strong><strong>\u0141ukasz SKIBA<\/strong> <\/strong>\u2013 <a href=\"https:\/\/managementpapers.polsl.pl\/wp-content\/uploads\/2022\/12\/160-Skiba.pdf\">E-government \u2013 socially expected or officially imposed?<\/a> (page 547)<br>DOI: http:\/\/dx.doi.org\/10.29119\/1641-3466.2022.160.35<\/p>\n\n\n\n<p>36. <strong><strong>Jan Krzysztof SOLARZ, Krzysztof WALISZEWSKI<\/strong> <\/strong>\u2013 <a href=\"https:\/\/managementpapers.polsl.pl\/wp-content\/uploads\/2022\/12\/160-Solarz-Waliszewski.pdf\">From social distancing to the financial and medical services disintermediation during the Covid-19 pandemic<\/a> (page 561)<br>DOI: http:\/\/dx.doi.org\/10.29119\/1641-3466.2022.160.36<\/p>\n\n\n\n<p>37. <strong><strong>Miros\u0142aw SO\u0141TYSIAK, Dariusz ZAJ\u0104C<\/strong><\/strong> \u2013 <a href=\"https:\/\/managementpapers.polsl.pl\/wp-content\/uploads\/2022\/12\/160-So\u0142tysiak-Zaj\u0105c.pdf\">Diversification of the financial situation of territorial self-government units in terms of changes in the number of inhabitantss (example of eastern and western regions of Poland)<\/a> (page 577)<br>DOI: http:\/\/dx.doi.org\/10.29119\/1641-3466.2022.160.37<\/p>\n\n\n\n<p>38. <strong><strong>Kata Rebeka SZUCS, Regina Zsuzsanna REICHER<\/strong> <\/strong>\u2013 <a href=\"https:\/\/managementpapers.polsl.pl\/wp-content\/uploads\/2022\/12\/160-Szucs-Reicher.pdf\">Mobile health application evaluation possibilities<\/a> (page 595)<br>DOI: http:\/\/dx.doi.org\/10.29119\/1641-3466.2022.160.38<\/p>\n\n\n\n<p>39. <strong><strong>Dorota TENETA-SKWIERCZ, Ma\u0142gorzata SOBI\u0143SKA, Piotr BIA\u0141OW\u0104S<\/strong> <\/strong>\u2013 <a href=\"https:\/\/managementpapers.polsl.pl\/wp-content\/uploads\/2022\/12\/160-Teneta-Skwiercz-Sobi\u0144ska-Bia\u0142ow\u0105s.pdf\">The importance of teachers&#8217; cultural intelligence for the internationalization process of higher education<\/a> (page 613)<br>DOI: http:\/\/dx.doi.org\/10.29119\/1641-3466.2022.160.39<\/p>\n\n\n\n<p>40. <strong><strong>Tomasz W\u0118GRZYN, Bo\u017cena SZCZUCKA-LASOTA, Adam D\u00d6RING<\/strong> <\/strong>\u2013 <a href=\"https:\/\/managementpapers.polsl.pl\/wp-content\/uploads\/2022\/12\/160-W\u0119grzyn-Szczucka-Lasota-Doring.pdf\">Welding of 690 QL steel for the construction of vehicles and antenna elements<\/a> (page 631)<br>DOI: http:\/\/dx.doi.org\/10.29119\/1641-3466.2022.160.40<\/p>\n\n\n\n<p>41. <strong><strong>Rados\u0142aw WOLNIAK<\/strong> <\/strong>\u2013 <a href=\"https:\/\/managementpapers.polsl.pl\/wp-content\/uploads\/2022\/12\/160-Wolniak-1.pdf\">Project management standards<\/a> (page 639)<br>DOI: http:\/\/dx.doi.org\/10.29119\/1641-3466.2022.160.41<\/p>\n\n\n\n<p>42. <strong><strong><strong><strong>Rados\u0142aw WOLNIAK<\/strong><\/strong><\/strong> <\/strong>\u2013 <a href=\"https:\/\/managementpapers.polsl.pl\/wp-content\/uploads\/2022\/12\/160-Wolniak-2.pdf\">Sustainable engineering<\/a> (page 655)<br>DOI: http:\/\/dx.doi.org\/10.29119\/1641-3466.2022.160.40<\/p>\n\n\n\n<p>43. <strong><strong><strong>Marzena W\u00d3JCIK, Wies\u0142aw \u0141UKASI\u0143SKI<\/strong><\/strong> <\/strong>\u2013 <a href=\"https:\/\/managementpapers.polsl.pl\/wp-content\/uploads\/2022\/12\/160-W\u00f3jcik-\u0141ukasi\u0144ski.pdf\">Challenges determining the implementation of remote work in the opinion of the representatives of Generation Z in Poland<\/a> (page 669)<br>DOI: http:\/\/dx.doi.org\/10.29119\/1641-3466.2022.160.41<\/p>\n\n\n\n<p>44. <strong><strong><strong>Wojciech ZALEWSKI, Magdalena OSI\u0143SKA, Lidia CHYLEWSKA-BARAKAT<\/strong><\/strong> <\/strong>\u2013 <a href=\"https:\/\/managementpapers.polsl.pl\/wp-content\/uploads\/2022\/12\/160-Zalewski-Osi\u0144ska-Chylewska-Barakat.pdf\">Covid-19 pandemic as a factor increasing truck drivers&#8217; stress<\/a> (page 685)<br>DOI: http:\/\/dx.doi.org\/10.29119\/1641-3466.2022.160.41<\/p>\n","protected":false},"excerpt":{"rendered":"<p>Scientific Papers of Silesian University of Technology &#8211; Organization and Management Series &#8211; Issue No. 160 Click Here To Download Full Issue No. 160 ForewordInsertTable of contentsList of reviewers 1. Peter AKPAMAH, Andrea MATK\u00d3 \u2013 Trial of distributed leadership in institutional management (page 9)DOI: http:\/\/dx.doi.org\/10.29119\/1641-3466.2022.160.1 2. Maria BAJAK, Pawe\u0142 MAJERCZYK \u2013 Identification of areas for [&hellip;]<\/p>\n","protected":false},"author":2,"featured_media":0,"parent":0,"menu_order":0,"comment_status":"closed","ping_status":"closed","template":"","meta":{"footnotes":""},"class_list":["post-2387","page","type-page","status-publish","hentry"],"_links":{"self":[{"href":"https:\/\/managementpapers.polsl.pl\/index.php?rest_route=\/wp\/v2\/pages\/2387","targetHints":{"allow":["GET"]}}],"collection":[{"href":"https:\/\/managementpapers.polsl.pl\/index.php?rest_route=\/wp\/v2\/pages"}],"about":[{"href":"https:\/\/managementpapers.polsl.pl\/index.php?rest_route=\/wp\/v2\/types\/page"}],"author":[{"embeddable":true,"href":"https:\/\/managementpapers.polsl.pl\/index.php?rest_route=\/wp\/v2\/users\/2"}],"replies":[{"embeddable":true,"href":"https:\/\/managementpapers.polsl.pl\/index.php?rest_route=%2Fwp%2Fv2%2Fcomments&post=2387"}],"version-history":[{"count":4,"href":"https:\/\/managementpapers.polsl.pl\/index.php?rest_route=\/wp\/v2\/pages\/2387\/revisions"}],"predecessor-version":[{"id":2392,"href":"https:\/\/managementpapers.polsl.pl\/index.php?rest_route=\/wp\/v2\/pages\/2387\/revisions\/2392"}],"wp:attachment":[{"href":"https:\/\/managementpapers.polsl.pl\/index.php?rest_route=%2Fwp%2Fv2%2Fmedia&parent=2387"}],"curies":[{"name":"wp","href":"https:\/\/api.w.org\/{rel}","templated":true}]}}