{"id":2075,"date":"2022-06-06T11:54:47","date_gmt":"2022-06-06T09:54:47","guid":{"rendered":"http:\/\/managementpapers.polsl.pl\/?page_id=2075"},"modified":"2022-10-03T07:51:15","modified_gmt":"2022-10-03T05:51:15","slug":"scientific-papers-of-silesian-university-of-technology-organization-and-management-series-issue-no-157","status":"publish","type":"page","link":"https:\/\/managementpapers.polsl.pl\/?page_id=2075","title":{"rendered":"Scientific Papers of Silesian University of Technology \u2013 Organization and Management Series \u2013 Issue No. 157"},"content":{"rendered":"\n<p><strong>Scientific Papers of Silesian University of Technology &#8211; Organization and Management Series &#8211; Issue No. 157<\/strong><\/p>\n\n\n\n<p class=\"has-text-align-center\"><a href=\"http:\/\/managementpapers.polsl.pl\/wp-content\/uploads\/2022\/08\/ZN157.pdf\">Click Here To Download Full Issue No. 157<\/a><\/p>\n\n\n\n<p class=\"has-text-align-center\"><a href=\"http:\/\/managementpapers.polsl.pl\/wp-content\/uploads\/2022\/07\/Wprowadzenie.pdf\">Foreword<br><\/a><a href=\"http:\/\/managementpapers.polsl.pl\/wp-content\/uploads\/2022\/07\/wk\u0142adka.pdf\">Insert<\/a><br><a href=\"http:\/\/managementpapers.polsl.pl\/wp-content\/uploads\/2022\/07\/spis-tre\u015bci-angielski.pdf\">Table of contents<\/a><br><a href=\"http:\/\/managementpapers.polsl.pl\/wp-content\/uploads\/2022\/07\/Wykaz-recenzent\u00f3w157.pdf\">List of reviewers<\/a><\/p>\n\n\n\n<p>1. <strong>Dorota BALCERZYK, Dariusz KARCZEWSKI<\/strong> \u2013 <a href=\"http:\/\/managementpapers.polsl.pl\/wp-content\/uploads\/2022\/07\/Balcerzyk-Karczewski.pdf\">The competencies of a manager as a factor contributing to the success of a company in the VUCA environment<\/a> (page 9)<br>DOI: http:\/\/dx.doi.org\/10.29119\/1641-3466.2022.157.1<\/p>\n\n\n\n<p>2. <strong><strong>Agnieszka BARCIK<\/strong><\/strong> <a>\u2013<\/a> <a href=\"http:\/\/managementpapers.polsl.pl\/wp-content\/uploads\/2022\/07\/Barcik.pdf\">Selected aspects of crisis management in the workplace with regard to pandemic challenges<\/a> (page 25)<br>DOI: http:\/\/dx.doi.org\/10.29119\/1641-3466.2022.157.2<\/p>\n\n\n\n<p>3. <strong><strong>Beata BARCZAK, Mariusz SO\u0141TYSIK, Szymon JAROSZ, Ma\u0142gorzata ZAKRZEWSKA, Artur KOZ\u0141OWSKI<\/strong><\/strong> \u2013 <a href=\"http:\/\/managementpapers.polsl.pl\/wp-content\/uploads\/2022\/07\/Barczak-So\u0142tysik-Jarosz-Zakrzewska-Koz\u0142owski.pdf\">The impact of digital transformation on changes in business models. Will Covid-19 accelerate change?<\/a> (page 45)<br>DOI: http:\/\/dx.doi.org\/10.29119\/1641-3466.2022.157.3<\/p>\n\n\n\n<p>4. <strong><strong>Jan BETTA, Joanna IWKO<\/strong><\/strong> \u2013 <a href=\"http:\/\/managementpapers.polsl.pl\/wp-content\/uploads\/2022\/07\/Betta-Iwko.pdf\">Quality of scrum team management using fuzzy numbers<\/a> (page 63)<br>DOI: http:\/\/dx.doi.org\/10.29119\/1641-3466.2022.157.4<\/p>\n\n\n\n<p>5. <strong><strong>Rados\u0142aw DROZD<\/strong><\/strong> \u2013 <a href=\"http:\/\/managementpapers.polsl.pl\/wp-content\/uploads\/2022\/07\/Drozd.pdf\">Health safety of bread in small bakeries<\/a> (page 83)<br>DOI: http:\/\/dx.doi.org\/10.29119\/1641-3466.2022.157.5<\/p>\n\n\n\n<p>6. <strong><strong>Piotr DZIWI\u0143SKI<\/strong><\/strong> \u2013 <a href=\"http:\/\/managementpapers.polsl.pl\/wp-content\/uploads\/2022\/07\/Dziwi\u0144ski.pdf\">Leadership and managing stress in the organization<\/a> (page 97)<br>DOI: http:\/\/dx.doi.org\/10.29119\/1641-3466.2022.157.6<\/p>\n\n\n\n<p>7. <strong><strong>Bo\u017cena GAJDZIK, Michalene GREBSKI<\/strong><\/strong> \u2013 <a href=\"http:\/\/managementpapers.polsl.pl\/wp-content\/uploads\/2022\/07\/Gajdzik-Grebski.pdf\">Human factor in Industry 4.0: about skills of operators in steelworks 4.0<\/a> (page 119)<br>DOI: http:\/\/dx.doi.org\/10.29119\/1641-3466.2022.157.7<\/p>\n\n\n\n<p>8. <strong><strong>Bo\u017cena GAJDZIK, Grzegorz KOPE\u0106<\/strong><\/strong> \u2013 <a href=\"http:\/\/managementpapers.polsl.pl\/wp-content\/uploads\/2022\/07\/Gajdzik-Kope\u0107.pdf\">General assumptions for project management in Industry 4.0<\/a> (page 133)<br>DOI: http:\/\/dx.doi.org\/10.29119\/1641-3466.2022.157.8<\/p>\n\n\n\n<p>9. <strong><strong>Michalene Eva GREBSKI, Bo\u017cena GAJDZIK<\/strong><\/strong> \u2013 <a href=\"http:\/\/managementpapers.polsl.pl\/wp-content\/uploads\/2022\/07\/Grebski-Gajdzik.pdf\">Psychological safety of employees (necessity or option)<\/a> (page 145)<br>DOI: http:\/\/dx.doi.org\/10.29119\/1641-3466.2022.157.9<\/p>\n\n\n\n<p>10. <strong><strong>Marzena HAJDUK-STELMACHOWICZ, Paulina BE\u0141CH, Dominika SIWIEC, Lucia BEDN\u00c1ROV\u00c1, Andrzej PACANA<\/strong><\/strong> \u2013 <a href=\"http:\/\/managementpapers.polsl.pl\/wp-content\/uploads\/2022\/07\/Hajduk-Stelmachowicz-Be\u0142ch-Siwiec-Bednarova-Pacana.pdf\">Instruments used to improve the betterment of products quality<\/a> (page 157)<br>DOI: http:\/\/dx.doi.org\/10.29119\/1641-3466.2022.157.10<\/p>\n\n\n\n<p>11. <strong><strong>Szymon JAROSZ, Mariusz SO\u0141TYSIK, Ma\u0142gorzata ZAKRZEWSKA, Karol W\u0141ODYKA, Czes\u0142aw MESJASZ, Artur KOZ\u0141OWSKI<\/strong><\/strong> \u2013 <a href=\"http:\/\/managementpapers.polsl.pl\/wp-content\/uploads\/2022\/07\/Jarosz-So\u0142tysik-Zakrzewska-W\u0142odyka-Mesjasz-Koz\u0142owski.pdf\">Innovation and sustainability as a crucial trend in energy sector project management \u2013 literature review<\/a> (page 173)<br>DOI: http:\/\/dx.doi.org\/10.29119\/1641-3466.2022.157.11<\/p>\n\n\n\n<p>12. <strong>Robert KAMI\u0143ISKI<\/strong> \u2013 <a href=\"http:\/\/managementpapers.polsl.pl\/wp-content\/uploads\/2022\/07\/Kami\u0144ski-R.pdf\">Project manager type and project success<\/a> (page 195)<br>DOI: http:\/\/dx.doi.org\/10.29119\/1641-3466.2022.157.12<\/p>\n\n\n\n<p>13. <strong>W\u0142odzimierz KAMI\u0143SKI<\/strong> \u2013 <a href=\"http:\/\/managementpapers.polsl.pl\/wp-content\/uploads\/2022\/07\/Kami\u0144ski-W-1.pdf\">Application of risk management in day-to-day operation of sea-going vessels<\/a> (page 207)<br>DOI: http:\/\/dx.doi.org\/10.29119\/1641-3466.2022.157.13<\/p>\n\n\n\n<p>14. <strong>W\u0142odzimierz KAMI\u0143SKI<\/strong> \u2013 <a href=\"http:\/\/managementpapers.polsl.pl\/wp-content\/uploads\/2022\/07\/Kami\u0144ski-W-2.pdf\">Implementation of energy efficiency management in shipping companies and ships in operation<\/a> (page 223)<br>DOI: http:\/\/dx.doi.org\/10.29119\/1641-3466.2022.157.14<\/p>\n\n\n\n<p>15. <strong><strong>W\u0142odzimierz KAMINSKI, Marcin SZCZEPANEK<\/strong><\/strong> \u2013 <a href=\"http:\/\/managementpapers.polsl.pl\/wp-content\/uploads\/2022\/07\/Kami\u0144ski-Szczepanek-1.pdf\">Analysis of hot work procedures applied on board sea going vessels required by safety management system<\/a> (page 237)<br>DOI: http:\/\/dx.doi.org\/10.29119\/1641-3466.2022.157.15<\/p>\n\n\n\n<p>16. <strong><strong>W\u0142odzimierz KAMI\u0143SKI, Marcin SZCZEPANEK<\/strong><\/strong> \u2013 <a href=\"http:\/\/managementpapers.polsl.pl\/wp-content\/uploads\/2022\/07\/Kami\u0144ski-Szczepanek-2.pdf\">Risk management as a shipping companies tool for safe management of sea-going vessels<\/a> (page 255)<br>DOI: http:\/\/dx.doi.org\/10.29119\/1641-3466.2022.157.16<\/p>\n\n\n\n<p>17. <strong><strong>Norbert KAW\u0118CKI<\/strong><\/strong> \u2013 <a href=\"http:\/\/managementpapers.polsl.pl\/wp-content\/uploads\/2022\/07\/Kaw\u0119cki-1.pdf\">Historical aspects of management, technology, innovation and economic growth in Great Britain<\/a> (page 267)<br>DOI: http:\/\/dx.doi.org\/10.29119\/1641-3466.2022.157.17<\/p>\n\n\n\n<p>18. <strong><strong>Norbert KAW\u0118CKI<\/strong><\/strong> \u2013 <a href=\"http:\/\/managementpapers.polsl.pl\/wp-content\/uploads\/2022\/07\/Kaw\u0119cki-2.pdf\">The global automotive consumer \u2013 case study<\/a> (page 281)<br>DOI: http:\/\/dx.doi.org\/10.29119\/1641-3466.2022.157.18<\/p>\n\n\n\n<p>19. <strong><strong>Aleksander LOTKO<\/strong><\/strong> \u2013 <a href=\"http:\/\/managementpapers.polsl.pl\/wp-content\/uploads\/2022\/07\/Lotko.pdf\">The identity of the selected automotive brand based on the analysis of advertisements<\/a> (page 293)<br>DOI: http:\/\/dx.doi.org\/10.29119\/1641-3466.2022.157.19<\/p>\n\n\n\n<p>20. <strong><strong>Mariola MAMCARCZYK<\/strong><\/strong> \u2013 <a href=\"http:\/\/managementpapers.polsl.pl\/wp-content\/uploads\/2022\/07\/Mamcarczyk.pdf\">Cultural and sports activity of seniors in the Ma\u0142opolskie voivodeship<\/a> (page 309)<br>DOI: http:\/\/dx.doi.org\/10.29119\/1641-3466.2022.157.20<\/p>\n\n\n\n<p>21. <strong><strong>Ryszard MARSZOWSKI, Piotr KUCHARSKI, Anna PILCH<\/strong><\/strong> \u2013 <a href=\"http:\/\/managementpapers.polsl.pl\/wp-content\/uploads\/2022\/07\/Marszowski-Kucharski-Pilch-1.pdf\">Mining municipalities and districts in Poland in the perspective of equitable transformation<\/a> (page 327)<br>DOI: http:\/\/dx.doi.org\/10.29119\/1641-3466.2022.157.21<\/p>\n\n\n\n<p>22. <strong><strong>Ryszard MARSZOWSKI, Piotr KUCHARSKI, Anna PILCH<\/strong><\/strong> \u2013 <a href=\"http:\/\/managementpapers.polsl.pl\/wp-content\/uploads\/2022\/07\/Marszowski-Kucharski-Pilch-2.pdf\">Pszczyna poviat in the perspective of a green economy. Case study in well-being and living research<\/a> (page 345)<br>DOI: http:\/\/dx.doi.org\/10.29119\/1641-3466.2022.157.22<\/p>\n\n\n\n<p>23. <strong><strong>Katarzyna OLEJNICZAK-SZUSTER, Katarzyna \u0141UKASIK<\/strong><\/strong> \u2013 <a href=\"http:\/\/managementpapers.polsl.pl\/wp-content\/uploads\/2022\/07\/Olejniczak-Szuster-\u0141ukasik.pdf\">Perception of sustainable sport sponsorship in terms of sustainable development and corporate social responsibility in the era of the Covid-19 pandemic<\/a> (page 363)<br>DOI: http:\/\/dx.doi.org\/10.29119\/1641-3466.2022.157.23<\/p>\n\n\n\n<p>24. <strong><strong>Andrzej PACANA, Karolina CZERWI\u0143SKA, Michalene Eva GREBSKI<\/strong><\/strong> \u2013 <a href=\"http:\/\/managementpapers.polsl.pl\/wp-content\/uploads\/2022\/07\/Pacana-Czerwi\u0144ska-Grebski.pdf\">Analysis of development processes effectiveness using KPI<\/a> (page 387)<br>DOI: http:\/\/dx.doi.org\/10.29119\/1641-3466.2022.157.24<\/p>\n\n\n\n<p>25. <strong><strong>Mieczys\u0142aw PAW\u0141OWSKI, \u0141ukasz WIECHETEK<\/strong><\/strong> \u2013 <a href=\"http:\/\/managementpapers.polsl.pl\/wp-content\/uploads\/2022\/07\/Paw\u0142owski-Wiechetek.pdf\">Customer engagement projects within the organizational context: a case of B2B e-commerce<\/a> (page 397)<br>DOI: http:\/\/dx.doi.org\/10.29119\/1641-3466.2022.157.25<\/p>\n\n\n\n<p>26. <strong><strong>Jerzy R\u00d3\u017bA\u0143SKI, Justyna BOGO\u0141\u0118BSKA<\/strong><\/strong> \u2013 <a href=\"http:\/\/managementpapers.polsl.pl\/wp-content\/uploads\/2022\/07\/R\u00f3\u017ca\u0144ski-Bogo\u0142\u0119bska.pdf\">Capital structure of enterprises in the process of internationalization<\/a> (page 417)<br>DOI: http:\/\/dx.doi.org\/10.29119\/1641-3466.2022.157.26<\/p>\n\n\n\n<p>27. <strong><strong>Adam SAMBORSKI<\/strong><\/strong> \u2013 <a href=\"http:\/\/managementpapers.polsl.pl\/wp-content\/uploads\/2022\/07\/Samborski.pdf\">Business targets and corporate governance models<\/a> (page 431)<br>DOI: http:\/\/dx.doi.org\/10.29119\/1641-3466.2022.157.27<\/p>\n\n\n\n<p>28. <strong><strong>Urszula SAMOTYJA, Magdalena ANKIEL<\/strong><\/strong> \u2013 <a href=\"http:\/\/managementpapers.polsl.pl\/wp-content\/uploads\/2022\/07\/Samotyja-Ankiel.pdf\">Shelf-life labelling system in the opinion of food market participants in Poland<\/a> (page 447)<br>DOI: http:\/\/dx.doi.org\/10.29119\/1641-3466.2022.157.28<\/p>\n\n\n\n<p>29. <strong><strong>Maria SCHULDERS<\/strong><\/strong> \u2013 <a href=\"http:\/\/managementpapers.polsl.pl\/wp-content\/uploads\/2022\/07\/Schulders-.pdf\">Political instability as a risk factor for PPP project success \u2013 a case study of the Hungarian M1\/M15 motorway project<\/a> (page 469)<br>DOI: http:\/\/dx.doi.org\/10.29119\/1641-3466.2022.157.29<\/p>\n\n\n\n<p>30. <strong><strong>Katarzyna SIENKIEWICZ-MA\u0141YJUREK<\/strong><\/strong> \u2013 <a href=\"http:\/\/managementpapers.polsl.pl\/wp-content\/uploads\/2022\/07\/Sienkiewicz-Ma\u0142yjurek.pdf\">Social capital and resilience of public governance networks<\/a> (page 483)<br>DOI: http:\/\/dx.doi.org\/10.29119\/1641-3466.2022.157.30<\/p>\n\n\n\n<p>31. <strong><strong>Dominika SIWIEC, Paulina BE\u0141CH, Marzena HAJDUK-STELMACHOWICZ, Andrzej PACANA, Lucia BEDN\u00c1ROV\u00c1<\/strong><\/strong> \u2013 <a href=\"http:\/\/managementpapers.polsl.pl\/wp-content\/uploads\/2022\/07\/Siwiec-Be\u0142ch-Hajduk-Stelmachowicz-Pacana-Bednarova.pdf\">Determinants of making decisions in improving the quality of products<\/a> (page 497)<br>DOI: http:\/\/dx.doi.org\/10.29119\/1641-3466.2022.157.31<\/p>\n\n\n\n<p>32. <strong><strong>Kinga SMOLI\u0143SKA, Karolina J\u00d3ZEFOWICZ, Lucia BEDN\u00c1ROV\u00c1<\/strong><\/strong> <strong>\u2013 <\/strong><a href=\"http:\/\/managementpapers.polsl.pl\/wp-content\/uploads\/2022\/07\/Smoli\u0144ska-J\u00f3zefowicz-Bednarova.pdf\">European integration and development of the EU-10 countries in view of selected social phenomena<\/a> (page 509)<br>DOI: http:\/\/dx.doi.org\/10.29119\/1641-3466.2022.157.32<\/p>\n\n\n\n<p>33. <strong><strong>Julianna STASICKA, Igor SZYMA\u0143SKI<\/strong><\/strong> <strong>\u2013 <\/strong><a href=\"http:\/\/managementpapers.polsl.pl\/wp-content\/uploads\/2022\/07\/Stasicka-Szyma\u0144ski.pdf\">Employee satisfaction \u2013 empirical study among medical record clerks in Poland<\/a> (page 523)<br>DOI: http:\/\/dx.doi.org\/10.29119\/1641-3466.2022.157.33<\/p>\n\n\n\n<p>34. <strong><strong>Joanna STASZEWSKA<\/strong><\/strong> <strong>\u2013 <\/strong><a href=\"http:\/\/managementpapers.polsl.pl\/wp-content\/uploads\/2022\/07\/Staszewska.pdf\">The impact of energy transition on the changes to the energy company&#8217;s business model<\/a> (page 537)<br>DOI: http:\/\/dx.doi.org\/10.29119\/1641-3466.2022.157.34<\/p>\n\n\n\n<p>35. <strong><strong>Waldemar SZCZEPANIAK<\/strong><\/strong> \u2013 <a href=\"http:\/\/managementpapers.polsl.pl\/wp-content\/uploads\/2022\/07\/Szczepaniak.pdf\">Success of the project implemented in a consortium \u2013 analysis of key factors from the enterprises point of view<\/a> (page 559)<br>DOI: http:\/\/dx.doi.org\/10.29119\/1641-3466.2022.157.35<\/p>\n\n\n\n<p>36. <strong><strong>Bo\u017cena SZCZUCKA-LASOTA, Kamil WALIG\u00d3RA, Tomasz W\u0118GRZYN, \u0141ukasz WSZO\u0141EK<\/strong><\/strong> <strong>\u2013 <\/strong><a href=\"http:\/\/managementpapers.polsl.pl\/wp-content\/uploads\/2022\/07\/Szczucka-Lasota-Walig\u00f3ra-W\u0119grzyn-Wszo\u0142ek.pdf\">Initial assessment of the quality of road surfaces<\/a> (page 571)<br>DOI: http:\/\/dx.doi.org\/10.29119\/1641-3466.2022.157.36<\/p>\n\n\n\n<p>37. <strong><strong>Katarzyna SZUPER<\/strong><\/strong> <strong>\u2013 <\/strong><a href=\"http:\/\/managementpapers.polsl.pl\/wp-content\/uploads\/2022\/07\/Szuper.pdf\">Methods of managing innovation in the enterprise<\/a> (page 579)<br>DOI: http:\/\/dx.doi.org\/10.29119\/1641-3466.2022.157.37<\/p>\n\n\n\n<p>38. <strong><strong>Tomasz TROJANOWSKI, Pawe\u0142 Tadeusz KAZIBUDZKI<\/strong><\/strong> <strong>\u2013 <\/strong><a href=\"http:\/\/managementpapers.polsl.pl\/wp-content\/uploads\/2022\/07\/Trojanowski-Kazibudzki.pdf\">Survey of society expectations towards sustainable 4P in the new public management perspective<\/a> (page 589)<br>DOI: http:\/\/dx.doi.org\/10.29119\/1641-3466.2022.157.38<\/p>\n\n\n\n<p>39. <strong><strong>Agnieszka TYLEC<\/strong><\/strong> <strong>\u2013<\/strong> <a href=\"http:\/\/managementpapers.polsl.pl\/wp-content\/uploads\/2022\/07\/Tylec.pdf\">ESG reporting framework in Poland \u2013 the current state of affairs and perspectives<\/a> (page 609)<br>DOI: http:\/\/dx.doi.org\/10.29119\/1641-3466.2022.157.39<\/p>\n\n\n\n<p>40. <strong><strong>Tomasz W\u0118GRZYN, Bo\u017cena SZCZUCKA-LASOTA, Kinga KUROWSKA-WILCZY\u0143SKA, Adam DORING<\/strong><\/strong> <strong>\u2013 <\/strong><a href=\"http:\/\/managementpapers.polsl.pl\/wp-content\/uploads\/2022\/07\/W\u0119grzyn-Szczucka-Lasota-Kurowska-Wilczy\u0144ska-Doring.pdf\">New concept of gas mixtures for welding high-strength steel S960 MC<\/a> (page 623)<br>DOI: http:\/\/dx.doi.org\/10.29119\/1641-3466.2022.157.40<\/p>\n\n\n\n<p>41. <strong><strong>Ma\u0142gorzata Z. WI\u015aNIEWSKA, Tomasz GRYBEK, Piotr GRUDOWSKI<\/strong><\/strong> <strong>\u2013 <\/strong><a href=\"http:\/\/managementpapers.polsl.pl\/wp-content\/uploads\/2022\/07\/Wi\u015bniewska-Grybek-Grudowski.pdf\">The protective measures against SARS-COV-2 infection in the seafood company from the perspective of the employees<\/a> (page 631)<br>DOI: http:\/\/dx.doi.org\/10.29119\/1641-3466.2022.157.41<\/p>\n\n\n\n<p>42. <strong><strong>Ma\u0142gorzata WI\u015aNIEWSKA, Ewa MARJA\u0143SKA, Piotr GRUDOWSKI<\/strong><\/strong> <strong>\u2013 <\/strong><a href=\"http:\/\/managementpapers.polsl.pl\/wp-content\/uploads\/2022\/07\/Wi\u015bniewska-Marja\u0144ska-Grudowski.pdf\">Just culture maturity questionnaire validation in a Polish hospital<\/a> (page 649)<br>DOI: http:\/\/dx.doi.org\/10.29119\/1641-3466.2022.157.42<\/p>\n\n\n\n<p>43. <strong><strong>Rados\u0142aw WOLNIAK<\/strong><\/strong> <strong>\u2013 <\/strong><a href=\"http:\/\/managementpapers.polsl.pl\/wp-content\/uploads\/2022\/07\/Wolniak-1.pdf\">Management of engineering teams<\/a> (page 667)<br>DOI: http:\/\/dx.doi.org\/10.29119\/1641-3466.2022.157.43<\/p>\n\n\n\n<p>44. <strong><strong>Rados\u0142aw WOLNIAK<\/strong><\/strong> <strong>\u2013 <\/strong><a href=\"http:\/\/managementpapers.polsl.pl\/wp-content\/uploads\/2022\/07\/Wolniak-2.pdf\">Project management in engeenering<\/a> (page 685)<br>DOI: http:\/\/dx.doi.org\/10.29119\/1641-3466.2022.157.44<\/p>\n\n\n\n<p>45. <strong><strong>Ma\u0142gorzata ZAKRZEWSKA<\/strong><\/strong> <strong>\u2013 <\/strong><a href=\"http:\/\/managementpapers.polsl.pl\/wp-content\/uploads\/2022\/07\/Zakrzewska.pdf\">Sustainable project management concept development and research directions review<\/a> (page 699)<br>DOI: http:\/\/dx.doi.org\/10.29119\/1641-3466.2022.157.45<\/p>\n\n\n\n<p>46. <strong><strong>Wojciech ZALEWSKI, Magdalena OSI\u0143SKA, Miros\u0142awa \u017bUREK<\/strong><\/strong> <strong>\u2013 <\/strong><a href=\"http:\/\/managementpapers.polsl.pl\/wp-content\/uploads\/2022\/08\/Zalewski-Osi\u0144ska-\u017burek.pdf\">Do telematics technologies help to manage road transport enterprises? Evidence from SME in Poland<\/a> (page 723)<br>DOI: http:\/\/dx.doi.org\/10.29119\/1641-3466.2022.157.46<\/p>\n\n\n\n<p>47. <strong><strong>Paulina ZWOLENIK, Andrzej PACANA, Lucia BEDN\u00c1ROV\u00c1<\/strong><\/strong> <strong>\u2013 <\/strong><a href=\"http:\/\/managementpapers.polsl.pl\/wp-content\/uploads\/2022\/07\/Zwolenik-Pacana-Bednarova.pdf\">Improvement of the machine control process using the work standardisation card<\/a> (page 743)<br>DOI: http:\/\/dx.doi.org\/10.29119\/1641-3466.2022.157.47<\/p>\n","protected":false},"excerpt":{"rendered":"<p>Scientific Papers of Silesian University of Technology &#8211; Organization and Management Series &#8211; Issue No. 157 Click Here To Download Full Issue No. 157 ForewordInsertTable of contentsList of reviewers 1. Dorota BALCERZYK, Dariusz KARCZEWSKI \u2013 The competencies of a manager as a factor contributing to the success of a company in the VUCA environment (page [&hellip;]<\/p>\n","protected":false},"author":2,"featured_media":0,"parent":0,"menu_order":0,"comment_status":"closed","ping_status":"closed","template":"","meta":{"footnotes":""},"class_list":["post-2075","page","type-page","status-publish","hentry"],"_links":{"self":[{"href":"https:\/\/managementpapers.polsl.pl\/index.php?rest_route=\/wp\/v2\/pages\/2075","targetHints":{"allow":["GET"]}}],"collection":[{"href":"https:\/\/managementpapers.polsl.pl\/index.php?rest_route=\/wp\/v2\/pages"}],"about":[{"href":"https:\/\/managementpapers.polsl.pl\/index.php?rest_route=\/wp\/v2\/types\/page"}],"author":[{"embeddable":true,"href":"https:\/\/managementpapers.polsl.pl\/index.php?rest_route=\/wp\/v2\/users\/2"}],"replies":[{"embeddable":true,"href":"https:\/\/managementpapers.polsl.pl\/index.php?rest_route=%2Fwp%2Fv2%2Fcomments&post=2075"}],"version-history":[{"count":21,"href":"https:\/\/managementpapers.polsl.pl\/index.php?rest_route=\/wp\/v2\/pages\/2075\/revisions"}],"predecessor-version":[{"id":2183,"href":"https:\/\/managementpapers.polsl.pl\/index.php?rest_route=\/wp\/v2\/pages\/2075\/revisions\/2183"}],"wp:attachment":[{"href":"https:\/\/managementpapers.polsl.pl\/index.php?rest_route=%2Fwp%2Fv2%2Fmedia&parent=2075"}],"curies":[{"name":"wp","href":"https:\/\/api.w.org\/{rel}","templated":true}]}}