{"id":2000,"date":"2022-05-26T13:00:14","date_gmt":"2022-05-26T11:00:14","guid":{"rendered":"http:\/\/managementpapers.polsl.pl\/?page_id=2000"},"modified":"2022-07-07T10:20:25","modified_gmt":"2022-07-07T08:20:25","slug":"aaa","status":"publish","type":"page","link":"https:\/\/managementpapers.polsl.pl\/?page_id=2000","title":{"rendered":"Scientific Papers of Silesian University of Technology \u2013 Organization and Management Series \u2013 Issue No. 156"},"content":{"rendered":"\n<p><strong>Scientific Papers of Silesian University of Technology &#8211; Organization and Management Series &#8211; Issue No. 156<\/strong><\/p>\n\n\n\n<p class=\"has-text-align-center\"><a href=\"http:\/\/managementpapers.polsl.pl\/wp-content\/uploads\/2022\/05\/ZN156.pdf\">Click Here To Download Full Issue No. 156<\/a><\/p>\n\n\n\n<p class=\"has-text-align-center\"><a href=\"http:\/\/managementpapers.polsl.pl\/wp-content\/uploads\/2022\/05\/Wprowadzenie.pdf\">Foreword<br><\/a><a href=\"http:\/\/managementpapers.polsl.pl\/wp-content\/uploads\/2022\/05\/wk\u0142adka.pdf\">Insert<\/a><a href=\"http:\/\/managementpapers.polsl.pl\/wp-content\/uploads\/2022\/05\/Wprowadzenie.pdf\"><br><\/a><a href=\"http:\/\/managementpapers.polsl.pl\/wp-content\/uploads\/2022\/05\/spis-tre\u015bci-angielski.pdf\">Table of contents<\/a><a href=\"http:\/\/managementpapers.polsl.pl\/wp-content\/uploads\/2022\/05\/Wprowadzenie.pdf\"><br><\/a><a href=\"http:\/\/managementpapers.polsl.pl\/wp-content\/uploads\/2022\/05\/spis-recenzent\u00f3w.pdf\">List of reviewers<\/a><\/p>\n\n\n\n<p>1.<strong> Krzysztof ANDRUSZKIEWICZ, Magdalena KASPROWICZ, Ma\u0142gorzata MICHALCEWICZ-KANIOWSKA<\/strong> \u2013 <a href=\"http:\/\/managementpapers.polsl.pl\/wp-content\/uploads\/2022\/05\/Andruszkiewicz-Kasprowicz-Michalcewicz-Kaniowska.pdf\">Innovation in industrial enterprises in Poland in 2017-2019<\/a> (page 9)<br>DOI: http:\/\/dx.doi.org\/10.29119\/1641-3466.2022.156.1<\/p>\n\n\n\n<p>2. <strong>Krzysztof ANDRUSZKIEWICZ, Magdalena KASPROWICZ, Ma\u0142gorzata ZAJDEL, Jakub SKORUPA<\/strong> <a>\u2013<\/a> <a href=\"http:\/\/managementpapers.polsl.pl\/wp-content\/uploads\/2022\/05\/Andruszkiewicz-Kasprowicz-Zajdel-Skorupa.pdf\">Co-operation between Polish enterprises within the scope of innovation-focused activities in 2017-2019<\/a> (page 23)<br>DOI: http:\/\/dx.doi.org\/10.29119\/1641-3466.2022.156.2<\/p>\n\n\n\n<p>3. <strong>Beata B\u0118DZIK, Sylwia GO\u0141\u0104B<\/strong> \u2013 <a href=\"http:\/\/managementpapers.polsl.pl\/wp-content\/uploads\/2022\/05\/B\u0119dzik-Go\u0142\u0105b.pdf\">Occupational burnout syndrome in the context of organization management<\/a> (page 35)<br>DOI: http:\/\/dx.doi.org\/10.29119\/1641-3466.2022.156.3<\/p>\n\n\n\n<p>4. <strong>Ma\u0142gorzata BLASZKE, Teodor SKOTARCZAK<\/strong> \u2013 <a href=\"http:\/\/managementpapers.polsl.pl\/wp-content\/uploads\/2022\/05\/Blaszke-Skotarczak.pdf\">Housing cooperatives in a competitive real estate market<\/a> (page 55)<br>DOI: http:\/\/dx.doi.org\/10.29119\/1641-3466.2022.156.4<\/p>\n\n\n\n<p>5. <strong>Ma\u0142gorzata BLASZKE, Aneta ZAREMBA<\/strong> \u2013 <a href=\"http:\/\/managementpapers.polsl.pl\/wp-content\/uploads\/2022\/05\/Blaszke-Zaremba.pdf\">Environmental restrictions on agricultural properties located in protected area in the Western Pomeranian Voivodship<\/a> (page 71)<br>DOI: http:\/\/dx.doi.org\/10.29119\/1641-3466.2022.156.5<\/p>\n\n\n\n<p>6. <strong>\u0141ukasz BRZEZICKI, Irena \u0141\u0104CKA<\/strong> \u2013 <a href=\"http:\/\/managementpapers.polsl.pl\/wp-content\/uploads\/2022\/05\/Brzezicki-\u0141\u0105cka.pdf\">Cost efficiency of administrative service in public higher education in Poland<\/a> (page 81)<br>DOI: http:\/\/dx.doi.org\/10.29119\/1641-3466.2022.156.6<\/p>\n\n\n\n<p>7. <strong>Mariusz CHMIELEWSKI, Joanna PIOCH, Renata P\u0141OSKA<\/strong> \u2013 <a href=\"http:\/\/managementpapers.polsl.pl\/wp-content\/uploads\/2022\/05\/Chmielewski-Pioch-P\u0142oska.pdf\">Infrastructure projects and transport exclusion \u2013 case study of the Pomorska Kolej Metropolitalna<\/a> (page 99)<br>DOI: http:\/\/dx.doi.org\/10.29119\/1641-3466.2022.156.7<\/p>\n\n\n\n<p>8. <strong>Katarzyna J. CHOJNACKA<\/strong> \u2013 <a href=\"http:\/\/managementpapers.polsl.pl\/wp-content\/uploads\/2022\/05\/Chojnacka.pdf\">Problems of sustainable economies during the pandemic<\/a> (page 117)<br>DOI: http:\/\/dx.doi.org\/10.29119\/1641-3466.2022.156.8<\/p>\n\n\n\n<p>9. <strong>Wies\u0142aw CIECHOMSKI<\/strong> \u2013 <a href=\"http:\/\/managementpapers.polsl.pl\/wp-content\/uploads\/2022\/05\/Ciechomski.pdf\">Marketplace trade \u2013 selective development or inevitable decline?<\/a> (page 127)<br>DOI: http:\/\/dx.doi.org\/10.29119\/1641-3466.2022.156.9<\/p>\n\n\n\n<p>10. <strong>Anna DZIADKIEWICZ, Ewelina SOKO\u0141OWSKA, Magdalena JERZEMOWSKA<\/strong> \u2013 <a href=\"http:\/\/managementpapers.polsl.pl\/wp-content\/uploads\/2022\/05\/Dziadkiewicz-Soko\u0142owska-Jarzemowska.pdf\">Stakeholder identification as a determinant of sustainable project management<\/a> (page 141)<br>DOI: http:\/\/dx.doi.org\/10.29119\/1641-3466.2022.156.10<\/p>\n\n\n\n<p>11. <strong>Grzegorz DZIE\u017bA, Marek SIKORA<\/strong> \u2013 <a href=\"http:\/\/managementpapers.polsl.pl\/wp-content\/uploads\/2022\/05\/Dzie\u017ca-Sikora.pdf\">The use of managerial dashboards in manufacturing companies<\/a> (page 157)<br>DOI: http:\/\/dx.doi.org\/10.29119\/1641-3466.2022.156.11<\/p>\n\n\n\n<p>12. <strong>Marie GABRY\u0160OV\u00c1, Wies\u0142aw CIECHOMSKI<\/strong> \u2013 <a href=\"http:\/\/managementpapers.polsl.pl\/wp-content\/uploads\/2022\/05\/Gabrysowa-Ciechomski.pdf\">Cieszyn and \u010cesk\u00fd T\u011b\u0161\u00edn mayors\u2019 management of the public communication between the municipal authorities and residents<\/a> (page 169)<br>DOI: http:\/\/dx.doi.org\/10.29119\/1641-3466.2022.156.12<\/p>\n\n\n\n<p>13. <strong>Jakub GRABOWSKI<\/strong> \u2013 <a href=\"http:\/\/managementpapers.polsl.pl\/wp-content\/uploads\/2022\/05\/Grabowski.pdf\">The role of information in planning regional and local development on the example of demographic data<\/a> (page 183)<br>DOI: http:\/\/dx.doi.org\/10.29119\/1641-3466.2022.156.13<\/p>\n\n\n\n<p>14. <strong>Aleksandra GRZESIUK, Ewa FR\u0104CKIEWICZ<\/strong> \u2013 <a href=\"http:\/\/managementpapers.polsl.pl\/wp-content\/uploads\/2022\/05\/Grzesiuk-Fr\u0105ckiewicz.pdf\">The attitudes of young Polish consumers towards energy costs of smart products<\/a> (page 199)<br>DOI: http:\/\/dx.doi.org\/10.29119\/1641-3466.2022.156.14<\/p>\n\n\n\n<p>15. <strong>Edward JAKUBOWSKI<\/strong> \u2013 <a href=\"http:\/\/managementpapers.polsl.pl\/wp-content\/uploads\/2022\/05\/Jakubowski.pdf\">Tourist aspects of the Lubuskie voivodeship \u2013 the region\u2019s development potential<\/a> (page 215)<br>DOI: http:\/\/dx.doi.org\/10.29119\/1641-3466.2022.156.15<\/p>\n\n\n\n<p>16. <strong>Urszula K\u0118PROWSKA<\/strong> \u2013 <a href=\"http:\/\/managementpapers.polsl.pl\/wp-content\/uploads\/2022\/05\/K\u0119prowska.pdf\">Analysis of virtual event marketing opportunities<\/a> (page 227)<br>DOI: http:\/\/dx.doi.org\/10.29119\/1641-3466.2022.156.16<\/p>\n\n\n\n<p>17. <strong>Monika KLEMKE-PITEK<\/strong> \u2013 <a href=\"http:\/\/managementpapers.polsl.pl\/wp-content\/uploads\/2022\/05\/Klemke-Pitek.pdf\">Model teacher training schools in Poland \u2013 diagnosis of teachers&#8217; needs in the light of the research<\/a> (page 239)<br>DOI: http:\/\/dx.doi.org\/10.29119\/1641-3466.2022.156.17<\/p>\n\n\n\n<p>18. <strong>Ewa KORELESKA<\/strong> \u2013 <a href=\"http:\/\/managementpapers.polsl.pl\/wp-content\/uploads\/2022\/05\/Koreleska.pdf\">The importance of the Servqual method in the management process of an ecological enterprise in the aspect of the Covid-19 pandemic<\/a> (page 249)<br>DOI: http:\/\/dx.doi.org\/10.29119\/1641-3466.2022.156.18<\/p>\n\n\n\n<p>19. <strong>Ma\u0142gorzata KOSZEMBAR-WIKLIK<\/strong> \u2013 <a href=\"http:\/\/managementpapers.polsl.pl\/wp-content\/uploads\/2022\/05\/Koszembar-Wiklik.pdf\">Ecology in marketing of the city and attachment of residents \u2013 based on selected city<\/a> (page 259)<br>DOI: http:\/\/dx.doi.org\/10.29119\/1641-3466.2022.156.19<\/p>\n\n\n\n<p>20. <strong>Joanna KOWALIK, Andrei TSIMAYEU<\/strong> \u2013 <a href=\"http:\/\/managementpapers.polsl.pl\/wp-content\/uploads\/2022\/05\/Kowalik-Tsimayeu.pdf\">The role of educational projects in building an ecosystem of university startups<\/a> (page 277)<br>DOI: http:\/\/dx.doi.org\/10.29119\/1641-3466.2022.156.20<\/p>\n\n\n\n<p>21. <strong>Ma\u0142gorzata MICHALCEWICZ-KANIOWSKA, Ma\u0142gorzata ZAJDEL, Maciej SCHULZ, Krzysztof ANDRUSZKIEWICZ<\/strong> \u2013 <a href=\"http:\/\/managementpapers.polsl.pl\/wp-content\/uploads\/2022\/05\/Michalcewicz-Kaniowska-Zajdel-Schulz-Andruszkiewicz.pdf\">The use of renewable energy sources and their influence on the natural environment in selected European states<\/a> (page 293)<br>DOI: http:\/\/dx.doi.org\/10.29119\/1641-3466.2022.156.21<\/p>\n\n\n\n<p>22. <strong>Anna MURAWSKA<\/strong> \u2013 <a href=\"http:\/\/managementpapers.polsl.pl\/wp-content\/uploads\/2022\/05\/Murawska.pdf\">Trends of change in the development of sustainable cities and communities in Poland in comparison with European Union countries<\/a> (page 303)<br>DOI: http:\/\/dx.doi.org\/10.29119\/1641-3466.2022.156.22<\/p>\n\n\n\n<p>23. <strong>Lech NIE\u017bURAWSKI, Joanna NIE\u017bURAWSKA-ZAJ\u0104C<\/strong> \u2013 <a href=\"http:\/\/managementpapers.polsl.pl\/wp-content\/uploads\/2022\/05\/Nie\u017curawski-Nie\u017curawska-Zaj\u0105c.pdf\">Factors shaping job satisfaction of employees<\/a> (page 321)<br>DOI: http:\/\/dx.doi.org\/10.29119\/1641-3466.2022.156.23<\/p>\n\n\n\n<p>24. <strong>El\u017cbieta PIERZGALSKA<\/strong> \u2013 <a href=\"http:\/\/managementpapers.polsl.pl\/wp-content\/uploads\/2022\/05\/Pierzgalska.pdf\">Music in the awareness of retail trade customers<\/a> (page 333)<br>DOI: http:\/\/dx.doi.org\/10.29119\/1641-3466.2022.156.24<\/p>\n\n\n\n<p>25. <strong>Ma\u0142gorzata PINK, Magdalena WOJNAROWSKA, Joanna SZAREK, Krzysztof RUDZI\u0143SKI, Erica VARESE<\/strong> \u2013 <a href=\"http:\/\/managementpapers.polsl.pl\/wp-content\/uploads\/2022\/05\/Pink-Wojnarowska-Szarek-Rudzi\u0144ski-Varese.pdf\">Conventional or organic wine production? Establishing the hierarchy of values in the producer&#8217;s decision-making model<\/a> (page 347)<br>DOI: http:\/\/dx.doi.org\/10.29119\/1641-3466.2022.156.25<\/p>\n\n\n\n<p>26. <strong>Iwona POSADZI\u0143SKA, Patrycja SIEG, Marek J\u00d3\u0179WIAK<\/strong> \u2013 <a href=\"http:\/\/managementpapers.polsl.pl\/wp-content\/uploads\/2022\/05\/Posadzi\u0144ska-Sieg-J\u00f3\u017awiak.pdf\">New product concept development as an effect of revitalizing the Old Market in Bydgoszcz<\/a> (page 375)<br>DOI: http:\/\/dx.doi.org\/10.29119\/1641-3466.2022.156.26<\/p>\n\n\n\n<p>27. <strong>Katarzyna RADECKA<\/strong> \u2013 <a href=\"http:\/\/managementpapers.polsl.pl\/wp-content\/uploads\/2022\/05\/Radecka.pdf\">Improving business maintenance processes using Lean Manufacturing tools \u2013 case study<\/a> (page 395)<br>DOI: http:\/\/dx.doi.org\/10.29119\/1641-3466.2022.156.27<\/p>\n\n\n\n<p>28. <strong>Beata ROGOWSKA<\/strong> \u2013 <a href=\"http:\/\/managementpapers.polsl.pl\/wp-content\/uploads\/2022\/05\/Rogowska.pdf\">Economic conditions of legal regulations during the Covid-19 pandemic<\/a> (page 407)<br>DOI: http:\/\/dx.doi.org\/10.29119\/1641-3466.2022.156.28<\/p>\n\n\n\n<p>29. <strong>Robert ROMANOWSKI, Joanna LEMA\u0143CZYK, Julianna STASICKA<\/strong> \u2013 <a href=\"http:\/\/managementpapers.polsl.pl\/wp-content\/uploads\/2022\/05\/Romanowski-Lema\u0144czyk-Stasicka.pdf\">Factors&#8217; exploration of the innovative delivery formats&#8217; development in e-grocery<\/a> (page 425)<br>DOI: http:\/\/dx.doi.org\/10.29119\/1641-3466.2022.156.29<\/p>\n\n\n\n<p>30. <strong>Robert ROMANOWSKI, Joanna LEMA\u0143CZYK<\/strong> \u2013 <a href=\"http:\/\/managementpapers.polsl.pl\/wp-content\/uploads\/2022\/05\/Romanowski-Lema\u0144czyk.pdf\">The dynamics of new delivery forms development of grocery products in Poland \u2013 Frisco case study<\/a> (page 441)<br>DOI: http:\/\/dx.doi.org\/10.29119\/1641-3466.2022.156.30<\/p>\n\n\n\n<p>31. <strong>Marcin SPYCHA\u0141A<\/strong> <strong>\u2013 <\/strong><a href=\"http:\/\/managementpapers.polsl.pl\/wp-content\/uploads\/2022\/05\/Spycha\u0142a.pdf\">Differentiation of the regional development in the Czech Republic, Slovakia and Poland<\/a> (page 457)<br>DOI: http:\/\/dx.doi.org\/10.29119\/1641-3466.2022.156.31<\/p>\n\n\n\n<p>32. <strong>\u0141ukasz STR\u0104CZKOWSKI, Piotr BARTKOWIAK<\/strong> <strong>\u2013 <\/strong><a href=\"http:\/\/managementpapers.polsl.pl\/wp-content\/uploads\/2022\/05\/Str\u0105czkowski-Bartkowiak.pdf\">Pozna\u0144 primary housing market: changes and sustainable development<\/a> (page 471)<br>DOI: http:\/\/dx.doi.org\/10.29119\/1641-3466.2022.156.32<\/p>\n\n\n\n<p>33. <strong>Aleksandra SZTUK, Pawe\u0142 WANIOWSKI<\/strong> <strong>\u2013 <\/strong><a href=\"http:\/\/managementpapers.polsl.pl\/wp-content\/uploads\/2022\/05\/Sztuk-Waniowski.pdf\">Forming of Polish regions\u2019 visual identification system. A qualitative research approach<\/a> (page 485)<br>DOI: http:\/\/dx.doi.org\/10.29119\/1641-3466.2022.156.33<\/p>\n\n\n\n<p>34. <strong>Joanna TOCZY\u0143SKA<\/strong> \u2013<a href=\"http:\/\/managementpapers.polsl.pl\/wp-content\/uploads\/2022\/05\/Toczy\u0144ska.pdf\">Financial and economic analysis of infrastructure transport projects with the participation of EU funds<\/a> (page 497)<br>DOI: http:\/\/dx.doi.org\/10.29119\/1641-3466.2022.156.34<\/p>\n\n\n\n<p>35. <strong>Izabela WIELEWSKA, Marzena KACPRZAK<\/strong> <strong>\u2013 <\/strong><a href=\"http:\/\/managementpapers.polsl.pl\/wp-content\/uploads\/2022\/05\/Wielewska-Kacprzak.pdf\">Smart village \u2013 using new opportunities in the development of rural areas<\/a> (page 511)<br>DOI: http:\/\/dx.doi.org\/10.29119\/1641-3466.2022.156.35<\/p>\n\n\n\n<p>36. <strong>Karolina WILE\u0143SKA, Marek KRANNICH<\/strong> <strong>\u2013 <\/strong><a href=\"http:\/\/managementpapers.polsl.pl\/wp-content\/uploads\/2022\/05\/Wile\u0144ska-Krannich.pdf\">Organizational culture of a judicial unit<\/a> (page 523)<br>DOI: http:\/\/dx.doi.org\/10.29119\/1641-3466.2022.156.36<\/p>\n\n\n\n<p>37. <strong>Mateusz ZACZYK<\/strong> <strong>\u2013 <\/strong><a href=\"http:\/\/managementpapers.polsl.pl\/wp-content\/uploads\/2022\/05\/Zaczyk.pdf\">Distributed ledger technology for supply chain and public governance as a response for sustainability issues<\/a> (page 539)<br>DOI: http:\/\/dx.doi.org\/10.29119\/1641-3466.2022.156.37<\/p>\n\n\n\n<p>38. <strong>S\u0142awomir ZAWISZA, Izabela WIELEWSKA, Przemys\u0142aw TO\u0141CZYK<\/strong> <strong>\u2013<\/strong> <a href=\"http:\/\/managementpapers.polsl.pl\/wp-content\/uploads\/2022\/05\/Zawisza-Wielewska-To\u0142czyk.pdf\">The use of the European Union funds for the development of agricultural farms in Pomorskie Province of Poland<\/a> (page 557)<br>DOI: http:\/\/dx.doi.org\/10.29119\/1641-3466.2022.156.38<\/p>\n\n\n\n<p>39. <strong>Dagmara K. ZUZEK, Monika ODLANICKA-POCZOBUTT<\/strong> <strong>\u2013 <\/strong><a href=\"http:\/\/managementpapers.polsl.pl\/wp-content\/uploads\/2022\/05\/Zuzek-Odlanicka-Poczobutt.pdf\">Eco-innovations as an opportunity for sustainable development of enterprises based on the example of Ma\u0142opolskie Province<\/a> (page 575)<br>DOI: http:\/\/dx.doi.org\/10.29119\/1641-3466.2022.156.39<\/p>\n","protected":false},"excerpt":{"rendered":"<p>Scientific Papers of Silesian University of Technology &#8211; Organization and Management Series &#8211; Issue No. 156 Click Here To Download Full Issue No. 156 ForewordInsertTable of contentsList of reviewers 1. Krzysztof ANDRUSZKIEWICZ, Magdalena KASPROWICZ, Ma\u0142gorzata MICHALCEWICZ-KANIOWSKA \u2013 Innovation in industrial enterprises in Poland in 2017-2019 (page 9)DOI: http:\/\/dx.doi.org\/10.29119\/1641-3466.2022.156.1 2. Krzysztof ANDRUSZKIEWICZ, Magdalena KASPROWICZ, Ma\u0142gorzata ZAJDEL, [&hellip;]<\/p>\n","protected":false},"author":2,"featured_media":0,"parent":0,"menu_order":0,"comment_status":"closed","ping_status":"closed","template":"","meta":{"footnotes":""},"class_list":["post-2000","page","type-page","status-publish","hentry"],"_links":{"self":[{"href":"https:\/\/managementpapers.polsl.pl\/index.php?rest_route=\/wp\/v2\/pages\/2000","targetHints":{"allow":["GET"]}}],"collection":[{"href":"https:\/\/managementpapers.polsl.pl\/index.php?rest_route=\/wp\/v2\/pages"}],"about":[{"href":"https:\/\/managementpapers.polsl.pl\/index.php?rest_route=\/wp\/v2\/types\/page"}],"author":[{"embeddable":true,"href":"https:\/\/managementpapers.polsl.pl\/index.php?rest_route=\/wp\/v2\/users\/2"}],"replies":[{"embeddable":true,"href":"https:\/\/managementpapers.polsl.pl\/index.php?rest_route=%2Fwp%2Fv2%2Fcomments&post=2000"}],"version-history":[{"count":29,"href":"https:\/\/managementpapers.polsl.pl\/index.php?rest_route=\/wp\/v2\/pages\/2000\/revisions"}],"predecessor-version":[{"id":2087,"href":"https:\/\/managementpapers.polsl.pl\/index.php?rest_route=\/wp\/v2\/pages\/2000\/revisions\/2087"}],"wp:attachment":[{"href":"https:\/\/managementpapers.polsl.pl\/index.php?rest_route=%2Fwp%2Fv2%2Fmedia&parent=2000"}],"curies":[{"name":"wp","href":"https:\/\/api.w.org\/{rel}","templated":true}]}}