{"id":1737,"date":"2021-09-27T18:53:46","date_gmt":"2021-09-27T16:53:46","guid":{"rendered":"http:\/\/managementpapers.polsl.pl\/?page_id=1737"},"modified":"2021-09-27T19:20:22","modified_gmt":"2021-09-27T17:20:22","slug":"scientific-papers-of-silesian-university-of-technology-organization-and-management-series-issue-no-153","status":"publish","type":"page","link":"https:\/\/managementpapers.polsl.pl\/?page_id=1737","title":{"rendered":"Scientific Papers of Silesian University of Technology \u2013 Organization and Management Series \u2013 Issue No. 153"},"content":{"rendered":"\n<p style=\"color:#a30000\" class=\"has-text-color has-medium-font-size\"><strong><span style=\"color:#065566\" class=\"has-inline-color\">Scientific Papers of Silesian University of Technology &#8211; Organization and Management Series &#8211; Issue No. 153<\/span><\/strong><\/p>\n\n\n\n<p class=\"has-text-align-center\"><a href=\"http:\/\/managementpapers.polsl.pl\/wp-content\/uploads\/2021\/09\/ZN153_compressed.pdf\">Click Here To Download Full Issue No. 153<\/a><\/p>\n\n\n\n<div class=\"wp-block-image\"><figure class=\"aligncenter size-large is-resized\"><a href=\"http:\/\/managementpapers.polsl.pl\/wp-content\/uploads\/2021\/09\/ZN153_compressed.pdf\"><img loading=\"lazy\" decoding=\"async\" src=\"http:\/\/managementpapers.polsl.pl\/wp-content\/uploads\/2021\/09\/153Cover.png\" alt=\"\" class=\"wp-image-1744\" width=\"367\" height=\"508\" srcset=\"https:\/\/managementpapers.polsl.pl\/wp-content\/uploads\/2021\/09\/153Cover.png 586w, https:\/\/managementpapers.polsl.pl\/wp-content\/uploads\/2021\/09\/153Cover-217x300.png 217w\" sizes=\"auto, (max-width: 367px) 100vw, 367px\" \/><\/a><\/figure><\/div>\n\n\n\n<p class=\"has-text-align-center\"><a href=\"http:\/\/managementpapers.polsl.pl\/wp-content\/uploads\/2021\/09\/ZN153_Wprowadzenie.pdf\">Foreword<\/a><br><a href=\"http:\/\/managementpapers.polsl.pl\/wp-content\/uploads\/2021\/09\/ZN153_wk\u0142adka.pdf\">Insert<\/a><br><a href=\"http:\/\/managementpapers.polsl.pl\/wp-content\/uploads\/2021\/09\/ZN153_spis-tre\u015bci-angielski.pdf\">Table of contents<\/a><br><a href=\"http:\/\/managementpapers.polsl.pl\/wp-content\/uploads\/2021\/09\/ZN153_spis-recenzent\u00f3w.pdf\">List of reviewers<\/a><\/p>\n\n\n\n<p>1. Barbara BIA\u0141ECKA, Mariusz KRUCZEK, Kordian RUDZI\u0143SKI \u2013 <a href=\"http:\/\/managementpapers.polsl.pl\/wp-content\/uploads\/2021\/09\/ZN153_Bia\u0142ecka-Kruczek-Rudzi\u0144ski.pdf\">Assumptions for waste electrical and electronic equipment collection system evaluation<\/a> (page 7)<br>DOI: http:\/\/dx.doi.org\/10.29119\/1641-3466.2021.153.1<\/p>\n\n\n\n<p>2. Iwona BURKA \u2013 <a href=\"http:\/\/managementpapers.polsl.pl\/wp-content\/uploads\/2021\/09\/ZN153_Burka.pdf\">The Lean manager as a mentor in the process of problem-solving in the A3 Thinking approach<\/a> (page 21)<br>DOI: http:\/\/dx.doi.org\/10.29119\/1641-3466.2021.153.2<\/p>\n\n\n\n<p>3. Sergiy BUSHUYEV, Victoria BUSHUIEVA, Maryna LAZAREVA, Svitlana ONYSHCHENKO, Natalia PAVLOVA \u2013 <a href=\"http:\/\/managementpapers.polsl.pl\/wp-content\/uploads\/2021\/09\/ZN153_Bushuyev-Bushuieva-Lazareva-Onyshchenko-Pavlova.pdf\">Agile-transformation by organizational development projects<\/a> (page 45)<br>DOI: http:\/\/dx.doi.org\/10.29119\/1641-3466.2021.153.3<\/p>\n\n\n\n<p>4. Jelena DEMENTJEVA, Rimantas STA\u0160YS \u2013 <a href=\"http:\/\/managementpapers.polsl.pl\/wp-content\/uploads\/2021\/09\/ZN153_Dementjeva-Stasys.pdf\">Organizational creativity management based on the intellectual capital<\/a> (page 57)<br>DOI: http:\/\/dx.doi.org\/10.29119\/1641-3466.2021.153.4<\/p>\n\n\n\n<p>5. Mateusz DRU\u0106, Ireneusz J. J\u00d3\u0179WIAK, Alicja M. J\u00d3\u0179WIAK, Wojciech M. NOWAK \u2013 <a href=\"http:\/\/managementpapers.polsl.pl\/wp-content\/uploads\/2021\/09\/ZN153_Dru\u0107-J\u00f3\u017awiak-J\u00f3\u017awiak-Nowak.pdf\">Techniques of mobile application development process<\/a> (page 77)<br>DOI: http:\/\/dx.doi.org\/10.29119\/1641-3466.2021.153.5<\/p>\n\n\n\n<p>6. Pawe\u0142 FILIPOWICZ \u2013 <a href=\"http:\/\/managementpapers.polsl.pl\/wp-content\/uploads\/2021\/09\/ZN153_Filipowicz.pdf\">Conceptualisation of using technical debt to measure the innovation level of new product \u2013 selected issues<\/a> (page 89)<br>DOI: http:\/\/dx.doi.org\/10.29119\/1641-3466.2021.153.6<\/p>\n\n\n\n<p>7. Karolina GABRIEL \u2013 <a href=\"http:\/\/managementpapers.polsl.pl\/wp-content\/uploads\/2021\/09\/ZN153_Gabriel.pdf\">Supporting remote education in the conditions of the pandemic in Poland<\/a> (page 103)<br>DOI: http:\/\/dx.doi.org\/10.29119\/1641-3466.2021.153.7<\/p>\n\n\n\n<p>8. Grzegorz GLISZCZY\u0143SKI, Filip BERKOWSKI \u2013 <a href=\"http:\/\/managementpapers.polsl.pl\/wp-content\/uploads\/2021\/09\/ZN153_Gliszczy\u0144ski-Berkowski.pdf\">The role of management succession in the growth of Polish SMEs<\/a> (page 111)<br>DOI: http:\/\/dx.doi.org\/10.29119\/1641-3466.2021.153.8<\/p>\n\n\n\n<p>9. Grzegorz G\u0141\u00d3D, Izabella STEINEROWSKA-STREB \u2013 <a href=\"http:\/\/managementpapers.polsl.pl\/wp-content\/uploads\/2021\/09\/ZN153_G\u0142\u00f3d-Steinerowska-Streb.pdf\">Business-university collaboration in education: an example of joint teaching in entrepreneurship and management<\/a> (page 133)<br>DOI: http:\/\/dx.doi.org\/10.29119\/1641-3466.2021.153.9<\/p>\n\n\n\n<p>10. Daniel GRICER, Ireneusz J. J\u00d3\u0179WIAK, Jan SWITANA \u2013 <a href=\"http:\/\/managementpapers.polsl.pl\/wp-content\/uploads\/2021\/09\/ZN153_Gricer-J\u00f3\u017awiak-Switana.pdf\">European Union funds in infrastructure development of Polish rail transportation between 2014-2020<\/a> (page 143)<br>DOI: http:\/\/dx.doi.org\/10.29119\/1641-3466.2021.153.10<\/p>\n\n\n\n<p>11. Beata HOZA, Adam \u017bABKA \u2013 <a href=\"http:\/\/managementpapers.polsl.pl\/wp-content\/uploads\/2021\/09\/ZN153_Hoza-\u017babka.pdf\">Determinants of the VAT gap \u2013 part 1<\/a> (page 155)<br>DOI: http:\/\/dx.doi.org\/10.29119\/1641-3466.2021.153.11<\/p>\n\n\n\n<p>12. Adrian IWANIUK, Liliana HAWRYSZ, Helena BULI\u0143SKA-STANGRECKA, Pawe\u0142 HURAS \u2013 <a href=\"http:\/\/managementpapers.polsl.pl\/wp-content\/uploads\/2021\/09\/ZN153_Iwaniuk-Hawrysz-Buli\u0144ska-Stangrecka-Huras.pdf\">Barriers to the effectiveness of teleworking in public administration<\/a> (page 165)<br>DOI: http:\/\/dx.doi.org\/10.29119\/1641-3466.2021.153.12<\/p>\n\n\n\n<p>13. Robert KAMI\u0143SKI \u2013 <a href=\"http:\/\/managementpapers.polsl.pl\/wp-content\/uploads\/2021\/09\/ZN153_Kami\u0144ski.pdf\">Project management and employees\u2019 individual potential<\/a> (page 179)<br>DOI: http:\/\/dx.doi.org\/10.29119\/1641-3466.2021.153.13<\/p>\n\n\n\n<p>14. Monika KIE\u0106 \u2013 <a href=\"http:\/\/managementpapers.polsl.pl\/wp-content\/uploads\/2021\/09\/ZN153_Kie\u0107.pdf\">Fit-gap analysis as introduction step to business process standardization<\/a> (page 193)<br>DOI: http:\/\/dx.doi.org\/10.29119\/1641-3466.2021.153.14<\/p>\n\n\n\n<p>15. Arkadiusz KOLKA, Maciej KA\u0179MIERCZAK \u2013 <a href=\"http:\/\/managementpapers.polsl.pl\/wp-content\/uploads\/2021\/09\/ZN153_Kolka-Ka\u017amierczak.pdf\">Industrial twins as an effective tool for the implementation of laboratory classes<\/a> (page 213)<br>DOI: http:\/\/dx.doi.org\/10.29119\/1641-3466.2021.153.15<\/p>\n\n\n\n<p>16. Kinga KONIECZKA \u2013 <a href=\"http:\/\/managementpapers.polsl.pl\/wp-content\/uploads\/2021\/09\/ZN153_Konieczka-1.pdf\">Solving problems in hoshin kanri system approach using quality management tools<\/a> \u2013 case study (page 227)<br>DOI: http:\/\/dx.doi.org\/10.29119\/1641-3466.2021.153.16<\/p>\n\n\n\n<p>17. Piotr KORNETA \u2013 <a href=\"http:\/\/managementpapers.polsl.pl\/wp-content\/uploads\/2021\/09\/ZN153_Korneta.pdf\">Performance management system for primary healthcare services providers<\/a> (page 239)<br>DOI: http:\/\/dx.doi.org\/10.29119\/1641-3466.2021.153.17<\/p>\n\n\n\n<p>18. Magdalena KRACZLA \u2013 <a href=\"http:\/\/managementpapers.polsl.pl\/wp-content\/uploads\/2021\/09\/ZN153_Kraczla.pdf\">Sleep deficit and managers\u2019 functioning in stressful situations<\/a> (page 259)<br>DOI: http:\/\/dx.doi.org\/10.29119\/1641-3466.2021.153.18<\/p>\n\n\n\n<p>19. Monika KREZYMON, Krystian STR\u00d3\u017bEWSKI \u2013 <a href=\"http:\/\/managementpapers.polsl.pl\/wp-content\/uploads\/2021\/09\/ZN153_Krezymon-Str\u00f3\u017cewski.pdf\">Statistical analysis of the preparation of a future student during the SARS-CoV-2 pandemic (economic approach)<\/a> (page 273)<br>DOI: http:\/\/dx.doi.org\/10.29119\/1641-3466.2021.153.19<\/p>\n\n\n\n<p>20. Anna KWIECIE\u0143 \u2013 <a href=\"http:\/\/managementpapers.polsl.pl\/wp-content\/uploads\/2021\/09\/ZN153_Kwiecie\u0144.pdf\">The role of change in enterprises during the crisis<\/a> (page 287)<br>DOI: http:\/\/dx.doi.org\/10.29119\/1641-3466.2021.153.20<\/p>\n\n\n\n<p>21. Alina LANGA, Ireneusz J. J\u00d3\u0179WIAK, Kacper STARO\u015aCIAK, Jan SWITANA, Alicja M. J\u00d3\u0179WIAK, Wojciech M. NOWAK \u2013 <a href=\"http:\/\/managementpapers.polsl.pl\/wp-content\/uploads\/2021\/09\/ZN153_Langa-J\u00f3\u017awiak-Staro\u015bciak-Switana-J\u00f3\u017awiak-Nowak.pdf\">The identification of problematic software testers management areas<\/a> (page 303)<br>DOI: http:\/\/dx.doi.org\/10.29119\/1641-3466.2021.153.21<\/p>\n\n\n\n<p>22. Hubert \u0141OPUSI\u0143SKI, Mateusz \u0141OPUSI\u0143SKI, Ireneusz J. J\u00d3\u0179WIAK, Kacper STARO\u015aCIAK \u2013 <a href=\"http:\/\/managementpapers.polsl.pl\/wp-content\/uploads\/2021\/09\/ZN153_\u0141opusi\u0144ski-\u0141opusi\u0144ski-J\u00f3\u017awiak-Staro\u015bciak.pdf\">A strategy for researching the performance of web applications clients<\/a> (page 317)<br>DOI: http:\/\/dx.doi.org\/10.29119\/1641-3466.2021.153.22<\/p>\n\n\n\n<p>23. Joanna MACHNIK-S\u0141OMKA, Nicholas BALDACCHINO \u2013 <a href=\"http:\/\/managementpapers.polsl.pl\/wp-content\/uploads\/2021\/09\/ZN153_Machnik-S\u0142omka-Baldacchino.pdf\">The role of higher education institutions in shaping students&#8217; entrepreneurial attitudes \u2013 case studies from Poland and Malta<\/a> (page 327)<br>DOI: http:\/\/dx.doi.org\/10.29119\/1641-3466.2021.153.23<\/p>\n\n\n\n<p>24. Bartosz ORZE\u0141, Rados\u0142aw WOLNIAK \u2013 <a href=\"http:\/\/managementpapers.polsl.pl\/wp-content\/uploads\/2021\/09\/ZN153_Orze\u0142-Wolniak.pdf\">Corporate social responsibility reports on Polish market over the years \u2013 comparison and analysis<\/a> (page 343)<br>DOI: http:\/\/dx.doi.org\/10.29119\/1641-3466.2021.153.24<\/p>\n\n\n\n<p>25. Andrzej PACANA, Karolina CZERWI\u0143SKA, Lucia BEDN\u00c1ROV\u00c1 \u2013 <a href=\"http:\/\/managementpapers.polsl.pl\/wp-content\/uploads\/2021\/09\/ZN153_Pacana-Czerwi\u0144ska-Bednarova.pdf\">Analysis and improvement of the production system in production enterprise<\/a> (page 357)<br>DOI: http:\/\/dx.doi.org\/10.29119\/1641-3466.2021.153.25<\/p>\n\n\n\n<p>26. Magdalena PICHLAK \u2013 <a href=\"http:\/\/managementpapers.polsl.pl\/wp-content\/uploads\/2021\/09\/ZN153_Pichlak.pdf\">Resources, dynamic capabilities, and performance: evidence from Polish green innovative companies<\/a> (page 369)<br>DOI: http:\/\/dx.doi.org\/10.29119\/1641-3466.2021.153.26<\/p>\n\n\n\n<p>27. Adam PISARCZUK \u2013 <a href=\"http:\/\/managementpapers.polsl.pl\/wp-content\/uploads\/2021\/09\/ZN153_Pisarczuk.pdf\">Proposition of a method of verification occupational risk assessment<\/a> (page 385)<br>DOI: http:\/\/dx.doi.org\/10.29119\/1641-3466.2021.153.27<\/p>\n\n\n\n<p>28. Joanna RUDAWSKA, Daniel PAVLOV, Miroslava BONEVA \u2013 <a href=\"http:\/\/managementpapers.polsl.pl\/wp-content\/uploads\/2021\/09\/ZN153_Rudawska-Pavlov-Boneva.pdf\">Individual entrepreneurial orientation and entrepreneurial intention. Comparative research on Polish and Bulgarian students<\/a> (page 397)<br>DOI: http:\/\/dx.doi.org\/10.29119\/1641-3466.2021.153.28<\/p>\n\n\n\n<p>29. Janusz SMOLI\u0141O, Andrzej CHMIELA, Aleksander LUBOSZ, Pawe\u0142 WR\u00d3BLEWSKI \u2013 <a href=\"http:\/\/managementpapers.polsl.pl\/wp-content\/uploads\/2021\/09\/ZN153_Smoli\u0142o-Chmiela-Lubosz-Wr\u00f3blewski.pdf\">Dynamics of bearing of costs in processes leading to revitalization of mine assets in SRK S.A.<\/a> (page 409)<br>DOI: http:\/\/dx.doi.org\/10.29119\/1641-3466.2021.153.29<\/p>\n\n\n\n<p>30. Janusz SMOLI\u0141O, Andrzej CHMIELA \u2013 <a href=\"http:\/\/managementpapers.polsl.pl\/wp-content\/uploads\/2021\/09\/ZN153_Smoli\u0142o-Chmiela.pdf\">The mine liquidation processes in SRK S.A. in a cost approach<\/a> (page 429)<br>DOI: http:\/\/dx.doi.org\/10.29119\/1641-3466.2021.153.30<\/p>\n\n\n\n<p>31. \u0141ukasz SROKA \u2013 <a href=\"http:\/\/managementpapers.polsl.pl\/wp-content\/uploads\/2021\/09\/ZN153_Sroka.pdf\">Comparison of jackknife and bootstrap methods in estimating confidence intervals<\/a> (page 445)<br>DOI: http:\/\/dx.doi.org\/10.29119\/1641-3466.2021.153.31<\/p>\n\n\n\n<p>32. Lilianna STA\u0143CZAK \u2013 <a href=\"http:\/\/managementpapers.polsl.pl\/wp-content\/uploads\/2021\/09\/ZN153_Sta\u0144czak.pdf\">Reasons and directions for market reorientation of research institutes in Poland<\/a> (page 457)<br>DOI: http:\/\/dx.doi.org\/10.29119\/1641-3466.2021.153.32<\/p>\n\n\n\n<p>33. Anna SVITANA \u2013 <a href=\"http:\/\/managementpapers.polsl.pl\/wp-content\/uploads\/2021\/09\/ZN153_Svitana.pdf\">Outsourcing as a management concept in the legal plane<\/a> (page 473)<br>DOI: http:\/\/dx.doi.org\/10.29119\/1641-3466.2021.153.33<\/p>\n\n\n\n<p>34. Katarzyna SZUPER \u2013 <a href=\"http:\/\/managementpapers.polsl.pl\/wp-content\/uploads\/2021\/09\/ZN153_Szuper.pdf\">Innovative company profile: age, size and sources of financing<\/a> (page 485)<br>DOI: http:\/\/dx.doi.org\/10.29119\/1641-3466.2021.153.34<\/p>\n\n\n\n<p>35. Daniel TOKARSKI, Artur SAWICKI \u2013 <a href=\"http:\/\/managementpapers.polsl.pl\/wp-content\/uploads\/2021\/09\/ZN153_Tokarski-Sawicki.pdf\">Risk analysis of the construction venture in the economic aspect<\/a> (page 495)<br>DOI: http:\/\/dx.doi.org\/10.29119\/1641-3466.2021.153.35<\/p>\n\n\n\n<p>36. Rafa\u0142 ZACHOROWSKI \u2013 <a href=\"http:\/\/managementpapers.polsl.pl\/wp-content\/uploads\/2021\/09\/ZN153_Zachorowski.pdf\">Functioning of the medical services market in Poland: selected problems<\/a> (page 507)<br>DOI: http:\/\/dx.doi.org\/10.29119\/1641-3466.2021.153.36<\/p>\n","protected":false},"excerpt":{"rendered":"<p>Scientific Papers of Silesian University of Technology &#8211; Organization and Management Series &#8211; Issue No. 153 Click Here To Download Full Issue No. 153 ForewordInsertTable of contentsList of reviewers 1. Barbara BIA\u0141ECKA, Mariusz KRUCZEK, Kordian RUDZI\u0143SKI \u2013 Assumptions for waste electrical and electronic equipment collection system evaluation (page 7)DOI: http:\/\/dx.doi.org\/10.29119\/1641-3466.2021.153.1 2. Iwona BURKA \u2013 The [&hellip;]<\/p>\n","protected":false},"author":1,"featured_media":0,"parent":0,"menu_order":0,"comment_status":"closed","ping_status":"closed","template":"","meta":{"footnotes":""},"class_list":["post-1737","page","type-page","status-publish","hentry"],"_links":{"self":[{"href":"https:\/\/managementpapers.polsl.pl\/index.php?rest_route=\/wp\/v2\/pages\/1737","targetHints":{"allow":["GET"]}}],"collection":[{"href":"https:\/\/managementpapers.polsl.pl\/index.php?rest_route=\/wp\/v2\/pages"}],"about":[{"href":"https:\/\/managementpapers.polsl.pl\/index.php?rest_route=\/wp\/v2\/types\/page"}],"author":[{"embeddable":true,"href":"https:\/\/managementpapers.polsl.pl\/index.php?rest_route=\/wp\/v2\/users\/1"}],"replies":[{"embeddable":true,"href":"https:\/\/managementpapers.polsl.pl\/index.php?rest_route=%2Fwp%2Fv2%2Fcomments&post=1737"}],"version-history":[{"count":4,"href":"https:\/\/managementpapers.polsl.pl\/index.php?rest_route=\/wp\/v2\/pages\/1737\/revisions"}],"predecessor-version":[{"id":1745,"href":"https:\/\/managementpapers.polsl.pl\/index.php?rest_route=\/wp\/v2\/pages\/1737\/revisions\/1745"}],"wp:attachment":[{"href":"https:\/\/managementpapers.polsl.pl\/index.php?rest_route=%2Fwp%2Fv2%2Fmedia&parent=1737"}],"curies":[{"name":"wp","href":"https:\/\/api.w.org\/{rel}","templated":true}]}}