{"id":1672,"date":"2021-06-10T16:56:50","date_gmt":"2021-06-10T14:56:50","guid":{"rendered":"http:\/\/managementpapers.polsl.pl\/?page_id=1672"},"modified":"2021-06-16T22:48:47","modified_gmt":"2021-06-16T20:48:47","slug":"scientific-papers-of-silesian-university-of-technology-organization-and-management-series-issue-no-152","status":"publish","type":"page","link":"https:\/\/managementpapers.polsl.pl\/?page_id=1672","title":{"rendered":"Scientific Papers of Silesian University of Technology \u2013 Organization and Management Series \u2013 Issue No. 152"},"content":{"rendered":"\n<p style=\"color:#a30000\" class=\"has-text-color has-medium-font-size\"><strong><span style=\"color:#065566\" class=\"has-inline-color\">Scientific Papers of Silesian University of Technology &#8211; Organization and Management Series &#8211; Issue No. 152<\/span><\/strong><\/p>\n\n\n\n<p class=\"has-text-align-center\"><a href=\"http:\/\/managementpapers.polsl.pl\/wp-content\/uploads\/2021\/06\/ZN-152-POPR.pdf\">Click Here To Download Full Issue No. 152<\/a><\/p>\n\n\n\n<div class=\"wp-block-image\"><figure class=\"aligncenter size-large is-resized\"><a href=\"http:\/\/managementpapers.polsl.pl\/wp-content\/uploads\/2021\/06\/ZN-152-POPR.pdf\"><img loading=\"lazy\" decoding=\"async\" src=\"http:\/\/managementpapers.polsl.pl\/wp-content\/uploads\/2021\/06\/Cover152b.png\" alt=\"\" class=\"wp-image-1680\" width=\"321\" height=\"450\" srcset=\"https:\/\/managementpapers.polsl.pl\/wp-content\/uploads\/2021\/06\/Cover152b.png 731w, https:\/\/managementpapers.polsl.pl\/wp-content\/uploads\/2021\/06\/Cover152b-214x300.png 214w\" sizes=\"auto, (max-width: 321px) 100vw, 321px\" \/><\/a><\/figure><\/div>\n\n\n\n<p class=\"has-text-align-center\"><a href=\"http:\/\/managementpapers.polsl.pl\/wp-content\/uploads\/2021\/06\/ZN-152Wprowadzenie.pdf\">Foreword<\/a><br><a href=\"http:\/\/managementpapers.polsl.pl\/wp-content\/uploads\/2021\/06\/ZN-152wk\u0142adka.pdf\">Insert<\/a><br><a href=\"http:\/\/managementpapers.polsl.pl\/wp-content\/uploads\/2021\/06\/spis-tre\u015bci-angielski-POPR.pdf\">Table of contents<\/a><\/p>\n\n\n\n<p>1. Krzysztof ANDRUSZKIEWICZ, Maciej SCHULZ, Jakub SKORUPA \u2013 <a href=\"http:\/\/managementpapers.polsl.pl\/wp-content\/uploads\/2021\/06\/Andruszkiewicz-Schulz-Skorupa-POPR.pdf\">The essence and the process of region branding<\/a> (page 7)<br>DOI: http:\/\/dx.doi.org\/10.29119\/1641-3466.2021.152.1<\/p>\n\n\n\n<p>2. Chrystian FIRLEJ \u2013 <a href=\"http:\/\/managementpapers.polsl.pl\/wp-content\/uploads\/2021\/06\/ZN-152_Firlej.pdf\">Bioeconomy as an economic area influencing the economic balance of international trade in Poland<\/a> (page 17)<br>DOI: http:\/\/dx.doi.org\/10.29119\/1641-3466.2021.152.2<\/p>\n\n\n\n<p>3. Marie GABRYSOVA, Wies\u0142aw CIECHOMSKI \u2013 <a href=\"http:\/\/managementpapers.polsl.pl\/wp-content\/uploads\/2021\/06\/ZN-152_Gabrysova-Ciechomski.pdf\">Marketing of border towns on the example of selected destinations in the borderland of the Czech Republic and Poland<\/a> (page 35)<br>DOI: http:\/\/dx.doi.org\/10.29119\/1641-3466.2021.152.3<\/p>\n\n\n\n<p>4. Ma\u0142gorzata HARTWICH, Robert ROMANOWSKI \u2013 <a href=\"http:\/\/managementpapers.polsl.pl\/wp-content\/uploads\/2021\/06\/ZN-152_Hartwich-Romanowski.pdf\">Civic budgets in cities of Greater Poland region in 2018<\/a> (page 47)<br>DOI: http:\/\/dx.doi.org\/10.29119\/1641-3466.2021.152.4<\/p>\n\n\n\n<p>5. Marek J\u00d3\u0179WIAK \u2013 <a href=\"http:\/\/managementpapers.polsl.pl\/wp-content\/uploads\/2021\/06\/ZN-152_J\u00f3\u017awiak.pdf\">Sustainable tourism facilities and their impact on the Kuyavian-Pomeranian voivodeship tourism competitiveness<\/a> (page 65)<br>DOI: http:\/\/dx.doi.org\/10.29119\/1641-3466.2021.152.5<\/p>\n\n\n\n<p>6. Anna KACPRZAK, Marzena KACPRZAK, Izabela WIELEWSKA \u2013 <a href=\"http:\/\/managementpapers.polsl.pl\/wp-content\/uploads\/2021\/06\/ZN-152_Kacprzak-Kacprzak-Wielewska.pdf\">Employer branding and employees\u2019 commitment in international enterprises<\/a> (page 81)<br>DOI: http:\/\/dx.doi.org\/10.29119\/1641-3466.2021.152.6<\/p>\n\n\n\n<p>7. Urszula K\u0118PROWSKA \u2013 <a href=\"http:\/\/managementpapers.polsl.pl\/wp-content\/uploads\/2021\/06\/ZN-152_K\u0119prowska.pdf\">Promotion of the city as an element of territorial marketing in the field of tourism<\/a> (page 95)<br>DOI: http:\/\/dx.doi.org\/10.29119\/1641-3466.2021.152.7<\/p>\n\n\n\n<p>8. Monika KLEMKE-PITEK \u2013 <a href=\"http:\/\/managementpapers.polsl.pl\/wp-content\/uploads\/2021\/06\/ZN-152_Klemke-Pitek.pdf\">The concept of teacher training co-financed by the European Union in the teacher training school model<\/a> (page 109)<br>DOI: http:\/\/dx.doi.org\/10.29119\/1641-3466.2021.152.8<\/p>\n\n\n\n<p>9. Mariusz KMIECIK \u2013 <a href=\"http:\/\/managementpapers.polsl.pl\/wp-content\/uploads\/2021\/06\/ZN-152_Kmiecik.pdf\">Implementation of forecasting tool in the logistics company \u2013 case study<\/a> (page 119)<br>DOI: http:\/\/dx.doi.org\/10.29119\/1641-3466.2021.152.9<\/p>\n\n\n\n<p>10. Andrzej KONDEJ, Wies\u0142aw CIECHOMSKI \u2013 <a href=\"http:\/\/managementpapers.polsl.pl\/wp-content\/uploads\/2021\/06\/ZN-152_Kondej-Ciechomski.pdf\">The level of consumers\u2019 income and the development and structure of retail trade on the example of Wielkopolskie and Podlaskie regions<\/a> (page 127)<br>DOI: http:\/\/dx.doi.org\/10.29119\/1641-3466.2021.152.10<\/p>\n\n\n\n<p>11. Wies\u0142awa KU\u0179NIAR \u2013 <a href=\"http:\/\/managementpapers.polsl.pl\/wp-content\/uploads\/2021\/06\/ZN-152_Ku\u017aniar.pdf\">The importance of dialogue and cooperation with the residents for urban development, on the example of the city of Rzesz\u00f3w<\/a> (page 143)<br>DOI: http:\/\/dx.doi.org\/10.29119\/1641-3466.2021.152.11<\/p>\n\n\n\n<p>12. Rafa\u0142 MAZUR, Arkadiusz MALKOWSKI \u2013 <a href=\"http:\/\/managementpapers.polsl.pl\/wp-content\/uploads\/2021\/06\/ZN-152_Mazur-Malkowski.pdf\">Significance of employee innovation for knowledge economy based on the case of industrial companies located in west Pomerania<\/a> (page 155)<br>DOI: http:\/\/dx.doi.org\/10.29119\/1641-3466.2021.152.12<\/p>\n\n\n\n<p>13. Teresa MI\u015a \u2013 <a href=\"http:\/\/managementpapers.polsl.pl\/wp-content\/uploads\/2021\/06\/ZN-152_Mi\u015b.pdf\">The significance of european union funds for the development of the regions of eastern Poland<\/a> (page 169)<br>DOI: http:\/\/dx.doi.org\/10.29119\/1641-3466.2021.152.13<\/p>\n\n\n\n<p>14. Lech NIE\u017bURAWSKI, Joanna NIE\u017bURAWSKA-ZAJ\u0104C \u2013 <a href=\"http:\/\/managementpapers.polsl.pl\/wp-content\/uploads\/2021\/06\/ZN-152_Niezurawski-Nie\u017curawska-Zaj\u0105c.pdf\">Some selected factors of success of enterprises \u2013 theory and practice<\/a> (page 181)<br>DOI: http:\/\/dx.doi.org\/10.29119\/1641-3466.2021.152.14<\/p>\n\n\n\n<p>15. Aleksandra P\u0141ONKA, Wojciech SROKA \u2013 <a href=\"http:\/\/managementpapers.polsl.pl\/wp-content\/uploads\/2021\/06\/ZN-152_P\u0142onka-Sroka.pdf\">Food strategies and restitution of urban agriculture illustrated by the case of selected solutions of metropolitan areas<\/a> (page 199)<br>DOI: http:\/\/dx.doi.org\/10.29119\/1641-3466.2021.152.15<\/p>\n\n\n\n<p>16. Wies\u0142aw SZOPI\u0143SKI, Marta KAWA, Tomasz SURMACZ \u2013 <a href=\"http:\/\/managementpapers.polsl.pl\/wp-content\/uploads\/2021\/06\/ZN-152_Szopi\u0144ski-Kawa-Surmacz.pdf\">The role of corporate social responsibility in development of communication with external stakeholders and environmental protection \u2013 an example of a telecommunications company<\/a> (page 209)<br>DOI: http:\/\/dx.doi.org\/10.29119\/1641-3466.2021.152.16<\/p>\n\n\n\n<p>17. Arkadiusz TUZIAK \u2013 <a href=\"http:\/\/managementpapers.polsl.pl\/wp-content\/uploads\/2021\/06\/ZN-152_Tuziak.pdf\">Innovativeness as a resource for the development of a peripheral region<\/a> (page 219)<br>DOI: http:\/\/dx.doi.org\/10.29119\/1641-3466.2021.152.17<\/p>\n\n\n\n<p>18. Mariusz WO\u0179NIAKOWSKI \u2013 <a href=\"http:\/\/managementpapers.polsl.pl\/wp-content\/uploads\/2021\/06\/ZN-152_Wo\u017aniakowski.pdf\">Social media in the communication between the cities of the \u0141\u00f3d\u017a voivodeship and stakeholders during the covid-19 pandemic<\/a> (page 223)<br>DOI: http:\/\/dx.doi.org\/10.29119\/1641-3466.2021.152.18<\/p>\n\n\n\n<p>19. Mateusz ZACZYK \u2013 <a href=\"http:\/\/managementpapers.polsl.pl\/wp-content\/uploads\/2021\/06\/ZN-152_Zaczyk.pdf\">Key areas of blockchain technology application in Logistics<\/a> (page 245)<br>DOI: http:\/\/dx.doi.org\/10.29119\/1641-3466.2021.152.19<\/p>\n","protected":false},"excerpt":{"rendered":"<p>Scientific Papers of Silesian University of Technology &#8211; Organization and Management Series &#8211; Issue No. 152 Click Here To Download Full Issue No. 152 ForewordInsertTable of contents 1. Krzysztof ANDRUSZKIEWICZ, Maciej SCHULZ, Jakub SKORUPA \u2013 The essence and the process of region branding (page 7)DOI: http:\/\/dx.doi.org\/10.29119\/1641-3466.2021.152.1 2. Chrystian FIRLEJ \u2013 Bioeconomy as an economic area [&hellip;]<\/p>\n","protected":false},"author":1,"featured_media":0,"parent":0,"menu_order":0,"comment_status":"closed","ping_status":"closed","template":"","meta":{"footnotes":""},"class_list":["post-1672","page","type-page","status-publish","hentry"],"_links":{"self":[{"href":"https:\/\/managementpapers.polsl.pl\/index.php?rest_route=\/wp\/v2\/pages\/1672","targetHints":{"allow":["GET"]}}],"collection":[{"href":"https:\/\/managementpapers.polsl.pl\/index.php?rest_route=\/wp\/v2\/pages"}],"about":[{"href":"https:\/\/managementpapers.polsl.pl\/index.php?rest_route=\/wp\/v2\/types\/page"}],"author":[{"embeddable":true,"href":"https:\/\/managementpapers.polsl.pl\/index.php?rest_route=\/wp\/v2\/users\/1"}],"replies":[{"embeddable":true,"href":"https:\/\/managementpapers.polsl.pl\/index.php?rest_route=%2Fwp%2Fv2%2Fcomments&post=1672"}],"version-history":[{"count":6,"href":"https:\/\/managementpapers.polsl.pl\/index.php?rest_route=\/wp\/v2\/pages\/1672\/revisions"}],"predecessor-version":[{"id":1690,"href":"https:\/\/managementpapers.polsl.pl\/index.php?rest_route=\/wp\/v2\/pages\/1672\/revisions\/1690"}],"wp:attachment":[{"href":"https:\/\/managementpapers.polsl.pl\/index.php?rest_route=%2Fwp%2Fv2%2Fmedia&parent=1672"}],"curies":[{"name":"wp","href":"https:\/\/api.w.org\/{rel}","templated":true}]}}