{"id":1546,"date":"2021-02-11T21:43:15","date_gmt":"2021-02-11T20:43:15","guid":{"rendered":"http:\/\/managementpapers.polsl.pl\/?page_id=1546"},"modified":"2021-03-23T12:56:59","modified_gmt":"2021-03-23T11:56:59","slug":"scientific-papers-of-silesian-university-of-technology-organization-and-management-series-issue-no-150","status":"publish","type":"page","link":"https:\/\/managementpapers.polsl.pl\/?page_id=1546","title":{"rendered":"Scientific Papers of Silesian University of Technology \u2013 Organization and Management Series \u2013 Issue No. 150"},"content":{"rendered":"\n<p style=\"color:#a30000\" class=\"has-text-color has-medium-font-size\"><strong><span style=\"color:#065566\" class=\"has-inline-color\">Scientific Papers of Silesian University of Technology &#8211; Organization and Management Series &#8211; Issue No. 150<\/span><\/strong><\/p>\n\n\n\n<p class=\"has-text-align-center\"><a href=\"http:\/\/managementpapers.polsl.pl\/wp-content\/uploads\/2021\/03\/150POPR_ZN150_compressed.pdf\">Click Here To Download Full Issue No. 150<\/a><\/p>\n\n\n\n<div class=\"wp-block-image\"><figure class=\"aligncenter size-large is-resized\"><a href=\"http:\/\/managementpapers.polsl.pl\/wp-content\/uploads\/2021\/03\/150POPR_ZN150_compressed.pdf\"><img loading=\"lazy\" decoding=\"async\" src=\"http:\/\/managementpapers.polsl.pl\/wp-content\/uploads\/2021\/02\/ZN150.png\" alt=\"\" class=\"wp-image-1543\" width=\"322\" height=\"444\"\/><\/a><\/figure><\/div>\n\n\n\n<p class=\"has-text-align-center\"><a href=\"http:\/\/managementpapers.polsl.pl\/wp-content\/uploads\/2021\/02\/ZN150Wprowadzenie.pdf\">Foreword<\/a><br><a href=\"http:\/\/managementpapers.polsl.pl\/wp-content\/uploads\/2021\/02\/ZN150wk\u0142adka.pdf\">Insert<\/a><br><a href=\"http:\/\/managementpapers.polsl.pl\/wp-content\/uploads\/2021\/02\/ZN150spis-tre\u015bci-angielski.pdf\">Table of contents<\/a><br><a href=\"http:\/\/managementpapers.polsl.pl\/wp-content\/uploads\/2021\/02\/ZN150spis-recenzent\u00f3w.pdf\">List of reviewers<\/a><\/p>\n\n\n\n<p>1. Pawe\u0142 BE\u0141CH \u2013 <a href=\"http:\/\/managementpapers.polsl.pl\/wp-content\/uploads\/2021\/02\/ZN150Be\u0142ch.pdf\">Management of a transport company during the Covid-19 pandemic<\/a> (page 7)<br>DOI: http:\/\/dx.doi.org\/10.29119\/1641-3466.2021.150.1<\/p>\n\n\n\n<p>2. Agnieszka DZIUBI\u0143SKA \u2013 <a href=\"http:\/\/managementpapers.polsl.pl\/wp-content\/uploads\/2021\/02\/ZN150Dziubi\u0144ska.pdf\">Is acting on emerging markets environment a challenge of the unknown? The answer from complexity theory perspective<\/a> (page 17)<br>DOI: http:\/\/dx.doi.org\/10.29119\/1641-3466.2021.150.2<\/p>\n\n\n\n<p>3. Adam JANISZEWSKI \u2013 <a href=\"http:\/\/managementpapers.polsl.pl\/wp-content\/uploads\/2021\/02\/ZN150Janiszewski.pdf\">Organizational responses to sustainable development challenges \u2013 conditions &amp; consequences<\/a> (page 29)<br>DOI: http:\/\/dx.doi.org\/10.29119\/1641-3466.2021.150.3<\/p>\n\n\n\n<p>4. Szymon JOPKIEWICZ, Agata JOPKIEWICZ \u2013 <a href=\"http:\/\/managementpapers.polsl.pl\/wp-content\/uploads\/2021\/02\/ZN150Jopkiewicz-Jopkiewicz.pdf\">Innovations in the dimension of communication in health sector and the perspective of Society 5.0<\/a> (page 47)<br>DOI: http:\/\/dx.doi.org\/10.29119\/1641-3466.2021.150.4<\/p>\n\n\n\n<p>5. Kamil KARSKI \u2013 <a href=\"http:\/\/managementpapers.polsl.pl\/wp-content\/uploads\/2021\/02\/ZN150Karski.pdf\">Selected applications of the blockchain network in the Economy 4.0<\/a> (page 57)<br>DOI: http:\/\/dx.doi.org\/10.29119\/1641-3466.2021.150.5<\/p>\n\n\n\n<p>6. Izabela KONIECZNA \u2013 <a href=\"http:\/\/managementpapers.polsl.pl\/wp-content\/uploads\/2021\/02\/ZN150Konieczna.pdf\">Features of the offer in the distribution area. Comparative analysis on the example of dairy cooperatives in the Ma\u0142opolskie and \u015awi\u0119tokrzyskie voivodeships<\/a> (page 69)<br>DOI: http:\/\/dx.doi.org\/10.29119\/1641-3466.2021.150.6<\/p>\n\n\n\n<p>7. Teresa KRA\u015aNICKA \u2013 <a href=\"http:\/\/managementpapers.polsl.pl\/wp-content\/uploads\/2021\/02\/ZN150Kra\u015bnicka.pdf\">Innovation of Polish family and non-family businesses<\/a> (page 81)<br>DOI: http:\/\/dx.doi.org\/10.29119\/1641-3466.2021.150.7<\/p>\n\n\n\n<p>8. Agnieszka KRAWCZYK-SO\u0141TYS \u2013 <a href=\"http:\/\/managementpapers.polsl.pl\/wp-content\/uploads\/2021\/02\/ZN150Krawczyk-So\u0142tys.pdf\">Professional competencies in shaping the organizational competences of Polish Emergency Medical Units in the light of survey research<\/a> (page 99)<br>DOI: http:\/\/dx.doi.org\/10.29119\/1641-3466.2021.150.8<\/p>\n\n\n\n<p>9. Agnieszka KU\u015a \u2013 <a href=\"http:\/\/managementpapers.polsl.pl\/wp-content\/uploads\/2021\/02\/ZN150Ku\u015b.pdf\">Inefficiency in spectrum auctions \u2013 empirical evidence<\/a> (page 115)<br>DOI: http:\/\/dx.doi.org\/10.29119\/1641-3466.2021.150.9<\/p>\n\n\n\n<p>10. Adrianna MASTALERZ-KODZIS \u2013 <a href=\"http:\/\/managementpapers.polsl.pl\/wp-content\/uploads\/2021\/02\/ZN150Mastalerz-Kodzis.pdf\">Quantitative analysis of the economic potential on the example of the Upper Silesian Metropolis<\/a> (page 131)<br>DOI: http:\/\/dx.doi.org\/10.29119\/1641-3466.2021.150.10<\/p>\n\n\n\n<p>11. Rafa\u0142 MATWIEJCZUK \u2013 <a href=\"http:\/\/managementpapers.polsl.pl\/wp-content\/uploads\/2021\/02\/ZN150Matwiejczuk.pdf\">The premises of the evolution and development of firm competences in strategic management<\/a> (page 141)<br>DOI: http:\/\/dx.doi.org\/10.29119\/1641-3466.2021.150.11<\/p>\n\n\n\n<p>12. Monika MI\u015aKIEWICZ-NAWROCKA \u2013 <a href=\"http:\/\/managementpapers.polsl.pl\/wp-content\/uploads\/2021\/02\/ZN150Mi\u015bkiewicz-Nawrocka.pdf\">The application of Czekanowski diagram to assess the financial situation of non-financial enterprises in Poland in the years 2010-2020<\/a> (page 151)<br>DOI: http:\/\/dx.doi.org\/10.29119\/1641-3466.2021.150.12<\/p>\n\n\n\n<p>13. El\u017cbieta PAW\u0141OWSKA, Pawe\u0142 WITKOWSKI, Paulina TRYBUS \u2013 <a href=\"http:\/\/managementpapers.polsl.pl\/wp-content\/uploads\/2021\/02\/ZN150Paw\u0142owska-Witkowski-Trybus.pdf\">Mediation as an innovative dispute resolution tool based on the example of public organizations<\/a> (page 169)<br>DOI: http:\/\/dx.doi.org\/10.29119\/1641-3466.2021.150.13<\/p>\n\n\n\n<p>14. Iwona PISZ \u2013 <a href=\"http:\/\/managementpapers.polsl.pl\/wp-content\/uploads\/2021\/02\/ZN150Pisz.pdf\">Impact Covid-19 pandemic on implementation Industry 4.0 in enterprises and supply chains<\/a> (page 183)<br>DOI: http:\/\/dx.doi.org\/10.29119\/1641-3466.2021.150.14<\/p>\n\n\n\n<p>15. Ewa PO\u015aPIECH \u2013 <a href=\"http:\/\/managementpapers.polsl.pl\/wp-content\/uploads\/2021\/02\/ZN150Po\u015bpiech.pdf\">Comparison of profits of effective portfolios with non-effective portfolios taking into account the fuzzy approach<\/a> (page 199)<br>DOI: http:\/\/dx.doi.org\/10.29119\/1641-3466.2021.150.15<\/p>\n\n\n\n<p>16. Agnieszka PUTO \u2013 <a href=\"http:\/\/managementpapers.polsl.pl\/wp-content\/uploads\/2021\/02\/ZN150Puto.pdf\">Opinions of Polish students on the need for the transition to distance learning when facing the global pandemic Covid-19<\/a> (page 213)<br>DOI: http:\/\/dx.doi.org\/10.29119\/1641-3466.2021.150.16<\/p>\n\n\n\n<p>17. Marlena SMUDA-KOCO\u0143 \u2013 <a href=\"http:\/\/managementpapers.polsl.pl\/wp-content\/uploads\/2021\/02\/ZN150Smuda-Koco\u0144.pdf\">Framework of contradictions shaping bank management: a conceptual paper<\/a> (page 225)<br>DOI: http:\/\/dx.doi.org\/10.29119\/1641-3466.2021.150.17<\/p>\n\n\n\n<p>18. Dorota SOBOL, Aleksandra PIETRZAK \u2013 <a href=\"http:\/\/managementpapers.polsl.pl\/wp-content\/uploads\/2021\/02\/ZN150Sobol-Pietrzak.pdf\">Effectiveness evaluation of the communication process with employees on the example of the Kaufland Poland branch<\/a> (page 237)<br>DOI: http:\/\/dx.doi.org\/10.29119\/1641-3466.2021.150.18<\/p>\n\n\n\n<p>19. Izabela STEINEROWSKA-STREB \u2013 <a href=\"http:\/\/managementpapers.polsl.pl\/wp-content\/uploads\/2021\/02\/ZN150Stainerowska-Streb.pdf\">Internationalization of Polish enterprises. A comparative analysis of family and non-family businesses<\/a> (page 255)<br>DOI: http:\/\/dx.doi.org\/10.29119\/1641-3466.2021.150.19<\/p>\n\n\n\n<p>20. Pawe\u0142 SZEWCZYK \u2013 <a href=\"http:\/\/managementpapers.polsl.pl\/wp-content\/uploads\/2021\/02\/ZN150Szewczyk.pdf\">Mangement of blockchain based digital assets in industry and services<\/a> (page 267)<br>DOI: http:\/\/dx.doi.org\/10.29119\/1641-3466.2021.150.20<\/p>\n\n\n\n<p>21. Dobrochna SZTAJERSKA, Marcin BOGDA\u0143SKI \u2013 <a href=\"http:\/\/managementpapers.polsl.pl\/wp-content\/uploads\/2021\/02\/ZN150Sztajerska-Bogda\u0144ski.pdf\">Improvement of maintenance process in a coal mine \u2013 case study<\/a> (page 279)<br>DOI: http:\/\/dx.doi.org\/10.29119\/1641-3466.2021.150.21<\/p>\n\n\n\n<p>22. Piotr TWOREK, J\u00f3zef MYRCZEK \u2013 <a href=\"http:\/\/managementpapers.polsl.pl\/wp-content\/uploads\/2021\/02\/ZN150Tworek-Myrczek.pdf\">Risk management in construction enterprises in \u015al\u0105skie and Ma\u0142opolskie voivodships in Poland<\/a> (page 299)<br>DOI: http:\/\/dx.doi.org\/10.29119\/1641-3466.2021.150.22<\/p>\n\n\n\n<p>23. Roman TYL\u017bANOWSKI \u2013 <a href=\"http:\/\/managementpapers.polsl.pl\/wp-content\/uploads\/2021\/02\/ZN150Tyl\u017canowski.pdf\">Creativity as the main determinant of implementing frugal innovations in enterprises<\/a> (page 309)<br>DOI: http:\/\/dx.doi.org\/10.29119\/1641-3466.2021.150.23<\/p>\n\n\n\n<p>24. Jerzy W\u0104CHOL \u2013 <a href=\"http:\/\/managementpapers.polsl.pl\/wp-content\/uploads\/2021\/02\/ZN150W\u0105chol.pdf\">Global environment as a factor of changes in organization and modern management concepts<\/a> (page 321)<br>DOI: http:\/\/dx.doi.org\/10.29119\/1641-3466.2021.150.24<\/p>\n\n\n\n<p>25. Marta WI\u0104CEK \u2013 <a href=\"http:\/\/managementpapers.polsl.pl\/wp-content\/uploads\/2021\/02\/ZN150Wi\u0105cek.pdf\">The impact of relations with stakeholders on change management, innovation and competitiveness of the organization on the example of the current economic situation of enterprises in Poland<\/a> (page 333)<br>DOI: http:\/\/dx.doi.org\/10.29119\/1641-3466.2021.150.25<\/p>\n\n\n\n<p>26. Dariusz WYRWA \u2013 <a href=\"http:\/\/managementpapers.polsl.pl\/wp-content\/uploads\/2021\/02\/ZN150Wyrwa.pdf\">Research methods and techniques applied during preparation of regional innovation strategies of Polish regions<\/a> (page 347)<br>DOI: http:\/\/dx.doi.org\/10.29119\/1641-3466.2021.150.26<\/p>\n\n\n\n<p>27. Katarzyna ZEUG-\u017bEBRO \u2013 <a href=\"http:\/\/managementpapers.polsl.pl\/wp-content\/uploads\/2021\/02\/ZN150Zeug-\u017bebro.pdf\">Spatial modeling of investment activity of enterprises in service sector<\/a> (page 357)<br>DOI: http:\/\/dx.doi.org\/10.29119\/1641-3466.2021.150.27<\/p>\n\n\n\n<p>28. Katarzyna \u017bAK \u2013 <a href=\"http:\/\/managementpapers.polsl.pl\/wp-content\/uploads\/2021\/02\/ZN150\u017bak.pdf\">Implementation of the green governance concept and green management practices in corporations of EBRD regions \u2013 selected issues<\/a> (page 369)<br>DOI: http:\/\/dx.doi.org\/10.29119\/1641-3466.2021.150.28<\/p>\n","protected":false},"excerpt":{"rendered":"<p>Scientific Papers of Silesian University of Technology &#8211; Organization and Management Series &#8211; Issue No. 150 Click Here To Download Full Issue No. 150 ForewordInsertTable of contentsList of reviewers 1. Pawe\u0142 BE\u0141CH \u2013 Management of a transport company during the Covid-19 pandemic (page 7)DOI: http:\/\/dx.doi.org\/10.29119\/1641-3466.2021.150.1 2. Agnieszka DZIUBI\u0143SKA \u2013 Is acting on emerging markets environment [&hellip;]<\/p>\n","protected":false},"author":1,"featured_media":0,"parent":0,"menu_order":0,"comment_status":"closed","ping_status":"closed","template":"","meta":{"footnotes":""},"class_list":["post-1546","page","type-page","status-publish","hentry"],"_links":{"self":[{"href":"https:\/\/managementpapers.polsl.pl\/index.php?rest_route=\/wp\/v2\/pages\/1546","targetHints":{"allow":["GET"]}}],"collection":[{"href":"https:\/\/managementpapers.polsl.pl\/index.php?rest_route=\/wp\/v2\/pages"}],"about":[{"href":"https:\/\/managementpapers.polsl.pl\/index.php?rest_route=\/wp\/v2\/types\/page"}],"author":[{"embeddable":true,"href":"https:\/\/managementpapers.polsl.pl\/index.php?rest_route=\/wp\/v2\/users\/1"}],"replies":[{"embeddable":true,"href":"https:\/\/managementpapers.polsl.pl\/index.php?rest_route=%2Fwp%2Fv2%2Fcomments&post=1546"}],"version-history":[{"count":2,"href":"https:\/\/managementpapers.polsl.pl\/index.php?rest_route=\/wp\/v2\/pages\/1546\/revisions"}],"predecessor-version":[{"id":1635,"href":"https:\/\/managementpapers.polsl.pl\/index.php?rest_route=\/wp\/v2\/pages\/1546\/revisions\/1635"}],"wp:attachment":[{"href":"https:\/\/managementpapers.polsl.pl\/index.php?rest_route=%2Fwp%2Fv2%2Fmedia&parent=1546"}],"curies":[{"name":"wp","href":"https:\/\/api.w.org\/{rel}","templated":true}]}}