{"id":1419,"date":"2020-10-29T09:10:32","date_gmt":"2020-10-29T08:10:32","guid":{"rendered":"http:\/\/managementpapers.polsl.pl\/?page_id=1419"},"modified":"2020-11-24T12:39:08","modified_gmt":"2020-11-24T11:39:08","slug":"scientific-papers-of-silesian-university-of-technology-organization-and-management-series-issue-no-148","status":"publish","type":"page","link":"https:\/\/managementpapers.polsl.pl\/?page_id=1419","title":{"rendered":"Scientific Papers of Silesian University of Technology \u2013 Organization and Management Series \u2013 Issue No. 148"},"content":{"rendered":"\n<div class=\"wp-block-image\"><figure class=\"aligncenter size-large is-resized\"><img loading=\"lazy\" decoding=\"async\" src=\"http:\/\/managementpapers.polsl.pl\/wp-content\/uploads\/2020\/10\/Cover148.png\" alt=\"\" class=\"wp-image-1414\" width=\"269\" height=\"380\" srcset=\"https:\/\/managementpapers.polsl.pl\/wp-content\/uploads\/2020\/10\/Cover148.png 540w, https:\/\/managementpapers.polsl.pl\/wp-content\/uploads\/2020\/10\/Cover148-212x300.png 212w\" sizes=\"auto, (max-width: 269px) 100vw, 269px\" \/><\/figure><\/div>\n\n\n\n<p class=\"has-text-align-center\"><a href=\"http:\/\/managementpapers.polsl.pl\/wp-content\/uploads\/2020\/10\/148_NEW_Wprowadzenie-148.pdf\">Foreword<\/a><br><a href=\"http:\/\/managementpapers.polsl.pl\/wp-content\/uploads\/2020\/10\/148_wk\u0142adka.pdf\">Insert<\/a><br><a href=\"http:\/\/managementpapers.polsl.pl\/wp-content\/uploads\/2020\/10\/148_spis-tre\u015bci-angielski.pdf\">Table of contents<\/a><br><a href=\"http:\/\/managementpapers.polsl.pl\/wp-content\/uploads\/2020\/10\/148_Wykaz-recenzent\u00f3w.pdf\">List of reviewers<\/a><\/p>\n\n\n\n<p>1. Marcin ANTONIAK \u2013 <a href=\"http:\/\/managementpapers.polsl.pl\/wp-content\/uploads\/2020\/10\/148_Antoniak.pdf\">Benefits and threats of neuromarketing: theoretical background and practical use<\/a><br>DOI: http:\/\/dx.doi.org\/10.29119\/1641-3466.2020.148.1<\/p>\n\n\n\n<p>2. Robert BALCERZYK, Janusz MATERAC \u2013 <a href=\"http:\/\/managementpapers.polsl.pl\/wp-content\/uploads\/2020\/10\/148_Balcerzyk-Materac.pdf\">The armed forces of the Republic of Poland as a model for organisations using outplacement<\/a><br>DOI: http:\/\/dx.doi.org\/10.29119\/1641-3466.2020.148.2<\/p>\n\n\n\n<p>3. Przemys\u0142aw BANASIK, Monika ODLANICKA-POCZOBUTT, Sylwia MORAWSKA \u2013 <a href=\"http:\/\/managementpapers.polsl.pl\/wp-content\/uploads\/2020\/10\/148_Banasik-Odlanicka-Poczobutt-Morawska.pdf\">The unsustainability of public-sector organizational networks: a case study of voluntary court<\/a><br>DOI: http:\/\/dx.doi.org\/10.29119\/1641-3466.2020.148.3<\/p>\n\n\n\n<p>4. Jolanta BARAN \u2013 <a href=\"http:\/\/managementpapers.polsl.pl\/wp-content\/uploads\/2020\/10\/148_Baran.pdf\">Direct applications of product life cycle assessment in circular economy<\/a><br>DOI: http:\/\/dx.doi.org\/10.29119\/1641-3466.2020.148.4<\/p>\n\n\n\n<p>5. Micha\u0142 BARTNICKI \u2013 <a href=\"http:\/\/managementpapers.polsl.pl\/wp-content\/uploads\/2020\/10\/148_Bartnicki.pdf\">Gender as a parameter reflecting the non-savings deposits situation of individual customers<\/a><br>DOI: http:\/\/dx.doi.org\/10.29119\/1641-3466.2020.148.5<\/p>\n\n\n\n<p>6. Anna CELI\u0143SKA \u2013 <a href=\"http:\/\/managementpapers.polsl.pl\/wp-content\/uploads\/2020\/10\/148_Celi\u0144ska.pdf\">Product feature as a determinant of the industrial buying method<\/a><br>DOI: http:\/\/dx.doi.org\/10.29119\/1641-3466.2020.148.6<\/p>\n\n\n\n<p>7. Ma\u0142gorzata CIECIORA, Wiktor BO\u0141KUNOW, Piotr PIETRZAK, Piotr GAGO, Ma\u0142gorzata RZE\u0179NIK-KNOTEK \u2013 <a href=\"http:\/\/managementpapers.polsl.pl\/wp-content\/uploads\/2020\/10\/148_Cieciora-Bo\u0142kunow-Pietrzak-Gago-Rze\u017anik-Knotek.pdf\">Critical success factors of ERP\/CRM implementation in SMEs in Poland: pilot study<\/a><br>DOI: http:\/\/dx.doi.org\/10.29119\/1641-3466.2020.148.7<\/p>\n\n\n\n<p>8. Mateusz DULEWSKI, Izabela JONEK-KOWALSKA \u2013 <a href=\"http:\/\/managementpapers.polsl.pl\/wp-content\/uploads\/2020\/10\/148_Dulewski-Jonek-Kowalska.pdf\">Use of customer satisfaction survey in analytical marketing of a research institute<\/a><br>DOI: http:\/\/dx.doi.org\/10.29119\/1641-3466.2020.148.8<\/p>\n\n\n\n<p>9. Andrzej DZIERWA, Ryszard RADWA\u0143SKI, Andrzej PACANA \u2013 <a href=\"http:\/\/managementpapers.polsl.pl\/wp-content\/uploads\/2020\/10\/148_Dzierwa-Radwa\u0144ski-Pacana.pdf\">The use of the design FMEA method on the example of a guttering system<\/a><br>DOI: http:\/\/dx.doi.org\/10.29119\/1641-3466.2020.148.9<\/p>\n\n\n\n<p>10. Henryk D\u0179WIGO\u0141, Piotr BAROSZ \u2013 <a href=\"http:\/\/managementpapers.polsl.pl\/wp-content\/uploads\/2020\/10\/148_D\u017awigo\u0142-Barosz.pdf\">Observation as a research method in social science<\/a><br>DOI: http:\/\/dx.doi.org\/10.29119\/1641-3466.2020.148.10<\/p>\n\n\n\n<p>11. Henryk D\u0179WIGO\u0141, Dariusz D\u0179WIGO\u0141 \u2013 <a href=\"http:\/\/managementpapers.polsl.pl\/wp-content\/uploads\/2020\/10\/148_D\u017awigo\u0142-D\u017awigo\u0142.pdf\">Management science versus business practice \u2013 analysis of selected aspects of the problem<\/a><br>DOI: http:\/\/dx.doi.org\/10.29119\/1641-3466.2020.148.11<\/p>\n\n\n\n<p>12. Henryk D\u0179WIGO\u0141, Mariola D\u0179WIGO\u0141-BAROSZ \u2013 <a href=\"http:\/\/managementpapers.polsl.pl\/wp-content\/uploads\/2020\/10\/148_D\u017awigo\u0142-D\u017awigo\u0142-Barosz.pdf\">Research processes and methodological triangulation<\/a><br>DOI: http:\/\/dx.doi.org\/10.29119\/1641-3466.2020.148.12<\/p>\n\n\n\n<p>13. Bo\u017cena GAJDZIK, Andrzej WYCI\u015aLIK, Krzysztof GAJDZIK \u2013 <a href=\"http:\/\/managementpapers.polsl.pl\/wp-content\/uploads\/2020\/10\/148_Gajdzik-Wyci\u015blik-Gajdzik.pdf\">Factors for building a competitive advantage of analytical laboratories on the market<\/a><br>DOI: http:\/\/dx.doi.org\/10.29119\/1641-3466.2020.148.13<\/p>\n\n\n\n<p>14. Maciej GITLING \u2013 <a href=\"http:\/\/managementpapers.polsl.pl\/wp-content\/uploads\/2020\/10\/148_Gitling.pdf\">The significance of organisational culture in the development of human capital<\/a><br>DOI: http:\/\/dx.doi.org\/10.29119\/1641-3466.2020.148.14<\/p>\n\n\n\n<p>15. Wes GREBSKI, Michalene GREBSKI, Agnieszka CZERWI\u0143SKA-LUBSZCZYK, Dominika JAGODA-SOBALAK \u2013 <a href=\"http:\/\/managementpapers.polsl.pl\/wp-content\/uploads\/2020\/10\/148_Grebski-Grebski-Czerwi\u0144ska-Lubszczyk-Jagoda-Sobalak.pdf\">Comparative analysis of the curriculum of mechanical engineering program in Poland and the United States<\/a><br>DOI: http:\/\/dx.doi.org\/10.29119\/1641-3466.2020.148.15<\/p>\n\n\n\n<p>16. Piotr HETMA\u0143CZYK \u2013 <a href=\"http:\/\/managementpapers.polsl.pl\/wp-content\/uploads\/2020\/10\/148_Hetma\u0144czyk.pdf\">Digitalization and its impact on the national labour market and education system. Results of a moderated discussion<\/a><br>DOI: http:\/\/dx.doi.org\/10.29119\/1641-3466.2020.148.16<\/p>\n\n\n\n<p>17. Marcin JAKUBIEC \u2013 <a href=\"http:\/\/managementpapers.polsl.pl\/wp-content\/uploads\/2020\/10\/148_Jakubiec.pdf\">Importance of employee training in the process of human resource management \u2013 selected aspects<\/a><br>DOI: http:\/\/dx.doi.org\/10.29119\/1641-3466.2020.148.17<\/p>\n\n\n\n<p>18. Karolina J\u0104DERKO-SKUBIS, Krzysztof KURUS \u2013 <a href=\"http:\/\/managementpapers.polsl.pl\/wp-content\/uploads\/2020\/10\/148_J\u0105derko-Skubis-Kurus.pdf\">Factors determining the use of sewage sludge as a substrate for energy recovery<\/a><br>DOI: http:\/\/dx.doi.org\/10.29119\/1641-3466.2020.148.18<\/p>\n\n\n\n<p>19. Michaela KE\u0160E\u013dOV\u00c1, Patrik \u0160V\u00c1B, Peter KORBA, Michal HOVANEC \u2013 <a href=\"http:\/\/managementpapers.polsl.pl\/wp-content\/uploads\/2020\/10\/148_Keselova-Svab-Korba-Hovanec.pdf\">The impact of the covid-19 outbreak on aviation<\/a><br>DOI: http:\/\/dx.doi.org\/10.29119\/1641-3466.2020.148.19<\/p>\n\n\n\n<p>20. Wioletta KNAPIK, Janina SZEWCZYK, Monika JAWORSKA, S\u0142awomir LISEK \u2013 <a href=\"http:\/\/managementpapers.polsl.pl\/wp-content\/uploads\/2020\/10\/148_Knapik-Szewczyk-Jaworska-Lisek.pdf\">Social innovation management based on the example of care farms<\/a><br>DOI: http:\/\/dx.doi.org\/10.29119\/1641-3466.2020.148.20<\/p>\n\n\n\n<p>21. Wioletta KNAPIK, Monika ZIO\u0141O, Chrystian FIRLEJ \u2013 <a href=\"http:\/\/managementpapers.polsl.pl\/wp-content\/uploads\/2020\/10\/148_Knapik-Zio\u0142o-Firlej.pdf\">Management of the development of non-agricultural small farm businesses towards care farms<\/a><br>DOI: http:\/\/dx.doi.org\/10.29119\/1641-3466.2020.148.21<\/p>\n\n\n\n<p>22. Anna KOCHMA\u0143SKA, Izabela MARSZA\u0141EK-KOTZUR \u2013 <a href=\"http:\/\/managementpapers.polsl.pl\/wp-content\/uploads\/2020\/10\/148_Kochma\u0144ska-Marsza\u0142ek-Kotzur.pdf\">Management ethical challenges in the time of crisis with regard to philosophical considerations of J\u00f3zef Tischner<\/a><br>DOI: http:\/\/dx.doi.org\/10.29119\/1641-3466.2020.148.22<\/p>\n\n\n\n<p>23. Magdalena KRACZLA \u2013 <a href=\"http:\/\/managementpapers.polsl.pl\/wp-content\/uploads\/2020\/10\/148_Kraczla.pdf\">Leadership styles in the context of the meaning of life \u2013 an empirical analysis<\/a><br>DOI: http:\/\/dx.doi.org\/10.29119\/1641-3466.2020.148.23<\/p>\n\n\n\n<p>24. Dariusz KRAWCZYK \u2013 <a href=\"http:\/\/managementpapers.polsl.pl\/wp-content\/uploads\/2020\/10\/148_Krawczyk.pdf\">Strategic goals for post-industrial cities based on the example of the Zabrze city development strategy<\/a><br>DOI: http:\/\/dx.doi.org\/10.29119\/1641-3466.2020.148.24<\/p>\n\n\n\n<p>25. Marzena KUCZY\u0143SKA-CHA\u0141ADA, Monika ODLANICKA-POCZOBUTT, Roksana POLOCZEK \u2013 <a href=\"http:\/\/managementpapers.polsl.pl\/wp-content\/uploads\/2020\/10\/148_Kuczy\u0144ska-Cha\u0142ada-Odlanicka-Poczobutt-Poloczek.pdf\">Qualification of suppliers in a selected production enterprise<\/a><br>DOI: http:\/\/dx.doi.org\/10.29119\/1641-3466.2020.148.25<\/p>\n\n\n\n<p>26. Aleksandra KUZIOR \u2013 <a href=\"http:\/\/managementpapers.polsl.pl\/wp-content\/uploads\/2020\/10\/148_Kuzior.pdf\">Contemporary european cultural values in the context of axiology of sustainable development<\/a><br>DOI: http:\/\/dx.doi.org\/10.29119\/1641-3466.2020.148.26<\/p>\n\n\n\n<p>27. Zygmunt Karol \u0141UKASZCZYK, Michalene Eva GREBSKI \u2013 <a href=\"http:\/\/managementpapers.polsl.pl\/wp-content\/uploads\/2020\/10\/148_\u0141ukaszczyk-Grebski.pdf\">Comparative analysis of the educational systems in Poland and the United States<\/a><br>DOI: http:\/\/dx.doi.org\/10.29119\/1641-3466.2020.148.27<\/p>\n\n\n\n<p>28. Joanna MACHNIK-S\u0141OMKA \u2013 <a href=\"http:\/\/managementpapers.polsl.pl\/wp-content\/uploads\/2020\/10\/148_Machnik-S\u0142omka.pdf\">The importance of excellence models in assessing the innovative activity of enterprises<\/a><br>DOI: http:\/\/dx.doi.org\/10.29119\/1641-3466.2020.148.28<\/p>\n\n\n\n<p>29. Paulina MAJOR \u2013 <a href=\"http:\/\/managementpapers.polsl.pl\/wp-content\/uploads\/2020\/10\/148_Major.pdf\">Projects in foundations and registered associations of the non-governmental organizations sector in Poland<\/a><br>DOI: http:\/\/dx.doi.org\/10.29119\/1641-3466.2020.148.29<\/p>\n\n\n\n<p>30. Ma\u0142gorzata MA\u0143KA-SZULIK, Dariusz KRAWCZYK \u2013 <a href=\"http:\/\/managementpapers.polsl.pl\/wp-content\/uploads\/2020\/10\/148_Ma\u0144ka-Szulik-Krawczyk.pdf\">The activities of a local government entity during pandemic conditions using Zabrze as an example<\/a><br>DOI: http:\/\/dx.doi.org\/10.29119\/1641-3466.2020.148.30<\/p>\n\n\n\n<p>31. Ryszard MARSZOWSKI, Krzysztof GOGOLA \u2013 <a href=\"http:\/\/managementpapers.polsl.pl\/wp-content\/uploads\/2020\/10\/148_Marszowski-Gogola.pdf\">Demographic changes and their impact on the labor market and education system. The result of a nationwide moderated discussion<\/a><br>DOI: http:\/\/dx.doi.org\/10.29119\/1641-3466.2020.148.31<\/p>\n\n\n\n<p>32. Ryszard MARSZOWSKI, Andrzej KOBA \u2013 <a href=\"http:\/\/managementpapers.polsl.pl\/wp-content\/uploads\/2020\/10\/148_Marszowski-Koba.pdf\">The labour market of Jastrz\u0119bieZdr\u00f3j in phase II demographic change<\/a><br>DOI: http:\/\/dx.doi.org\/10.29119\/1641-3466.2020.148.32<\/p>\n\n\n\n<p>33. Katarzyna MAZUR-KAJTA \u2013 <a href=\"http:\/\/managementpapers.polsl.pl\/wp-content\/uploads\/2020\/10\/148_Mazur-Kajta.pdf\">The concept of harmony in chinese culture and the chinese sustainable development<\/a><br>DOI: http:\/\/dx.doi.org\/10.29119\/1641-3466.2020.148.33<\/p>\n\n\n\n<p>34. Krzysztof MICHALSKI, Krzysztof WR\u00d3BEL \u2013 <a href=\"http:\/\/managementpapers.polsl.pl\/wp-content\/uploads\/2020\/10\/148_Michalski-Wr\u00f3bel.pdf\">Application of selected methods and tools for improving the pipe production process with welded probes<\/a><br>DOI: http:\/\/dx.doi.org\/10.29119\/1641-3466.2020.148.34<\/p>\n\n\n\n<p>35. Krzysztof MICHALSKI \u2013 <a href=\"http:\/\/managementpapers.polsl.pl\/wp-content\/uploads\/2020\/10\/148_Michalski.pdf\">Post-industrial areas management and evaluation with a view to redevelopment \u2013 case study<\/a><br>DOI: http:\/\/dx.doi.org\/10.29119\/1641-3466.2020.148.35<\/p>\n\n\n\n<p>36. El\u017cbieta MILEWSKA \u2013 <a href=\"http:\/\/managementpapers.polsl.pl\/wp-content\/uploads\/2020\/10\/148_Milewska.pdf\">Integration of it systems supporting production management<\/a><br>DOI: http:\/\/dx.doi.org\/10.29119\/1641-3466.2020.148.36<\/p>\n\n\n\n<p>37. Micha\u0142 MOLENDA, Dominika P\u0141ONKA \u2013 <a href=\"http:\/\/managementpapers.polsl.pl\/wp-content\/uploads\/2020\/10\/148_Molenda-P\u0142onka.pdf\">Application of the indicator analysis to assess and improve the quality of the assembly process of telecommunications installations \u2013 a case study<\/a><br>DOI: http:\/\/dx.doi.org\/10.29119\/1641-3466.2020.148.37<\/p>\n\n\n\n<p>38. Aldona MUSIA\u0141-KIDAWA \u2013 <a href=\"http:\/\/managementpapers.polsl.pl\/wp-content\/uploads\/2020\/10\/148_Musia\u0142-Kidawa.pdf\">Humanistic aspects of project management<\/a><br>DOI: http:\/\/dx.doi.org\/10.29119\/1641-3466.2020.148.38<\/p>\n\n\n\n<p>39. Marek NIEZABITOWSKI \u2013 <a href=\"http:\/\/managementpapers.polsl.pl\/wp-content\/uploads\/2020\/10\/148_Niezabitowski.pdf\">Universally designed residential environment for senior citizens \u2013 some guidelines for practice according to chosen research<\/a><br>DOI: http:\/\/dx.doi.org\/10.29119\/1641-3466.2020.148.39<\/p>\n\n\n\n<p>40. Monika ODLANICKA-POCZOBUTT, Arkadiusz SZMAL \u2013 <a href=\"http:\/\/managementpapers.polsl.pl\/wp-content\/uploads\/2020\/10\/148_Odlanicka-Poczobutt-Szmal-1.pdf\">Evaluation of the customer service quality with Servqual method in the chosen company \u2013 part I customer perspective<\/a><br>DOI: http:\/\/dx.doi.org\/10.29119\/1641-3466.2020.148.40<\/p>\n\n\n\n<p>41. Monika ODLANICKA-POCZOBUTT, Arkadiusz SZMAL \u2013 <a href=\"http:\/\/managementpapers.polsl.pl\/wp-content\/uploads\/2020\/10\/148_Odlanicka-Poczobutt-Szmal-2.pdf\">Evaluation of the customer service quality with Servqual method in the chosen company \u2013 part II personnel perspective<\/a><br>DOI: http:\/\/dx.doi.org\/10.29119\/1641-3466.2020.148.41<\/p>\n\n\n\n<p>42. Anna OLKIEWICZ, Marcin OLKIEWICZ \u2013 <a href=\"http:\/\/managementpapers.polsl.pl\/wp-content\/uploads\/2020\/10\/148_Olkiewicz-Olkiewicz.pdf\">Does the debtor have to be bankrupt? \u2013 opportunities and trends proceedings of insolvent entrepreneurs in Poland<\/a><br>DOI: http:\/\/dx.doi.org\/10.29119\/1641-3466.2020.148.42<\/p>\n\n\n\n<p>43. Marcin OLKIEWICZ \u2013 <a href=\"http:\/\/managementpapers.polsl.pl\/wp-content\/uploads\/2020\/10\/148_Olkiewicz.pdf\">Training of human resources as an element of development and building discipline<\/a><br>DOI: http:\/\/dx.doi.org\/10.29119\/1641-3466.2020.148.43<\/p>\n\n\n\n<p>44. Bartosz ORZE\u0141 \u2013 <a href=\"http:\/\/managementpapers.polsl.pl\/wp-content\/uploads\/2020\/10\/148_Orze\u0142.pdf\">Non-financial value creation due to non-financial data reporting quality<\/a><br>DOI: http:\/\/dx.doi.org\/10.29119\/1641-3466.2020.148.44<\/p>\n\n\n\n<p>45. El\u017cbieta PALIGA, Krystyna LISIECKA \u2013 <a href=\"http:\/\/managementpapers.polsl.pl\/wp-content\/uploads\/2020\/10\/148_Paliga-Lisiecka.pdf\">The assessment of the management control system in a local government unit<\/a><br>DOI: http:\/\/dx.doi.org\/10.29119\/1641-3466.2020.148.45<\/p>\n\n\n\n<p>46. El\u017cbieta PAW\u0141OWSKA, Johanna WRANIK \u2013 <a href=\"http:\/\/managementpapers.polsl.pl\/wp-content\/uploads\/2020\/10\/148_Paw\u0142owska-Wranik.pdf\">Mediation in economic disputes<\/a><br>DOI: http:\/\/dx.doi.org\/10.29119\/1641-3466.2020.148.46<\/p>\n\n\n\n<p>47. Agnieszka PIOTROWSKA-PUCHA\u0141A \u2013 <a href=\"http:\/\/managementpapers.polsl.pl\/wp-content\/uploads\/2020\/10\/148_Piotrowska-Pucha\u0142a.pdf\">Quality assurance management based on the HACCP system in food service enterprises<\/a><br>DOI: http:\/\/dx.doi.org\/10.29119\/1641-3466.2020.148.47<\/p>\n\n\n\n<p>48. Agnieszka PREDYGIER \u2013 <a href=\"http:\/\/managementpapers.polsl.pl\/wp-content\/uploads\/2020\/10\/148_Predygier.pdf\">Development strategies of selected clusters from the \u015awi\u0119tokrzyskie Region<\/a><br>DOI: http:\/\/dx.doi.org\/10.29119\/1641-3466.2020.148.48<\/p>\n\n\n\n<p>49. Joanna RYDROWSKA-KURZBAUER \u2013 <a href=\"http:\/\/managementpapers.polsl.pl\/wp-content\/uploads\/2020\/10\/148_Rydrowska-Kurzbauer-1.pdf\">Intensity of changes in the economic structure and changes in GDP dynamics per capita, as exemplified by selected countries of Central and Eastern Europe<\/a><br>DOI: http:\/\/dx.doi.org\/10.29119\/1641-3466.2020.148.49<\/p>\n\n\n\n<p>50. Joanna RYDROWSKA-KURZBAUER \u2013 <a href=\"http:\/\/managementpapers.polsl.pl\/wp-content\/uploads\/2020\/10\/148_Rydrowska-Kurzbauer-2.pdf\">Systemic determinants for changes in economic structures. Theoretical approach<\/a><br>DOI: http:\/\/dx.doi.org\/10.29119\/1641-3466.2020.148.50<\/p>\n\n\n\n<p>51. Dominika SIWIEC, Andrzej PACANA \u2013 <a href=\"http:\/\/managementpapers.polsl.pl\/wp-content\/uploads\/2020\/10\/148_Siwiec-Pacana.pdf\">The proposition of the method improving the identify the root of problem<\/a><br>DOI: http:\/\/dx.doi.org\/10.29119\/1641-3466.2020.148.51<\/p>\n\n\n\n<p>52. Adam SOJDA \u2013 <a href=\"http:\/\/managementpapers.polsl.pl\/wp-content\/uploads\/2020\/10\/148_Sojda.pdf\">Smart city index based on topsis method<\/a><br>DOI: http:\/\/dx.doi.org\/10.29119\/1641-3466.2020.148.52<\/p>\n\n\n\n<p>53. Tomasz SZULC \u2013 <a href=\"http:\/\/managementpapers.polsl.pl\/wp-content\/uploads\/2020\/10\/148_Szulc.pdf\">Regional support for internationalization of SMEs \u2013 case study of the Autonomous Region of Valencia<\/a><br>DOI: http:\/\/dx.doi.org\/10.29119\/1641-3466.2020.148.53<\/p>\n\n\n\n<p>54. Katarzyna SZUPER, Karolina WO\u0141OSZYN \u2013 <a href=\"http:\/\/managementpapers.polsl.pl\/wp-content\/uploads\/2020\/10\/148_Szuper-Wo\u0142oszyn.pdf\">Innovation &amp; enterprise innovation strategies<\/a><br>DOI: http:\/\/dx.doi.org\/10.29119\/1641-3466.2020.148.54<\/p>\n\n\n\n<p>55. Seweryn TCH\u00d3RZEWSKI \u2013 <a href=\"http:\/\/managementpapers.polsl.pl\/wp-content\/uploads\/2020\/10\/148_Tch\u00f3rzewski.pdf\">The place of project management in the functioning of an organisation<\/a><br>DOI: http:\/\/dx.doi.org\/10.29119\/1641-3466.2020.148.55<\/p>\n\n\n\n<p>56. Anna WALASZCZYK, Andrzej SZYMONIK \u2013 <a href=\"http:\/\/managementpapers.polsl.pl\/wp-content\/uploads\/2020\/10\/148_Walaszczyk-Szymonik.pdf\">Temperature controlled warehouse safety management model<\/a><br>DOI: http:\/\/dx.doi.org\/10.29119\/1641-3466.2020.148.56<\/p>\n\n\n\n<p>57. Rados\u0142aw WOLNIAK \u2013 <a href=\"http:\/\/managementpapers.polsl.pl\/wp-content\/uploads\/2020\/10\/148_Wolniak-1.pdf\">Design in ISO 9001:2015<\/a><br>DOI: http:\/\/dx.doi.org\/10.29119\/1641-3466.2020.148.57<\/p>\n\n\n\n<p>58. Rados\u0142aw WOLNIAK \u2013 <a href=\"http:\/\/managementpapers.polsl.pl\/wp-content\/uploads\/2020\/10\/148_Wolniak-2.pdf\">Operations in ISO 9001:2015<\/a><br>DOI: http:\/\/dx.doi.org\/10.29119\/1641-3466.2020.148.58<\/p>\n\n\n\n<p>59. Marcin WYSKWARSKI \u2013 <a href=\"http:\/\/managementpapers.polsl.pl\/wp-content\/uploads\/2020\/10\/148_Wyskwarski.pdf\">An attempt to determine the scope of duties of the business analyst \u2013 application of text mining analysis<\/a><br>DOI: http:\/\/dx.doi.org\/10.29119\/1641-3466.2020.148.59<\/p>\n\n\n\n<p>60. Ma\u0142gorzata ZAKRZEWSKA, Szymon JAROSZ, Mariusz SO\u0141TYSIK \u2013 <a href=\"http:\/\/managementpapers.polsl.pl\/wp-content\/uploads\/2020\/10\/148_Zakrzewska-Jarosz-So\u0142tysik.pdf\">The core of managerial competences in managing innovation projects<\/a><br>DOI: http:\/\/dx.doi.org\/10.29119\/1641-3466.2020.148.60<\/p>\n\n\n\n<p>61. Iwona ZDONEK, Anna MULARCZYK \u2013 <a href=\"http:\/\/managementpapers.polsl.pl\/wp-content\/uploads\/2020\/10\/148_Zdonek-Mularczyk.pdf\">Factors motivating academic teachers to improve their teaching skills \u2013 pilot studies<\/a><br>DOI: http:\/\/dx.doi.org\/10.29119\/1641-3466.2020.148.61<\/p>\n\n\n\n<p>62. Dariusz ZDONEK \u2013 <a href=\"http:\/\/managementpapers.polsl.pl\/wp-content\/uploads\/2020\/10\/148_Zdonek.pdf\">Identification of the leading research domains and grouping of articles on the smart city using text mining<\/a><br>DOI: http:\/\/dx.doi.org\/10.29119\/1641-3466.2020.148.62<\/p>\n\n\n\n<p>63. Iwona \u017bABI\u0143SKA \u2013 <a href=\"http:\/\/managementpapers.polsl.pl\/wp-content\/uploads\/2020\/10\/148_\u017babi\u0144ska.pdf\">Development opportunities for automation and robotization in Poland<\/a><br>DOI: http:\/\/dx.doi.org\/10.29119\/1641-3466.2020.148.63<\/p>\n","protected":false},"excerpt":{"rendered":"<p>ForewordInsertTable of contentsList of reviewers 1. Marcin ANTONIAK \u2013 Benefits and threats of neuromarketing: theoretical background and practical useDOI: http:\/\/dx.doi.org\/10.29119\/1641-3466.2020.148.1 2. Robert BALCERZYK, Janusz MATERAC \u2013 The armed forces of the Republic of Poland as a model for organisations using outplacementDOI: http:\/\/dx.doi.org\/10.29119\/1641-3466.2020.148.2 3. Przemys\u0142aw BANASIK, Monika ODLANICKA-POCZOBUTT, Sylwia MORAWSKA \u2013 The unsustainability of public-sector organizational [&hellip;]<\/p>\n","protected":false},"author":1,"featured_media":0,"parent":0,"menu_order":0,"comment_status":"closed","ping_status":"closed","template":"","meta":{"footnotes":""},"class_list":["post-1419","page","type-page","status-publish","hentry"],"_links":{"self":[{"href":"https:\/\/managementpapers.polsl.pl\/index.php?rest_route=\/wp\/v2\/pages\/1419","targetHints":{"allow":["GET"]}}],"collection":[{"href":"https:\/\/managementpapers.polsl.pl\/index.php?rest_route=\/wp\/v2\/pages"}],"about":[{"href":"https:\/\/managementpapers.polsl.pl\/index.php?rest_route=\/wp\/v2\/types\/page"}],"author":[{"embeddable":true,"href":"https:\/\/managementpapers.polsl.pl\/index.php?rest_route=\/wp\/v2\/users\/1"}],"replies":[{"embeddable":true,"href":"https:\/\/managementpapers.polsl.pl\/index.php?rest_route=%2Fwp%2Fv2%2Fcomments&post=1419"}],"version-history":[{"count":4,"href":"https:\/\/managementpapers.polsl.pl\/index.php?rest_route=\/wp\/v2\/pages\/1419\/revisions"}],"predecessor-version":[{"id":1487,"href":"https:\/\/managementpapers.polsl.pl\/index.php?rest_route=\/wp\/v2\/pages\/1419\/revisions\/1487"}],"wp:attachment":[{"href":"https:\/\/managementpapers.polsl.pl\/index.php?rest_route=%2Fwp%2Fv2%2Fmedia&parent=1419"}],"curies":[{"name":"wp","href":"https:\/\/api.w.org\/{rel}","templated":true}]}}