{"id":14111,"date":"2026-04-14T12:39:39","date_gmt":"2026-04-14T10:39:39","guid":{"rendered":"https:\/\/managementpapers.polsl.pl\/?page_id=14111"},"modified":"2026-04-14T12:39:39","modified_gmt":"2026-04-14T10:39:39","slug":"scientific-papers-of-silesian-university-of-technology-organization-and-management-series-issue-no-241","status":"publish","type":"page","link":"https:\/\/managementpapers.polsl.pl\/?page_id=14111","title":{"rendered":"Scientific Papers of Silesian University of Technology \u2013 Organization and Management Series \u2013 Issue No. 241"},"content":{"rendered":"\n<p class=\"has-text-align-center\"><strong><a href=\"https:\/\/managementpapers.polsl.pl\/wp-content\/uploads\/2026\/04\/ZN241.pdf\">Click Here To Download Full Issue No. 241<\/a><\/strong><\/p>\n\n\n\n<p>1. <strong><a href=\"https:\/\/managementpapers.polsl.pl\/wp-content\/uploads\/2026\/04\/241-Bak-Jedynak.pdf\"><strong><strong><strong><strong><strong><strong><strong><strong>Sylwia B\u0104K, Piotr JEDYNAK <\/strong>\u2013 Digital maturity in the era of artificial intelligence \u2013 stimulators of and barriers to organizational changes<\/strong><\/strong><\/strong><\/strong><\/strong><\/strong><\/strong><\/a><\/strong><br>DOI: http:\/\/dx.doi.org\/10.29119\/1641-3466.2025.241.1<\/p>\n\n\n\n<p>2. <strong><a href=\"https:\/\/managementpapers.polsl.pl\/wp-content\/uploads\/2026\/04\/241-Bubel-Figurski-Baginska-Ziolkowska.pdf\"><strong><strong><strong><strong><strong><strong><strong><strong>Dagmara BUBEL, Artur FIGURSKI, Izabela BAGI\u0143SKA, Aneta ZI\u00d3\u0141KOWSKA <\/strong>\u2013 Economic and organisational effects of implementing the flexible &#8222;mobile work&#8221; model at Siemens AG in Munich<\/strong><\/strong><\/strong><\/strong><\/strong><\/strong><\/strong><\/a><\/strong><br>DOI: http:\/\/dx.doi.org\/10.29119\/1641-3466.2025.241.2<\/p>\n\n\n\n<p>3. <strong><strong><strong><a href=\"https:\/\/managementpapers.polsl.pl\/wp-content\/uploads\/2026\/04\/241-Dziedzic-Jagocka-Michta.pdf\"><strong><strong><strong><strong><strong><strong>Ilona DZIEDZIC-JAGOCKA, Dagmara MICHTA <\/strong>\u2013 Assessment of the logistics sector based on a SWOT analysis<\/strong><\/strong><\/strong><\/strong><\/strong><\/a><\/strong><\/strong><\/strong><br>DOI: http:\/\/dx.doi.org\/10.29119\/1641-3466.2025.241.3<\/p>\n\n\n\n<p>4. <strong><a href=\"https:\/\/managementpapers.polsl.pl\/wp-content\/uploads\/2026\/04\/241-Dzwigol-Dzwigol-Barosz.pdf\"><strong><strong><strong><strong><strong><strong><strong><strong>Henryk D\u0179WIGO\u0141, Mariola D\u0179WIGO\u0141-BAROSZ <\/strong>\u2013 Methodology in management research: between empiricism, literature review and scientific originality<\/strong><\/strong><\/strong><\/strong><\/strong><\/strong><\/strong><\/a><\/strong><br>DOI: http:\/\/dx.doi.org\/10.29119\/1641-3466.2025.241.4<\/p>\n\n\n\n<p>5. <strong><a href=\"https:\/\/managementpapers.polsl.pl\/wp-content\/uploads\/2026\/04\/241-Grego-Planer-Chodorek.pdf\"><strong><strong><strong><strong><strong><strong><strong><strong>Dorota GREGO-PLANER, Monika CHODOREK <\/strong>\u2013 Determinants of organizational citizenship behaviors: an attempt at systematization and a conceptual model<\/strong><\/strong><\/strong><\/strong><\/strong><\/strong><\/strong><\/a><\/strong><br>DOI: http:\/\/dx.doi.org\/10.29119\/1641-3466.2025.241.5<\/p>\n\n\n\n<p>6. <strong><a href=\"https:\/\/managementpapers.polsl.pl\/wp-content\/uploads\/2026\/04\/241-Harasim-Podgorski.pdf\"><strong><strong><strong><strong><strong><strong><strong><strong>Janina HARASIM, Krzysztof PODG\u00d3RSKI <\/strong>\u2013 Determinants of consumer debt propensity in the era of fintech expansion and the rise of buy now, pay later (BNPL)<\/strong><\/strong><\/strong><\/strong><\/strong><\/strong><\/strong><\/a><\/strong><br>DOI: http:\/\/dx.doi.org\/10.29119\/1641-3466.2025.241.6<\/p>\n\n\n\n<p>7. <strong><a href=\"https:\/\/managementpapers.polsl.pl\/wp-content\/uploads\/2026\/04\/241-Habek-Bui-Thi-Ngoc.pdf\"><strong><strong><strong><strong><strong><strong><strong><strong>Patrycja H\u0104BEK, Han BUI THI NGOC <\/strong>\u2013 ESG disclosure practices in Vietnam<\/strong><\/strong><\/strong><\/strong><\/strong><\/strong><\/strong><\/a><\/strong><br>DOI: http:\/\/dx.doi.org\/10.29119\/1641-3466.2025.241.7<\/p>\n\n\n\n<p>8. <strong><strong><strong><a href=\"https:\/\/managementpapers.polsl.pl\/wp-content\/uploads\/2026\/04\/241-Herczakowska-Wlodarczyk.pdf\"><strong><strong><strong><strong><strong><strong>Joanna HERCZAKOWSKA, Ewelina W\u0141ODARCZYK <\/strong>\u2013 Input-output modeling of economic sensitivity to energy commodity price changes, 2005-2020<\/strong><\/strong><\/strong><\/strong><\/strong><\/a><\/strong><\/strong><\/strong><br>DOI: http:\/\/dx.doi.org\/10.29119\/1641-3466.2025.241.8<\/p>\n\n\n\n<p>9. <strong><a href=\"https:\/\/managementpapers.polsl.pl\/wp-content\/uploads\/2026\/04\/241-Holub-Iwan-Puszko.pdf\"><strong><strong><strong><strong><strong><strong><strong><strong>Joanna HO\u0141UB-IWAN, Katarzyna PUSZKO <\/strong>\u2013 Energy security and effectivity of energy companies<\/strong><\/strong><\/strong><\/strong><\/strong><\/strong><\/strong><\/a><\/strong><br>DOI: http:\/\/dx.doi.org\/10.29119\/1641-3466.2025.241.9<\/p>\n\n\n\n<p>10. <strong><a href=\"https:\/\/managementpapers.polsl.pl\/wp-content\/uploads\/2026\/04\/241-Jegorow-Przyluska-Schmitt-Buckova.pdf\"><strong><strong><strong><strong><strong><strong><strong><strong>Dorota JEGOROW, Judyta PRZY\u0141USKA-SCHMITT, Jaroslava BU\u010cKOV\u00c1 <\/strong>\u2013 The social dimension of tourist demand in social media: the case of Okuninka at Lake Bia\u0142e<\/strong><\/strong><\/strong><\/strong><\/strong><\/strong><\/strong><\/a><\/strong><br>DOI: http:\/\/dx.doi.org\/10.29119\/1641-3466.2025.241.10<\/p>\n\n\n\n<p>11. <strong><a href=\"https:\/\/managementpapers.polsl.pl\/wp-content\/uploads\/2026\/04\/241-Kepka.pdf\"><strong><strong><strong><strong><strong><strong><strong><strong>Aleksandra K\u0118PKA <\/strong>\u2013 The impact of corporate social responsibility on employer branding<\/strong><\/strong><\/strong><\/strong><\/strong><\/strong><\/strong><\/a><\/strong><br>DOI: http:\/\/dx.doi.org\/10.29119\/1641-3466.2025.241.11<\/p>\n\n\n\n<p>12. <strong><a href=\"https:\/\/managementpapers.polsl.pl\/wp-content\/uploads\/2026\/04\/241-Korycinska-Gerc.pdf\"><strong><strong><strong><strong><strong><strong><strong><strong>Paloma KORYCI\u0143SKA, Krzysztof GERC <\/strong>\u2013 Managing academic dropout: an innovative service for mitigating information apathy<\/strong><\/strong><\/strong><\/strong><\/strong><\/strong><\/strong><\/a><\/strong><br>DOI: http:\/\/dx.doi.org\/10.29119\/1641-3466.2025.241.12<\/p>\n\n\n\n<p>13. <strong><a href=\"https:\/\/managementpapers.polsl.pl\/wp-content\/uploads\/2026\/03\/239-Kozar.pdf\"><\/a><strong><strong><strong><a href=\"https:\/\/managementpapers.polsl.pl\/wp-content\/uploads\/2026\/04\/241-Kruk-Irobi.pdf\"><strong><strong><strong><strong>Marzena Sylwia KRUK, Emmy Godwin IROBI <\/strong>\u2013 The concept of a social competence model for medical personnel<\/strong><\/strong><\/strong><\/a><\/strong><\/strong><\/strong><\/strong><br>DOI: http:\/\/dx.doi.org\/10.29119\/1641-3466.2025.241.13<\/p>\n\n\n\n<p>14. <strong><a href=\"https:\/\/managementpapers.polsl.pl\/wp-content\/uploads\/2026\/04\/241-Lesiak.pdf\"><strong><strong><strong><strong><strong><strong><strong><strong>Magdalena LESIAK <\/strong>\u2013 Statistical analysis of the compliance of the distribution of stock exchange data from the main market of the WSE with the Newcomb-Benford law<\/strong><\/strong><\/strong><\/strong><\/strong><\/strong><\/strong><\/a><\/strong><br>DOI: http:\/\/dx.doi.org\/10.29119\/1641-3466.2025.241.14<\/p>\n\n\n\n<p>15. <strong><a href=\"https:\/\/managementpapers.polsl.pl\/wp-content\/uploads\/2026\/04\/241-Lusiakowski-Gibowski.pdf\"><strong><strong><strong><strong><strong><strong><strong><strong>Krzysztof \u0141USIAKOWSKI, \u0141ukasz GIBOWSKI <\/strong>\u2013 The use of artificial intelligence (AI) by businesses as measured by Polish public statistical data<\/strong><\/strong><\/strong><\/strong><\/strong><\/strong><\/strong><\/a><\/strong><br>DOI: http:\/\/dx.doi.org\/10.29119\/1641-3466.2025.241.15<\/p>\n\n\n\n<p>16. <strong><a href=\"https:\/\/managementpapers.polsl.pl\/wp-content\/uploads\/2026\/04\/241-Mackowiak.pdf\"><strong><strong><strong><strong><strong><strong><strong><strong>Ewa MA\u0106KOWIAK <\/strong>\u2013 Opportunities and barriers to ESG reporting in small and medium-sized enterprises<\/strong><\/strong><\/strong><\/strong><\/strong><\/strong><\/strong><\/a><\/strong><br>DOI: http:\/\/dx.doi.org\/10.29119\/1641-3466.2025.241.16<\/p>\n\n\n\n<p>17. <strong><a href=\"https:\/\/managementpapers.polsl.pl\/wp-content\/uploads\/2026\/04\/241-Michta.pdf\"><strong><strong><strong><strong><strong><strong><strong><strong>Dagmara MICHTA <\/strong>\u2013 PRINCE2 risk management in FDM prototyping manufacturing: case study<\/strong><\/strong><\/strong><\/strong><\/strong><\/strong><\/strong><\/a><\/strong><br>DOI: http:\/\/dx.doi.org\/10.29119\/1641-3466.2025.241.17<\/p>\n\n\n\n<p>18. <strong><a href=\"https:\/\/managementpapers.polsl.pl\/wp-content\/uploads\/2026\/04\/241-Migdal-Najman-Kwiatkowska.pdf\"><strong><strong><strong><strong><strong><strong><strong><strong>Kamila MIGDA\u0141-NAJMAN, Monika KWIATKOWSKA <\/strong>\u2013 From red to teal \u2013 Generation Z and organizational color models<\/strong><\/strong><\/strong><\/strong><\/strong><\/strong><\/strong><\/a><\/strong><br>DOI: http:\/\/dx.doi.org\/10.29119\/1641-3466.2025.241.18<\/p>\n\n\n\n<p>19. <strong><a href=\"https:\/\/managementpapers.polsl.pl\/wp-content\/uploads\/2026\/04\/241-Mrowiec.pdf\"><strong><strong><strong><strong><strong><strong><strong><strong>Micha\u0142 MROWIEC <\/strong>\u2013 Energy policy and mining investments in energy resources in Poland \u2013 households&#8217; perspective \u2013 selected aspects<\/strong><\/strong><\/strong><\/strong><\/strong><\/strong><\/strong><\/a><\/strong><br>DOI: http:\/\/dx.doi.org\/10.29119\/1641-3466.2025.241.19<\/p>\n\n\n\n<p>20. <strong><a href=\"https:\/\/managementpapers.polsl.pl\/wp-content\/uploads\/2026\/04\/241-Najman-Mielczarek.pdf\"><strong><strong><strong><strong><strong><strong><strong><strong>Krzysztof NAJMAN, Dominik MIELCZAREK <\/strong>\u2013 Application of convolutional neural networks for windthrow and windbreak timber volume estimation in the Stare Jablonki forest district<\/strong><\/strong><\/strong><\/strong><\/strong><\/strong><\/strong><\/a><\/strong><br>DOI: http:\/\/dx.doi.org\/10.29119\/1641-3466.2025.241.20<\/p>\n\n\n\n<p>21. <strong><a href=\"https:\/\/managementpapers.polsl.pl\/wp-content\/uploads\/2026\/04\/241-Palucka.pdf\"><strong><strong><strong><strong><strong><strong><strong><strong>Ewelina PA\u0141UCKA <\/strong>\u2013 Comparative analysis of sustainable development of higher education institutions in perception of students of selected Polish and international universities<\/strong><\/strong><\/strong><\/strong><\/strong><\/strong><\/strong><\/a><\/strong><br>DOI: http:\/\/dx.doi.org\/10.29119\/1641-3466.2025.241.21<\/p>\n\n\n\n<p>22. <strong><a href=\"https:\/\/managementpapers.polsl.pl\/wp-content\/uploads\/2026\/04\/241-Papaj.pdf\"><strong><strong><strong><strong><strong><strong><strong><strong>Tomasz PAPAJ <\/strong>\u2013 Corporate governance from a digital transformation perspective<\/strong><\/strong><\/strong><\/strong><\/strong><\/strong><\/strong><\/a><\/strong><br>DOI: http:\/\/dx.doi.org\/10.29119\/1641-3466.2025.241.22<\/p>\n\n\n\n<p>23. <strong><a href=\"https:\/\/managementpapers.polsl.pl\/wp-content\/uploads\/2026\/04\/241-Piosik-Karmanska.pdf\"><strong><strong><strong><strong><strong><strong><strong><strong>Andrzej PIOSIK, Anna KARMA\u0143SKA <\/strong>\u2013 Budgeting for the future: relationship between intensity of budgeting methods and sustainability performance<\/strong><\/strong><\/strong><\/strong><\/strong><\/strong><\/strong><\/a><\/strong><br>DOI: http:\/\/dx.doi.org\/10.29119\/1641-3466.2025.241.23<\/p>\n\n\n\n<p>24. <strong><a href=\"https:\/\/managementpapers.polsl.pl\/wp-content\/uploads\/2026\/04\/241-Pisarczuk.pdf\"><strong><strong><strong><strong><strong><strong><strong><strong>Adam PISARCZUK <\/strong>\u2013 Evaluation model for local civil defence training in Poland<\/strong><\/strong><\/strong><\/strong><\/strong><\/strong><\/strong><\/a><\/strong><br>DOI: http:\/\/dx.doi.org\/10.29119\/1641-3466.2025.241.24<\/p>\n\n\n\n<p>25. <strong><a href=\"https:\/\/managementpapers.polsl.pl\/wp-content\/uploads\/2026\/04\/241-Ruszkowska-Zak-Baluch.pdf\"><strong><strong><strong><strong><strong><strong><strong><strong>Millena RUSZKOWSKA, Natalia \u017bAK, Magdalena BA\u0141UCH <\/strong>\u2013 Quality management of functional food based on instant oatmeals: properties, safety and consumer perception<\/strong><\/strong><\/strong><\/strong><\/strong><\/strong><\/strong><\/a><\/strong><br>DOI: http:\/\/dx.doi.org\/10.29119\/1641-3466.2025.241.25<\/p>\n\n\n\n<p>26. <strong><a href=\"https:\/\/managementpapers.polsl.pl\/wp-content\/uploads\/2026\/04\/241-Sipa.pdf\"><strong><strong><strong><strong><strong><strong><strong><strong><strong><strong>Monika SIPA <\/strong>\u2013 The importance of green competences in today&#8217;s labour market \u2013 the students&#8217; perspective<\/strong><\/strong><\/strong><\/strong><\/strong><\/strong><\/strong><\/strong><\/strong><\/a><\/strong><br>DOI: http:\/\/dx.doi.org\/10.29119\/1641-3466.2025.241.26<\/p>\n\n\n\n<p>27. <strong><a href=\"https:\/\/managementpapers.polsl.pl\/wp-content\/uploads\/2026\/04\/241-Szalast-Piwinska.pdf\"><strong><strong><strong><strong><strong><strong><strong><strong>Ma\u0142gorzata SZALAST-PIWI\u0143SKA <\/strong>\u2013 The role of ecological subsidies in the sustainable development of municipalities in Mazovia<\/strong><\/strong><\/strong><\/strong><\/strong><\/strong><\/strong><\/a><\/strong><br>DOI: http:\/\/dx.doi.org\/10.29119\/1641-3466.2025.241.27<\/p>\n\n\n\n<p>28. <strong><a href=\"https:\/\/managementpapers.polsl.pl\/wp-content\/uploads\/2026\/04\/241-Szczepaniak.pdf\"><strong><strong><strong><strong><strong><strong><strong><strong>Witold SZCZEPANIAK <\/strong>\u2013 Systemic financial risk of the Polish energy sector under market, climate transition and physical stress<\/strong><\/strong><\/strong><\/strong><\/strong><\/strong><\/strong><\/a><\/strong><br>DOI: http:\/\/dx.doi.org\/10.29119\/1641-3466.2025.241.28<\/p>\n\n\n\n<p>29. <strong><a href=\"https:\/\/managementpapers.polsl.pl\/wp-content\/uploads\/2026\/04\/241-Szelagowska-Rudzka-Mackiewicz-Studzieniecki.pdf\"><strong><strong><strong><strong><strong><strong><strong><strong>Katarzyna SZEL\u0104GOWSKA-RUDZKA, Hanna MACKIEWICZ, Tomasz STUDZIENIECKI <\/strong>\u2013 Soft competencies of university graduates and labour market needs<\/strong><\/strong><\/strong><\/strong><\/strong><\/strong><\/strong><\/a><\/strong><br>DOI: http:\/\/dx.doi.org\/10.29119\/1641-3466.2025.241.29<\/p>\n\n\n\n<p>30. <strong><a href=\"https:\/\/managementpapers.polsl.pl\/wp-content\/uploads\/2026\/04\/241-Szplit.pdf\"><strong><strong><strong><strong><strong><strong><strong><strong>Marcin SZPLIT <\/strong>\u2013 Digital transformation of enterprises in the opinion of managers<\/strong><\/strong><\/strong><\/strong><\/strong><\/strong><\/strong><\/a><\/strong><br>DOI: http:\/\/dx.doi.org\/10.29119\/1641-3466.2025.241.30<\/p>\n\n\n\n<p>31. <strong><a href=\"https:\/\/managementpapers.polsl.pl\/wp-content\/uploads\/2026\/04\/241-Teneta.pdf\"><strong><strong><strong><strong><strong><strong><strong><strong>Dorota TENETA <\/strong>\u2013 The relationship between ESG scores, risk, and bank performance: a narrative literature review<\/strong><\/strong><\/strong><\/strong><\/strong><\/strong><\/strong><\/a><\/strong><br>DOI: http:\/\/dx.doi.org\/10.29119\/1641-3466.2025.241.31<\/p>\n\n\n\n<p>32. <strong><a href=\"https:\/\/managementpapers.polsl.pl\/wp-content\/uploads\/2026\/04\/241-Tomecki.pdf\"><strong><strong><strong><strong><strong><strong><strong><strong>Marcin TOMECKI <\/strong>\u2013 Attitudes of households as entities investing in green infrastructure components<\/strong><\/strong><\/strong><\/strong><\/strong><\/strong><\/strong><\/a><\/strong><br>DOI: http:\/\/dx.doi.org\/10.29119\/1641-3466.2025.241.32<\/p>\n\n\n\n<p>33. <strong><a href=\"https:\/\/managementpapers.polsl.pl\/wp-content\/uploads\/2026\/04\/241-Welyczko-Burunova.pdf\"><strong><strong><strong><strong><strong><strong><strong><strong>Les\u0142aw WE\u0141YCZKO, Olena BURUNOVA <\/strong>\u2013 Self-management as a strategic competence of a manager in a market economy<\/strong><\/strong><\/strong><\/strong><\/strong><\/strong><\/strong><\/a><\/strong><br>DOI: http:\/\/dx.doi.org\/10.29119\/1641-3466.2025.241.33<\/p>\n\n\n\n<p>34. <strong><a href=\"https:\/\/managementpapers.polsl.pl\/wp-content\/uploads\/2026\/04\/241-Zelek.pdf\"><strong><strong><strong><strong><strong><strong><strong><strong><strong>Leszek ZELEK <\/strong>\u2013 Managerial decentralization in the post-communist welfare model. Evidence from Poland<\/strong><\/strong><\/strong><\/strong><\/strong><\/strong><\/strong><\/strong><\/a><\/strong><br>DOI: http:\/\/dx.doi.org\/10.29119\/1641-3466.2025.241.34<\/p>\n\n\n\n<p>35. <strong><a href=\"https:\/\/managementpapers.polsl.pl\/wp-content\/uploads\/2026\/04\/241-Zurek-Pitera.pdf\"><strong><strong><strong><strong><strong><strong><strong><strong><strong><strong>Jagoda \u017bUREK, Rafa\u0142 PITERA <\/strong>\u2013 Gender differences in perception and behavior towards cyber threats \u2013 research results among financial services users in Poland<\/strong><\/strong><\/strong><\/strong><\/strong><\/strong><\/strong><\/strong><\/strong><\/a><\/strong><br>DOI: http:\/\/dx.doi.org\/10.29119\/1641-3466.2025.241.35<\/p>\n","protected":false},"excerpt":{"rendered":"<p>Click Here To Download Full Issue No. 241 1. Sylwia B\u0104K, Piotr JEDYNAK \u2013 Digital maturity in the era of artificial intelligence \u2013 stimulators of and barriers to organizational changesDOI: http:\/\/dx.doi.org\/10.29119\/1641-3466.2025.241.1 2. Dagmara BUBEL, Artur FIGURSKI, Izabela BAGI\u0143SKA, Aneta ZI\u00d3\u0141KOWSKA \u2013 Economic and organisational effects of implementing the flexible &#8222;mobile work&#8221; model at Siemens AG [&hellip;]<\/p>\n","protected":false},"author":2,"featured_media":0,"parent":0,"menu_order":0,"comment_status":"closed","ping_status":"closed","template":"","meta":{"footnotes":""},"class_list":["post-14111","page","type-page","status-publish","hentry"],"_links":{"self":[{"href":"https:\/\/managementpapers.polsl.pl\/index.php?rest_route=\/wp\/v2\/pages\/14111","targetHints":{"allow":["GET"]}}],"collection":[{"href":"https:\/\/managementpapers.polsl.pl\/index.php?rest_route=\/wp\/v2\/pages"}],"about":[{"href":"https:\/\/managementpapers.polsl.pl\/index.php?rest_route=\/wp\/v2\/types\/page"}],"author":[{"embeddable":true,"href":"https:\/\/managementpapers.polsl.pl\/index.php?rest_route=\/wp\/v2\/users\/2"}],"replies":[{"embeddable":true,"href":"https:\/\/managementpapers.polsl.pl\/index.php?rest_route=%2Fwp%2Fv2%2Fcomments&post=14111"}],"version-history":[{"count":8,"href":"https:\/\/managementpapers.polsl.pl\/index.php?rest_route=\/wp\/v2\/pages\/14111\/revisions"}],"predecessor-version":[{"id":14180,"href":"https:\/\/managementpapers.polsl.pl\/index.php?rest_route=\/wp\/v2\/pages\/14111\/revisions\/14180"}],"wp:attachment":[{"href":"https:\/\/managementpapers.polsl.pl\/index.php?rest_route=%2Fwp%2Fv2%2Fmedia&parent=14111"}],"curies":[{"name":"wp","href":"https:\/\/api.w.org\/{rel}","templated":true}]}}