{"id":1333,"date":"2020-10-16T12:12:25","date_gmt":"2020-10-16T10:12:25","guid":{"rendered":"http:\/\/managementpapers.polsl.pl\/?page_id=1333"},"modified":"2020-10-16T12:12:26","modified_gmt":"2020-10-16T10:12:26","slug":"scientific-papers-of-silesian-university-of-technology-organization-and-management-series-issue-no-149","status":"publish","type":"page","link":"https:\/\/managementpapers.polsl.pl\/?page_id=1333","title":{"rendered":"Scientific Papers of Silesian University of Technology \u2013 Organization and Management Series \u2013 Issue No. 149"},"content":{"rendered":"\n<p style=\"color:#a30000\" class=\"has-text-color has-medium-font-size\"><strong><span style=\"color:#065566\" class=\"has-inline-color\">Scientific Papers of Silesian University of Technology &#8211; Organization and Management Series &#8211; Issue No. 149<\/span><\/strong><\/p>\n\n\n\n<div class=\"wp-block-image\"><figure class=\"aligncenter size-large is-resized\"><img loading=\"lazy\" decoding=\"async\" src=\"http:\/\/managementpapers.polsl.pl\/wp-content\/uploads\/2020\/10\/Okladka149_2020.png\" alt=\"\" class=\"wp-image-1330\" width=\"322\" height=\"444\" srcset=\"https:\/\/managementpapers.polsl.pl\/wp-content\/uploads\/2020\/10\/Okladka149_2020.png 581w, https:\/\/managementpapers.polsl.pl\/wp-content\/uploads\/2020\/10\/Okladka149_2020-217x300.png 217w\" sizes=\"auto, (max-width: 322px) 100vw, 322px\" \/><\/figure><\/div>\n\n\n\n<p class=\"has-text-align-center\"><a href=\"http:\/\/managementpapers.polsl.pl\/wp-content\/uploads\/2020\/10\/149_Wprowadzenie.pdf\">Foreword<\/a><br><a href=\"http:\/\/managementpapers.polsl.pl\/wp-content\/uploads\/2020\/10\/149_wk\u0142adka.pdf\">Insert<\/a><br><a href=\"http:\/\/managementpapers.polsl.pl\/wp-content\/uploads\/2020\/10\/149_spis-tre\u015bci-angielski.pdf\">Table of contents<\/a><br><a href=\"http:\/\/managementpapers.polsl.pl\/wp-content\/uploads\/2020\/10\/149_spis-recenzent\u00f3w.pdf\">List of reviewers<\/a><\/p>\n\n\n\n<p>1. Krystyna BARCZYK \u2013 <a href=\"http:\/\/managementpapers.polsl.pl\/wp-content\/uploads\/2020\/10\/149_Barczyk.pdf\">Non-financial data reporting by public interest organizations<\/a><br>DOI: http:\/\/dx.doi.org\/10.29119\/1641-3466.2020.149.1<\/p>\n\n\n\n<p>2. Micha\u0142 BARTNICKI \u2013 <a href=\"http:\/\/managementpapers.polsl.pl\/wp-content\/uploads\/2020\/10\/149_Bartnicki-1.pdf\">Age and territorial distribution vs. balance of non-savings deposites of individual customers<\/a><br>DOI: http:\/\/dx.doi.org\/10.29119\/1641-3466.2020.149.2<\/p>\n\n\n\n<p>3. Micha\u0142 BARTNICKI \u2013 <a href=\"http:\/\/managementpapers.polsl.pl\/wp-content\/uploads\/2020\/10\/149_Bartnicki-2.pdf\">Deposits of individual customers \u2013 introduction to analysis<\/a><br>DOI: http:\/\/dx.doi.org\/10.29119\/1641-3466.2020.149.3<\/p>\n\n\n\n<p>4. Micha\u0142 BARTNICKI \u2013 <a href=\"http:\/\/managementpapers.polsl.pl\/wp-content\/uploads\/2020\/10\/149_Bartnicki-3.pdf\">Effects of implementing the bonus system modernizationin a small company<\/a><br>DOI: http:\/\/dx.doi.org\/10.29119\/1641-3466.2020.149.4<\/p>\n\n\n\n<p>5. \u0141ukasz BURKIEWICZ, Agnieszka KNAP-STEFANIUK \u2013 <a href=\"http:\/\/managementpapers.polsl.pl\/wp-content\/uploads\/2020\/10\/149_Burkiewicz-Knap-Stefaniuk.pdf\">Management by values in the work of international managers<\/a><br>DOI: http:\/\/dx.doi.org\/10.29119\/1641-3466.2020.149.5<\/p>\n\n\n\n<p>6. Pawe\u0142 CABA\u0141A \u2013 <a href=\"http:\/\/managementpapers.polsl.pl\/wp-content\/uploads\/2020\/10\/149_Caba\u0142a.pdf\">Managers&#8217; attitudes towards the future<\/a><br>DOI: http:\/\/dx.doi.org\/10.29119\/1641-3466.2020.149.6<\/p>\n\n\n\n<p>7. Mariusz CHUDZICKI \u2013 <a href=\"http:\/\/managementpapers.polsl.pl\/wp-content\/uploads\/2020\/10\/149_Chudzicki.pdf\">Management of the financial result and capital structure of a company using leaseback<\/a><br>DOI: http:\/\/dx.doi.org\/10.29119\/1641-3466.2020.149.7<\/p>\n\n\n\n<p>8. Aleksandra CZUPRYNA-NOWAK \u2013 <a href=\"http:\/\/managementpapers.polsl.pl\/wp-content\/uploads\/2020\/10\/149_Czupryna-Nowak-1.pdf\">Participation methods in the smart city concept<\/a><br>DOI: http:\/\/dx.doi.org\/10.29119\/1641-3466.2020.149.8<\/p>\n\n\n\n<p>9. Aleksandra CZUPRYNA-NOWAK \u2013 <a href=\"http:\/\/managementpapers.polsl.pl\/wp-content\/uploads\/2020\/10\/149_Czupryna-Nowak-2.pdf\">Social competences of IT department employees<\/a><br>DOI: http:\/\/dx.doi.org\/10.29119\/1641-3466.2020.149.9<\/p>\n\n\n\n<p>10. Janusz DUDCZYK, \u0141ukasz RYBAK, Zdzis\u0142aw JEZIERSKI \u2013 <a href=\"http:\/\/managementpapers.polsl.pl\/wp-content\/uploads\/2020\/10\/149_Dudczyk-Rybak-Jezierski.pdf\">Data fusion in the decision-making process based on artificial neural networks<\/a><br>DOI: http:\/\/dx.doi.org\/10.29119\/1641-3466.2020.149.10<\/p>\n\n\n\n<p>11. Agnieszka DUDZIAK, Monika STOMA \u2013 <a href=\"http:\/\/managementpapers.polsl.pl\/wp-content\/uploads\/2020\/10\/149_Dudziak-Stoma.pdf\">Simulation decision games and effectiveness of their use for higher education among working and non-working students \u2013 practical view<\/a><br>DOI: http:\/\/dx.doi.org\/10.29119\/1641-3466.2020.149.11<\/p>\n\n\n\n<p>12. Agnieszka DUDZIAK \u2013 <a href=\"http:\/\/managementpapers.polsl.pl\/wp-content\/uploads\/2020\/10\/149_Dudziak.pdf\">Perception of car sharing service in the opinion of its users<\/a><br>DOI: http:\/\/dx.doi.org\/10.29119\/1641-3466.2020.149.12<\/p>\n\n\n\n<p>13. \u0141ukasz DWOJAK \u2013 <a href=\"http:\/\/managementpapers.polsl.pl\/wp-content\/uploads\/2020\/10\/149_Dwojak.pdf\">Pre-decision control procedures as a condition for achieving the purpose of investment<\/a><br>DOI: http:\/\/dx.doi.org\/10.29119\/1641-3466.2020.149.13<\/p>\n\n\n\n<p>14. Justyna FIJA\u0141KOWSKA, Monika SOBCZYK-PATEREK \u2013 <a href=\"http:\/\/managementpapers.polsl.pl\/wp-content\/uploads\/2020\/10\/149_Fija\u0142kowska-Sobczyk-Paterek.pdf\">Strategy disclosure in the integrated report<\/a><br>DOI: http:\/\/dx.doi.org\/10.29119\/1641-3466.2020.149.14<\/p>\n\n\n\n<p>15. Helena GASPARS-WIELOCH \u2013 <a href=\"http:\/\/managementpapers.polsl.pl\/wp-content\/uploads\/2020\/10\/149_Gaspars-Wieloch.pdf\">Critical analysis of classical scenario-based decision rules for pure strategy searching<\/a><br>DOI: http:\/\/dx.doi.org\/10.29119\/1641-3466.2020.149.15<\/p>\n\n\n\n<p>16. Dorota GAWRO\u0143SKA \u2013 <a href=\"http:\/\/managementpapers.polsl.pl\/wp-content\/uploads\/2020\/10\/149_Gawro\u0144ska-1.pdf\">Analysis of investments in the modernization of railway lines as part of rail transport management<\/a><br>DOI: http:\/\/dx.doi.org\/10.29119\/1641-3466.2020.149.16<\/p>\n\n\n\n<p>17. Dorota GAWRO\u0143SKA \u2013 <a href=\"http:\/\/managementpapers.polsl.pl\/wp-content\/uploads\/2020\/10\/149_Gawro\u0144ska-2.pdf\">Decision making when choosing an optimal personal bank account based on a multicriterial account evaluation model<\/a><br>DOI: http:\/\/dx.doi.org\/10.29119\/1641-3466.2020.149.17<\/p>\n\n\n\n<p>18. Magdalena K. G\u0104SOWSKA \u2013 <a href=\"http:\/\/managementpapers.polsl.pl\/wp-content\/uploads\/2020\/10\/149_G\u0105sowska-1.pdf\">Logistics challenges in enterprise management in contemporary conditions<\/a><br>DOI: http:\/\/dx.doi.org\/10.29119\/1641-3466.2020.149.18<\/p>\n\n\n\n<p>19. Magdalena K. G\u0104SOWSKA \u2013 <a href=\"http:\/\/managementpapers.polsl.pl\/wp-content\/uploads\/2020\/10\/149_G\u0105sowska-2.pdf\">Logistics supply chain strategies of manufacturing and trading enterprises<\/a><br>DOI: http:\/\/dx.doi.org\/10.29119\/1641-3466.2020.149.19<\/p>\n\n\n\n<p>20. Iwona GORZE\u0143-MITKA \u2013 <a href=\"http:\/\/managementpapers.polsl.pl\/wp-content\/uploads\/2020\/10\/149_Gorze\u0144-Mitka.pdf\">The latest streams of research on communication in risk management: a large-scale literature review based on co-occurrence data<\/a><br>DOI: http:\/\/dx.doi.org\/10.29119\/1641-3466.2020.149.20<\/p>\n\n\n\n<p>21. Ma\u0142gorzata IDASIAK, Dariusz WIELG\u00d3RKA \u2013 <a href=\"http:\/\/managementpapers.polsl.pl\/wp-content\/uploads\/2020\/10\/149_Idasiak-Wielg\u00f3rka.pdf\">The analysis of transparency of listed companies in years 2013-2018<\/a><br>DOI: http:\/\/dx.doi.org\/10.29119\/1641-3466.2020.149.21<\/p>\n\n\n\n<p>22. Dominika JAGODA-SOBALAK, Agnieszka CZERWI\u0143SKA-LUBSZCZYK \u2013 <a href=\"http:\/\/managementpapers.polsl.pl\/wp-content\/uploads\/2020\/10\/149_Jagoda-Sobalak-Czerwi\u0144ska-Lubszczyk.pdf\">Hybrid model for innovation process management<\/a><br>DOI: http:\/\/dx.doi.org\/10.29119\/1641-3466.2020.149.22<\/p>\n\n\n\n<p>23. Monika JAKUBIAK, Marta CHOLEWA-WIKTOR \u2013 <a href=\"http:\/\/managementpapers.polsl.pl\/wp-content\/uploads\/2020\/10\/149_Jakubiak-Cholewa-Wiktor.pdf\">Determinants and significance of university-business cooperation in the regional context<\/a><br>DOI: http:\/\/dx.doi.org\/10.29119\/1641-3466.2020.149.23<\/p>\n\n\n\n<p>24. Zdzis\u0142aw JEZIERSKI, \u0141ukasz RYBAK, Filip DUDCZYK \u2013 <a href=\"http:\/\/managementpapers.polsl.pl\/wp-content\/uploads\/2020\/10\/149_Jezierski-Rybak-Dudczyk.pdf\">Making decisions in crisis management in \u0141\u00f3d\u017a Voivodeship<\/a><br>DOI: http:\/\/dx.doi.org\/10.29119\/1641-3466.2020.149.24<\/p>\n\n\n\n<p>25. Anna KACZOROWSKA \u2013 <a href=\"http:\/\/managementpapers.polsl.pl\/wp-content\/uploads\/2020\/10\/149_Kaczorowska.pdf\">Traditional versus agile project management in public sector in Poland<\/a><br>DOI: http:\/\/dx.doi.org\/10.29119\/1641-3466.2020.149.25<\/p>\n\n\n\n<p>26. Adrian KAPCZY\u0143SKI, Marcin LAWNIK \u2013 <a href=\"http:\/\/managementpapers.polsl.pl\/wp-content\/uploads\/2020\/10\/149_Kapczy\u0144ski-Lawnik.pdf\">Initial survey on interaction of elderly people with smartphones<\/a><br>DOI: http:\/\/dx.doi.org\/10.29119\/1641-3466.2020.149.26<\/p>\n\n\n\n<p>27. Aneta KARASEK \u2013 <a href=\"http:\/\/managementpapers.polsl.pl\/wp-content\/uploads\/2020\/10\/149_Karasek.pdf\">HR roles \u2013 the state-of-the-art and challenges<\/a><br>DOI: http:\/\/dx.doi.org\/10.29119\/1641-3466.2020.149.27<\/p>\n\n\n\n<p>28. Patrycja KOKOT-ST\u0118PIE\u0143 \u2013 <a href=\"http:\/\/managementpapers.polsl.pl\/wp-content\/uploads\/2020\/10\/149_Kokot-St\u0119pie\u0144.pdf\">Entrepreneurial behavior of polish society<\/a><br>DOI: http:\/\/dx.doi.org\/10.29119\/1641-3466.2020.149.28<\/p>\n\n\n\n<p>29. Alina KOZARKIEWICZ, Agnieszka KABALSKA \u2013 <a href=\"http:\/\/managementpapers.polsl.pl\/wp-content\/uploads\/2020\/10\/149_Kozarkiewicz-Kabalska.pdf\">Digital transformation of value creation processes in traditional industries: case study of polish health resort enterprises<\/a><br>DOI: http:\/\/dx.doi.org\/10.29119\/1641-3466.2020.149.29<\/p>\n\n\n\n<p>30. Patrycja KRAWCZYK \u2013 <a href=\"http:\/\/managementpapers.polsl.pl\/wp-content\/uploads\/2020\/10\/149_Krawczyk.pdf\">Innovations in image creation and management \u2013 a case study of an entity from the TSL industry<\/a><br>DOI: http:\/\/dx.doi.org\/10.29119\/1641-3466.2020.149.30<\/p>\n\n\n\n<p>31. Karol KR\u00d3L, Dariusz ZDONEK \u2013 <a href=\"http:\/\/managementpapers.polsl.pl\/wp-content\/uploads\/2020\/10\/149_Kr\u00f3l-Zdonek.pdf\">Visual identification of rural tourism facilities in Poland<\/a><br>DOI: http:\/\/dx.doi.org\/10.29119\/1641-3466.2020.149.31<\/p>\n\n\n\n<p>32. Dorota KSI\u0104\u017bKIEWICZ \u2013 <a href=\"http:\/\/managementpapers.polsl.pl\/wp-content\/uploads\/2020\/10\/149_Ksi\u0105\u017ckiewicz.pdf\">Clean air policy in european marine ports<\/a><br>DOI: http:\/\/dx.doi.org\/10.29119\/1641-3466.2020.149.32<\/p>\n\n\n\n<p>33. Jaros\u0142aw KUNDERA \u2013 <a href=\"http:\/\/managementpapers.polsl.pl\/wp-content\/uploads\/2020\/10\/149_Kundera.pdf\">Evolution of global trade after the crisis of 2008<\/a><br>DOI: http:\/\/dx.doi.org\/10.29119\/1641-3466.2020.149.33<\/p>\n\n\n\n<p>34. Agnieszka KU\u015a \u2013 <a href=\"http:\/\/managementpapers.polsl.pl\/wp-content\/uploads\/2020\/10\/149_Ku\u015b.pdf\">Simultaneous multiple round ascending bid auction as an effective method of spectrum allocation<\/a><br>DOI: http:\/\/dx.doi.org\/10.29119\/1641-3466.2020.149.34<\/p>\n\n\n\n<p>35. Andrzej LETKIEWICZ, Beata MAJECKA \u2013 <a href=\"http:\/\/managementpapers.polsl.pl\/wp-content\/uploads\/2020\/10\/149_Letkiewicz-Majecka.pdf\">The self-regulatory efficiency indicator as a measure of company&#8217;s comparative advantage<\/a><br>DOI: http:\/\/dx.doi.org\/10.29119\/1641-3466.2020.149.35<\/p>\n\n\n\n<p>36. Justyna \u0141UKOMSKA-SZAREK \u2013 <a href=\"http:\/\/managementpapers.polsl.pl\/wp-content\/uploads\/2020\/10\/149_\u0141ukomska-Szarek.pdf\">Management of operational and investment activity of local governments in Poland<\/a><br>DOI: http:\/\/dx.doi.org\/10.29119\/1641-3466.2020.149.36<\/p>\n\n\n\n<p>37. Jan MIKO\u0141AJCZYK, Tomasz ZAWADZKI \u2013 <a href=\"http:\/\/managementpapers.polsl.pl\/wp-content\/uploads\/2020\/10\/149_Miko\u0142ajczyk-Zawadzki.pdf\">Traditional and regional food products as the example of marketing innovations in the petrol station sector in Poland<\/a><br>DOI: http:\/\/dx.doi.org\/10.29119\/1641-3466.2020.149.37<\/p>\n\n\n\n<p>38. Monika MI\u015aKIEWICZ-NAWROCKA \u2013 <a href=\"http:\/\/managementpapers.polsl.pl\/wp-content\/uploads\/2020\/10\/149_Mi\u015bkiewicz-Nawrocka.pdf\">The methods for selection of shares for investment portfolio on example of companies in the stock exchange in Warsaw<\/a><br>DOI: http:\/\/dx.doi.org\/10.29119\/1641-3466.2020.149.38<\/p>\n\n\n\n<p>39. Anna PAMU\u0141A \u2013 <a href=\"http:\/\/managementpapers.polsl.pl\/wp-content\/uploads\/2020\/10\/149_Pamu\u0142a.pdf\">The IT strategy and perception of barriers faced by polish manufacturing SMEs in the implementation of cloud computing<\/a><br>DOI: http:\/\/dx.doi.org\/10.29119\/1641-3466.2020.149.39<\/p>\n\n\n\n<p>40. Les\u0142aw PIETREWICZ \u2013 <a href=\"http:\/\/managementpapers.polsl.pl\/wp-content\/uploads\/2020\/10\/149_Pietrewicz.pdf\">Strategy and the hybrid structure of ecosystems<\/a><br>DOI: http:\/\/dx.doi.org\/10.29119\/1641-3466.2020.149.40<\/p>\n\n\n\n<p>41. Natalia PI\u00d3RKOWSKA, Rados\u0142aw RY\u0143CA \u2013 <a href=\"http:\/\/managementpapers.polsl.pl\/wp-content\/uploads\/2020\/10\/149_Pi\u00f3rkowska-Ry\u0144ca.pdf\">Factors affecting the process of strategy implementation in public and non-public schools in Wroc\u0142aw<\/a><br>DOI: http:\/\/dx.doi.org\/10.29119\/1641-3466.2020.149.41<\/p>\n\n\n\n<p>42. Grzegorz PODG\u00d3RSKI \u2013 <a href=\"http:\/\/managementpapers.polsl.pl\/wp-content\/uploads\/2020\/10\/149_Podg\u00f3rski.pdf\">Analysis of the internet activity of employees in the context of threats and their activity in the network \u2013 a case study<\/a><br>DOI: http:\/\/dx.doi.org\/10.29119\/1641-3466.2020.149.42<\/p>\n\n\n\n<p>43. Magdalena RACZY\u0143SKA, Krzysztof KRUKOWSKI \u2013 <a href=\"http:\/\/managementpapers.polsl.pl\/wp-content\/uploads\/2020\/10\/149_Raczy\u0144ska-Krukowski.pdf\">Strategy as the condition of process maturity of public administration units<\/a><br>DOI: http:\/\/dx.doi.org\/10.29119\/1641-3466.2020.149.43<\/p>\n\n\n\n<p>44. Joanna RATAJCZAK \u2013 <a href=\"http:\/\/managementpapers.polsl.pl\/wp-content\/uploads\/2020\/10\/149_Ratajczak.pdf\">Management of age-diverse employees in an organization with hierarchical culture on the example of Aquanet S.A.<\/a><br>DOI: http:\/\/dx.doi.org\/10.29119\/1641-3466.2020.149.44<\/p>\n\n\n\n<p>45. \u0141ukasz RYBAK, Janusz DUDCZYK, Zdzis\u0142aw JEZIERSKI \u2013 <a href=\"http:\/\/managementpapers.polsl.pl\/wp-content\/uploads\/2020\/10\/149_Rybak-Dudczyk-Jezierski.pdf\">Information processing as a determinant of effective management<\/a><br>DOI: http:\/\/dx.doi.org\/10.29119\/1641-3466.2020.149.45<\/p>\n\n\n\n<p>46. Leszek RYDZAK, Katarzyna KOZ\u0141OWICZ, Monika STOMA,<br>Agnieszka DUDZIAK, Marcin NATONIEWSKI \u2013 <a href=\"http:\/\/managementpapers.polsl.pl\/wp-content\/uploads\/2020\/10\/149_Rydzak-Koz\u0142owicz-Stoma-Dudziak-Natoniewski.pdf\">Sensory identification of cola-type soft drinks among students<\/a><br>DOI: http:\/\/dx.doi.org\/10.29119\/1641-3466.2020.149.46<\/p>\n\n\n\n<p>47. Marek SIEMI\u0143SKI, Krzysztof KRUKOWSKI \u2013 <a href=\"http:\/\/managementpapers.polsl.pl\/wp-content\/uploads\/2020\/10\/149_Siemi\u0144ski-Krukowski.pdf\">Conditions of the change implementation process in city councils in Poland<\/a><br>DOI: http:\/\/dx.doi.org\/10.29119\/1641-3466.2020.149.47<\/p>\n\n\n\n<p>48. Beata SKOWRON-MIELNIK, Grzegorz SOBIECKI \u2013 <a href=\"http:\/\/managementpapers.polsl.pl\/wp-content\/uploads\/2020\/10\/149_Skowron-Mielnik-Sobiecki.pdf\">Effectiveness factors in interim management projects \u2013 research concept<\/a><br>DOI: http:\/\/dx.doi.org\/10.29119\/1641-3466.2020.149.48<\/p>\n\n\n\n<p>49. Piotr SLI\u017b, Martyna BRENNENSTUHL \u2013 <a href=\"http:\/\/managementpapers.polsl.pl\/wp-content\/uploads\/2020\/10\/149_Sli\u017c-Brennenstuhl.pdf\">Service processes architecture identification at the financial and accounting shared services centre<\/a><br>DOI: http:\/\/dx.doi.org\/10.29119\/1641-3466.2020.149.49<\/p>\n\n\n\n<p>50. Dariusz SOBOTKIEWICZ \u2013 <a href=\"http:\/\/managementpapers.polsl.pl\/wp-content\/uploads\/2020\/10\/149_Sobotkiewicz.pdf\">Functional or process approach in managing the organization. decision dilemmas of modern multi-entity organizations<\/a><br>DOI: http:\/\/dx.doi.org\/10.29119\/1641-3466.2020.149.50<\/p>\n\n\n\n<p>51. Adam SOJDA \u2013 <a href=\"http:\/\/managementpapers.polsl.pl\/wp-content\/uploads\/2020\/10\/149_Sojda-1.pdf\">Linear ordering of cities in the smart city concept<\/a><br>DOI: http:\/\/dx.doi.org\/10.29119\/1641-3466.2020.149.51<\/p>\n\n\n\n<p>52. Adam SOJDA \u2013 <a href=\"http:\/\/managementpapers.polsl.pl\/wp-content\/uploads\/2020\/10\/149_Sojda-2.pdf\">Smart city ranking with subjective indicators<\/a><br>DOI: http:\/\/dx.doi.org\/10.29119\/1641-3466.2020.149.52<\/p>\n\n\n\n<p>53. Sylwia STACHERA-W\u0141ODARCZYK \u2013 <a href=\"http:\/\/managementpapers.polsl.pl\/wp-content\/uploads\/2020\/10\/149_Stachera-W\u0142odarczyk.pdf\">The importance of innovations in the activity of commercial banks \u2013 selected problems<\/a><br>DOI: http:\/\/dx.doi.org\/10.29119\/1641-3466.2020.149.53<\/p>\n\n\n\n<p>54. Monika STOMA, Agnieszka DUDZIAK, Leszek RYDZAK \u2013 <a href=\"http:\/\/managementpapers.polsl.pl\/wp-content\/uploads\/2020\/10\/149_Stoma-Dudziak-Rydzak.pdf\">Simulation decision games and effectiveness of their use for higher education \u2013 theoretical view<\/a><br>DOI: http:\/\/dx.doi.org\/10.29119\/1641-3466.2020.149.54<\/p>\n\n\n\n<p>55. Artur STRZELECKI, Karol KR\u00d3L, Dariusz ZDONEK \u2013 <a href=\"http:\/\/managementpapers.polsl.pl\/wp-content\/uploads\/2020\/10\/149_Strzelecki-Kr\u00f3l-Zdonek.pdf\">Managing a company\u2019s website in the face of a cyberattack \u2013 an example of proactive detection by Google<\/a><br>DOI: http:\/\/dx.doi.org\/10.29119\/1641-3466.2020.149.55<\/p>\n\n\n\n<p>56. Mariusz SZUSTER \u2013 <a href=\"http:\/\/managementpapers.polsl.pl\/wp-content\/uploads\/2020\/10\/149_Szuster.pdf\">Taking strategic decisions in the context of organisational restructuring on the example of a media company<\/a><br>DOI: http:\/\/dx.doi.org\/10.29119\/1641-3466.2020.149.56<\/p>\n\n\n\n<p>57. Katarzyna SZYMCZYK \u2013 <a href=\"http:\/\/managementpapers.polsl.pl\/wp-content\/uploads\/2020\/10\/149_Szymczyk.pdf\">Industry 4.0 from the point of view of human resources management<\/a><br>DOI: http:\/\/dx.doi.org\/10.29119\/1641-3466.2020.149.57<\/p>\n\n\n\n<p>58. Katarzyna WITCZY\u0143SKA \u2013 <a href=\"http:\/\/managementpapers.polsl.pl\/wp-content\/uploads\/2020\/10\/149_Witczy\u0144ska.pdf\">Development of electronic commerce<\/a><br>DOI: http:\/\/dx.doi.org\/10.29119\/1641-3466.2020.149.58<\/p>\n\n\n\n<p>59. Lidia W\u0141ODARSKA-ZOLA \u2013 <a href=\"http:\/\/managementpapers.polsl.pl\/wp-content\/uploads\/2020\/10\/149_Wlodarska-Zola.pdf\">Dividend policy as an element of the company\u2019s strategy<\/a><br>DOI: http:\/\/dx.doi.org\/10.29119\/1641-3466.2020.149.59<\/p>\n\n\n\n<p>60. Pawe\u0142 W\u00d3JCIK \u2013 <a href=\"http:\/\/managementpapers.polsl.pl\/wp-content\/uploads\/2020\/10\/149_W\u00f3jcik.pdf\">Determinants of employee turnover intention<\/a><br>DOI: http:\/\/dx.doi.org\/10.29119\/1641-3466.2020.149.60<\/p>\n\n\n\n<p>61. Marcin WYSKWARSKI \u2013 <a href=\"http:\/\/managementpapers.polsl.pl\/wp-content\/uploads\/2020\/10\/149_Wyskwarski.pdf\">Identification of desired project manager competence using text mining analysis<\/a><br>DOI: http:\/\/dx.doi.org\/10.29119\/1641-3466.2020.149.61<\/p>\n","protected":false},"excerpt":{"rendered":"<p>Scientific Papers of Silesian University of Technology &#8211; Organization and Management Series &#8211; Issue No. 149 ForewordInsertTable of contentsList of reviewers 1. Krystyna BARCZYK \u2013 Non-financial data reporting by public interest organizationsDOI: http:\/\/dx.doi.org\/10.29119\/1641-3466.2020.149.1 2. Micha\u0142 BARTNICKI \u2013 Age and territorial distribution vs. balance of non-savings deposites of individual customersDOI: http:\/\/dx.doi.org\/10.29119\/1641-3466.2020.149.2 3. Micha\u0142 BARTNICKI \u2013 Deposits [&hellip;]<\/p>\n","protected":false},"author":1,"featured_media":0,"parent":0,"menu_order":0,"comment_status":"closed","ping_status":"closed","template":"","meta":{"footnotes":""},"class_list":["post-1333","page","type-page","status-publish","hentry"],"_links":{"self":[{"href":"https:\/\/managementpapers.polsl.pl\/index.php?rest_route=\/wp\/v2\/pages\/1333","targetHints":{"allow":["GET"]}}],"collection":[{"href":"https:\/\/managementpapers.polsl.pl\/index.php?rest_route=\/wp\/v2\/pages"}],"about":[{"href":"https:\/\/managementpapers.polsl.pl\/index.php?rest_route=\/wp\/v2\/types\/page"}],"author":[{"embeddable":true,"href":"https:\/\/managementpapers.polsl.pl\/index.php?rest_route=\/wp\/v2\/users\/1"}],"replies":[{"embeddable":true,"href":"https:\/\/managementpapers.polsl.pl\/index.php?rest_route=%2Fwp%2Fv2%2Fcomments&post=1333"}],"version-history":[{"count":2,"href":"https:\/\/managementpapers.polsl.pl\/index.php?rest_route=\/wp\/v2\/pages\/1333\/revisions"}],"predecessor-version":[{"id":3146,"href":"https:\/\/managementpapers.polsl.pl\/index.php?rest_route=\/wp\/v2\/pages\/1333\/revisions\/3146"}],"wp:attachment":[{"href":"https:\/\/managementpapers.polsl.pl\/index.php?rest_route=%2Fwp%2Fv2%2Fmedia&parent=1333"}],"curies":[{"name":"wp","href":"https:\/\/api.w.org\/{rel}","templated":true}]}}