{"id":1146,"date":"2020-07-31T14:42:09","date_gmt":"2020-07-31T12:42:09","guid":{"rendered":"http:\/\/managementpapers.polsl.pl\/?page_id=1146"},"modified":"2020-07-31T14:54:48","modified_gmt":"2020-07-31T12:54:48","slug":"scientific-papers-of-silesian-university-of-technology-organization-and-management-series-issue-no-145","status":"publish","type":"page","link":"https:\/\/managementpapers.polsl.pl\/?page_id=1146","title":{"rendered":"Scientific Papers of Silesian University of Technology \u2013 Organization and Management Series \u2013 Issue No. 145"},"content":{"rendered":"\n<hr class=\"wp-block-separator is-style-wide\"\/>\n\n\n\n<p style=\"color:#a30000\" class=\"has-text-color has-medium-font-size\"><strong><span style=\"color:#065566\" class=\"has-inline-color\">Scientific Papers of Silesian University of Technology &#8211; Organization and Management Series &#8211; Issue No. 145<\/span><\/strong><\/p>\n\n\n\n<div class=\"wp-block-image\"><figure class=\"aligncenter size-large is-resized\"><img loading=\"lazy\" decoding=\"async\" src=\"http:\/\/managementpapers.polsl.pl\/wp-content\/uploads\/2020\/07\/145_2022.png\" alt=\"\" class=\"wp-image-1079\" width=\"369\" height=\"523\" srcset=\"https:\/\/managementpapers.polsl.pl\/wp-content\/uploads\/2020\/07\/145_2022.png 570w, https:\/\/managementpapers.polsl.pl\/wp-content\/uploads\/2020\/07\/145_2022-211x300.png 211w\" sizes=\"auto, (max-width: 369px) 100vw, 369px\" \/><\/figure><\/div>\n\n\n\n<p class=\"has-text-align-center\"><a href=\"http:\/\/managementpapers.polsl.pl\/wp-content\/uploads\/2020\/07\/ZN145-Foreword.pdf\">Foreword<\/a><br><a href=\"http:\/\/managementpapers.polsl.pl\/wp-content\/uploads\/2020\/07\/ZN145-Wstawka.pdf\">Insert<\/a><br><a href=\"http:\/\/managementpapers.polsl.pl\/wp-content\/uploads\/2020\/07\/ZN145-SpisTresci.pdf\">Table of contents<\/a><\/p>\n\n\n\n<hr class=\"wp-block-separator is-style-wide\"\/>\n\n\n\n<p>1. Victor I. ALEXANDROV, Pavel N. MAHARATKIN, Inna S. TRUFANOVA \u2013 <a href=\"http:\/\/managementpapers.polsl.pl\/wp-content\/uploads\/2020\/07\/145_Alexandrov-Maharatkin-Trufanova.pdf\">Effective parameters of tail processing gold-bearing ore hydrotransport for Verninskaya processing factory<\/a><br>DOI: http:\/\/dx.doi.org\/10.29119\/1641-3466.2020.145.1<\/p>\n\n\n\n<p>2. J\u00f3zef Marian BENDKOWSKI, Jacek Maria BENDKOWSKI \u2013 <a href=\"http:\/\/managementpapers.polsl.pl\/wp-content\/uploads\/2020\/07\/145_Bendkowski.pdf\">Development of freight transport in the European Union \u2013 selected issues<\/a><br>DOI: http:\/\/dx.doi.org\/10.29119\/1641-3466.2020.145.2<\/p>\n\n\n\n<p>3. Seweryn CICHO\u0143 \u2013 <a href=\"http:\/\/managementpapers.polsl.pl\/wp-content\/uploads\/2020\/07\/145_Cicho\u0144.pdf\">Influence of knowledge management on effective functioning of public institutions in public administration<\/a><br>DOI: http:\/\/dx.doi.org\/10.29119\/1641-3466.2020.145.3<\/p>\n\n\n\n<p>4. Krystyna CZAPLICKA-KOLARZ, Mariusz KRUCZEK, Ma\u0142gorzata MARKOWSKA \u2013 <a href=\"http:\/\/managementpapers.polsl.pl\/wp-content\/uploads\/2020\/07\/145_Czaplicka-Kolarz-Kruczek-Markowska.pdf\">Assessment model of regions&#8217; competitive advantage based on statistical data and indicator analyses<\/a><br>DOI: http:\/\/dx.doi.org\/10.29119\/1641-3466.2020.145.4<\/p>\n\n\n\n<p>5. Anna \u0106WI\u0104KA\u0141A-MA\u0141YS, Ma\u0142gorzata DURBAJ\u0141O-MROWIEC \u2013 <a href=\"http:\/\/managementpapers.polsl.pl\/wp-content\/uploads\/2020\/07\/145_\u0106wi\u0105ka\u0142a-Ma\u0142ys-Durbaj\u0142o-Mrowiec.pdf\">Security of accounting records in the units of a municipal government<\/a><br>DOI: http:\/\/dx.doi.org\/10.29119\/1641-3466.2020.145.5<\/p>\n\n\n\n<p>6. Mateusz DULEWSKI, Izabela JONEK-KOWALSKA \u2013 <a href=\"http:\/\/managementpapers.polsl.pl\/wp-content\/uploads\/2020\/07\/145_Dulewski-Jonek-Kowalska.pdf\">Use of customer satisfaction survey in analytical marketing of a research institute<\/a><br>DOI: http:\/\/dx.doi.org\/10.29119\/1641-3466.2020.145.6<\/p>\n\n\n\n<p>7. Dorota GAWRO\u0143SKA \u2013 <a href=\"http:\/\/managementpapers.polsl.pl\/wp-content\/uploads\/2020\/07\/145_Gawro\u0144ska.pdf\">Management of municipal waste collection and management services<\/a><br>DOI: http:\/\/dx.doi.org\/10.29119\/1641-3466.2020.145.7<\/p>\n\n\n\n<p>8. Justyna G\u00d3RNA \u2013 <a href=\"http:\/\/managementpapers.polsl.pl\/wp-content\/uploads\/2020\/07\/145_G\u00f3rna.pdf\">The impact of management systems on the activities of enterprises in the area of pest control<\/a><br>DOI: http:\/\/dx.doi.org\/10.29119\/1641-3466.2020.145.8<\/p>\n\n\n\n<p>9. Jolanta GUMI\u0143SKA, Marcin K\u0141OS \u2013 <a href=\"http:\/\/managementpapers.polsl.pl\/wp-content\/uploads\/2020\/07\/145_Gumi\u0144ska-K\u0142os.pdf\">Economic aspects of pretreatment technologies before reverse osmosis<\/a><br>DOI: http:\/\/dx.doi.org\/10.29119\/1641-3466.2020.145.9<\/p>\n\n\n\n<p>10. Adam GUMI\u0143SKI, Artur DYCZKO, Rafa\u0142 RYCHTER, Adam BOSOWSKI \u2013 <a href=\"http:\/\/managementpapers.polsl.pl\/wp-content\/uploads\/2020\/07\/145_Gumi\u0144ski-Dyczko-Rychter-Bosowski.pdf\">Risk management in JZR Development Programme<\/a><br>DOI: http:\/\/dx.doi.org\/10.29119\/1641-3466.2020.145.10<\/p>\n\n\n\n<p>11. Barbara HADRYJA\u0143SKA \u2013 <a href=\"http:\/\/managementpapers.polsl.pl\/wp-content\/uploads\/2020\/07\/145_Hadryja\u0144ska.pdf\">Municipal bonds used by polish rural municipalities as an example of external financing for investments<\/a><br>DOI: http:\/\/dx.doi.org\/10.29119\/1641-3466.2020.145.11<\/p>\n\n\n\n<p>12. Patrycja H\u0104BEK \u2013 <a href=\"http:\/\/managementpapers.polsl.pl\/wp-content\/uploads\/2020\/07\/145_H\u0105bek.pdf\">Corporate social responsibility reporting in mining sector. The European Union perspective<\/a><br>DOI: http:\/\/dx.doi.org\/10.29119\/1641-3466.2020.145.12<\/p>\n\n\n\n<p>13. Alina ILINOVA, Victoria SOLOVYOVA \u2013 <a href=\"http:\/\/managementpapers.polsl.pl\/wp-content\/uploads\/2020\/07\/145_Ilinova-Solovyova.pdf\">Prospects of oil production in the Russian Arctic: technological aspect<\/a><br>DOI: http:\/\/dx.doi.org\/10.29119\/1641-3466.2020.145.13<\/p>\n\n\n\n<p>14. J\u00f3zef JANCZAK, Maciej MARCZYK \u2013 <a href=\"http:\/\/managementpapers.polsl.pl\/wp-content\/uploads\/2020\/07\/145_Janczak-Marczyk.pdf\">Selected problems of the organization of communication information system in the territorial defence forces<\/a><br>DOI: http:\/\/dx.doi.org\/10.29119\/1641-3466.2020.145.14<\/p>\n\n\n\n<p>15. Piotr JANKE, Pawe\u0142 JO\u0143CZYK \u2013 <a href=\"http:\/\/managementpapers.polsl.pl\/wp-content\/uploads\/2020\/07\/145_Janke-Jo\u0144czyk.pdf\">Utilisation of the artificial neural network in the strategy for the allocation of storage space<\/a><br>DOI: http:\/\/dx.doi.org\/10.29119\/1641-3466.2020.145.15<\/p>\n\n\n\n<p>16. Sabina KAUF \u2013 <a href=\"http:\/\/managementpapers.polsl.pl\/wp-content\/uploads\/2020\/07\/145_Kauf.pdf\">Smart city in the era of the fourth industrial revolution<\/a><br>DOI: http:\/\/dx.doi.org\/10.29119\/1641-3466.2020.145.16<\/p>\n\n\n\n<p>17. Mariusz KMIECIK \u2013 <a href=\"http:\/\/managementpapers.polsl.pl\/wp-content\/uploads\/2020\/07\/145_Kmiecik.pdf\">Transfer the function of forecasting to 3PL enterprise in distribution network \u2013 theoretical considerations<\/a><br>DOI: http:\/\/dx.doi.org\/10.29119\/1641-3466.2020.145.17<\/p>\n\n\n\n<p>18. Rados\u0142aw KORNE\u0106 \u2013 <a href=\"http:\/\/managementpapers.polsl.pl\/wp-content\/uploads\/2020\/07\/145_Korne\u0107.pdf\">Development of selected cities from Masovian Voivodeship in the aspect of the urban resilience concept<\/a><br>DOI: http:\/\/dx.doi.org\/10.29119\/1641-3466.2020.145.18<\/p>\n\n\n\n<p>19. Mariusz KRUCZEK, Anna MODLISZEWSKA, Zbigniew \u017bEBRUCKI \u2013 <a href=\"http:\/\/managementpapers.polsl.pl\/wp-content\/uploads\/2020\/07\/145_Kruczek-Modliszewska-\u017bebrucki.pdf\">Electronic freight exchange in the execution of logistics services<\/a><br>DOI: http:\/\/dx.doi.org\/10.29119\/1641-3466.2020.145.19<\/p>\n\n\n\n<p>20. Dorota KUREK \u2013 <a href=\"http:\/\/managementpapers.polsl.pl\/wp-content\/uploads\/2020\/07\/145_Kurek.pdf\">The course and conditions of the process of selecting police officer candidates<\/a><br>DOI: http:\/\/dx.doi.org\/10.29119\/1641-3466.2020.145.20<\/p>\n\n\n\n<p>21. Filip LIEBERT \u2013 <a href=\"http:\/\/managementpapers.polsl.pl\/wp-content\/uploads\/2020\/07\/145_Liebert.pdf\">Holacracy as a new approach to new product development in IT industry \u2013 case study<\/a><br>DOI: http:\/\/dx.doi.org\/10.29119\/1641-3466.2020.145.21<\/p>\n\n\n\n<p>22. Rados\u0142aw LUBERA, Mateusz ZACZYK \u2013 <a href=\"http:\/\/managementpapers.polsl.pl\/wp-content\/uploads\/2020\/07\/145_Lubera-Zaczyk.pdf\">Freight transport in the cross-border areas of the Silesian Voivodeship in the context of the Baltic-Adriatic corridor<\/a><br>DOI: http:\/\/dx.doi.org\/10.29119\/1641-3466.2020.145.22<\/p>\n\n\n\n<p>23. Oksana MARININA, Marina NEVSKAYA, Svetlana IVANOVA \u2013 <a href=\"http:\/\/managementpapers.polsl.pl\/wp-content\/uploads\/2020\/07\/145_Marinina-Nevskaya-Ivanova.pdf\">Cost optimization of an investment project based on contract strategies<\/a><br>DOI: http:\/\/dx.doi.org\/10.29119\/1641-3466.2020.145.23<\/p>\n\n\n\n<p>24. Piotr MA\u015aLOCH, Piotr G\u00d3RNY \u2013 <a href=\"http:\/\/managementpapers.polsl.pl\/wp-content\/uploads\/2020\/07\/145_Ma\u015bloch-G\u00f3rny.pdf\">Information security management in the global world of the 21st century<\/a><br>DOI: http:\/\/dx.doi.org\/10.29119\/1641-3466.2020.145.24<\/p>\n\n\n\n<p>25. Anna MUSIO\u0141-URBA\u0143CZYK, Barbara SORYCHTA-WOJSCZYK \u2013 <a href=\"http:\/\/managementpapers.polsl.pl\/wp-content\/uploads\/2020\/07\/145_Musio\u0142-Urba\u0144czyk-Sorychta-Wojsczyk.pdf\">The concept of a procedure for managing the 'metropolitan solidarity fund&#8217; programme<\/a><br>DOI: http:\/\/dx.doi.org\/10.29119\/1641-3466.2020.145.25<\/p>\n\n\n\n<p>26. Marlena NIEMIEC \u2013 <a href=\"http:\/\/managementpapers.polsl.pl\/wp-content\/uploads\/2020\/07\/145_Niemiec.pdf\">Organizational culture of the War Studies University in opinion of students of the Faculty of Management and Command<\/a><br>DOI: http:\/\/dx.doi.org\/10.29119\/1641-3466.2020.145.26<\/p>\n\n\n\n<p>27. Hubert PACHCIAREK, Malwina SZAREK, Daniel WIATEREK \u2013 <a href=\"http:\/\/managementpapers.polsl.pl\/wp-content\/uploads\/2020\/07\/145_Pachciarek-Szarek-Wiaterek.pdf\">Models of innovation institutions management in the university ecosystem<\/a><br>DOI: http:\/\/dx.doi.org\/10.29119\/1641-3466.2020.145.27<\/p>\n\n\n\n<p>28. Milena PALCZEWSKA \u2013 <a href=\"http:\/\/managementpapers.polsl.pl\/wp-content\/uploads\/2020\/07\/145_Palczewska.pdf\">Polemology as a subject of teaching in higher studies<\/a><br>DOI: http:\/\/dx.doi.org\/10.29119\/1641-3466.2020.145.28<\/p>\n\n\n\n<p>29. Ecaterina RESNIOVA, Tatiana PONOMARENKO \u2013 <a href=\"http:\/\/managementpapers.polsl.pl\/wp-content\/uploads\/2020\/07\/145_Resniova-Ponomarenko.pdf\">Sustainable functioning of the energy sector in emerging countries of the Eastern Europe<\/a><br>DOI: http:\/\/dx.doi.org\/10.29119\/1641-3466.2020.145.29<\/p>\n\n\n\n<p>30. Szymon RUBISZ \u2013 <a href=\"http:\/\/managementpapers.polsl.pl\/wp-content\/uploads\/2020\/07\/145_Rubisz.pdf\">Lex Uber. Obligations of the intermediary and driver in new road transport regulations<\/a><br>DOI: http:\/\/dx.doi.org\/10.29119\/1641-3466.2020.145.30<\/p>\n\n\n\n<p>31. Magdalena RYBACZEWSKA-B\u0141A\u017bEJOWSKA \u2013 <a href=\"http:\/\/managementpapers.polsl.pl\/wp-content\/uploads\/2020\/07\/145_Rybaczewska-B\u0142a\u017cejowska.pdf\">Eco-innovation measurement of enterprises \u2013 validation of the LCA-based approach<\/a><br>DOI: http:\/\/dx.doi.org\/10.29119\/1641-3466.2020.145.31<\/p>\n\n\n\n<p>32. Krzysztof SKOWRON, Daria CHEBA \u2013 <a href=\"http:\/\/managementpapers.polsl.pl\/wp-content\/uploads\/2020\/07\/145_Skowron-Cheba.pdf\">Computerisation of modern medical facility on the example of the Przychodnia Akademicka sp. z o.o.<\/a><br>DOI: http:\/\/dx.doi.org\/10.29119\/1641-3466.2020.145.32<\/p>\n\n\n\n<p>33. Konrad STA\u0143CZYK \u2013 <a href=\"http:\/\/managementpapers.polsl.pl\/wp-content\/uploads\/2020\/07\/145_Sta\u0144czyk.pdf\">Poland&#8217;s economic security in the context of globalisation processes<\/a><br>DOI: http:\/\/dx.doi.org\/10.29119\/1641-3466.2020.145.33<\/p>\n\n\n\n<p>34. Malwina SZAREK, Hubert PACHCIAREK \u2013 <a href=\"http:\/\/managementpapers.polsl.pl\/wp-content\/uploads\/2020\/07\/145_Szarek-Pachciarek.pdf\">Application of stakeholder analysis in university-owned special purpose vehicles<\/a><br>DOI: http:\/\/dx.doi.org\/10.29119\/1641-3466.2020.145.34<\/p>\n\n\n\n<p>35. Agnieszka SZCZYGIELSKA \u2013 <a href=\"http:\/\/managementpapers.polsl.pl\/wp-content\/uploads\/2020\/07\/145_Szczygielska.pdf\">Edutainment in the armed forces of the Republic of Poland<\/a><br>DOI: http:\/\/dx.doi.org\/10.29119\/1641-3466.2020.145.35<\/p>\n\n\n\n<p>36. Tomasz SZEWC \u2013 <a href=\"http:\/\/managementpapers.polsl.pl\/wp-content\/uploads\/2020\/07\/145_Szewc.pdf\">Protection of personal data in the freight forwarding industry<\/a><br>DOI: http:\/\/dx.doi.org\/10.29119\/1641-3466.2020.145.36<\/p>\n\n\n\n<p>37. Danuta SZWAJCA \u2013 <a href=\"http:\/\/managementpapers.polsl.pl\/wp-content\/uploads\/2020\/07\/145_Szwajca.pdf\">Requirements of digital consumers as a source of innovative solutions for contemporary enterprises<\/a><br>DOI: http:\/\/dx.doi.org\/10.29119\/1641-3466.2020.145.37<\/p>\n\n\n\n<p>38. Joanna TOCZY\u0143SKA \u2013 <a href=\"http:\/\/managementpapers.polsl.pl\/wp-content\/uploads\/2020\/07\/145_Toczy\u0144ska.pdf\">Analysis of the implementation of R&amp;D projects of enterprises with EU funds in the Silesian Voivodeship<\/a><br>DOI: http:\/\/dx.doi.org\/10.29119\/1641-3466.2020.145.38<\/p>\n\n\n\n<p>39. Mateusz TRZECIAK \u2013 <a href=\"http:\/\/managementpapers.polsl.pl\/wp-content\/uploads\/2020\/07\/145_Trzeciak.pdf\">Key risk factors in IT projects managed with the use of agile methods<\/a><br>DOI: http:\/\/dx.doi.org\/10.29119\/1641-3466.2020.145.39<\/p>\n\n\n\n<p>40. Anna TSVETKOVA, Alexey FADEEV, Alexey CHEREPOVITSYN, Igor IVANOV \u2013 <a href=\"http:\/\/managementpapers.polsl.pl\/wp-content\/uploads\/2020\/07\/145_Tsvetkova-Fadeev-Cherepovitsyn-Ivanov.pdf\">Risk management capabilities in the extraction of sea hydrocarbons in the Arctic region<\/a><br>DOI: http:\/\/dx.doi.org\/10.29119\/1641-3466.2020.145.40<\/p>\n\n\n\n<p>41. Yurii VASILEV \u2013 <a href=\"http:\/\/managementpapers.polsl.pl\/wp-content\/uploads\/2020\/07\/145_Vasilev.pdf\">The ways of creating public perception of CCS-technologies in Russian Federation<\/a><br>DOI: http:\/\/dx.doi.org\/10.29119\/1641-3466.2020.145.41<\/p>\n\n\n\n<p>42. Agata WARMI\u0143SKA \u2013 <a href=\"http:\/\/managementpapers.polsl.pl\/wp-content\/uploads\/2020\/07\/145_Warmi\u0144ska.pdf\">The entrepreneurial process of discovery in regional development management<\/a><br>DOI: http:\/\/dx.doi.org\/10.29119\/1641-3466.2020.145.42<\/p>\n\n\n\n<p>43. Jerzy W\u0104CHOL \u2013 <a href=\"http:\/\/managementpapers.polsl.pl\/wp-content\/uploads\/2020\/07\/145_W\u0105chol.pdf\">Process management and trends in company management<\/a><br>DOI: http:\/\/dx.doi.org\/10.29119\/1641-3466.2020.145.43<\/p>\n\n\n\n<p>44. Wioletta WEREDA, Tomasz ZAC\u0141ONA \u2013 <a href=\"http:\/\/managementpapers.polsl.pl\/wp-content\/uploads\/2020\/07\/145_Wereda-Zac\u0142ona.pdf\">Shaping the image as a management instrument in the contemporary enterprise<\/a><br>DOI: http:\/\/dx.doi.org\/10.29119\/1641-3466.2020.145.44<\/p>\n\n\n\n<p>45. Karolina WIELICKA-GA\u0143CZARCZYK \u2013 <a href=\"http:\/\/managementpapers.polsl.pl\/wp-content\/uploads\/2020\/07\/145_Wielicka-Ga\u0144czarczyk.pdf\">Place of social responsibility in project management<\/a><br>DOI: http:\/\/dx.doi.org\/10.29119\/1641-3466.2020.145.45<\/p>\n\n\n\n<p>46. Aleksandra WIERZBICKA \u2013 <a href=\"http:\/\/managementpapers.polsl.pl\/wp-content\/uploads\/2020\/07\/145_Wierzbicka.pdf\">The last mile transport<\/a><br>DOI: http:\/\/dx.doi.org\/10.29119\/1641-3466.2020.145.46<\/p>\n\n\n\n<p>47. Rados\u0142aw WOLNIAK \u2013 <a href=\"http:\/\/managementpapers.polsl.pl\/wp-content\/uploads\/2020\/07\/145_Wolniak.pdf\">Quantitative relations between the implementation of industry management systems in European Union countries<\/a><br>DOI: http:\/\/dx.doi.org\/10.29119\/1641-3466.2020.145.47<\/p>\n\n\n\n<p>48. Jacek WO\u0179NIAK, Zdzis\u0142aw WOJCIECHOWSKI \u2013 <a href=\"http:\/\/managementpapers.polsl.pl\/wp-content\/uploads\/2020\/07\/145_Wo\u017aniak-Wojciechowski.pdf\">Innovations as a business risk in enterprises<\/a><br>DOI: http:\/\/dx.doi.org\/10.29119\/1641-3466.2020.145.48<\/p>\n\n\n\n<p>49. Katarzyna ZAWIERUCHA \u2013 <a href=\"http:\/\/managementpapers.polsl.pl\/wp-content\/uploads\/2020\/07\/145_Zawierucha.pdf\">The development of the modern world in the aspect of new technologies<\/a><br>DOI: http:\/\/dx.doi.org\/10.29119\/1641-3466.2020.145.49<\/p>\n\n\n\n<p>50. Aleksandra ZIARKIEWICZ, Justyna G\u00d3RNA \u2013 <a href=\"http:\/\/managementpapers.polsl.pl\/wp-content\/uploads\/2020\/07\/145_Ziarkiewicz-G\u00f3rna.pdf\">Complaints root cause analysis as a part of the medical devices quality improvement process<\/a><br>DOI: http:\/\/dx.doi.org\/10.29119\/1641-3466.2020.145.50<\/p>\n\n\n\n<p>51. Zbigniew \u017bEBRUCKI, Mariusz KRUCZEK, Ewelina NIESZPOREK \u2013 <a href=\"http:\/\/managementpapers.polsl.pl\/wp-content\/uploads\/2020\/07\/145_\u017bebrucki-Kruczek-Nieszporek.pdf\">Customer satisfaction survey of urban public transport<\/a><br>DOI: http:\/\/dx.doi.org\/10.29119\/1641-3466.2020.145.51<\/p>\n","protected":false},"excerpt":{"rendered":"<p>Scientific Papers of Silesian University of Technology &#8211; Organization and Management Series &#8211; Issue No. 145 ForewordInsertTable of contents 1. Victor I. ALEXANDROV, Pavel N. MAHARATKIN, Inna S. TRUFANOVA \u2013 Effective parameters of tail processing gold-bearing ore hydrotransport for Verninskaya processing factoryDOI: http:\/\/dx.doi.org\/10.29119\/1641-3466.2020.145.1 2. J\u00f3zef Marian BENDKOWSKI, Jacek Maria BENDKOWSKI \u2013 Development of freight transport [&hellip;]<\/p>\n","protected":false},"author":1,"featured_media":0,"parent":0,"menu_order":0,"comment_status":"closed","ping_status":"closed","template":"","meta":{"footnotes":""},"class_list":["post-1146","page","type-page","status-publish","hentry"],"_links":{"self":[{"href":"https:\/\/managementpapers.polsl.pl\/index.php?rest_route=\/wp\/v2\/pages\/1146","targetHints":{"allow":["GET"]}}],"collection":[{"href":"https:\/\/managementpapers.polsl.pl\/index.php?rest_route=\/wp\/v2\/pages"}],"about":[{"href":"https:\/\/managementpapers.polsl.pl\/index.php?rest_route=\/wp\/v2\/types\/page"}],"author":[{"embeddable":true,"href":"https:\/\/managementpapers.polsl.pl\/index.php?rest_route=\/wp\/v2\/users\/1"}],"replies":[{"embeddable":true,"href":"https:\/\/managementpapers.polsl.pl\/index.php?rest_route=%2Fwp%2Fv2%2Fcomments&post=1146"}],"version-history":[{"count":3,"href":"https:\/\/managementpapers.polsl.pl\/index.php?rest_route=\/wp\/v2\/pages\/1146\/revisions"}],"predecessor-version":[{"id":1158,"href":"https:\/\/managementpapers.polsl.pl\/index.php?rest_route=\/wp\/v2\/pages\/1146\/revisions\/1158"}],"wp:attachment":[{"href":"https:\/\/managementpapers.polsl.pl\/index.php?rest_route=%2Fwp%2Fv2%2Fmedia&parent=1146"}],"curies":[{"name":"wp","href":"https:\/\/api.w.org\/{rel}","templated":true}]}}