{"id":10122,"date":"2025-07-21T14:01:01","date_gmt":"2025-07-21T12:01:01","guid":{"rendered":"https:\/\/managementpapers.polsl.pl\/?page_id=10122"},"modified":"2026-04-14T12:19:04","modified_gmt":"2026-04-14T10:19:04","slug":"scientific-papers-of-silesian-university-of-technology-organization-and-management-series-issue-no-225","status":"publish","type":"page","link":"https:\/\/managementpapers.polsl.pl\/?page_id=10122","title":{"rendered":"Scientific Papers of Silesian University of Technology \u2013 Organization and Management Series \u2013 Issue No. 225"},"content":{"rendered":"\n<p class=\"has-text-align-center\"><strong><a href=\"https:\/\/managementpapers.polsl.pl\/wp-content\/uploads\/2026\/04\/ZN225.pdf\">Click Here To Download Full Issue No. 225<\/a><\/strong><\/p>\n\n\n\n<p>1. <strong><a href=\"https:\/\/managementpapers.polsl.pl\/wp-content\/uploads\/2025\/07\/225-Balbuza.pdf\"><strong><strong><strong><strong><strong><strong><strong>Magdalena BALBUZA <\/strong>\u2013 Analysis of business services sector in Poland. Current state and development perspectives for the future<\/strong><\/strong><\/strong><\/strong><\/strong><\/strong><\/a><\/strong><br>DOI: http:\/\/dx.doi.org\/10.29119\/1641-3466.2025.225.1<\/p>\n\n\n\n<p>2. <strong><a href=\"https:\/\/managementpapers.polsl.pl\/wp-content\/uploads\/2025\/07\/225-Bojewska.pdf\"><strong><strong><strong><strong><strong><strong><strong><strong>Barbara BOJEWSKA <\/strong>\u2013 Innovation and competences of employees in the conditions of sustainable development as a new perspective in human resources management<\/strong><\/strong><\/strong><\/strong><\/strong><\/strong><\/strong><\/a><\/strong><br>DOI: http:\/\/dx.doi.org\/10.29119\/1641-3466.2025.225.2<\/p>\n\n\n\n<p>3. <strong><a href=\"https:\/\/managementpapers.polsl.pl\/wp-content\/uploads\/2025\/07\/225-Borkowski-\u0141abaj-Kowalczyk-Mazanek-Oleksa-Ka\u017amierczak.pdf\"><strong><strong><strong><strong><strong><strong><strong>Krzysztof BORKOWSKI, Marek \u0141ABAJ, Liliana KOWALCZYK, Leszek MAZANEK, Anna OLEKSA-KA\u0179MIERCZAK <\/strong>\u2013 Tourism offer management influence on visitors\u2019 perception in Ma\u0142opolska<\/strong><\/strong><\/strong><\/strong><\/strong><\/strong><\/a><\/strong><br>DOI: http:\/\/dx.doi.org\/10.29119\/1641-3466.2025.225.3<\/p>\n\n\n\n<p>4. <strong><a href=\"https:\/\/managementpapers.polsl.pl\/wp-content\/uploads\/2025\/07\/225-Celary-Piwowarczyk.pdf\"><strong><strong><strong><strong><strong><strong><strong>Olga CELARY, Zuzanna PIWOWARCZYK <\/strong>\u2013 The role of digital initiatives in advancing ESG in Polish industrial companies<\/strong><\/strong><\/strong><\/strong><\/strong><\/strong><\/a><\/strong><br>DOI: http:\/\/dx.doi.org\/10.29119\/1641-3466.2025.225.4<\/p>\n\n\n\n<p>5. <strong><a href=\"https:\/\/managementpapers.polsl.pl\/wp-content\/uploads\/2025\/07\/225-Chmiel-Korneta.pdf\"><strong><strong><strong><strong><strong><strong><strong>Magda CHMIEL, Pawe\u0142 KORNETA <\/strong>\u2013 Authenticity as brand management tool in social media<\/strong><\/strong><\/strong><\/strong><\/strong><\/strong><\/a><\/strong><br>DOI: http:\/\/dx.doi.org\/10.29119\/1641-3466.2025.225.5<\/p>\n\n\n\n<p>6. <strong><a href=\"https:\/\/managementpapers.polsl.pl\/wp-content\/uploads\/2025\/07\/225-Chyba.pdf\"><strong><strong><strong><strong><strong><strong><strong>Zbigniew CHYBA <\/strong>\u2013 Technology entrepreneurship as a source of modern innovative solutions<\/strong><\/strong><\/strong><\/strong><\/strong><\/strong><\/a><\/strong><br>DOI: http:\/\/dx.doi.org\/10.29119\/1641-3466.2025.225.6<\/p>\n\n\n\n<p>7. <strong><a href=\"https:\/\/managementpapers.polsl.pl\/wp-content\/uploads\/2025\/07\/225-Cie\u015bli\u0144ski-Dudek-Hauke-Zubik.pdf\"><strong><strong><strong><strong><strong><strong><strong>Wojciech CIE\u015aLI\u0143SKI, Marek DUDEK, Krzysztof HAUKE, Przemys\u0142aw ZUBIK <\/strong>\u2013 AI algorithms in business process automation<\/strong><\/strong><\/strong><\/strong><\/strong><\/strong><\/a><\/strong><br>DOI: http:\/\/dx.doi.org\/10.29119\/1641-3466.2025.225.7<\/p>\n\n\n\n<p>8. <strong><a href=\"https:\/\/managementpapers.polsl.pl\/wp-content\/uploads\/2025\/07\/225-Ejsmont.pdf\"><strong><strong><strong><strong><strong><strong><strong>Aneta EJSMONT <\/strong>\u2013 Finance management of the joint-stock companies from automotive industry in the era of military conflict in Ukraine<\/strong><\/strong><\/strong><\/strong><\/strong><\/strong><\/a><\/strong><br>DOI: http:\/\/dx.doi.org\/10.29119\/1641-3466.2025.225.8<\/p>\n\n\n\n<p>9. <strong><a href=\"https:\/\/managementpapers.polsl.pl\/wp-content\/uploads\/2025\/07\/225-Franczak-Bakota.pdf\"><strong><strong><strong><strong><strong><strong><strong>Iwona FRANCZAK, Daniel BAKOTA <\/strong>\u2013 Profitability of hotel enterprises of the Visegrad Group (V4) countries in the context of the war in Ukraine<\/strong><\/strong><\/strong><\/strong><\/strong><\/strong><\/a><\/strong><br>DOI: http:\/\/dx.doi.org\/10.29119\/1641-3466.2025.225.9<\/p>\n\n\n\n<p>10. <strong><a href=\"https:\/\/managementpapers.polsl.pl\/wp-content\/uploads\/2025\/07\/225-G\u0142uc-Jurek.pdf\"><strong><strong><strong><strong><strong><strong><strong>Krzysztof G\u0141UC, Krzysztof JUREK <\/strong>\u2013 Application of it solutions in the labour market transformation process in Poland<\/strong><\/strong><\/strong><\/strong><\/strong><\/strong><\/a><\/strong><br>DOI: http:\/\/dx.doi.org\/10.29119\/1641-3466.2025.225.10<\/p>\n\n\n\n<p>11. <strong><a href=\"https:\/\/managementpapers.polsl.pl\/wp-content\/uploads\/2025\/07\/225-Gniadkowska-Szyma\u0144ska-Keller.pdf\"><strong><strong><strong><strong><strong><strong><strong>Agata GNIADKOWSKA-SZYMA\u0143SKA, Jakub KELLER <\/strong>\u2013 The impact of sustainable development on the return on equity (ROE) and capital expenditure (CAPEX) in mining companies in Europe<\/strong><\/strong><\/strong><\/strong><\/strong><\/strong><\/a><\/strong><br>DOI: http:\/\/dx.doi.org\/10.29119\/1641-3466.2025.225.11<\/p>\n\n\n\n<p>12. <strong><a href=\"https:\/\/managementpapers.polsl.pl\/wp-content\/uploads\/2025\/07\/225-Gniadkowska-Szyma\u0144ska-Papiernik-Wojdera-Karkowski.pdf\"><strong><strong><strong><strong><strong><strong><strong>Agata GNIADKOWSKA-SZYMA\u0143SKA, Marzena PAPIERNIK-WOJDERA, Tomasz Adam KARKOWSKI <\/strong>\u2013 Financial security under economic pressure: OLS and ARMAX analysis of macroeconomic stabilization in healthcare sectore<\/strong><\/strong><\/strong><\/strong><\/strong><\/strong><\/a><\/strong><br>DOI: http:\/\/dx.doi.org\/10.29119\/1641-3466.2025.225.12<\/p>\n\n\n\n<p>13. <strong><a href=\"https:\/\/managementpapers.polsl.pl\/wp-content\/uploads\/2025\/07\/225-Gniadkowska-Szyma\u0144ska.pdf\"><strong><strong><strong><strong><strong><strong><strong>Agata GNIADKOWSKA-SZYMA\u0143SKA <\/strong>\u2013 The impact of sustainable development on return on equity (ROE, ROC) in companies in the logistics sector in Europe<\/strong><\/strong><\/strong><\/strong><\/strong><\/strong><\/a><\/strong><br>DOI: http:\/\/dx.doi.org\/10.29119\/1641-3466.2025.225.13<\/p>\n\n\n\n<p>14. <strong><a href=\"https:\/\/managementpapers.polsl.pl\/wp-content\/uploads\/2025\/07\/225-Ingram-Bratnicka-My\u015bliwiec.pdf\"><strong><strong><strong><strong><strong><strong><strong>Tomasz INGRAM, Katarzyna BRATNICKA-MY\u015aLIWIEC <\/strong>\u2013 Unlocking competitive advantage: exploring the influence of organizational unlearning<\/strong><\/strong><\/strong><\/strong><\/strong><\/strong><\/a><\/strong><br>DOI: http:\/\/dx.doi.org\/10.29119\/1641-3466.2025.225.14<\/p>\n\n\n\n<p>15. <strong><a href=\"https:\/\/managementpapers.polsl.pl\/wp-content\/uploads\/2025\/07\/225-Jurczak.pdf\"><strong><strong><strong><strong><strong><strong><strong>Marlena Anna JURCZAK <\/strong>\u2013 Risks associated with the selection of a designer in a tender process<\/strong><\/strong><\/strong><\/strong><\/strong><\/strong><\/a><\/strong><br>DOI: http:\/\/dx.doi.org\/10.29119\/1641-3466.2025.225.15<\/p>\n\n\n\n<p>16. <strong><a href=\"https:\/\/managementpapers.polsl.pl\/wp-content\/uploads\/2025\/07\/225-Kli\u015b-Langer-Praga.pdf\"><strong><strong><strong><strong><strong><strong><strong>Simona KLI\u015a, Katarzyna LANGER, Dariusz PRAGA <\/strong>\u2013 Analysis of municipal waste management problems on the base of the Silesia voivodeship enterprise<\/strong><\/strong><\/strong><\/strong><\/strong><\/strong><\/a><\/strong><br>DOI: http:\/\/dx.doi.org\/10.29119\/1641-3466.2025.225.16<\/p>\n\n\n\n<p>17. <strong><a href=\"https:\/\/managementpapers.polsl.pl\/wp-content\/uploads\/2025\/07\/225-Kocot-Goli\u0144ska-Pieszy\u0144ska-Makowska-Depta.pdf\"><strong><strong><strong><strong><strong><strong><strong>Maria KOCOT, Ma\u0142gorzata GOLI\u0143SKA-PIESZY\u0143SKA, Aleksandra MAKOWSKA, Adam DEPTA <\/strong>\u2013 Determinants of effective science\u2013business cooperation in biotechnology<\/strong><\/strong><\/strong><\/strong><\/strong><\/strong><\/a><\/strong><br>DOI: http:\/\/dx.doi.org\/10.29119\/1641-3466.2025.225.17<\/p>\n\n\n\n<p>18. <strong><a href=\"https:\/\/managementpapers.polsl.pl\/wp-content\/uploads\/2025\/07\/225-Kozera.pdf\"><strong><strong><strong><strong><strong><strong><strong>Ewa KOZERA <\/strong>\u2013 The impact of competitive aggressiveness on the non-financial performance of the private healthcare sector<\/strong><\/strong><\/strong><\/strong><\/strong><\/strong><\/a><\/strong><br>DOI: http:\/\/dx.doi.org\/10.29119\/1641-3466.2025.225.18<\/p>\n\n\n\n<p>19. <strong><a href=\"https:\/\/managementpapers.polsl.pl\/wp-content\/uploads\/2025\/07\/225-Kozubek.pdf\"><strong><strong><strong><strong><strong><strong><strong>Pawe\u0142 R. KOZUBEK <\/strong>\u2013 The role of the transport sector in the Polish economy: an input\u2013output approach<\/strong><\/strong><\/strong><\/strong><\/strong><\/strong><\/a><\/strong><br>DOI: http:\/\/dx.doi.org\/10.29119\/1641-3466.2025.225.19<\/p>\n\n\n\n<p>20. <strong><a href=\"https:\/\/managementpapers.polsl.pl\/wp-content\/uploads\/2025\/07\/225-Kramarz-Liszka.pdf\"><strong><strong><strong><strong><strong><strong><strong>Marzena KRAMARZ, Natalia LISZKA <\/strong>\u2013 Resilience of the urban logistics system<\/strong><\/strong><\/strong><\/strong><\/strong><\/strong><\/a><\/strong><br>DOI: http:\/\/dx.doi.org\/10.29119\/1641-3466.2025.225.20<\/p>\n\n\n\n<p>21. <strong><a href=\"https:\/\/managementpapers.polsl.pl\/wp-content\/uploads\/2025\/07\/225-Krause.pdf\"><strong><strong><strong><strong><strong><strong><strong>Marcin KRAUSE <\/strong>\u2013 Occupational safety and health as an area of scientific cognition \u2013 current status and development opportunities<\/strong><\/strong><\/strong><\/strong><\/strong><\/strong><\/a><\/strong><br>DOI: http:\/\/dx.doi.org\/10.29119\/1641-3466.2025.225.21<\/p>\n\n\n\n<p>22. <strong><a href=\"https:\/\/managementpapers.polsl.pl\/wp-content\/uploads\/2025\/07\/225-Krause-\u015awierczy\u0144ska-Chodura.pdf\"><strong><strong><strong><strong><strong><strong><strong>Magdalena KRAUSE-\u015aWIERCZY\u0143SKA, Karolina CHODURA <\/strong>\u2013 Digital tools in the process of architectural education as a method of studying and protecting architectural heritage<\/strong><\/strong><\/strong><\/strong><\/strong><\/strong><\/a><\/strong><br>DOI: http:\/\/dx.doi.org\/10.29119\/1641-3466.2025.225.22<\/p>\n\n\n\n<p>23. <strong><a href=\"https:\/\/managementpapers.polsl.pl\/wp-content\/uploads\/2025\/07\/225-Kumor-Sulerz.pdf\"><strong><strong><strong><strong><strong><strong><strong>Aleksandra KUMOR-SULERZ <\/strong>\u2013 Assessment of innovation and environmental impact of a manufacturing company in the construction industry<\/strong><\/strong><\/strong><\/strong><\/strong><\/strong><\/a><\/strong><br>DOI: http:\/\/dx.doi.org\/10.29119\/1641-3466.2025.225.23<\/p>\n\n\n\n<p>24. <strong><a href=\"https:\/\/managementpapers.polsl.pl\/wp-content\/uploads\/2025\/07\/225-\u0141ocha\u0144ska-Nowak-Senderowska.pdf\"><strong><strong><strong><strong><strong><strong><strong>Dorota \u0141OCHA\u0143SKA, Dagmara NOWAK-SENDEROWSKA <\/strong>\u2013 Selected criteria for evaluating working conditions \u2013 a case study<\/strong><\/strong><\/strong><\/strong><\/strong><\/strong><\/a><\/strong><br>DOI: http:\/\/dx.doi.org\/10.29119\/1641-3466.2025.225.24<\/p>\n\n\n\n<p>25. <strong><a href=\"https:\/\/managementpapers.polsl.pl\/wp-content\/uploads\/2026\/04\/225-\u0141upicka-Fietz-Jeszka.pdf\"><strong><strong><strong><strong><strong><strong><strong>Anna \u0141UPICKA-FIETZ, Anna Maria JESZKA <\/strong>\u2013 Managerial competencies in supply chains for Industry 5.0<\/strong><\/strong><\/strong><\/strong><\/strong><\/strong><\/a><\/strong><br>DOI: http:\/\/dx.doi.org\/10.29119\/1641-3466.2025.225.25<\/p>\n\n\n\n<p>26. <strong><a href=\"https:\/\/managementpapers.polsl.pl\/wp-content\/uploads\/2025\/07\/225-Malewska.pdf\"><strong><strong><strong><strong><strong><strong><strong>Kamila MALEWSKA <\/strong>\u2013 Digital transformation of SMEs in the view of dynamic capabilities \u2013 a bibliometric analysis<\/strong><\/strong><\/strong><\/strong><\/strong><\/strong><\/a><\/strong><br>DOI: http:\/\/dx.doi.org\/10.29119\/1641-3466.2025.225.26<\/p>\n\n\n\n<p>27. <strong><a href=\"https:\/\/managementpapers.polsl.pl\/wp-content\/uploads\/2025\/09\/225-Mocek.pdf\"><strong><strong><strong><strong><strong><strong><strong><strong>Piotr MOCEK <\/strong>\u2013 Assessment of biological hazards in the mining environment on the example of the preparatory works division<\/strong><\/strong><\/strong><\/strong><\/strong><\/strong><\/strong><\/a><\/strong><br>DOI: http:\/\/dx.doi.org\/10.29119\/1641-3466.2025.225.27<\/p>\n\n\n\n<p>28. <strong><a href=\"https:\/\/managementpapers.polsl.pl\/wp-content\/uploads\/2025\/07\/225-Mys\u0142owska-P\u0142aszewska-Dudek.pdf\"><strong><strong><strong><strong><strong><strong><strong>Anna MYS\u0141OWSKA-P\u0141ASZEWSKA, Marek DUDEK <\/strong>\u2013 Implementing IBP\/S&amp;OP processes \u2013 the main mistakes using the example of a global company<\/strong><\/strong><\/strong><\/strong><\/strong><\/strong><\/a><\/strong><br>DOI: http:\/\/dx.doi.org\/10.29119\/1641-3466.2025.225.28<\/p>\n\n\n\n<p>29. <strong><a href=\"https:\/\/managementpapers.polsl.pl\/wp-content\/uploads\/2025\/07\/225-Obi.pdf\"><strong><strong><strong><strong><strong><strong><strong>Ekene Elijah OBI <\/strong>\u2013 Behavioural data mining for organization networks: optimizing knowledge sharing and collaboration<\/strong><\/strong><\/strong><\/strong><\/strong><\/strong><\/a><\/strong><br>DOI: http:\/\/dx.doi.org\/10.29119\/1641-3466.2025.225.29<\/p>\n\n\n\n<p>30. <strong><a href=\"https:\/\/managementpapers.polsl.pl\/wp-content\/uploads\/2025\/07\/225-Rojek.pdf\"><strong><strong><strong><strong><strong><strong><strong>Danuta ROJEK <\/strong>\u2013 The importance of open innovation for the development of circular economy<\/strong><\/strong><\/strong><\/strong><\/strong><\/strong><\/a><\/strong><br>DOI: http:\/\/dx.doi.org\/10.29119\/1641-3466.2025.225.30<\/p>\n\n\n\n<p>31. <strong><a href=\"https:\/\/managementpapers.polsl.pl\/wp-content\/uploads\/2025\/07\/225-Sajdak.pdf\"><strong><strong><strong><strong><strong><strong><strong>Maja SAJDAK <\/strong>\u2013 Artificial intelligence and humans in the manufacturing sector: working in symbiosis or separately?<\/strong><\/strong><\/strong><\/strong><\/strong><\/strong><\/a><\/strong><br>DOI: http:\/\/dx.doi.org\/10.29119\/1641-3466.2025.225.31<\/p>\n\n\n\n<p>32. <strong><a href=\"https:\/\/managementpapers.polsl.pl\/wp-content\/uploads\/2025\/07\/225-Stawiarska-Kania-G\u00f3recki.pdf\"><strong><strong><strong><strong><strong><strong><strong>Ewa STAWIARSKA, Mateusz KANIA, Kamil G\u00d3RECKI <\/strong>\u2013 Human resources management in automotive supply chains in the time of the fourth industrial revolution<\/strong><\/strong><\/strong><\/strong><\/strong><\/strong><\/a><\/strong><br>DOI: http:\/\/dx.doi.org\/10.29119\/1641-3466.2025.225.32<\/p>\n\n\n\n<p>33. <strong><a href=\"https:\/\/managementpapers.polsl.pl\/wp-content\/uploads\/2025\/11\/225-Szekowski-Gli\u0144ska-Zaniewska.pdf\"><strong><strong><strong><strong><strong><strong><strong>Piotr SZEKOWSKI, Ewa GLI\u0143SKA, Martyna Faustyna ZANIEWSKA <\/strong>\u2013 An international theatre festival and city branding: insights from managers representing foreign artistic troups<\/strong><\/strong><\/strong><\/strong><\/strong><\/strong><\/a><\/strong><br>DOI: http:\/\/dx.doi.org\/10.29119\/1641-3466.2025.225.33<\/p>\n\n\n\n<p>34. <strong><a href=\"https:\/\/managementpapers.polsl.pl\/wp-content\/uploads\/2025\/07\/225-Szojda.pdf\"><strong><strong><strong><strong><strong><strong><strong>Grzegorz SZOJDA <\/strong>\u2013 The influence of digital consumers\u2019 behaviour on environmental awareness in Poland<\/strong><\/strong><\/strong><\/strong><\/strong><\/strong><\/a><\/strong><br>DOI: http:\/\/dx.doi.org\/10.29119\/1641-3466.2025.225.34<\/p>\n\n\n\n<p>35. <strong><a href=\"https:\/\/managementpapers.polsl.pl\/wp-content\/uploads\/2025\/07\/225-Ulatowska.pdf\"><strong><strong><strong><strong><strong><strong><strong>Roksana ULATOWSKA <\/strong>\u2013 Polish language models in business and public sector: a strategic perspective<\/strong><\/strong><\/strong><\/strong><\/strong><\/strong><\/a><\/strong><br>DOI: http:\/\/dx.doi.org\/10.29119\/1641-3466.2025.225.35<\/p>\n\n\n\n<p>36. <strong><a href=\"https:\/\/managementpapers.polsl.pl\/wp-content\/uploads\/2025\/07\/225-Wierzbicka.pdf\"><strong><strong><strong><strong><strong><strong><strong><strong>Aleksandra WIERZBICKA <\/strong>\u2013 Analysis of the logistical process involved in setting up a vehicle inspection station in Poland \u2013 a case study<\/strong><\/strong><\/strong><\/strong><\/strong><\/strong><\/strong><\/a><\/strong><br>DOI: http:\/\/dx.doi.org\/10.29119\/1641-3466.2025.225.36<\/p>\n","protected":false},"excerpt":{"rendered":"<p>Click Here To Download Full Issue No. 225 1. Magdalena BALBUZA \u2013 Analysis of business services sector in Poland. Current state and development perspectives for the futureDOI: http:\/\/dx.doi.org\/10.29119\/1641-3466.2025.225.1 2. Barbara BOJEWSKA \u2013 Innovation and competences of employees in the conditions of sustainable development as a new perspective in human resources managementDOI: http:\/\/dx.doi.org\/10.29119\/1641-3466.2025.225.2 3. Krzysztof BORKOWSKI, [&hellip;]<\/p>\n","protected":false},"author":2,"featured_media":0,"parent":0,"menu_order":0,"comment_status":"closed","ping_status":"closed","template":"","meta":{"footnotes":""},"class_list":["post-10122","page","type-page","status-publish","hentry"],"_links":{"self":[{"href":"https:\/\/managementpapers.polsl.pl\/index.php?rest_route=\/wp\/v2\/pages\/10122","targetHints":{"allow":["GET"]}}],"collection":[{"href":"https:\/\/managementpapers.polsl.pl\/index.php?rest_route=\/wp\/v2\/pages"}],"about":[{"href":"https:\/\/managementpapers.polsl.pl\/index.php?rest_route=\/wp\/v2\/types\/page"}],"author":[{"embeddable":true,"href":"https:\/\/managementpapers.polsl.pl\/index.php?rest_route=\/wp\/v2\/users\/2"}],"replies":[{"embeddable":true,"href":"https:\/\/managementpapers.polsl.pl\/index.php?rest_route=%2Fwp%2Fv2%2Fcomments&post=10122"}],"version-history":[{"count":11,"href":"https:\/\/managementpapers.polsl.pl\/index.php?rest_route=\/wp\/v2\/pages\/10122\/revisions"}],"predecessor-version":[{"id":14140,"href":"https:\/\/managementpapers.polsl.pl\/index.php?rest_route=\/wp\/v2\/pages\/10122\/revisions\/14140"}],"wp:attachment":[{"href":"https:\/\/managementpapers.polsl.pl\/index.php?rest_route=%2Fwp%2Fv2%2Fmedia&parent=10122"}],"curies":[{"name":"wp","href":"https:\/\/api.w.org\/{rel}","templated":true}]}}