{"id":1007,"date":"2020-05-21T10:52:25","date_gmt":"2020-05-21T08:52:25","guid":{"rendered":"http:\/\/managementpapers.polsl.pl\/?page_id=1007"},"modified":"2020-06-15T15:42:55","modified_gmt":"2020-06-15T13:42:55","slug":"scientific-papers-of-silesian-university-of-technology-organization-and-management-series-issue-no-144","status":"publish","type":"page","link":"https:\/\/managementpapers.polsl.pl\/?page_id=1007","title":{"rendered":"Scientific Papers of Silesian University of Technology \u2013 Organization and Management Series \u2013 Issue No. 144"},"content":{"rendered":"\n<p style=\"color:#a30000\" class=\"has-text-color has-medium-font-size\"><strong><span style=\"color:#065566\" class=\"has-inline-color\">Scientific Papers of Silesian University of Technology &#8211; Organization and Management Series &#8211; Issue No. 144<\/span><\/strong><\/p>\n\n\n\n<div class=\"wp-block-image\"><figure class=\"aligncenter size-large is-resized\"><img loading=\"lazy\" decoding=\"async\" src=\"http:\/\/managementpapers.polsl.pl\/wp-content\/uploads\/2020\/05\/Cover_144.jpg\" alt=\"\" class=\"wp-image-1004\" width=\"358\" height=\"501\" srcset=\"https:\/\/managementpapers.polsl.pl\/wp-content\/uploads\/2020\/05\/Cover_144.jpg 731w, https:\/\/managementpapers.polsl.pl\/wp-content\/uploads\/2020\/05\/Cover_144-214x300.jpg 214w\" sizes=\"auto, (max-width: 358px) 100vw, 358px\" \/><\/figure><\/div>\n\n\n\n<p class=\"has-text-align-center\"><a href=\"http:\/\/managementpapers.polsl.pl\/wp-content\/uploads\/2020\/05\/144-Wprowadzenie.pdf\">Foreword<\/a><br><a href=\"http:\/\/managementpapers.polsl.pl\/wp-content\/uploads\/2020\/05\/144-wk\u0142adka.pdf\">Insert<\/a><br><a href=\"http:\/\/managementpapers.polsl.pl\/wp-content\/uploads\/2020\/05\/144-spis-recenzent\u00f3w.pdf\">List of reviewers<\/a><br><a href=\"http:\/\/managementpapers.polsl.pl\/wp-content\/uploads\/2020\/06\/PopSpisTresci144.pdf\">Table of contents<\/a><\/p>\n\n\n\n<hr class=\"wp-block-separator is-style-wide\"\/>\n\n\n\n<p>1. <a href=\"http:\/\/managementpapers.polsl.pl\/wp-content\/uploads\/2020\/05\/144-Bednarzewska.pdf\">Kinga Ewa BEDNARZEWSKA \u2013 Cooperation between science, business and administration in the light of the inflow of foreign direct investments to Poland<\/a><br>DOI: http:\/\/dx.doi.org\/10.29119\/1641-3466.2020.144.1<\/p>\n\n\n\n<p>2. <a href=\"http:\/\/managementpapers.polsl.pl\/wp-content\/uploads\/2020\/05\/144-Bocha\u0144czyk-Kupka.pdf\">Dominika BOCHA\u0143CZYK-KUPKA \u2013 Intellectual property protection strategies&nbsp; in high-developed countries<\/a><br>DOI: http:\/\/dx.doi.org\/10.29119\/1641-3466.2020.144.2<\/p>\n\n\n\n<p>3. <a href=\"http:\/\/managementpapers.polsl.pl\/wp-content\/uploads\/2020\/05\/144-Cholewa-Wiktor-Jakubiak.pdf\">Marta CHOLEWA-WIKTOR, Monika JAKUBIAK \u2013 Sustainable development as a challenge for modern organizations \u2013 students\u2019 opinions and attitudes<\/a><br>DOI: http:\/\/dx.doi.org\/10.29119\/1641-3466.2020.144.3<\/p>\n\n\n\n<p>4. <a href=\"http:\/\/managementpapers.polsl.pl\/wp-content\/uploads\/2020\/05\/144-Deptu\u0142a.pdf\">Adam DEPTU\u0141A \u2013 Application of game tree structures in the process of obtaining knowledge<\/a><br>DOI: http:\/\/dx.doi.org\/10.29119\/1641-3466.2020.144.4<\/p>\n\n\n\n<p>5. <a href=\"http:\/\/managementpapers.polsl.pl\/wp-content\/uploads\/2020\/05\/144-Galuszka-Galuszka-Probierz-Bereska.pdf\">Adam GA\u0141USZKA, Anita GA\u0141USZKA, Eryka PROBIERZ,&nbsp; Damian BERESKA \u2013 Analysis of man-man-machine interaction in complex&nbsp; virtual environment in context of psychophysical state<\/a><br>DOI: http:\/\/dx.doi.org\/10.29119\/1641-3466.2020.144.5<\/p>\n\n\n\n<p>6. <a href=\"http:\/\/managementpapers.polsl.pl\/wp-content\/uploads\/2020\/05\/144-Gembalska-Kwiecie\u0144.pdf\">Anna GEMBALSKA-KWIECIE\u0143 \u2013 Mobbing prevention as one of the challenges of a modern organization<\/a><br>DOI: http:\/\/dx.doi.org\/10.29119\/1641-3466.2020.144.6<\/p>\n\n\n\n<p>7. <a href=\"http:\/\/managementpapers.polsl.pl\/wp-content\/uploads\/2020\/05\/144-Gliszczy\u0144ski-Panasiewicz.pdf\">Grzegorz GLISZCZY\u0143SKI, Leszek PANASIEWICZ \u2013 Management innovation \u2013 the study of views and the concept of methodology of independent research<\/a><br>DOI: http:\/\/dx.doi.org\/10.29119\/1641-3466.2020.144.7<\/p>\n\n\n\n<p>8. <a href=\"http:\/\/managementpapers.polsl.pl\/wp-content\/uploads\/2020\/05\/144-Go\u0142embski.pdf\">Marcin GO\u0141EMBSKI \u2013 Determinants and barriers to using the personnel function management control system in the theory and practice of enterprises<\/a><br>DOI: http:\/\/dx.doi.org\/10.29119\/1641-3466.2020.144.8<\/p>\n\n\n\n<p>9. <a href=\"http:\/\/managementpapers.polsl.pl\/wp-content\/uploads\/2020\/05\/144-Gorzelany.pdf\">Julia GORZELANY \u2013 Integration of structure, culture and strategy in designing&nbsp; a management system<\/a><br>DOI: http:\/\/dx.doi.org\/10.29119\/1641-3466.2020.144.9<\/p>\n\n\n\n<p>10. <a href=\"http:\/\/managementpapers.polsl.pl\/wp-content\/uploads\/2020\/05\/144-Gorzelany-Dziadkowiec.pdf\">Magdalena GORZELANY-DZIADKOWIEC \u2013 Stimulants and barriers&nbsp; of converting a small enterprise into an intelligent organization<\/a><br>DOI: http:\/\/dx.doi.org\/10.29119\/1641-3466.2020.144.10<\/p>\n\n\n\n<p>11. <a href=\"http:\/\/managementpapers.polsl.pl\/wp-content\/uploads\/2020\/05\/144-Grela.pdf\">Grzegorz GRELA \u2013 Make and buy strategy as a result of an insourcing project<\/a><br>DOI: http:\/\/dx.doi.org\/10.29119\/1641-3466.2020.144.11<\/p>\n\n\n\n<p>12. <a href=\"http:\/\/managementpapers.polsl.pl\/wp-content\/uploads\/2020\/05\/144-Grochowski.pdf\">Krzysztof GROCHOWSKI \u2013 Barriers to implementing the strategic management in transport services SMEs<\/a><br>DOI: http:\/\/dx.doi.org\/10.29119\/1641-3466.2020.144.12<\/p>\n\n\n\n<p>13. <a href=\"http:\/\/managementpapers.polsl.pl\/wp-content\/uploads\/2020\/05\/144-Hopej.pdf\">Marian HOPEJ \u2013 Archetype of the organizational structure<\/a><br>DOI: http:\/\/dx.doi.org\/10.29119\/1641-3466.2020.144.13<\/p>\n\n\n\n<p>14. <a href=\"http:\/\/managementpapers.polsl.pl\/wp-content\/uploads\/2020\/05\/144-Hopej-Kandora.pdf\">Marian HOPEJ, Marcin KANDORA \u2013 Stability and variability of organizational structure<\/a><br>DOI: http:\/\/dx.doi.org\/10.29119\/1641-3466.2020.144.14<\/p>\n\n\n\n<p>15. <a href=\"http:\/\/managementpapers.polsl.pl\/wp-content\/uploads\/2020\/05\/144-Hysa-Zdonek.pdf\">Beata HYSA, Iwona ZDONEK \u2013 Influence of generational changes&nbsp; on the development of teaching methods in the field of teaching information&nbsp; and communication technologies<\/a><br>DOI: http:\/\/dx.doi.org\/10.29119\/1641-3466.2020.144.15<\/p>\n\n\n\n<p>16. <a href=\"http:\/\/managementpapers.polsl.pl\/wp-content\/uploads\/2020\/05\/144-J\u00f3\u017awiak-Maria\u0144ski-Switana-Szczepanik.pdf\">Ireneusz J. J\u00d3\u0179WIAK, Aleksander MARIA\u0143SKI, Jan SWITANA, Micha\u0142 SZCZEPANIK \u2013 Applying chaos theory to risk management in a game of chance<\/a><br>DOI: http:\/\/dx.doi.org\/10.29119\/1641-3466.2020.144.16<\/p>\n\n\n\n<p>17. <a href=\"http:\/\/managementpapers.polsl.pl\/wp-content\/uploads\/2020\/05\/144-Kad\u0142ubek.pdf\">Marta KAD\u0141UBEK \u2013 Corporate social responsibility practices in management processes of contemporary enterprises<\/a><br>DOI: http:\/\/dx.doi.org\/10.29119\/1641-3466.2020.144.17<\/p>\n\n\n\n<p>18. <a href=\"http:\/\/managementpapers.polsl.pl\/wp-content\/uploads\/2020\/05\/144-Karasek-Hysa.pdf\">Aneta KARASEK, Beata HYSA\u2013 Social media and generation Y, Z \u2013 a challenge for employers<\/a><br>DOI: http:\/\/dx.doi.org\/10.29119\/1641-3466.2020.144.18<\/p>\n\n\n\n<p>19. <a href=\"http:\/\/managementpapers.polsl.pl\/wp-content\/uploads\/2020\/05\/144-Kempa.pdf\">Anna KEMPA \u2013 Possibilities of using knowledge engineering in knowledge management possibilities of using knowledge engineering in knowledge management<\/a><br>DOI: http:\/\/dx.doi.org\/10.29119\/1641-3466.2020.144.19<\/p>\n\n\n\n<p>20. <a href=\"http:\/\/managementpapers.polsl.pl\/wp-content\/uploads\/2020\/05\/144-K\u0119dziora-Ka\u0142wak-J\u00f3\u017awiak-Szczepanik.pdf\">Micha\u0142 K\u0118DZIORA, Karolina KA\u0141WAK, Ireneusz J. J\u00d3\u0179WIAK, Micha\u0142 SZCZEPANIK \u2013 Analysis of exploration testing approach and conclusions&nbsp; from implementation in software development<\/a><br>DOI: http:\/\/dx.doi.org\/10.29119\/1641-3466.2020.144.20<\/p>\n\n\n\n<p>21. <a href=\"http:\/\/managementpapers.polsl.pl\/wp-content\/uploads\/2020\/05\/144-Ko\u015bcielniak-\u0141\u0119gowik-Ma\u0142olepsza.pdf\">Helena KO\u015aCIELNIAK, Ma\u0142gorzata \u0141\u0118GOWIK-MA\u0141OLEPSZA \u2013&nbsp; Open innovation and strategic decisions of enterprises<\/a><br>DOI: http:\/\/dx.doi.org\/10.29119\/1641-3466.2020.144.21<\/p>\n\n\n\n<p>22. <a href=\"http:\/\/managementpapers.polsl.pl\/wp-content\/uploads\/2020\/05\/144-Kr\u00f3l-Zdonek-1.pdf\">Karol KR\u00d3L, Dariusz ZDONEK \u2013 Usability assessment of agrotourism farm websites in Poland<\/a><br>DOI: http:\/\/dx.doi.org\/10.29119\/1641-3466.2020.144.22<\/p>\n\n\n\n<p>23. <a href=\"http:\/\/managementpapers.polsl.pl\/wp-content\/uploads\/2020\/05\/144-Kr\u00f3l-Zdonek-2.pdf\">Karol KR\u00d3L, Dariusz ZDONEK \u2013 Website optimisation for search engines \u2013 concept of website profiling<\/a><br>DOI: http:\/\/dx.doi.org\/10.29119\/1641-3466.2020.144.23<\/p>\n\n\n\n<p>24. <a href=\"http:\/\/managementpapers.polsl.pl\/wp-content\/uploads\/2020\/05\/144-Kr\u00f3l.-Ziernicka-Wojtaszek-Zdonek.pdf\">Karol KR\u00d3L, Agnieszka ZIERNICKA-WOJTASZEK, Dariusz ZDONEK \u2013 Assessment of the attractiveness of the tourist and recreation area of Bielsko county<\/a><br>DOI: http:\/\/dx.doi.org\/10.29119\/1641-3466.2020.144.24<\/p>\n\n\n\n<p>25. <a href=\"http:\/\/managementpapers.polsl.pl\/wp-content\/uploads\/2020\/05\/144-Krukowska-Miler.pdf\">Agata KRUKOWSKA-MILER \u2013 Marketing strategies in relation to emploees&nbsp; of healthcare organizations, based on selected aspects<\/a><br>DOI: http:\/\/dx.doi.org\/10.29119\/1641-3466.2020.144.25<\/p>\n\n\n\n<p>26. <a href=\"http:\/\/managementpapers.polsl.pl\/wp-content\/uploads\/2020\/05\/144-\u0141awrynowicz-Legut-J\u00f3\u017awiak.pdf\">Miros\u0142aw \u0141AWRYNOWICZ, Jakub LEGUT, Ireneusz J. J\u00d3\u0179WIAK \u2013 Research on reliability of mobile applications in a distributed environment<\/a><br>DOI: http:\/\/dx.doi.org\/10.29119\/1641-3466.2020.144.26<\/p>\n\n\n\n<p>27. <a href=\"http:\/\/managementpapers.polsl.pl\/wp-content\/uploads\/2020\/05\/144-Michalak.pdf\">Aneta MICHALAK \u2013 Methodology of parametrization of systematic risk&nbsp; in enterprises not listed on the capital market<\/a><br>DOI: http:\/\/dx.doi.org\/10.29119\/1641-3466.2020.144.27<\/p>\n\n\n\n<p>28. <a href=\"http:\/\/managementpapers.polsl.pl\/wp-content\/uploads\/2020\/05\/144-Milewska.pdf\">El\u017cbieta MILEWSKA \u2013 General Data Protection Regulation (GDPR) and its implications for software supporting automation of production<\/a><br>DOI: http:\/\/dx.doi.org\/10.29119\/1641-3466.2020.144.28<\/p>\n\n\n\n<p>29. <a href=\"http:\/\/managementpapers.polsl.pl\/wp-content\/uploads\/2020\/05\/144-Nawrocki.pdf\">Tomasz L. NAWROCKI \u2013 A concept of resultant corporate innovativeness assessment model<\/a><br>DOI: http:\/\/dx.doi.org\/10.29119\/1641-3466.2020.144.29<\/p>\n\n\n\n<p>30. <a href=\"http:\/\/managementpapers.polsl.pl\/wp-content\/uploads\/2020\/05\/144-Piechaczek-J\u00f3\u017awiak-J\u00f3\u017awiak-Nowak.pdf\">Dawid PIECHACZEK, Ireneusz J. J\u00d3\u0179WIAK, Alicja M. J\u00d3\u0179WIAK,&nbsp; Wojciech M. NOWAK \u2013 Marketing strategies in mobile app development<\/a><br>DOI: http:\/\/dx.doi.org\/10.29119\/1641-3466.2020.144.30<\/p>\n\n\n\n<p>31. <a href=\"http:\/\/managementpapers.polsl.pl\/wp-content\/uploads\/2020\/05\/144-Pi\u00f3rkowska-Ry\u0144ca.pdf\">Natalia PI\u00d3RKOWSKA, Rados\u0142aw RY\u0143CA \u2013 Factors affecting the process&nbsp; of strategy implementation in a higher education institution<\/a><br>DOI: http:\/\/dx.doi.org\/10.29119\/1641-3466.2020.144.31<\/p>\n\n\n\n<p>32. <a href=\"http:\/\/managementpapers.polsl.pl\/wp-content\/uploads\/2020\/05\/144-Po\u015bpiech.pdf\">Ewa PO\u015aPIECH \u2013 The multi-criteria fuzzy approach to building and evaluating effective portfolios<\/a><br>DOI: http:\/\/dx.doi.org\/10.29119\/1641-3466.2020.144.32<\/p>\n\n\n\n<p>33. <a href=\"http:\/\/managementpapers.polsl.pl\/wp-content\/uploads\/2020\/05\/144-Rakowska.pdf\">Anna RAKOWSKA \u2013 A scientist or an entrepreneur \u2013 academic dilemmas&nbsp; in the corporate university model<\/a><br>DOI: http:\/\/dx.doi.org\/10.29119\/1641-3466.2020.144.33<\/p>\n\n\n\n<p>34. <a href=\"http:\/\/managementpapers.polsl.pl\/wp-content\/uploads\/2020\/05\/144-Ry\u0144ca-Suropek.pdf\">Rados\u0142aw RY\u0143CA, Piotr SUROPEK \u2013 Factors influencing the choice&nbsp; of marketing activities at a higher education institution in the context of postgraduate studies<\/a><br>DOI: http:\/\/dx.doi.org\/10.29119\/1641-3466.2020.144.34<\/p>\n\n\n\n<p>35. <a href=\"http:\/\/managementpapers.polsl.pl\/wp-content\/uploads\/2020\/05\/144-Rzempa\u0142a-Wi\u015bniewski.pdf\">Joanna RZEMPA\u0141A, Tomasz WI\u015aNIEWSKI \u2013 The level of competence&nbsp; of post-graduate students in project management. Case study of IPMA student<\/a><br>DOI: http:\/\/dx.doi.org\/10.29119\/1641-3466.2020.144.35<\/p>\n\n\n\n<p>36. <a href=\"http:\/\/managementpapers.polsl.pl\/wp-content\/uploads\/2020\/05\/144-Skotnicka-Zasadzie\u0144.pdf\">Bo\u017cena SKOTNICKA-ZASADZIE\u0143 \u2013 Quality aspects of improving&nbsp; the production process effectiveness by eliminating critical defects<\/a><br>DOI: http:\/\/dx.doi.org\/10.29119\/1641-3466.2020.144.36<\/p>\n\n\n\n<p>37. <a href=\"http:\/\/managementpapers.polsl.pl\/wp-content\/uploads\/2020\/05\/144-Smolska.pdf\">Ma\u0142gorzata SMOLSKA \u2013 The implementation process of balanced scorecard&nbsp; of a training company<\/a><br>DOI: http:\/\/dx.doi.org\/10.29119\/1641-3466.2020.144.37<\/p>\n\n\n\n<p>38. <a href=\"http:\/\/managementpapers.polsl.pl\/wp-content\/uploads\/2020\/05\/144-Sobota-B\u0142o\u0144ski-Bro\u017cek.pdf\">Marcin SOBOTA, Kamil B\u0141O\u0143SKI, Oliwia BRO\u017bEK \u2013 Electronic voting \u2013&nbsp; the use of biometric methods for granting, withdrawal and recovery of voters\u2019 permissions<\/a><br>DOI: http:\/\/dx.doi.org\/10.29119\/1641-3466.2020.144.38<\/p>\n\n\n\n<p>39. <a href=\"http:\/\/managementpapers.polsl.pl\/wp-content\/uploads\/2020\/05\/144-Sowier-Kasprzyk.pdf\">Izabella SOWIER-KASPRZYK \u2013 Small business for globalization&nbsp; and internationalization of economy<\/a><br>DOI: http:\/\/dx.doi.org\/10.29119\/1641-3466.2020.144.39<\/p>\n\n\n\n<p>40. <a href=\"http:\/\/managementpapers.polsl.pl\/wp-content\/uploads\/2020\/05\/144-Stru\u017cyna-Kania.pdf\">Janusz STRU\u017bYNA, Krzysztof KANIA \u2013 Fake news and organizational strategy<\/a><br>DOI: http:\/\/dx.doi.org\/10.29119\/1641-3466.2020.144.40<\/p>\n\n\n\n<p>41. <a href=\"http:\/\/managementpapers.polsl.pl\/wp-content\/uploads\/2020\/05\/144-Szczepaniak.pdf\">Waldemar SZCZEPANIAK \u2013 The role of stakeholders in the management&nbsp; of EU projects implemented in public universities<\/a><br>DOI: http:\/\/dx.doi.org\/10.29119\/1641-3466.2020.144.41<\/p>\n\n\n\n<p>42. <a href=\"http:\/\/managementpapers.polsl.pl\/wp-content\/uploads\/2020\/05\/144-Sztangret-Reformat.pdf\">Izabela SZTANGRET, Beata REFORMAT\u2013 Re-value of municipal waste \u2013 garbology in trade sector<\/a><br>DOI: http:\/\/dx.doi.org\/10.29119\/1641-3466.2020.144.42<\/p>\n\n\n\n<p>43. <a href=\"http:\/\/managementpapers.polsl.pl\/wp-content\/uploads\/2020\/05\/144-Szwajca.pdf\">Danuta SZWAJCA \u2013 Enterprise stakeholders prioritization for the purpose&nbsp; of management of reputation risk<\/a><br>DOI: http:\/\/dx.doi.org\/10.29119\/1641-3466.2020.144.43<\/p>\n\n\n\n<p>44. <a href=\"http:\/\/managementpapers.polsl.pl\/wp-content\/uploads\/2020\/05\/144-Szymura.pdf\">Monika SZYMURA \u2013 E-commerce and GDPR challenges for today\u2019s entrepreneur<\/a><br>DOI: http:\/\/dx.doi.org\/10.29119\/1641-3466.2020.144.44<\/p>\n\n\n\n<p>45. <a href=\"http:\/\/managementpapers.polsl.pl\/wp-content\/uploads\/2020\/05\/144-\u015amia\u0142ek-Liszczy\u0144ska-Wojtkowiak.pdf\">Paulina \u015aMIA\u0141EK-LISZCZY\u0143SKA, Grzegorz WOJTKOWIAK \u2013 Factors contributing to women\u2019s reluctance to work part-time<\/a><br>DOI: http:\/\/dx.doi.org\/10.29119\/1641-3466.2020.144.45<\/p>\n\n\n\n<p>46. <a href=\"http:\/\/managementpapers.polsl.pl\/wp-content\/uploads\/2020\/05\/144-Trippner-Hrabi-Stroi\u0144ska-Ja\u017cd\u017cyk.pdf\">Justyna TRIPPNER-HRABI, Ewa STROI\u0143SKA, Aleksandra JA\u017bD\u017bYK \u2013 From intellectual capital to the customer capital model in the process of the real estate revitalization on the example of the city of Lodz<\/a><br>DOI: http:\/\/dx.doi.org\/10.29119\/1641-3466.2020.144.46<\/p>\n\n\n\n<p>47. <a href=\"http:\/\/managementpapers.polsl.pl\/wp-content\/uploads\/2020\/05\/144-Tylec.pdf\">Agnieszka TYLEC \u2013 Non-financial reporting in Poland \u2013 standards and first experience of companies related to the implementation of directive 2014\/95\/EU<\/a><br>DOI: http:\/\/dx.doi.org\/10.29119\/1641-3466.2020.144.47<\/p>\n\n\n\n<p>48. <a href=\"http:\/\/managementpapers.polsl.pl\/wp-content\/uploads\/2020\/05\/144-Wielg\u00f3rka.pdf\">Dariusz WIELG\u00d3RKA \u2013 The analysis of determinants of socially responsible management in the MSME sector<\/a><br>DOI: http:\/\/dx.doi.org\/10.29119\/1641-3466.2020.144.48<\/p>\n\n\n\n<p>49. <a href=\"http:\/\/managementpapers.polsl.pl\/wp-content\/uploads\/2020\/05\/144-Wielicka-Ga\u0144czarczyk.pdf\">Karolina WIELICKA-GA\u0143CZARCZYK \u2013 Negative factors affecting the efficiency of restructuration of public hospitals<\/a><br>DOI: http:\/\/dx.doi.org\/10.29119\/1641-3466.2020.144.49<\/p>\n\n\n\n<p>50. <a href=\"http:\/\/managementpapers.polsl.pl\/wp-content\/uploads\/2020\/05\/144-Witczy\u0144ska-1.pdf\">Katarzyna WITCZY\u0143SKA \u2013 Activities of foreign investors on the Polish market on the example of Lower Silesia<\/a><br>DOI: http:\/\/dx.doi.org\/10.29119\/1641-3466.2020.144.50<\/p>\n\n\n\n<p>51. <a href=\"http:\/\/managementpapers.polsl.pl\/wp-content\/uploads\/2020\/05\/144-Witczy\u0144ska-2.pdf\">Katarzyna WITCZY\u0143SKA \u2013 International movement of capital in the world economy on the example of China<\/a><br>DOI: http:\/\/dx.doi.org\/10.29119\/1641-3466.2020.144.51<\/p>\n\n\n\n<p>52. <a href=\"http:\/\/managementpapers.polsl.pl\/wp-content\/uploads\/2020\/05\/144-Wolniak.pdf\">Rados\u0142aw WOLNIAK \u2013 The methods of measurement of enterprise internalization<\/a><br>DOI: http:\/\/dx.doi.org\/10.29119\/1641-3466.2020.144.52<\/p>\n\n\n\n<p>53. <a href=\"http:\/\/managementpapers.polsl.pl\/wp-content\/uploads\/2020\/05\/144-Wybra\u0144czyk.pdf\">Katarzyna WYBRA\u0143CZYK \u2013 Management of a restorative restructuring project with the use of reengineering methods \u2013 case study of a pump production enterprise<\/a><br>DOI: http:\/\/dx.doi.org\/10.29119\/1641-3466.2020.144.53<\/p>\n\n\n\n<p>54. <a href=\"http:\/\/managementpapers.polsl.pl\/wp-content\/uploads\/2020\/05\/144-Wyskwarski.pdf\">Marcin WYSKWARSKI \u2013 Text mining in the identification of duties&nbsp; and responsibilities of the project manager<\/a><br>DOI: http:\/\/dx.doi.org\/10.29119\/1641-3466.2020.144.54<\/p>\n\n\n\n<p>55. <a href=\"http:\/\/managementpapers.polsl.pl\/wp-content\/uploads\/2020\/05\/144-Zdonek.pdf\">Iwona ZDONEK \u2013 Supporting reporting in project management<\/a><br>DOI: http:\/\/dx.doi.org\/10.29119\/1641-3466.2020.144.55<\/p>\n\n\n\n<p>56. <a href=\"http:\/\/managementpapers.polsl.pl\/wp-content\/uploads\/2020\/05\/144-Zeug-\u017bebro.pdf\">Katarzyna ZEUG-\u017bEBRO \u2013 Investment risk assessment based on the long-term memory parameter<\/a><br>DOI: http:\/\/dx.doi.org\/10.29119\/1641-3466.2020.144.56<\/p>\n\n\n\n<p>57. <a href=\"http:\/\/managementpapers.polsl.pl\/wp-content\/uploads\/2020\/05\/144-Zwierzchowski.pdf\">Daniel ZWIERZCHOWSKI \u2013 Evaluation of the knowledge of benchmarking&nbsp; in the education process and in practical applications<\/a><br>DOI: http:\/\/dx.doi.org\/10.29119\/1641-3466.2020.144.57<\/p>\n","protected":false},"excerpt":{"rendered":"<p>Scientific Papers of Silesian University of Technology &#8211; Organization and Management Series &#8211; Issue No. 144 ForewordInsertList of reviewersTable of contents 1. Kinga Ewa BEDNARZEWSKA \u2013 Cooperation between science, business and administration in the light of the inflow of foreign direct investments to PolandDOI: http:\/\/dx.doi.org\/10.29119\/1641-3466.2020.144.1 2. Dominika BOCHA\u0143CZYK-KUPKA \u2013 Intellectual property protection strategies&nbsp; in high-developed [&hellip;]<\/p>\n","protected":false},"author":1,"featured_media":0,"parent":0,"menu_order":0,"comment_status":"closed","ping_status":"closed","template":"","meta":{"footnotes":""},"class_list":["post-1007","page","type-page","status-publish","hentry"],"_links":{"self":[{"href":"https:\/\/managementpapers.polsl.pl\/index.php?rest_route=\/wp\/v2\/pages\/1007","targetHints":{"allow":["GET"]}}],"collection":[{"href":"https:\/\/managementpapers.polsl.pl\/index.php?rest_route=\/wp\/v2\/pages"}],"about":[{"href":"https:\/\/managementpapers.polsl.pl\/index.php?rest_route=\/wp\/v2\/types\/page"}],"author":[{"embeddable":true,"href":"https:\/\/managementpapers.polsl.pl\/index.php?rest_route=\/wp\/v2\/users\/1"}],"replies":[{"embeddable":true,"href":"https:\/\/managementpapers.polsl.pl\/index.php?rest_route=%2Fwp%2Fv2%2Fcomments&post=1007"}],"version-history":[{"count":5,"href":"https:\/\/managementpapers.polsl.pl\/index.php?rest_route=\/wp\/v2\/pages\/1007\/revisions"}],"predecessor-version":[{"id":1069,"href":"https:\/\/managementpapers.polsl.pl\/index.php?rest_route=\/wp\/v2\/pages\/1007\/revisions\/1069"}],"wp:attachment":[{"href":"https:\/\/managementpapers.polsl.pl\/index.php?rest_route=%2Fwp%2Fv2%2Fmedia&parent=1007"}],"curies":[{"name":"wp","href":"https:\/\/api.w.org\/{rel}","templated":true}]}}